{"id":1664,"date":"2026-01-07T17:00:09","date_gmt":"2026-01-07T09:00:09","guid":{"rendered":"https:\/\/www.olagoo.com\/?page_id=1664"},"modified":"2026-01-14T20:47:58","modified_gmt":"2026-01-14T12:47:58","slug":"%e9%93%81","status":"publish","type":"page","link":"https:\/\/www.olagoo.com\/es\/%e9%93%81","title":{"rendered":"<div class=\"info-content\"><img class=\"info-icon\" src=\"\/wp-content\/uploads\/2026\/01\/Fe.jpeg\"><p class=\"info-title\">Fe<\/p><\/div>"},"content":{"rendered":"<div class=\"wp-block-columns is-layout-flex wp-container-core-columns-is-layout-9d6595d7 wp-block-columns-is-layout-flex\">\n<div class=\"wp-block-column is-layout-flow wp-block-column-is-layout-flow\" style=\"flex-basis:30%\">\n<div class=\"wp-block-columns is-layout-flex wp-container-core-columns-is-layout-9d6595d7 wp-block-columns-is-layout-flex\">\n<div class=\"wp-block-column is-layout-flow wp-block-column-is-layout-flow\" style=\"flex-basis:100%\">\n<p><\/p>\n\n\n\n<div class=\"menu-container\">\n<ul class=\"wp-block-list\">\n<li>\u00a0Metales b\u00e1sicos\n<ul class=\"wp-block-list\">\n<li><a style=\"color: #666;\"href=\"\/es\/%e9%93%9c\/\">Cu<\/a><\/li>\n\n\n\n<li><a style=\"color: #666;\"href=\"\/es\/%e9%94%8c\/\">Zn<\/a><\/li>\n\n\n\n<li><a style=\"color: #666;\"href=\"\/es\/%e9%95%8d\/\">Ni<\/a><\/li>\n\n\n\n<li><a style=\"color: #666;\"href=\"\/es\/%e9%94%a1\/\">Sn<\/a><\/li>\n\n\n\n<li><a style=\"color: #666;\"href=\"\/es\/%e9%93%85\/\">Pb<\/a><\/li>\n\n\n\n<li><a style=\"color: #666;\"href=\"\/es\/%e9%93%9d\/\">Al<\/a><\/li>\n\n\n<li><a style=\"color: #666;\"href=\"\/es\/%e9%87%91\/\">Au<\/a><\/li>\n\n\n<li><a style=\"color: #666;\"href=\"\/es\/%E9%93%B6\/\">Ag<\/a><\/li>\n\n<\/ul>\n<\/li>\n\n\n\n<li>Elementos de la familia del platino\n<ul class=\"wp-block-list\">\n\n\n<li><a style=\"color: #666;\"href=\"\/es\/%E9%92%AF\/\">Pd<\/a><\/li>\n\n\n\n<li><a style=\"color: #666;\"href=\"\/es\/%E9%93%82\/\">Pd<\/a><\/li>\n\n\n\n<li><a style=\"color: #666;\"href=\"\/es\/%e9%93%91-2\/\">Pd<\/a><\/li>\n\n\n\n<li><a style=\"color: #666;\"href=\"\/es\/%E9%93%B1\/\">Ir<\/a><\/li>\n\n\n<\/ul>\n<\/li>\n\n\n\n<li>\u65b0\u80fd\u6e90\u4e0e\u5173\u952e\u91d1\u5c5e\n<ul class=\"wp-block-list\">\n\n\n<li><a style=\"color: #666;\"href=\"\/es\/%e9%94%82\/\">Li<\/a><\/li>\n\n\n\n<li><a style=\"color: #666;\"href=\"\/es\/%e9%92%b4-2\/\">Co<\/a><\/li>\n\n\n<\/ul>\n<\/li>\n\n\n\n<li>\u7279\u79cd\u5408\u91d1\u4e0e\u9ad8\u6027\u80fd\u91d1\u5c5e\n<ul class=\"wp-block-list\">\n\n<li><a style=\"color: #666;\"href=\"\/es\/%e9%92%a8\/\">W<\/a><\/li>\n\n\n\n<li><a style=\"color: #666;\"href=\"\/es\/%e9%92%bc\/\">Mo<\/a><\/li>\n\n\n\n<li><a style=\"color: #666;\"href=\"\/es\/%e9%92%bd\/\">Ta<\/a><\/li>\n\n\n\n<li><a style=\"color: #666;\"href=\"\/es\/%e9%93%8c-2\/\">Nb<\/a><\/li>\n\n\n\n<li><a style=\"color: #666;\"href=\"\/es\/%e9%92%9b\/\">Ti<\/a><\/li>\n\n\n\n<li><a style=\"color: #666;\"href=\"\/es\/%E9%94%91\/\">Sb<\/a><\/li>\n\n\n\n<li><a style=\"color: #666;\"href=\"\/es\/%E9%93%8D\/\">Be<\/a><\/li>\n\n\n\n<li><a style=\"color: #666;\"href=\"\/es\/%E9%92%92-2\/\">V<\/a><\/li>\n\n\n<\/ul>\n<\/li>\n\n\n\n<li class=\"active\">Metales ferrosos\n<ul class=\"wp-block-list\">\n\n<li class=\"active\"><a style=\"color: #666;\"href=\"\/es\/%e9%93%81\/\">Fe<\/a><\/li>\n\n\n\n<li><a style=\"color: #666;\"href=\"\/es\/%e9%94%b0\/\">Mn<\/a><\/li>\n\n\n\n<li><a style=\"color: #666;\"href=\"\/es\/%e9%93%ac\/\">Cr<\/a><\/li>\n\n<\/ul>\n<\/li>\n\n\n\n<li>Otros productos comerciales\n<ul class=\"wp-block-list\">\n\n\n<li><a style=\"color: #666;\"href=\"\/es\/%e6%b0%9f\/\">F<\/a><\/li>\n\n\n<li><a style=\"color: #666;\"href=\"\/es\/%e7%a2%b3\/\">C<\/a><\/li>\n\n\n<li><a style=\"color: #666;\"href=\"\/es\/%e7%a1%85\/\">Si<\/a><\/li>\n\n<\/ul>\n<\/li>\n\n\n<\/ul>\n<\/div>\n\n<\/div>\n<\/div>\n\n<\/div>\n\n\n<div class=\"wp-block-column big-goods-list is-layout-flow wp-block-column-is-layout-flow\" style=\"flex-basis:70%;\">\n\n<div> <\/div>\n\n\n\n<p><strong>1. Mineral de hierro:<\/strong><br\/>Los minerales ferrosos presentes en la naturaleza, cuyo principal elemento qu\u00edmico es el hierro, suelen incluir magnetita (Fe\u2083O\u2084), hematita (Fe\u2082O\u2083), limonita (Fe\u2082O\u2083\u00b7nH\u2082O) y siderita (FeCO\u2083). Suelen ir acompa\u00f1ados de elementos como manganeso, f\u00f3sforo, azufre, silicio y aluminio. Algunos minerales de alta calidad pueden introducirse directamente en el horno. El hierro es la materia prima inicial m\u00e1s fundamental para la industria sider\u00fargica. Mediante procesos como la miner\u00eda, la trituraci\u00f3n y el beneficio, sienta las bases para la posterior fundici\u00f3n del arrabio y es una piedra angular de la civilizaci\u00f3n industrial moderna. <\/p>\n\n\n\n<p><strong>2. Concentrado de hierro:<\/strong><br\/>El mineral de hierro de alta calidad, obtenido mediante trituraci\u00f3n, molienda y beneficio (como separaci\u00f3n magn\u00e9tica, flotaci\u00f3n y separaci\u00f3n por gravedad), presenta un contenido de hierro significativamente mayor y una reducci\u00f3n sustancial de impurezas como la s\u00edlice. Es una materia prima superior para la producci\u00f3n de pellets o sinter y es crucial para lograr una fundici\u00f3n eficiente y de bajo consumo en la industria sider\u00fargica moderna. Su calidad determina directamente la rentabilidad de la posterior fabricaci\u00f3n del hierro y la calidad de los productos de acero. <\/p>\n\n\n\n<p><strong>3. Polvo de mineral de hierro:<\/strong><br\/>El mineral de hierro, tras su trituraci\u00f3n y molienda, produce un material pulverulento con un tama\u00f1o de part\u00edcula t\u00edpicamente inferior a 1 mil\u00edmetro. Es una materia prima crucial en la producci\u00f3n de acero, utilizada principalmente en el proceso de sinterizaci\u00f3n (aglomeraci\u00f3n) o directamente en el proceso de peletizaci\u00f3n para preparar la carga de los altos hornos. Su composici\u00f3n y tama\u00f1o de part\u00edcula afectan directamente la calidad del mineral sinterizado\/peletizado y la posterior eficiencia de la fundici\u00f3n. <\/p>\n\n\n\n<p><strong>4. Hierro prensado en caliente:<\/strong><br\/> El hierro de reducci\u00f3n directa (DRI) es un producto denso y en bloques que se obtiene mediante el prensado de DRI a altas temperaturas. Presenta un alto contenido de hierro met\u00e1lico, propiedades qu\u00edmicas estables y no se oxida ni se quema espont\u00e1neamente con facilidad. Como sustituto de la chatarra de acero de alta calidad o como diluyente, se utiliza principalmente en la fabricaci\u00f3n de acero en hornos de arco el\u00e9ctrico, lo que permite un control preciso de la composici\u00f3n del acero fundido y es especialmente adecuado para la producci\u00f3n de acero limpio de alta calidad.<\/p>\n\n\n\n<p><strong>5. Hierro fundido\/arrabio:<\/strong><br\/>El hierro con alto contenido de carbono, obtenido de la fundici\u00f3n de mineral de hierro en altos hornos, suele tener un contenido de carbono de entre el 2 % y el 4,5 %, as\u00ed como altos niveles de silicio, manganeso, f\u00f3sforo y azufre. Es duro y quebradizo, y no se puede forjar. El arrabio es un producto primario b\u00e1sico de la industria sider\u00fargica, con dos flujos principales: la mayor parte se refina en acero en convertidores como materia prima; una porci\u00f3n m\u00e1s peque\u00f1a se moldea directamente en piezas de hierro fundido para la fabricaci\u00f3n de bloques de motor, bancadas de m\u00e1quinas herramienta, tuber\u00edas, etc. <\/p>\n\n\n\n<p><strong>6. Acero:<\/strong><br\/>El hierro es un t\u00e9rmino general para una serie de materiales de aleaci\u00f3n cuyos elementos b\u00e1sicos son el hierro y el carbono. El acero con un contenido de carbono inferior al 2,11 % se denomina generalmente acero y se caracteriza por su alta resistencia, buena tenacidad y alta plasticidad. Se pueden obtener miles de grados diferentes con propiedades variables ajustando el contenido de carbono y a\u00f1adiendo otros elementos de aleaci\u00f3n. El acero con mayor contenido de carbono se denomina fundici\u00f3n. El hierro y el acero constituyen la base de la industria moderna, y sus productos (como placas, alambres, perfiles y tuber\u00edas) abarcan todos los sectores, desde la construcci\u00f3n de puentes, maquinaria, veh\u00edculos, barcos y aeronaves hasta art\u00edculos de uso diario. <\/p>\n\n\n\n<p><strong>7. Chatarra de acero:<\/strong><br\/>Tambi\u00e9n conocido como chatarra de acero, proviene de autom\u00f3viles, barcos, estructuras de edificios, maquinaria y equipos desguazados, as\u00ed como de recortes y productos defectuosos del proceso de producci\u00f3n de acero. Es un recurso estrat\u00e9gico que puede reciclarse indefinidamente y es la principal materia prima para la fabricaci\u00f3n de acero en hornos de arco el\u00e9ctrico de proceso corto. Su reciclaje es fundamental para el ahorro de recursos minerales, la reducci\u00f3n del consumo de energ\u00eda y la reducci\u00f3n de las emisiones de carbono, constituyendo la piedra angular del ciclo verde de la industria sider\u00fargica moderna. <\/p>\n\n\n\n\n<div style=\"height:100px\" aria-hidden=\"true\" class=\"wp-block-spacer\"><\/div>\n\n\n<\/div>\n\n\n\n<\/div>\n<!-- \/wp:post-content --><\/div>\n<!-- \/wp:post-content -->","protected":false},"excerpt":{"rendered":"<p>1\u3001\u94c1\u77ff\u77f3\uff1a\u81ea\u7136\u754c\u4e2d\u542b\u94c1\u7684\u77ff\u77f3\uff0c\u4e3b\u8981\u5316\u5b66\u5143\u7d20\u4e3a\u94c1\uff0c\u5e38\u89c1\u7684\u6709\u78c1\u94c1\u77ff\uff08Fe\u2083O\u2084\uff09\u3001\u8d64\u94c1\u77ff\uff08Fe\u2082O\u2083\uff09 [&hellip;]<\/p>\n","protected":false},"author":1,"featured_media":731,"parent":0,"menu_order":0,"comment_status":"closed","ping_status":"closed","template":"","meta":{"footnotes":""},"class_list":["post-1664","page","type-page","status-publish","has-post-thumbnail","hentry"],"_links":{"self":[{"href":"https:\/\/www.olagoo.com\/es\/wp-json\/wp\/v2\/pages\/1664","targetHints":{"allow":["GET"]}}],"collection":[{"href":"https:\/\/www.olagoo.com\/es\/wp-json\/wp\/v2\/pages"}],"about":[{"href":"https:\/\/www.olagoo.com\/es\/wp-json\/wp\/v2\/types\/page"}],"author":[{"embeddable":true,"href":"https:\/\/www.olagoo.com\/es\/wp-json\/wp\/v2\/users\/1"}],"replies":[{"embeddable":true,"href":"https:\/\/www.olagoo.com\/es\/wp-json\/wp\/v2\/comments?post=1664"}],"version-history":[{"count":9,"href":"https:\/\/www.olagoo.com\/es\/wp-json\/wp\/v2\/pages\/1664\/revisions"}],"predecessor-version":[{"id":1902,"href":"https:\/\/www.olagoo.com\/es\/wp-json\/wp\/v2\/pages\/1664\/revisions\/1902"}],"wp:featuredmedia":[{"embeddable":true,"href":"https:\/\/www.olagoo.com\/es\/wp-json\/wp\/v2\/media\/731"}],"wp:attachment":[{"href":"https:\/\/www.olagoo.com\/es\/wp-json\/wp\/v2\/media?parent=1664"}],"curies":[{"name":"wp","href":"https:\/\/api.w.org\/{rel}","templated":true}]}}