{"id":1695,"date":"2026-01-07T17:37:12","date_gmt":"2026-01-07T09:37:12","guid":{"rendered":"https:\/\/www.olagoo.com\/?page_id=1695"},"modified":"2026-01-14T21:00:10","modified_gmt":"2026-01-14T13:00:10","slug":"%e7%a1%85","status":"publish","type":"page","link":"https:\/\/www.olagoo.com\/es\/%e7%a1%85","title":{"rendered":"<div class=\"info-content\"><img class=\"info-icon\" src=\"\/wp-content\/uploads\/2026\/01\/Si.jpg\"><p class=\"info-title\">Silicio<\/p><\/div>"},"content":{"rendered":"<div class=\"wp-block-columns is-layout-flex wp-container-core-columns-is-layout-9d6595d7 wp-block-columns-is-layout-flex\">\n<div class=\"wp-block-column is-layout-flow wp-block-column-is-layout-flow\" style=\"flex-basis:30%\">\n<div class=\"wp-block-columns is-layout-flex wp-container-core-columns-is-layout-9d6595d7 wp-block-columns-is-layout-flex\">\n<div class=\"wp-block-column is-layout-flow wp-block-column-is-layout-flow\" style=\"flex-basis:100%\">\n<p><\/p>\n\n\n\n<div class=\"menu-container\">\n<ul class=\"wp-block-list\">\n<li>\u00a0Metales b\u00e1sicos\n<ul class=\"wp-block-list\">\n<li><a style=\"color: #666;\"href=\"\/es\/%e9%93%9c\/\">Cu<\/a><\/li>\n\n\n\n<li><a style=\"color: #666;\"href=\"\/es\/%e9%94%8c\/\">Zn<\/a><\/li>\n\n\n\n<li><a style=\"color: #666;\"href=\"\/es\/%e9%95%8d\/\">Ni<\/a><\/li>\n\n\n\n<li><a style=\"color: #666;\"href=\"\/es\/%e9%94%a1\/\">Sn<\/a><\/li>\n\n\n\n<li><a style=\"color: #666;\"href=\"\/es\/%e9%93%85\/\">Pb<\/a><\/li>\n\n\n\n<li><a style=\"color: #666;\"href=\"\/es\/%e9%93%9d\/\">Al<\/a><\/li>\n\n\n<li><a style=\"color: #666;\"href=\"\/es\/%e9%87%91\/\">Au<\/a><\/li>\n\n\n<li><a style=\"color: #666;\"href=\"\/es\/%E9%93%B6\/\">Ag<\/a><\/li>\n\n<\/ul>\n<\/li>\n\n\n\n<li>Elementos de la familia del platino\n<ul class=\"wp-block-list\">\n\n\n<li><a style=\"color: #666;\"href=\"\/es\/%E9%92%AF\/\">Pd<\/a><\/li>\n\n\n\n<li><a style=\"color: #666;\"href=\"\/es\/%E9%93%82\/\">Pd<\/a><\/li>\n\n\n\n<li><a style=\"color: #666;\"href=\"\/es\/%e9%93%91-2\/\">Pd<\/a><\/li>\n\n\n\n<li><a style=\"color: #666;\"href=\"\/es\/%E9%93%B1\/\">Ir<\/a><\/li>\n\n\n<\/ul>\n<\/li>\n\n\n\n<li>\u65b0\u80fd\u6e90\u4e0e\u5173\u952e\u91d1\u5c5e\n<ul class=\"wp-block-list\">\n\n\n<li><a style=\"color: #666;\"href=\"\/es\/%e9%94%82\/\">Li<\/a><\/li>\n\n\n\n<li><a style=\"color: #666;\"href=\"\/es\/%e9%92%b4-2\/\">Co<\/a><\/li>\n\n\n<\/ul>\n<\/li>\n\n\n\n<li>\u7279\u79cd\u5408\u91d1\u4e0e\u9ad8\u6027\u80fd\u91d1\u5c5e\n<ul class=\"wp-block-list\">\n\n<li><a style=\"color: #666;\"href=\"\/es\/%e9%92%a8\/\">W<\/a><\/li>\n\n\n\n<li><a style=\"color: #666;\"href=\"\/es\/%e9%92%bc\/\">Mo<\/a><\/li>\n\n\n\n<li><a style=\"color: #666;\"href=\"\/es\/%e9%92%bd\/\">Ta<\/a><\/li>\n\n\n\n<li><a style=\"color: #666;\"href=\"\/es\/%e9%93%8c-2\/\">Nb<\/a><\/li>\n\n\n\n<li><a style=\"color: #666;\"href=\"\/es\/%e9%92%9b\/\">Ti<\/a><\/li>\n\n\n\n<li><a style=\"color: #666;\"href=\"\/es\/%E9%94%91\/\">Sb<\/a><\/li>\n\n\n\n<li><a style=\"color: #666;\"href=\"\/es\/%E9%93%8D\/\">Be<\/a><\/li>\n\n\n\n<li><a style=\"color: #666;\"href=\"\/es\/%E9%92%92-2\/\">V<\/a><\/li>\n\n\n<\/ul>\n<\/li>\n\n\n\n<li>Metales ferrosos\n<ul class=\"wp-block-list\">\n\n<li><a style=\"color: #666;\"href=\"\/es\/%e9%93%81\/\">Fe<\/a><\/li>\n\n\n\n<li><a style=\"color: #666;\"href=\"\/es\/%e9%94%b0\/\">Mn<\/a><\/li>\n\n\n\n<li><a style=\"color: #666;\"href=\"\/es\/%e9%93%ac\/\">Cr<\/a><\/li>\n\n<\/ul>\n<\/li>\n\n\n\n<li class=\"active\">Otros productos comerciales\n<ul class=\"wp-block-list\">\n\n\n<li><a style=\"color: #666;\"href=\"\/es\/%e6%b0%9f\/\">F<\/a><\/li>\n\n\n<li><a style=\"color: #666;\"href=\"\/es\/%e7%a2%b3\/\">C<\/a><\/li>\n\n\n<li class=\"active\"><a style=\"color: #666;\"href=\"\/es\/%e7%a1%85\/\">Si<\/a><\/li>\n\n<\/ul>\n<\/li>\n\n\n<\/ul>\n<\/div>\n\n<\/div>\n<\/div>\n\n<\/div>\n\n\n<div class=\"wp-block-column big-goods-list is-layout-flow wp-block-column-is-layout-flow\" style=\"flex-basis:70%;\">\n\n<p><strong>1. Cuarzo:<\/strong><br\/> Es uno de los minerales m\u00e1s ampliamente distribuidos en la naturaleza, y su principal componente qu\u00edmico es el di\u00f3xido de silicio, cuya f\u00f3rmula qu\u00edmica es SiO\u2082. Sus cristales suelen ser prism\u00e1ticos hexagonales, de alta dureza y propiedades estables. Suele presentarse asociado a otros minerales formadores de rocas (como el feldespato y la mica) y es un componente principal de rocas como el granito y la arenisca. Como materia prima sil\u00edcea b\u00e1sica, es la fuente inicial para la preparaci\u00f3n de arena de cuarzo, polvo de s\u00edlice y di\u00f3xido de silicio de alta pureza, y se utiliza ampliamente en materiales de construcci\u00f3n, vidrio, cer\u00e1mica y la industria electr\u00f3nica.<\/p>\n\n\n\n<p><strong>2. Arena de cuarzo:<\/strong><br\/>  Los productos de arena fibrosa se obtienen a partir de dep\u00f3sitos naturales de cuarcita, arenisca de cuarzo o arena de cuarzo mediante trituraci\u00f3n, cribado y lavado. Su componente principal es el SiO\u2082 (generalmente con un contenido superior al 95%). Seg\u00fan el tama\u00f1o de part\u00edcula y la pureza, se clasifican en diferentes grados, como arena de fundici\u00f3n, arena de vidrio y arena de filtro. Es una importante materia prima industrial, utilizada directamente en la fabricaci\u00f3n de vidrio, moldes, tratamiento de aguas, materiales de construcci\u00f3n y materiales auxiliares metal\u00fargicos, y constituye el punto de partida de la cadena industrial del silicio. <\/p>\n\n\n\n<p><strong>3. Cristal:<\/strong><br\/> El cuarzo es una subespecie monocristalina, incolora y transparente, compuesta qu\u00edmicamente por SiO\u2082 de alta pureza. Presenta cristales intactos y un brillo v\u00edtreo distintivo, adem\u00e1s de un efecto piezoel\u00e9ctrico. En la naturaleza, se presenta t\u00edpicamente en c\u00famulos o cristales individuales en vetas o geodas hidrotermales. Como una forma especial de cuarzo con valor tanto industrial como decorativo, el cuarzo de alta calidad es un material importante para la fabricaci\u00f3n de dispositivos \u00f3pticos, resonadores, lentes y artesan\u00edas decorativas.<\/p>\n\n\n\n<p><strong>4. Amatista:<\/strong><br\/>Una variedad importante del cuarzo, exhibe su color p\u00farpura debido a las trazas de hierro y otros elementos colorantes presentes en el cristal, y sus propiedades qu\u00edmicas son id\u00e9nticas a las del cuarzo. Su distribuci\u00f3n de color suele ser irregular, y es uno de los minerales de calidad gema m\u00e1s conocidos de la familia del cuarzo. Se utiliza principalmente en joyer\u00eda, artesan\u00eda tallada y objetos de colecci\u00f3n; algunos cristales de alta calidad tambi\u00e9n se emplean para crear componentes \u00f3pticos especializados. <\/p>\n\n\n\n<p><strong>5. Di\u00f3xido de silicio:<\/strong><br\/> El di\u00f3xido de silicio (SiO\u2082) es un compuesto formado por silicio y ox\u00edgeno. Es un componente qu\u00edmico de minerales como el cuarzo y el cristal, y tambi\u00e9n puede obtenerse mediante s\u00edntesis qu\u00edmica o biodeposici\u00f3n (p. ej., tierra de diatomeas). Seg\u00fan su estructura, se divide en cristalino (p. ej., cuarzo, cristobalita) y amorfo (p. ej., s\u00edlice fundida, gel de s\u00edlice). Es un material fundamental en las industrias modernas de alta tecnolog\u00eda; el di\u00f3xido de silicio de alta pureza (\u226599,999 %) es una materia prima esencial para la fabricaci\u00f3n de chips semiconductores, obleas de silicio fotovoltaicas, fibras \u00f3pticas y vidrio \u00f3ptico de alta gama.<\/p>\n\n\n\n<div style=\"height:100px\" aria-hidden=\"true\" class=\"wp-block-spacer\"><\/div>\n\n\n<\/div>\n\n\n\n<\/div>\n<!-- \/wp:post-content --><\/div>\n<!-- \/wp:post-content -->","protected":false},"excerpt":{"rendered":"<p>1\u3001\u77f3\u82f1\uff1a \u81ea\u7136\u754c\u4e2d\u5206\u5e03\u6700\u5e7f\u7684\u77ff\u7269\u4e4b\u4e00\uff0c\u4e3b\u8981\u5316\u5b66\u6210\u5206\u4e3a\u4e8c\u6c27\u5316\u7845\uff0c\u5316\u5b66\u5f0f\u4e3aSiO\u2082\u3002\u6676\u4f53\u5e38\u5448\u516d\u65b9\u67f1\u72b6\uff0c [&hellip;]<\/p>\n","protected":false},"author":1,"featured_media":731,"parent":0,"menu_order":0,"comment_status":"closed","ping_status":"closed","template":"","meta":{"footnotes":""},"class_list":["post-1695","page","type-page","status-publish","has-post-thumbnail","hentry"],"_links":{"self":[{"href":"https:\/\/www.olagoo.com\/es\/wp-json\/wp\/v2\/pages\/1695","targetHints":{"allow":["GET"]}}],"collection":[{"href":"https:\/\/www.olagoo.com\/es\/wp-json\/wp\/v2\/pages"}],"about":[{"href":"https:\/\/www.olagoo.com\/es\/wp-json\/wp\/v2\/types\/page"}],"author":[{"embeddable":true,"href":"https:\/\/www.olagoo.com\/es\/wp-json\/wp\/v2\/users\/1"}],"replies":[{"embeddable":true,"href":"https:\/\/www.olagoo.com\/es\/wp-json\/wp\/v2\/comments?post=1695"}],"version-history":[{"count":8,"href":"https:\/\/www.olagoo.com\/es\/wp-json\/wp\/v2\/pages\/1695\/revisions"}],"predecessor-version":[{"id":1907,"href":"https:\/\/www.olagoo.com\/es\/wp-json\/wp\/v2\/pages\/1695\/revisions\/1907"}],"wp:featuredmedia":[{"embeddable":true,"href":"https:\/\/www.olagoo.com\/es\/wp-json\/wp\/v2\/media\/731"}],"wp:attachment":[{"href":"https:\/\/www.olagoo.com\/es\/wp-json\/wp\/v2\/media?parent=1695"}],"curies":[{"name":"wp","href":"https:\/\/api.w.org\/{rel}","templated":true}]}}