{"id":1702,"date":"2026-01-07T17:38:35","date_gmt":"2026-01-07T09:38:35","guid":{"rendered":"https:\/\/www.olagoo.com\/?page_id=1702"},"modified":"2026-01-14T21:00:45","modified_gmt":"2026-01-14T13:00:45","slug":"%e7%a2%b3","status":"publish","type":"page","link":"https:\/\/www.olagoo.com\/es\/%e7%a2%b3","title":{"rendered":"<div class=\"info-content\"><img class=\"info-icon\" src=\"\/wp-content\/uploads\/2026\/01\/C.jpg\"><p class=\"info-title\">Carb\u00f3n<\/p><\/div>"},"content":{"rendered":"<div class=\"wp-block-columns is-layout-flex wp-container-core-columns-is-layout-9d6595d7 wp-block-columns-is-layout-flex\">\n<div class=\"wp-block-column is-layout-flow wp-block-column-is-layout-flow\" style=\"flex-basis:30%\">\n<div class=\"wp-block-columns is-layout-flex wp-container-core-columns-is-layout-9d6595d7 wp-block-columns-is-layout-flex\">\n<div class=\"wp-block-column is-layout-flow wp-block-column-is-layout-flow\" style=\"flex-basis:100%\">\n<p><\/p>\n\n\n\n<div class=\"menu-container\">\n<ul class=\"wp-block-list\">\n<li>\u00a0Metales b\u00e1sicos\n<ul class=\"wp-block-list\">\n<li><a style=\"color: #666;\"href=\"\/es\/%e9%93%9c\/\">Cu<\/a><\/li>\n\n\n\n<li><a style=\"color: #666;\"href=\"\/es\/%e9%94%8c\/\">Zn<\/a><\/li>\n\n\n\n<li><a style=\"color: #666;\"href=\"\/es\/%e9%95%8d\/\">Ni<\/a><\/li>\n\n\n\n<li><a style=\"color: #666;\"href=\"\/es\/%e9%94%a1\/\">Sn<\/a><\/li>\n\n\n\n<li><a style=\"color: #666;\"href=\"\/es\/%e9%93%85\/\">Pb<\/a><\/li>\n\n\n\n<li><a style=\"color: #666;\"href=\"\/es\/%e9%93%9d\/\">Al<\/a><\/li>\n\n\n<li><a style=\"color: #666;\"href=\"\/es\/%e9%87%91\/\">Au<\/a><\/li>\n\n\n<li><a style=\"color: #666;\"href=\"\/es\/%E9%93%B6\/\">Ag<\/a><\/li>\n\n<\/ul>\n<\/li>\n\n\n\n<li>Elementos de la familia del platino\n<ul class=\"wp-block-list\">\n\n\n<li><a style=\"color: #666;\"href=\"\/es\/%E9%92%AF\/\">Pd<\/a><\/li>\n\n\n\n<li><a style=\"color: #666;\"href=\"\/es\/%E9%93%82\/\">Pd<\/a><\/li>\n\n\n\n<li><a style=\"color: #666;\"href=\"\/es\/%e9%93%91-2\/\">Pd<\/a><\/li>\n\n\n\n<li><a style=\"color: #666;\"href=\"\/es\/%E9%93%B1\/\">Ir<\/a><\/li>\n\n\n<\/ul>\n<\/li>\n\n\n\n<li>\u65b0\u80fd\u6e90\u4e0e\u5173\u952e\u91d1\u5c5e\n<ul class=\"wp-block-list\">\n\n\n<li><a style=\"color: #666;\"href=\"\/es\/%e9%94%82\/\">Li<\/a><\/li>\n\n\n\n<li><a style=\"color: #666;\"href=\"\/es\/%e9%92%b4-2\/\">Co<\/a><\/li>\n\n\n<\/ul>\n<\/li>\n\n\n\n<li>\u7279\u79cd\u5408\u91d1\u4e0e\u9ad8\u6027\u80fd\u91d1\u5c5e\n<ul class=\"wp-block-list\">\n\n<li><a style=\"color: #666;\"href=\"\/es\/%e9%92%a8\/\">W<\/a><\/li>\n\n\n\n<li><a style=\"color: #666;\"href=\"\/es\/%e9%92%bc\/\">Mo<\/a><\/li>\n\n\n\n<li><a style=\"color: #666;\"href=\"\/es\/%e9%92%bd\/\">Ta<\/a><\/li>\n\n\n\n<li><a style=\"color: #666;\"href=\"\/es\/%e9%93%8c-2\/\">Nb<\/a><\/li>\n\n\n\n<li><a style=\"color: #666;\"href=\"\/es\/%e9%92%9b\/\">Ti<\/a><\/li>\n\n\n\n<li><a style=\"color: #666;\"href=\"\/es\/%E9%94%91\/\">Sb<\/a><\/li>\n\n\n\n<li><a style=\"color: #666;\"href=\"\/es\/%E9%93%8D\/\">Be<\/a><\/li>\n\n\n\n<li><a style=\"color: #666;\"href=\"\/es\/%E9%92%92-2\/\">V<\/a><\/li>\n\n\n<\/ul>\n<\/li>\n\n\n\n<li>Metales ferrosos\n<ul class=\"wp-block-list\">\n\n<li><a style=\"color: #666;\"href=\"\/es\/%e9%93%81\/\">Fe<\/a><\/li>\n\n\n\n<li><a style=\"color: #666;\"href=\"\/es\/%e9%94%b0\/\">Mn<\/a><\/li>\n\n\n\n<li><a style=\"color: #666;\"href=\"\/es\/%e9%93%ac\/\">Cr<\/a><\/li>\n\n<\/ul>\n<\/li>\n\n\n\n<li class=\"active\">Otros productos comerciales\n<ul class=\"wp-block-list\">\n\n\n<li><a style=\"color: #666;\"href=\"\/es\/%e6%b0%9f\/\">F<\/a><\/li>\n\n\n<li class=\"active\"><a style=\"color: #666;\"href=\"\/es\/%e7%a2%b3\/\">C<\/a><\/li>\n\n\n<li><a style=\"color: #666;\"href=\"\/es\/%e7%a1%85\/\">Si<\/a><\/li>\n\n<\/ul>\n<\/li>\n\n\n<\/ul>\n<\/div>\n\n<\/div>\n<\/div>\n\n<\/div>\n\n\n<div class=\"wp-block-column big-goods-list is-layout-flow wp-block-column-is-layout-flow\" style=\"flex-basis:70%;\">\n\n<p><strong>1. Coca-Cola:<\/strong><br\/> El coque es un producto s\u00f3lido obtenido por destilaci\u00f3n en seco (coquizaci\u00f3n) de carb\u00f3n bituminoso espec\u00edfico a alta temperatura y en ausencia de aire. Su componente principal es el carbono y se caracteriza por un brillo met\u00e1lico gris plateado, porosidad, alta resistencia y bajo contenido de materia vol\u00e1til. Es un agente reductor, combustible y soporte estructural indispensable en la fabricaci\u00f3n de hierro en altos hornos. Tambi\u00e9n se utiliza en la fundici\u00f3n, la producci\u00f3n de carburo de calcio y ferroaleaciones, siendo el principal recurso de la industria sider\u00fargica moderna. Su calidad determina directamente la eficiencia y el coste de la fundici\u00f3n de arrabio.<\/p>\n\n\n\n<p><strong>2. Carb\u00f3n:<\/strong><br\/> El carb\u00f3n es una roca org\u00e1nica s\u00f3lida y combustible formada a partir de restos de plantas antiguas mediante complejos procesos bioqu\u00edmicos y fisicoqu\u00edmicos. Sus principales componentes son carbono, hidr\u00f3geno y ox\u00edgeno, con trazas de nitr\u00f3geno y azufre. Seg\u00fan su grado de carbonizaci\u00f3n, se clasifica en lignito, hulla bituminosa y antracita. Es la fuente de energ\u00eda primaria y materia prima qu\u00edmica m\u00e1s importante del mundo, utilizada directamente para la generaci\u00f3n de energ\u00eda, la coquizaci\u00f3n, la gasificaci\u00f3n y la producci\u00f3n de diversos productos qu\u00edmicos, constituyendo la base energ\u00e9tica de la sociedad industrial.<\/p>\n\n\n\n<p><strong>3. Grafito:<\/strong><br\/>El grafito es un mineral de carbono cristalino natural con la f\u00f3rmula qu\u00edmica C. Presenta una estructura cristalina estratificada y posee brillo met\u00e1lico, alta conductividad el\u00e9ctrica y t\u00e9rmica, resistencia a altas temperaturas y propiedades lubricantes. El grafito de uso industrial incluye principalmente grafito natural en escamas, grafito amorfo y grafito artificial producido a partir de coque de petr\u00f3leo y otras materias primas mediante grafitizaci\u00f3n a alta temperatura. Es un material b\u00e1sico estrat\u00e9gico, ampliamente utilizado en materiales refractarios, metalurgia, materiales conductores (como electrodos) y lubricantes, y es una materia prima fundamental para materiales de \u00e1nodo de bater\u00edas de iones de litio, moderadores de reactores nucleares y materiales de sellado aeroespacial, conectando las industrias tradicionales con las nuevas industrias energ\u00e9ticas y de alta tecnolog\u00eda. <\/p>\n\n\n\n<p><strong>4. Diamante:<\/strong><br\/>El diamante es la sustancia natural m\u00e1s dura conocida. Es un al\u00f3tropo c\u00fabico del carbono, formado a temperaturas y presiones extremadamente altas, con la f\u00f3rmula qu\u00edmica C. Los diamantes naturales se forman en las profundidades del manto terrestre y emergen a la superficie mediante erupciones volc\u00e1nicas (kimberlita o lampro\u00edta). <\/p>\n\n\n\n<div style=\"height:100px\" aria-hidden=\"true\" class=\"wp-block-spacer\"><\/div>\n\n\n<\/div>\n\n\n\n<\/div>\n<!-- \/wp:post-content --><\/div>\n<!-- \/wp:post-content -->","protected":false},"excerpt":{"rendered":"<p>1\u3001\u7126\u70ad\uff1a \u7126\u70ad\u662f\u7531\u7279\u5b9a\u70df\u7164\u5728\u9ad8\u6e29\u6761\u4ef6\u4e0b\u9694\u7edd\u7a7a\u6c14\u5e72\u998f\uff08\u7126\u5316\uff09\u5f97\u5230\u7684\u56fa\u4f53\u4ea7\u7269\uff0c\u4e3b\u8981\u6210\u5206\u4e3a\u78b3\uff0c\u5177\u6709\u94f6\u7070\u8272 [&hellip;]<\/p>\n","protected":false},"author":1,"featured_media":731,"parent":0,"menu_order":0,"comment_status":"closed","ping_status":"closed","template":"","meta":{"footnotes":""},"class_list":["post-1702","page","type-page","status-publish","has-post-thumbnail","hentry"],"_links":{"self":[{"href":"https:\/\/www.olagoo.com\/es\/wp-json\/wp\/v2\/pages\/1702","targetHints":{"allow":["GET"]}}],"collection":[{"href":"https:\/\/www.olagoo.com\/es\/wp-json\/wp\/v2\/pages"}],"about":[{"href":"https:\/\/www.olagoo.com\/es\/wp-json\/wp\/v2\/types\/page"}],"author":[{"embeddable":true,"href":"https:\/\/www.olagoo.com\/es\/wp-json\/wp\/v2\/users\/1"}],"replies":[{"embeddable":true,"href":"https:\/\/www.olagoo.com\/es\/wp-json\/wp\/v2\/comments?post=1702"}],"version-history":[{"count":6,"href":"https:\/\/www.olagoo.com\/es\/wp-json\/wp\/v2\/pages\/1702\/revisions"}],"predecessor-version":[{"id":1906,"href":"https:\/\/www.olagoo.com\/es\/wp-json\/wp\/v2\/pages\/1702\/revisions\/1906"}],"wp:featuredmedia":[{"embeddable":true,"href":"https:\/\/www.olagoo.com\/es\/wp-json\/wp\/v2\/media\/731"}],"wp:attachment":[{"href":"https:\/\/www.olagoo.com\/es\/wp-json\/wp\/v2\/media?parent=1702"}],"curies":[{"name":"wp","href":"https:\/\/api.w.org\/{rel}","templated":true}]}}