{"id":181,"date":"2025-04-11T15:52:27","date_gmt":"2025-04-11T07:52:27","guid":{"rendered":"https:\/\/www.olagoo.com\/?page_id=181"},"modified":"2026-01-14T20:32:29","modified_gmt":"2026-01-14T12:32:29","slug":"%e9%93%9c","status":"publish","type":"page","link":"https:\/\/www.olagoo.com\/es\/%e5%a4%a7%e5%ae%97%e5%95%86%e5%93%81%e8%b4%b8%e6%98%93\/%e6%9c%89%e8%89%b2%e9%87%91%e5%b1%9e\/%e9%93%9c","title":{"rendered":"<div class=\"info-content\"><img class=\"info-icon\" src=\"\/wp-content\/uploads\/2025\/04\/copper.jpg\"><p  class=\"info-title\">Cu<\/p><\/div>"},"content":{"rendered":"<div class=\"wp-block-columns is-layout-flex wp-container-core-columns-is-layout-9d6595d7 wp-block-columns-is-layout-flex\">\n<div class=\"wp-block-column is-layout-flow wp-block-column-is-layout-flow\" style=\"flex-basis:30%\">\n<div class=\"wp-block-columns is-layout-flex wp-container-core-columns-is-layout-9d6595d7 wp-block-columns-is-layout-flex\">\n<div class=\"wp-block-column is-layout-flow wp-block-column-is-layout-flow\" style=\"flex-basis:100%\">\n<p><\/p>\n\n\n\n\n<div class=\"menu-container\">\n<ul class=\"wp-block-list\">\n<li class=\"active\">\u00a0Metales b\u00e1sicos\n<ul class=\"wp-block-list\">\n<li class=\"active\"><a style=\"color: #666;\"href=\"\/es\/%e9%93%9c\/\">Cu<\/a><\/li>\n\n\n\n<li><a style=\"color: #666;\"href=\"\/es\/%e9%94%8c\/\">Zn<\/a><\/li>\n\n\n\n<li><a style=\"color: #666;\"href=\"\/es\/%e9%95%8d\/\">Ni<\/a><\/li>\n\n\n\n<li><a style=\"color: #666;\"href=\"\/es\/%e9%94%a1\/\">Sn<\/a><\/li>\n\n\n\n<li><a style=\"color: #666;\"href=\"\/es\/%e9%93%85\/\">Pb<\/a><\/li>\n\n\n\n<li><a style=\"color: #666;\"href=\"\/es\/%e9%93%9d\/\">Al<\/a><\/li>\n\n\n<li><a style=\"color: #666;\"href=\"\/es\/%e9%87%91\/\">Au<\/a><\/li>\n\n\n<li><a style=\"color: #666;\"href=\"\/es\/%E9%93%B6\/\">Ag<\/a><\/li>\n\n<\/ul>\n<\/li>\n\n\n\n<li>Elementos de la familia del platino\n<ul class=\"wp-block-list\">\n\n\n<li><a style=\"color: #666;\"href=\"\/es\/%E9%92%AF\/\">Pd<\/a><\/li>\n\n\n\n<li><a style=\"color: #666;\"href=\"\/es\/%E9%93%82\/\">Pd<\/a><\/li>\n\n\n\n<li><a style=\"color: #666;\"href=\"\/es\/%e9%93%91-2\/\">Pd<\/a><\/li>\n\n\n\n<li><a style=\"color: #666;\"href=\"\/es\/%E9%93%B1\/\">Ir<\/a><\/li>\n\n\n<\/ul>\n<\/li>\n\n\n\n<li>\u65b0\u80fd\u6e90\u4e0e\u5173\u952e\u91d1\u5c5e\n<ul class=\"wp-block-list\">\n\n\n<li><a style=\"color: #666;\"href=\"\/es\/%e9%94%82\/\">Li<\/a><\/li>\n\n\n\n<li><a style=\"color: #666;\"href=\"\/es\/%e9%92%b4-2\/\">Co<\/a><\/li>\n\n\n<\/ul>\n<\/li>\n\n\n\n<li>\u7279\u79cd\u5408\u91d1\u4e0e\u9ad8\u6027\u80fd\u91d1\u5c5e\n<ul class=\"wp-block-list\">\n\n<li><a style=\"color: #666;\"href=\"\/es\/%e9%92%a8\/\">W<\/a><\/li>\n\n\n\n<li><a style=\"color: #666;\"href=\"\/es\/%e9%92%bc\/\">Mo<\/a><\/li>\n\n\n\n<li><a style=\"color: #666;\"href=\"\/es\/%e9%92%bd\/\">Ta<\/a><\/li>\n\n\n\n<li><a style=\"color: #666;\"href=\"\/es\/%e9%93%8c-2\/\">Nb<\/a><\/li>\n\n\n\n<li><a style=\"color: #666;\"href=\"\/es\/%e9%92%9b\/\">Ti<\/a><\/li>\n\n\n\n<li><a style=\"color: #666;\"href=\"\/es\/%E9%94%91\/\">Sb<\/a><\/li>\n\n\n\n<li><a style=\"color: #666;\"href=\"\/es\/%E9%93%8D\/\">Be<\/a><\/li>\n\n\n\n<li><a style=\"color: #666;\"href=\"\/es\/%E9%92%92-2\/\">V<\/a><\/li>\n\n\n<\/ul>\n<\/li>\n\n\n\n<li>Metales ferrosos\n<ul class=\"wp-block-list\">\n\n<li><a style=\"color: #666;\"href=\"\/es\/%e9%93%81\/\">Fe<\/a><\/li>\n\n\n\n<li><a style=\"color: #666;\"href=\"\/es\/%e9%94%b0\/\">Mn<\/a><\/li>\n\n\n\n<li><a style=\"color: #666;\"href=\"\/es\/%e9%93%ac\/\">Cr<\/a><\/li>\n\n<\/ul>\n<\/li>\n\n\n\n<li>Otros productos comerciales\n<ul class=\"wp-block-list\">\n\n\n<li><a style=\"color: #666;\"href=\"\/es\/%e6%b0%9f\/\">F<\/a><\/li>\n\n\n<li><a style=\"color: #666;\"href=\"\/es\/%e7%a2%b3\/\">C<\/a><\/li>\n\n\n<li><a style=\"color: #666;\"href=\"\/es\/%e7%a1%85\/\">Si<\/a><\/li>\n\n<\/ul>\n<\/li>\n\n\n<\/ul>\n\n\n<\/div>\n<\/div>\n<\/div>\n\n<\/div>\n\n\n<div class=\"wp-block-column big-goods-list is-layout-flow wp-block-column-is-layout-flow\" style=\"flex-basis:70%;\">\n\n\n<p><strong>1.Mineral de cobre<\/strong><br\/>Es un mineral que contiene el elemento cobre, compuesto principalmente por compuestos de cobre, como la chalcopyrita (CuFeS\u2082) y la covellina (Cu\u2082S), siendo la principal materia prima para extraer el cobre. El cobre tiene excelentes propiedades de conductividad el\u00e9ctrica, conductividad t\u00e9rmica y maleabilidad. El cobre extra\u00eddo de los minerales se utiliza ampliamente en cables el\u00e9ctricos, electrodom\u00e9sticos, tuber\u00edas de construcci\u00f3n, etc.<\/p>\n\n\n\n<p><\/p>\n\n\n\n<p><strong>2.Concentrado de cobre<\/strong><br\/>La mata de cobre es un producto que se obtiene tras los procesos de trituraci\u00f3n, molienda y beneficio (principalmente flotaci\u00f3n) del mineral de cobre, lo que resulta en una ley de cobre significativamente superior. Los principales minerales son minerales sulfurados, como la calcopirita, con alto contenido de azufre y hierro, y ricos en elementos valiosos como oro, plata y molibdeno. Es la materia prima fundamental para la fundici\u00f3n de cobre, producida principalmente mediante procesos pirometal\u00fargicos (fusi\u00f3n flash, fundici\u00f3n en piscina) para producir mata de cobre. Es un producto intermedio crucial que conecta minas y fundiciones.<\/p>\n\n\n\n<p><\/p>\n\n\n\n<p><strong>3\u3001lat\u00f3n<\/strong><br\/>El lat\u00f3n es una aleaci\u00f3n compuesta principalmente de cobre y zinc, a menudo con la adici\u00f3n de plomo, esta\u00f1o y aluminio para ajustar sus propiedades. Su color var\u00eda seg\u00fan el contenido de zinc, desde el amarillo rojizo hasta el amarillo p\u00e1lido. Posee excelentes propiedades mec\u00e1nicas, resistencia a la corrosi\u00f3n y maquinabilidad. El lat\u00f3n no es un mineral natural, sino que se produce mediante fundici\u00f3n y compuestos, y se utiliza ampliamente en la fabricaci\u00f3n de instrumentos musicales, piezas decorativas, v\u00e1lvulas, piezas de maquinaria y herrajes de uso diario.<\/p>\n\n\n\n\n<p><\/p>\n\n\n\n<p><strong>4. Lingotes de cobre:<\/strong><br\/>Los lingotes de cobre son cobre crudo obtenido mediante procesos pirometal\u00fargicos a partir de concentrado de cobre o chatarra de cobre. Se presentan t\u00edpicamente en forma de bloque o lingote. Su contenido de cobre suele estar entre el 95 % y el 98 %, y contienen impurezas como azufre, ox\u00edgeno, hierro y peque\u00f1as cantidades de metales preciosos. Los lingotes de cobre son un producto intermedio en el proceso metal\u00fargico del cobre y requieren un refinado posterior (como la electr\u00f3lisis) para mejorar su pureza. Se utilizan com\u00fanmente en la fundici\u00f3n o como materia prima para el cobre refinado.<\/p>\n\n\n\n\n\n<p><\/p>\n\n\n\n<p><strong>5. Cobre cat\u00f3dico:<\/strong><br\/>El cobre cat\u00f3dico es el producto final de la refinaci\u00f3n del cobre, producido mediante refinaci\u00f3n electrol\u00edtica o deposici\u00f3n electrol\u00edtica. Su pureza suele superar el 99,95 % y se presenta en forma de placas delgadas. Es la forma est\u00e1ndar del cobre puro, con un contenido de impurezas extremadamente bajo y una excelente conductividad el\u00e9ctrica y t\u00e9rmica. Se puede utilizar directamente para producir alambre de cobre, l\u00e1minas de cobre, materiales de cobre y diversos equipos electr\u00f3nicos y de potencia de alta gama, lo que lo convierte en el material b\u00e1sico m\u00e1s importante de la cadena de suministro de la industria del cobre.<\/p>\n\n\n\n\n\n<p><\/p>\n\n\n\n<p><strong>6.Escoria de cobre<\/strong><br\/>La chatarra, los residuos industriales y los recortes de procesamiento que contienen cobre provienen principalmente de cables el\u00e9ctricos, electrodom\u00e9sticos usados, autopartes, tuber\u00edas de construcci\u00f3n y procesamiento de cobre. Es un importante recurso de cobre reciclado. Mediante el reciclaje, la clasificaci\u00f3n y la refundici\u00f3n, puede reemplazar directamente una parte del concentrado de cobre en la producci\u00f3n de cobre refinado o aleaciones de cobre, lo cual es crucial para conservar los recursos minerales y reducir el consumo energ\u00e9tico de la fundici\u00f3n.<\/p>\n\n\n\n<div style=\"height:100px\" aria-hidden=\"true\" class=\"wp-block-spacer\"><\/div>\n\n\n<\/div>\n\n\n\n<\/div>\n<!-- \/wp:post-content --><\/div>\n<!-- \/wp:post-content -->","protected":false},"excerpt":{"rendered":"<p>1\u3001\u94dc\u77ff\u77f3\uff1a\u81ea\u7136\u754c\u4e2d\u542b\u94dc\u7684\u77ff\u77f3\uff0c\u5e38\u89c1\u7684\u6709\u9ec4\u94dc\u77ff\uff08CuFeS\u2082\uff09\u3001\u6591\u94dc\u77ff\uff08Cu\u2085FeS\u2084\uff09\u548c\u5b54\u96c0\u77f3\uff08C [&hellip;]<\/p>\n","protected":false},"author":1,"featured_media":723,"parent":336,"menu_order":0,"comment_status":"closed","ping_status":"closed","template":"page-templates\/template-page-sidebar.php","meta":{"footnotes":""},"class_list":["post-181","page","type-page","status-publish","has-post-thumbnail","hentry"],"_links":{"self":[{"href":"https:\/\/www.olagoo.com\/es\/wp-json\/wp\/v2\/pages\/181","targetHints":{"allow":["GET"]}}],"collection":[{"href":"https:\/\/www.olagoo.com\/es\/wp-json\/wp\/v2\/pages"}],"about":[{"href":"https:\/\/www.olagoo.com\/es\/wp-json\/wp\/v2\/types\/page"}],"author":[{"embeddable":true,"href":"https:\/\/www.olagoo.com\/es\/wp-json\/wp\/v2\/users\/1"}],"replies":[{"embeddable":true,"href":"https:\/\/www.olagoo.com\/es\/wp-json\/wp\/v2\/comments?post=181"}],"version-history":[{"count":37,"href":"https:\/\/www.olagoo.com\/es\/wp-json\/wp\/v2\/pages\/181\/revisions"}],"predecessor-version":[{"id":1886,"href":"https:\/\/www.olagoo.com\/es\/wp-json\/wp\/v2\/pages\/181\/revisions\/1886"}],"up":[{"embeddable":true,"href":"https:\/\/www.olagoo.com\/es\/wp-json\/wp\/v2\/pages\/336"}],"wp:featuredmedia":[{"embeddable":true,"href":"https:\/\/www.olagoo.com\/es\/wp-json\/wp\/v2\/media\/723"}],"wp:attachment":[{"href":"https:\/\/www.olagoo.com\/es\/wp-json\/wp\/v2\/media?parent=181"}],"curies":[{"name":"wp","href":"https:\/\/api.w.org\/{rel}","templated":true}]}}