{"id":182,"date":"2025-04-11T15:52:27","date_gmt":"2025-04-11T07:52:27","guid":{"rendered":"https:\/\/www.olagoo.com\/?page_id=182"},"modified":"2026-01-14T20:29:41","modified_gmt":"2026-01-14T12:29:41","slug":"%e9%87%91","status":"publish","type":"page","link":"https:\/\/www.olagoo.com\/es\/%e5%a4%a7%e5%ae%97%e5%95%86%e5%93%81%e8%b4%b8%e6%98%93\/%e9%87%91","title":{"rendered":"<div class=\"info-content\"><img class=\"info-icon\" src=\"\/wp-content\/uploads\/2025\/04\/Gold.jpg\"><p  class=\"info-title\">Au<\/p><\/div>"},"content":{"rendered":"<div class=\"wp-block-columns is-layout-flex wp-container-core-columns-is-layout-9d6595d7 wp-block-columns-is-layout-flex\">\n<div class=\"wp-block-column is-layout-flow wp-block-column-is-layout-flow\" style=\"flex-basis:30%\">\n<div class=\"wp-block-columns is-layout-flex wp-container-core-columns-is-layout-9d6595d7 wp-block-columns-is-layout-flex\">\n<div class=\"wp-block-column is-layout-flow wp-block-column-is-layout-flow\" style=\"flex-basis:100%\">\n<p><\/p>\n\n\n\n<div class=\"menu-container\">\n<ul class=\"wp-block-list\">\n<li class=\"active\">\u00a0Metales b\u00e1sicos\n<ul class=\"wp-block-list\">\n<li><a style=\"color: #666;\"href=\"\/es\/%e9%93%9c\/\">Cu<\/a><\/li>\n\n\n\n<li><a style=\"color: #666;\"href=\"\/es\/%e9%94%8c\/\">Zn<\/a><\/li>\n\n\n\n<li><a style=\"color: #666;\"href=\"\/es\/%e9%95%8d\/\">Ni<\/a><\/li>\n\n\n\n<li><a style=\"color: #666;\"href=\"\/es\/%e9%94%a1\/\">Sn<\/a><\/li>\n\n\n\n<li><a style=\"color: #666;\"href=\"\/es\/%e9%93%85\/\">Pb<\/a><\/li>\n\n\n\n<li><a style=\"color: #666;\"href=\"\/es\/%e9%93%9d\/\">Al<\/a><\/li>\n\n\n<li class=\"active\"><a style=\"color: #666;\"href=\"\/es\/%e9%87%91\/\">Au<\/a><\/li>\n\n\n<li><a style=\"color: #666;\"href=\"\/es\/%E9%93%B6\/\">Ag<\/a><\/li>\n\n<\/ul>\n<\/li>\n\n\n\n<li>Elementos de la familia del platino\n<ul class=\"wp-block-list\">\n\n\n<li><a style=\"color: #666;\"href=\"\/es\/%E9%92%AF\/\">Pd<\/a><\/li>\n\n\n\n<li><a style=\"color: #666;\"href=\"\/es\/%E9%93%82\/\">Pd<\/a><\/li>\n\n\n\n<li><a style=\"color: #666;\"href=\"\/es\/%e9%93%91-2\/\">Pd<\/a><\/li>\n\n\n\n<li><a style=\"color: #666;\"href=\"\/es\/%E9%93%B1\/\">Ir<\/a><\/li>\n\n\n<\/ul>\n<\/li>\n\n\n\n<li>\u65b0\u80fd\u6e90\u4e0e\u5173\u952e\u91d1\u5c5e\n<ul class=\"wp-block-list\">\n\n\n<li><a style=\"color: #666;\"href=\"\/es\/%e9%94%82\/\">Li<\/a><\/li>\n\n\n\n<li><a style=\"color: #666;\"href=\"\/es\/%e9%92%b4-2\/\">Co<\/a><\/li>\n\n\n<\/ul>\n<\/li>\n\n\n\n<li>\u7279\u79cd\u5408\u91d1\u4e0e\u9ad8\u6027\u80fd\u91d1\u5c5e\n<ul class=\"wp-block-list\">\n\n<li><a style=\"color: #666;\"href=\"\/es\/%e9%92%a8\/\">W<\/a><\/li>\n\n\n\n<li><a style=\"color: #666;\"href=\"\/es\/%e9%92%bc\/\">Mo<\/a><\/li>\n\n\n\n<li><a style=\"color: #666;\"href=\"\/es\/%e9%92%bd\/\">Ta<\/a><\/li>\n\n\n\n<li><a style=\"color: #666;\"href=\"\/es\/%e9%93%8c-2\/\">Nb<\/a><\/li>\n\n\n\n<li><a style=\"color: #666;\"href=\"\/es\/%e9%92%9b\/\">Ti<\/a><\/li>\n\n\n\n<li><a style=\"color: #666;\"href=\"\/es\/%E9%94%91\/\">Sb<\/a><\/li>\n\n\n\n<li><a style=\"color: #666;\"href=\"\/es\/%E9%93%8D\/\">Be<\/a><\/li>\n\n\n\n<li><a style=\"color: #666;\"href=\"\/es\/%E9%92%92-2\/\">V<\/a><\/li>\n\n\n<\/ul>\n<\/li>\n\n\n\n<li>Metales ferrosos\n<ul class=\"wp-block-list\">\n\n<li><a style=\"color: #666;\"href=\"\/es\/%e9%93%81\/\">Fe<\/a><\/li>\n\n\n\n<li><a style=\"color: #666;\"href=\"\/es\/%e9%94%b0\/\">Mn<\/a><\/li>\n\n\n\n<li><a style=\"color: #666;\"href=\"\/es\/%e9%93%ac\/\">Cr<\/a><\/li>\n\n<\/ul>\n<\/li>\n\n\n\n<li>Otros productos comerciales\n<ul class=\"wp-block-list\">\n\n\n<li><a style=\"color: #666;\"href=\"\/es\/%e6%b0%9f\/\">F<\/a><\/li>\n\n\n<li><a style=\"color: #666;\"href=\"\/es\/%e7%a2%b3\/\">C<\/a><\/li>\n\n\n<li><a style=\"color: #666;\"href=\"\/es\/%e7%a1%85\/\">Si<\/a><\/li>\n\n<\/ul>\n<\/li>\n\n\n<\/ul>\n<\/div>\n<\/div>\n<\/div>\n\n<\/div>\n\n\n<div class=\"wp-block-column big-goods-list is-layout-flow wp-block-column-is-layout-flow\" style=\"flex-basis:70%;\">\n\n\n<p><strong>1. Mineral de oro:<\/strong><br\/>Los minerales aur\u00edferos en la naturaleza se encuentran com\u00fanmente en vetas de cuarzo o asociados a minerales de sulfuro. El oro suele existir en forma de oro nativo o minerales de plata y oro, y se asocia frecuentemente con elementos como la plata y el cobre. Es la materia prima inicial de la industria aur\u00edfera. El concentrado de oro, o el oro crudo, se extrae mediante procesos como la trituraci\u00f3n y el beneficio (p. ej., separaci\u00f3n por gravedad, flotaci\u00f3n, cianuraci\u00f3n) para obtener materias primas para la refinaci\u00f3n.<\/p>\n\n\n\n<p><\/p>\n\n\n\n<p><strong>1.Concentrado de oro<\/strong><br\/>El mineral de oro es el producto obtenido tras los procesos de trituraci\u00f3n, molienda y beneficio (como la separaci\u00f3n por gravedad y la flotaci\u00f3n). Sus principales minerales portadores suelen ser la pirita y el cuarzo, y el oro se presenta en forma de granos finos o inclusiones. La ley del oro aumenta significativamente (generalmente de decenas a cientos de gramos por tonelada) y es rico en elementos valiosos como plata, cobre, plomo y zinc. Es la materia prima fundamental para la fundici\u00f3n de oro y requiere una extracci\u00f3n posterior mediante procesos pirometal\u00fargicos o hidrometal\u00fargicos. Es un producto intermedio clave que conecta la miner\u00eda con la refinaci\u00f3n de metales.<\/p>\n\n\n\n<p><strong>3. Polvo de oro:<\/strong><br\/>Se refiere a part\u00edculas de oro presentes en forma natural en sedimentos de r\u00edos, playas, etc., que es un oro natural, cuyo compuesto qu\u00edmico es oro (Au) y a menudo contiene plata, cobre y otros elementos. El oro de alluvi\u00f3n despu\u00e9s de la refinaci\u00f3n, tiene el mismo uso que el oro de otras fuentes, pude ser utilizado en el procesamiento de joyas para fabricar collares, pulseras y otros adornos exquisitos; tambi\u00e9n se puede utilizar en las partes de conexi\u00f3n clave de los equipos electr\u00f3nicos para garantizar la estabilidad de la transmisi\u00f3n de se\u00f1ales.<\/p>\n\n\n\n<p><strong>4. Barras\/lingotes de oro crudo:<\/strong><br\/> El oro es una forma met\u00e1lica de oro que se extrae inicialmente del mineral de oro, del concentrado de oro o de materiales reciclados mediante procesos pirometal\u00fargicos. Su pureza suele estar entre el 90 % y el 99 % y contiene impurezas como plata y cobre. Es un producto intermedio en la refinaci\u00f3n del oro y requiere un refinado adicional para alcanzar altos est\u00e1ndares de pureza. Se utiliza com\u00fanmente para reservas de oro o como materia prima en refiner\u00edas.<\/p>\n\n\n\n<p><strong>5. Oro de 24 quilates:<\/strong><br\/> Los productos de oro puro con una pureza del 99,9 % (oro de 24 quilates) o del 99,99 % (oro puro al 99,99 %) se encuentran generalmente en forma de lingotes, monedas o joyas de oro. Son de color dorado, estables por naturaleza y presentan una excelente ductilidad. Representan una de las formas finales del oro refinado y se utilizan principalmente en joyer\u00eda, reservas financieras, electr\u00f3nica de alta gama y la industria aeroespacial, sectores con requisitos de pureza extremadamente altos.<\/p>\n\n\n\n<div style=\"height:100px\" aria-hidden=\"true\" class=\"wp-block-spacer\"><\/div>\n\n\n\n\n\n<\/div>\n<!-- \/wp:post-content --><\/div>\n<!-- \/wp:post-content -->","protected":false},"excerpt":{"rendered":"<p>1\u3001\u91d1\u77ff\u77f3\uff1a\u81ea\u7136\u754c\u4e2d\u542b\u91d1\u7684\u77ff\u77f3\uff0c\u5e38\u89c1\u4e8e\u77f3\u82f1\u8109\u6216\u4e0e\u786b\u5316\u77ff\u7269\u4f34\u751f\uff0c\u91d1\u591a\u4ee5\u81ea\u7136\u91d1\u6216\u94f6\u91d1\u77ff\u7b49\u5f62\u5f0f\u5b58\u5728\uff0c\u5e38\u4f34\u751f [&hellip;]<\/p>\n","protected":false},"author":1,"featured_media":731,"parent":162,"menu_order":2,"comment_status":"closed","ping_status":"closed","template":"page-templates\/template-page-sidebar.php","meta":{"footnotes":""},"class_list":["post-182","page","type-page","status-publish","has-post-thumbnail","hentry"],"_links":{"self":[{"href":"https:\/\/www.olagoo.com\/es\/wp-json\/wp\/v2\/pages\/182","targetHints":{"allow":["GET"]}}],"collection":[{"href":"https:\/\/www.olagoo.com\/es\/wp-json\/wp\/v2\/pages"}],"about":[{"href":"https:\/\/www.olagoo.com\/es\/wp-json\/wp\/v2\/types\/page"}],"author":[{"embeddable":true,"href":"https:\/\/www.olagoo.com\/es\/wp-json\/wp\/v2\/users\/1"}],"replies":[{"embeddable":true,"href":"https:\/\/www.olagoo.com\/es\/wp-json\/wp\/v2\/comments?post=182"}],"version-history":[{"count":11,"href":"https:\/\/www.olagoo.com\/es\/wp-json\/wp\/v2\/pages\/182\/revisions"}],"predecessor-version":[{"id":1880,"href":"https:\/\/www.olagoo.com\/es\/wp-json\/wp\/v2\/pages\/182\/revisions\/1880"}],"up":[{"embeddable":true,"href":"https:\/\/www.olagoo.com\/es\/wp-json\/wp\/v2\/pages\/162"}],"wp:featuredmedia":[{"embeddable":true,"href":"https:\/\/www.olagoo.com\/es\/wp-json\/wp\/v2\/media\/731"}],"wp:attachment":[{"href":"https:\/\/www.olagoo.com\/es\/wp-json\/wp\/v2\/media?parent=182"}],"curies":[{"name":"wp","href":"https:\/\/api.w.org\/{rel}","templated":true}]}}