{"id":183,"date":"2025-04-11T15:52:27","date_gmt":"2025-04-11T07:52:27","guid":{"rendered":"https:\/\/www.olagoo.com\/?page_id=183"},"modified":"2026-01-14T20:29:14","modified_gmt":"2026-01-14T12:29:14","slug":"%e9%93%b6","status":"publish","type":"page","link":"https:\/\/www.olagoo.com\/es\/%e5%a4%a7%e5%ae%97%e5%95%86%e5%93%81%e8%b4%b8%e6%98%93\/%e9%93%b6","title":{"rendered":"<div class=\"info-content\"><img class=\"info-icon\" src=\"\/wp-content\/uploads\/2025\/04\/silver.jpeg\"><p  class=\"info-title\">Ag<\/p><\/div>"},"content":{"rendered":"<div class=\"wp-block-columns is-layout-flex wp-container-core-columns-is-layout-9d6595d7 wp-block-columns-is-layout-flex\">\n<div class=\"wp-block-column is-layout-flow wp-block-column-is-layout-flow\" style=\"flex-basis:30%\">\n<div class=\"wp-block-columns is-layout-flex wp-container-core-columns-is-layout-9d6595d7 wp-block-columns-is-layout-flex\">\n<div class=\"wp-block-column is-layout-flow wp-block-column-is-layout-flow\" style=\"flex-basis:100%\">\n<p><\/p>\n\n\n\n<div class=\"menu-container\">\n<ul class=\"wp-block-list\">\n<li class=\"active\">\u00a0Metales b\u00e1sicos\n<ul class=\"wp-block-list\">\n<li><a style=\"color: #666;\"href=\"\/es\/%e9%93%9c\/\">Cu<\/a><\/li>\n\n\n\n<li><a style=\"color: #666;\"href=\"\/es\/%e9%94%8c\/\">Zn<\/a><\/li>\n\n\n\n<li><a style=\"color: #666;\"href=\"\/es\/%e9%95%8d\/\">Ni<\/a><\/li>\n\n\n\n<li><a style=\"color: #666;\"href=\"\/es\/%e9%94%a1\/\">Sn<\/a><\/li>\n\n\n\n<li><a style=\"color: #666;\"href=\"\/es\/%e9%93%85\/\">Pb<\/a><\/li>\n\n\n\n<li><a style=\"color: #666;\"href=\"\/es\/%e9%93%9d\/\">Al<\/a><\/li>\n\n\n<li><a style=\"color: #666;\"href=\"\/es\/%e9%87%91\/\">Au<\/a><\/li>\n\n\n<li class=\"active\"><a style=\"color: #666;\"href=\"\/es\/%E9%93%B6\/\">Ag<\/a><\/li>\n\n<\/ul>\n<\/li>\n\n\n\n<li>Elementos de la familia del platino\n<ul class=\"wp-block-list\">\n\n\n<li><a style=\"color: #666;\"href=\"\/es\/%E9%92%AF\/\">Pd<\/a><\/li>\n\n\n\n<li><a style=\"color: #666;\"href=\"\/es\/%E9%93%82\/\">Pd<\/a><\/li>\n\n\n\n<li><a style=\"color: #666;\"href=\"\/es\/%e9%93%91-2\/\">Pd<\/a><\/li>\n\n\n\n<li><a style=\"color: #666;\"href=\"\/es\/%E9%93%B1\/\">Ir<\/a><\/li>\n\n\n<\/ul>\n<\/li>\n\n\n\n<li>Metales estrat\u00e9gicos\n<ul class=\"wp-block-list\">\n\n<li><a style=\"color: #666;\"href=\"\/es\/%e9%92%a8\/\">W<\/a><\/li>\n\n\n\n<li><a style=\"color: #666;\"href=\"\/es\/%e9%92%bc\/\">Mo<\/a><\/li>\n\n\n\n<li><a style=\"color: #666;\"href=\"\/es\/%e9%94%82\/\">Li<\/a><\/li>\n\n\n\n<li><a style=\"color: #666;\"href=\"\/es\/%e9%92%bd\/\">Ta<\/a><\/li>\n\n\n\n<li><a style=\"color: #666;\"href=\"\/es\/%e9%93%8c-2\/\">Nb<\/a><\/li>\n\n\n\n<li><a style=\"color: #666;\"href=\"\/es\/%E9%94%91\/\">Sb<\/a><\/li>\n\n\n\n<li><a style=\"color: #666;\"href=\"\/es\/%e9%92%b4-2\/\">Co<\/a><\/li>\n\n\n\n<li><a style=\"color: #666;\"href=\"\/es\/%E9%93%8D\/\">Be<\/a><\/li>\n\n\n\n<li><a style=\"color: #666;\"href=\"\/es\/%E9%92%92-2\/\">V<\/a><\/li>\n\n\n<\/ul>\n<\/li>\n\n\n\n<li>Metales ferrosos\n<ul class=\"wp-block-list\">\n\n<li><a style=\"color: #666;\"href=\"\/es\/%e9%93%81\/\">Fe<\/a><\/li>\n\n\n<li ><a style=\"color: #666;\"href=\"\/es\/%e9%92%9b\/\">Ti<\/a><\/li>\n\n\n\n<li><a style=\"color: #666;\"href=\"\/es\/%e9%93%ac\/\">Cr<\/a><\/li>\n\n\n\n<li ><a style=\"color: #666;\"href=\"\/es\/%e9%94%b0\/\">Mn<\/a><\/li>\n\n<\/ul>\n<\/li>\n\n\n\n<li>Otros productos comerciales\n<ul class=\"wp-block-list\">\n\n\n<li><a style=\"color: #666;\"href=\"\/es\/%e6%b0%9f\/\">F<\/a><\/li>\n\n\n<li><a style=\"color: #666;\"href=\"\/es\/%e7%a1%85\/\">Si<\/a><\/li>\n\n\n<li><a style=\"color: #666;\"href=\"\/es\/%e7%a2%b3\/\">C<\/a><\/li>\n\n<\/ul>\n<\/li>\n\n\n<\/ul>\n<\/div>\n\n<\/div>\n<\/div>\n\n<\/div>\n\n\n<div class=\"wp-block-column big-goods-list is-layout-flow wp-block-column-is-layout-flow\" style=\"flex-basis:70%;\">\n\n\n<p><strong>1. Mineral de plata:<\/strong><br\/> Los minerales argent\u00edferos en la naturaleza suelen presentarse como plata nativa, argentita (Ag\u2082S) o argentita (AgCl), y se encuentran frecuentemente junto con minerales de metales no ferrosos como plomo, zinc y cobre. Constituyen la materia prima inicial de la industria de la plata, donde se extrae el concentrado de plata o la plata bruta mediante flotaci\u00f3n, cianuraci\u00f3n y otros procesos de beneficio, sentando las bases para la posterior refinaci\u00f3n de la plata.<\/p>\n\n\n\n<p><strong>2.Concentrado de plata:<\/strong><br\/> El mineral de plata, o mineral polimet\u00e1lico argent\u00edfero, es un producto obtenido tras procesos de trituraci\u00f3n, molienda y beneficio (principalmente flotaci\u00f3n). La plata se encuentra a menudo como mineral independiente, como la argentita, o en minerales portadores como la galena y la esfalrita, lo que resulta en una ley de plata significativamente mayor y un rico contenido de diversos metales valiosos como plomo, zinc, cobre y oro. Es una materia prima intermedia clave en la fundici\u00f3n de plata, extra\u00edda principalmente mediante procesos pirometal\u00fargicos (como la co-recuperaci\u00f3n en la fundici\u00f3n de plomo) o hidrometal\u00fargicos (como la cianuraci\u00f3n). Su valor econ\u00f3mico depende en gran medida de su capacidad integral de recuperaci\u00f3n.<\/p>\n\n\n\n<p><strong>3. Barras de plata gruesa\/lingotes de plata gruesa:<\/strong><br\/> La plata es una forma met\u00e1lica que se extrae inicialmente del mineral de plata, lodo an\u00f3dico o materiales reciclados mediante procesos pirometal\u00fargicos. Su pureza suele estar entre el 90 % y el 99 % y contiene impurezas como oro, cobre y plomo. Es un producto intermedio clave en la refinaci\u00f3n de la plata y requiere una purificaci\u00f3n adicional mediante electr\u00f3lisis o m\u00e9todos qu\u00edmicos. Se utiliza a menudo como materia prima en refiner\u00edas o como producto comercial principal.<\/p>\n\n\n\n<p><strong>4. Plata de 24 quilates:<\/strong><br\/> Los productos de plata de alta pureza, con una pureza del 99,9 % (plata pura) o del 99,99 % (plata est\u00e9ril), suelen estar disponibles en forma de barras, lingotes o joyas de plata. Son de color blanco puro, presentan excelente ductilidad y son qu\u00edmicamente estables. Constituyen una de las formas finales de la plata refinada y se utilizan principalmente en la fabricaci\u00f3n de joyas, la producci\u00f3n de plater\u00eda, las reservas de inversi\u00f3n y la industria electr\u00f3nica de alta gama.<\/p>\n\n\n\n\n<div style=\"height:100px\" aria-hidden=\"true\" class=\"wp-block-spacer\"><\/div>\n\n\n\n\n\n<\/div>\n<!-- \/wp:post-content --><\/div>\n<!-- \/wp:post-content -->","protected":false},"excerpt":{"rendered":"<p>1\u3001\u94f6\u77ff\u77f3\uff1a \u81ea\u7136\u754c\u4e2d\u542b\u94f6\u7684\u77ff\u77f3\uff0c\u94f6\u5e38\u4ee5\u81ea\u7136\u94f6\u3001\u8f89\u94f6\u77ff\uff08Ag\u2082S\uff09\u6216\u89d2\u94f6\u77ff\uff08AgCl\uff09\u7b49\u5f62\u5f0f\u5b58\u5728\uff0c\u591a [&hellip;]<\/p>\n","protected":false},"author":1,"featured_media":731,"parent":162,"menu_order":3,"comment_status":"closed","ping_status":"closed","template":"page-templates\/template-page-sidebar.php","meta":{"footnotes":""},"class_list":["post-183","page","type-page","status-publish","has-post-thumbnail","hentry"],"_links":{"self":[{"href":"https:\/\/www.olagoo.com\/es\/wp-json\/wp\/v2\/pages\/183","targetHints":{"allow":["GET"]}}],"collection":[{"href":"https:\/\/www.olagoo.com\/es\/wp-json\/wp\/v2\/pages"}],"about":[{"href":"https:\/\/www.olagoo.com\/es\/wp-json\/wp\/v2\/types\/page"}],"author":[{"embeddable":true,"href":"https:\/\/www.olagoo.com\/es\/wp-json\/wp\/v2\/users\/1"}],"replies":[{"embeddable":true,"href":"https:\/\/www.olagoo.com\/es\/wp-json\/wp\/v2\/comments?post=183"}],"version-history":[{"count":8,"href":"https:\/\/www.olagoo.com\/es\/wp-json\/wp\/v2\/pages\/183\/revisions"}],"predecessor-version":[{"id":1755,"href":"https:\/\/www.olagoo.com\/es\/wp-json\/wp\/v2\/pages\/183\/revisions\/1755"}],"up":[{"embeddable":true,"href":"https:\/\/www.olagoo.com\/es\/wp-json\/wp\/v2\/pages\/162"}],"wp:featuredmedia":[{"embeddable":true,"href":"https:\/\/www.olagoo.com\/es\/wp-json\/wp\/v2\/media\/731"}],"wp:attachment":[{"href":"https:\/\/www.olagoo.com\/es\/wp-json\/wp\/v2\/media?parent=183"}],"curies":[{"name":"wp","href":"https:\/\/api.w.org\/{rel}","templated":true}]}}