{"id":184,"date":"2025-04-11T15:52:28","date_gmt":"2025-04-11T07:52:28","guid":{"rendered":"https:\/\/www.olagoo.com\/?page_id=184"},"modified":"2026-01-14T20:32:02","modified_gmt":"2026-01-14T12:32:02","slug":"%e9%94%8c","status":"publish","type":"page","link":"https:\/\/www.olagoo.com\/es\/%e5%a4%a7%e5%ae%97%e5%95%86%e5%93%81%e8%b4%b8%e6%98%93\/%e6%9c%89%e8%89%b2%e9%87%91%e5%b1%9e\/%e9%94%8c","title":{"rendered":"<div class=\"info-content\"><img class=\"info-icon\" src=\"\/wp-content\/uploads\/2025\/04\/zinc-1024x774.jpg\"><p  class=\"info-title\">Zn<\/p><\/div>"},"content":{"rendered":"<div class=\"wp-block-columns is-layout-flex wp-container-core-columns-is-layout-9d6595d7 wp-block-columns-is-layout-flex\">\n<div class=\"wp-block-column is-layout-flow wp-block-column-is-layout-flow\" style=\"flex-basis:30%\">\n<div class=\"wp-block-columns is-layout-flex wp-container-core-columns-is-layout-9d6595d7 wp-block-columns-is-layout-flex\">\n<div class=\"wp-block-column is-layout-flow wp-block-column-is-layout-flow\" style=\"flex-basis:100%\">\n<p><\/p>\n\n\n\n<div class=\"menu-container\">\n<ul class=\"wp-block-list\">\n<li class=\"active\">\u00a0Metales b\u00e1sicos\n<ul class=\"wp-block-list\">\n<li><a style=\"color: #666;\"href=\"\/es\/%e9%93%9c\/\">Cu<\/a><\/li>\n\n\n\n<li class=\"active\"><a style=\"color: #666;\"href=\"\/es\/%e9%94%8c\/\">Zn<\/a><\/li>\n\n\n\n<li><a style=\"color: #666;\"href=\"\/es\/%e9%95%8d\/\">Ni<\/a><\/li>\n\n\n\n<li><a style=\"color: #666;\"href=\"\/es\/%e9%94%a1\/\">Sn<\/a><\/li>\n\n\n\n<li><a style=\"color: #666;\"href=\"\/es\/%e9%93%85\/\">Pb<\/a><\/li>\n\n\n\n<li><a style=\"color: #666;\"href=\"\/es\/%e9%93%9d\/\">Al<\/a><\/li>\n\n\n<li><a style=\"color: #666;\"href=\"\/es\/%e9%87%91\/\">Au<\/a><\/li>\n\n\n<li><a style=\"color: #666;\"href=\"\/es\/%E9%93%B6\/\">Ag<\/a><\/li>\n\n<\/ul>\n<\/li>\n\n\n\n<li>Elementos de la familia del platino\n<ul class=\"wp-block-list\">\n\n\n<li><a style=\"color: #666;\"href=\"\/es\/%E9%92%AF\/\">Pd<\/a><\/li>\n\n\n\n<li><a style=\"color: #666;\"href=\"\/es\/%E9%93%82\/\">Pd<\/a><\/li>\n\n\n\n<li><a style=\"color: #666;\"href=\"\/es\/%e9%93%91-2\/\">Pd<\/a><\/li>\n\n\n\n<li><a style=\"color: #666;\"href=\"\/es\/%E9%93%B1\/\">Ir<\/a><\/li>\n\n\n<\/ul>\n<\/li>\n\n\n\n<li>\u65b0\u80fd\u6e90\u4e0e\u5173\u952e\u91d1\u5c5e\n<ul class=\"wp-block-list\">\n\n\n<li><a style=\"color: #666;\"href=\"\/es\/%e9%94%82\/\">Li<\/a><\/li>\n\n\n\n<li><a style=\"color: #666;\"href=\"\/es\/%e9%92%b4-2\/\">Co<\/a><\/li>\n\n\n<\/ul>\n<\/li>\n\n\n\n<li>\u7279\u79cd\u5408\u91d1\u4e0e\u9ad8\u6027\u80fd\u91d1\u5c5e\n<ul class=\"wp-block-list\">\n\n<li><a style=\"color: #666;\"href=\"\/es\/%e9%92%a8\/\">W<\/a><\/li>\n\n\n\n<li><a style=\"color: #666;\"href=\"\/es\/%e9%92%bc\/\">Mo<\/a><\/li>\n\n\n\n<li><a style=\"color: #666;\"href=\"\/es\/%e9%92%bd\/\">Ta<\/a><\/li>\n\n\n\n<li><a style=\"color: #666;\"href=\"\/es\/%e9%93%8c-2\/\">Nb<\/a><\/li>\n\n\n\n<li><a style=\"color: #666;\"href=\"\/es\/%e9%92%9b\/\">Ti<\/a><\/li>\n\n\n\n<li><a style=\"color: #666;\"href=\"\/es\/%E9%94%91\/\">Sb<\/a><\/li>\n\n\n\n<li><a style=\"color: #666;\"href=\"\/es\/%E9%93%8D\/\">Be<\/a><\/li>\n\n\n\n<li><a style=\"color: #666;\"href=\"\/es\/%E9%92%92-2\/\">V<\/a><\/li>\n\n\n<\/ul>\n<\/li>\n\n\n\n<li>Metales ferrosos\n<ul class=\"wp-block-list\">\n\n<li><a style=\"color: #666;\"href=\"\/es\/%e9%93%81\/\">Fe<\/a><\/li>\n\n\n\n<li><a style=\"color: #666;\"href=\"\/es\/%e9%94%b0\/\">Mn<\/a><\/li>\n\n\n\n<li><a style=\"color: #666;\"href=\"\/es\/%e9%93%ac\/\">Cr<\/a><\/li>\n\n<\/ul>\n<\/li>\n\n\n\n<li>Otros productos comerciales\n<ul class=\"wp-block-list\">\n\n\n<li><a style=\"color: #666;\"href=\"\/es\/%e6%b0%9f\/\">F<\/a><\/li>\n\n\n<li><a style=\"color: #666;\"href=\"\/es\/%e7%a2%b3\/\">C<\/a><\/li>\n\n\n<li><a style=\"color: #666;\"href=\"\/es\/%e7%a1%85\/\">Si<\/a><\/li>\n\n<\/ul>\n<\/li>\n\n\n<\/ul>\n\n\n<\/div>\n<\/div>\n<\/div>\n\n<\/div>\n\n\n<div class=\"wp-block-column big-goods-list is-layout-flow wp-block-column-is-layout-flow\" style=\"flex-basis:70%;\">\n\n\n\n<p><strong>1.Mineral de zinc<\/strong><br\/>Es un mineral rico en zinc, como la esfalerita (ZnS) y la smithsonita (ZnCO\u2083), que es la principal materia prima para extraer el zinc. El zinc tiene una buena resistencia a la corrosi\u00f3n, y el zinc obtenido a partir de los minerales se utiliza ampliamente en el galvanizado de acero para evitar el \u00f3xido; en la fabricaci\u00f3n de bater\u00edas, el zinc es un material com\u00fan para los electrodos negativos.<\/p>\n\n\n\n<p><\/p>\n\n\n\n<p><strong>2.Concentrado de zinc<\/strong><br\/>Es un producto enriquecido mediante flotaci\u00f3n del mineral de zinc, con un alto contenido de zinc y contiene una cierta cantidad de impurezas como azufre, hierro y plomo, siendo el material principal para la smelting del zinc. El zinc obtenido despu\u00e9s de la smelting, adem\u00e1s de utilizarse en el galvanizado, tambi\u00e9n se puede fabricar aleaciones de zinc para la fundici\u00f3n de piezas de autom\u00f3viles y accesorios de ferreter\u00eda, etc.<\/p>\n\n\n\n<p><\/p>\n\n\n\n<p><strong>3. Lingotes de zinc:<\/strong><br\/> Los lingotes de zinc son bloques met\u00e1licos de zinc extra\u00eddos de concentrado de zinc o de materiales de zinc reciclado mediante procesos pirometal\u00fargicos o hidrometal\u00fargicos. Su pureza suele oscilar entre el 99,5 % y el 99,995 %. Son un producto preliminar de la fundici\u00f3n de zinc, que contiene peque\u00f1as cantidades de impurezas como plomo, cadmio y hierro. Pueden utilizarse directamente en la galvanizaci\u00f3n por inmersi\u00f3n en caliente, la fabricaci\u00f3n de bater\u00edas o como materia prima para la producci\u00f3n de productos procesados \u200b\u200badicionales, como aleaciones de zinc y \u00f3xido de zinc.<\/p>\n\n\n\n<p><\/p>\n\n\n\n<p><strong>4. Zinc electrol\u00edtico:<\/strong><br\/>El zinc electrol\u00edtico es un producto de zinc de alta pureza extra\u00eddo del concentrado de zinc mediante procesos hidrometal\u00fargicos (tostaci\u00f3n, lixiviaci\u00f3n y electr\u00f3lisis), con una pureza generalmente no inferior al 99,995 %. Presenta un contenido de impurezas extremadamente bajo y una superficie lisa y densa, lo que representa la forma refinada final del zinc. Se utiliza principalmente en galvanizaci\u00f3n de alta calidad, aleaciones de precisi\u00f3n, productos farmac\u00e9uticos, qu\u00edmicos y dispositivos electr\u00f3nicos, campos que requieren alta pureza. <\/p>\n\n\n\n<p><\/p>\n\n\n\n<p><strong>5. Chatarra de zinc:<\/strong><br\/> La chatarra de zinc se refiere a metales de desecho o residuos industriales que contienen zinc, principalmente derivados de piezas galvanizadas, componentes de aleaciones de zinc, bater\u00edas y escorias de fundici\u00f3n, con un contenido variable de zinc. Es un importante recurso de zinc reciclado; mediante el reciclaje y la fundici\u00f3n, puede reutilizarse para producir lingotes o aleaciones de zinc, lo que contribuye a la conservaci\u00f3n de recursos y a la reducci\u00f3n del consumo energ\u00e9tico en la producci\u00f3n de zinc, convirti\u00e9ndola en un eslab\u00f3n clave de la econom\u00eda circular de la industria del zinc.<\/p>\n\n\n<div style=\"height:100px\" aria-hidden=\"true\" class=\"wp-block-spacer\"><\/div>\n\n\n\n\n<\/div>\n<!-- \/wp:post-content --><\/div>\n<!-- \/wp:post-content -->","protected":false},"excerpt":{"rendered":"<p>1\u3001\u950c\u77ff\u77f3\uff1a\u950c\u77ff\u77f3\u662f\u81ea\u7136\u754c\u4e2d\u5929\u7136\u5f62\u6210\u3001\u5bcc\u542b\u950c\u5143\u7d20\u7684\u77ff\u7269\u96c6\u5408\u3002\u4e3b\u8981\u5316\u5b66\u6210\u5206\u4e3a\u950c\uff08Zn\uff09\uff0c\u5e38\u89c1\u77ff\u79cd\u6709\u95ea\u950c [&hellip;]<\/p>\n","protected":false},"author":1,"featured_media":731,"parent":336,"menu_order":4,"comment_status":"closed","ping_status":"closed","template":"page-templates\/template-page-sidebar.php","meta":{"footnotes":""},"class_list":["post-184","page","type-page","status-publish","has-post-thumbnail","hentry"],"_links":{"self":[{"href":"https:\/\/www.olagoo.com\/es\/wp-json\/wp\/v2\/pages\/184","targetHints":{"allow":["GET"]}}],"collection":[{"href":"https:\/\/www.olagoo.com\/es\/wp-json\/wp\/v2\/pages"}],"about":[{"href":"https:\/\/www.olagoo.com\/es\/wp-json\/wp\/v2\/types\/page"}],"author":[{"embeddable":true,"href":"https:\/\/www.olagoo.com\/es\/wp-json\/wp\/v2\/users\/1"}],"replies":[{"embeddable":true,"href":"https:\/\/www.olagoo.com\/es\/wp-json\/wp\/v2\/comments?post=184"}],"version-history":[{"count":12,"href":"https:\/\/www.olagoo.com\/es\/wp-json\/wp\/v2\/pages\/184\/revisions"}],"predecessor-version":[{"id":1885,"href":"https:\/\/www.olagoo.com\/es\/wp-json\/wp\/v2\/pages\/184\/revisions\/1885"}],"up":[{"embeddable":true,"href":"https:\/\/www.olagoo.com\/es\/wp-json\/wp\/v2\/pages\/336"}],"wp:featuredmedia":[{"embeddable":true,"href":"https:\/\/www.olagoo.com\/es\/wp-json\/wp\/v2\/media\/731"}],"wp:attachment":[{"href":"https:\/\/www.olagoo.com\/es\/wp-json\/wp\/v2\/media?parent=184"}],"curies":[{"name":"wp","href":"https:\/\/api.w.org\/{rel}","templated":true}]}}