{"id":185,"date":"2025-04-11T15:52:28","date_gmt":"2025-04-11T07:52:28","guid":{"rendered":"https:\/\/www.olagoo.com\/?page_id=185"},"modified":"2026-01-14T20:30:31","modified_gmt":"2026-01-14T12:30:31","slug":"%e9%93%85","status":"publish","type":"page","link":"https:\/\/www.olagoo.com\/es\/%e5%a4%a7%e5%ae%97%e5%95%86%e5%93%81%e8%b4%b8%e6%98%93\/%e9%93%85","title":{"rendered":"<div class=\"info-content\"><img class=\"info-icon\" src=\"\/wp-content\/uploads\/2025\/04\/\u94c5-1.png\"><p  class=\"info-title\">Pb<\/p><\/div>"},"content":{"rendered":"<div class=\"wp-block-columns is-layout-flex wp-container-core-columns-is-layout-9d6595d7 wp-block-columns-is-layout-flex\">\n<div class=\"wp-block-column is-layout-flow wp-block-column-is-layout-flow\" style=\"flex-basis:30%\">\n<div class=\"wp-block-columns is-layout-flex wp-container-core-columns-is-layout-9d6595d7 wp-block-columns-is-layout-flex\">\n<div class=\"wp-block-column is-layout-flow wp-block-column-is-layout-flow\" style=\"flex-basis:100%\">\n<p><\/p>\n\n\n\n<div class=\"menu-container\">\n<ul class=\"wp-block-list\">\n<li class=\"active\">\u00a0Metales b\u00e1sicos\n<ul class=\"wp-block-list\">\n<li><a style=\"color: #666;\"href=\"\/es\/%e9%93%9c\/\">Cu<\/a><\/li>\n\n\n\n<li><a style=\"color: #666;\"href=\"\/es\/%e9%94%8c\/\">Zn<\/a><\/li>\n\n\n\n<li><a style=\"color: #666;\"href=\"\/es\/%e9%95%8d\/\">Ni<\/a><\/li>\n\n\n\n<li><a style=\"color: #666;\"href=\"\/es\/%e9%94%a1\/\">Sn<\/a><\/li>\n\n\n\n<li class=\"active\"><a style=\"color: #666;\"href=\"\/es\/%e9%93%85\/\">Pb<\/a><\/li>\n\n\n\n<li><a style=\"color: #666;\"href=\"\/es\/%e9%93%9d\/\">Al<\/a><\/li>\n\n\n<li><a style=\"color: #666;\"href=\"\/es\/%e9%87%91\/\">Au<\/a><\/li>\n\n\n<li><a style=\"color: #666;\"href=\"\/es\/%E9%93%B6\/\">Ag<\/a><\/li>\n\n<\/ul>\n<\/li>\n\n\n\n<li>Elementos de la familia del platino\n<ul class=\"wp-block-list\">\n\n\n<li><a style=\"color: #666;\"href=\"\/es\/%E9%92%AF\/\">Pd<\/a><\/li>\n\n\n\n<li><a style=\"color: #666;\"href=\"\/es\/%E9%93%82\/\">Pd<\/a><\/li>\n\n\n\n<li><a style=\"color: #666;\"href=\"\/es\/%e9%93%91-2\/\">Pd<\/a><\/li>\n\n\n\n<li><a style=\"color: #666;\"href=\"\/es\/%E9%93%B1\/\">Ir<\/a><\/li>\n\n\n<\/ul>\n<\/li>\n\n\n\n<li>\u65b0\u80fd\u6e90\u4e0e\u5173\u952e\u91d1\u5c5e\n<ul class=\"wp-block-list\">\n\n\n<li><a style=\"color: #666;\"href=\"\/es\/%e9%94%82\/\">Li<\/a><\/li>\n\n\n\n<li><a style=\"color: #666;\"href=\"\/es\/%e9%92%b4-2\/\">Co<\/a><\/li>\n\n\n<\/ul>\n<\/li>\n\n\n\n<li>\u7279\u79cd\u5408\u91d1\u4e0e\u9ad8\u6027\u80fd\u91d1\u5c5e\n<ul class=\"wp-block-list\">\n\n<li><a style=\"color: #666;\"href=\"\/es\/%e9%92%a8\/\">W<\/a><\/li>\n\n\n\n<li><a style=\"color: #666;\"href=\"\/es\/%e9%92%bc\/\">Mo<\/a><\/li>\n\n\n\n<li><a style=\"color: #666;\"href=\"\/es\/%e9%92%bd\/\">Ta<\/a><\/li>\n\n\n\n<li><a style=\"color: #666;\"href=\"\/es\/%e9%93%8c-2\/\">Nb<\/a><\/li>\n\n\n\n<li><a style=\"color: #666;\"href=\"\/es\/%e9%92%9b\/\">Ti<\/a><\/li>\n\n\n\n<li><a style=\"color: #666;\"href=\"\/es\/%E9%94%91\/\">Sb<\/a><\/li>\n\n\n\n<li><a style=\"color: #666;\"href=\"\/es\/%E9%93%8D\/\">Be<\/a><\/li>\n\n\n\n<li><a style=\"color: #666;\"href=\"\/es\/%E9%92%92-2\/\">V<\/a><\/li>\n\n\n<\/ul>\n<\/li>\n\n\n\n<li>Metales ferrosos\n<ul class=\"wp-block-list\">\n\n<li><a style=\"color: #666;\"href=\"\/es\/%e9%93%81\/\">Fe<\/a><\/li>\n\n\n\n<li><a style=\"color: #666;\"href=\"\/es\/%e9%94%b0\/\">Mn<\/a><\/li>\n\n\n\n<li><a style=\"color: #666;\"href=\"\/es\/%e9%93%ac\/\">Cr<\/a><\/li>\n\n<\/ul>\n<\/li>\n\n\n\n<li>Otros productos comerciales\n<ul class=\"wp-block-list\">\n\n\n<li><a style=\"color: #666;\"href=\"\/es\/%e6%b0%9f\/\">F<\/a><\/li>\n\n\n<li><a style=\"color: #666;\"href=\"\/es\/%e7%a2%b3\/\">C<\/a><\/li>\n\n\n<li><a style=\"color: #666;\"href=\"\/es\/%e7%a1%85\/\">Si<\/a><\/li>\n\n<\/ul>\n<\/li>\n\n\n<\/ul>\n<\/div>\n\n<\/div>\n<\/div>\n\n<\/div>\n\n\n<div class=\"wp-block-column big-goods-list is-layout-flow wp-block-column-is-layout-flow\" style=\"flex-basis:70%;\">\n\n\n\n<p><strong>1.Mineral de plomo<\/strong><br\/>Los minerales que contienen plomo en la naturaleza, cuyo principal elemento qu\u00edmico es el plomo, suelen incluir la galena (PbS), la cerusita (PbCO\u2083) y el sulfato de plomo (PbSO\u2084). Suelen estar estrechamente asociados con la esfalrita (ZnS) y la pirita (FeS\u2082), y tambi\u00e9n se encuentran junto con diversos elementos valiosos como la plata, el cobre, el bismuto, el antimonio y el oro. Constituyen la materia prima inicial de la industria del plomo y, mediante procesos de miner\u00eda y beneficio, proporcionan la base para la posterior extracci\u00f3n y fundici\u00f3n del plomo.<\/p>\n\n\n\n<p><\/p>\n\n\n\n<p><strong>Concentrado de plomo<\/strong><br\/>El mineral de plomo, tras ser triturado, molido y enriquecido mediante beneficio (principalmente flotaci\u00f3n), produce un producto con una ley de plomo significativamente mejorada. El mineral principal es la galena, y tambi\u00e9n es rico en metales valiosos como plata, zinc y cobre. Es la materia prima fundamental para la fundici\u00f3n de plomo, producida principalmente mediante procesos pirometal\u00fargicos como la sinterizaci\u00f3n en alto horno o la fundici\u00f3n directa. Su valor de recuperaci\u00f3n integral depende en particular de la extracci\u00f3n de la plata asociada.<\/p>\n\n\n\n<p><strong>3. Aleaci\u00f3n de plomo:<\/strong><br\/>Las aleaciones de plomo son materiales de aleaci\u00f3n compuestos principalmente de plomo, con la adici\u00f3n de elementos como antimonio, esta\u00f1o, calcio y ars\u00e9nico. Algunos ejemplos son las aleaciones de plomo-antimonio y las de plomo-calcio. Se caracterizan por su alta densidad, resistencia a la corrosi\u00f3n, buena ductilidad y dureza ajustable. Se producen mediante fundici\u00f3n y formulaci\u00f3n, y se utilizan ampliamente en campos como rejillas de bater\u00edas, protecci\u00f3n radiol\u00f3gica, soldaduras y contrapesos mec\u00e1nicos. <\/p>\n\n\n\n\n<p><strong>4. Lingotes de plomo:<\/strong><br\/> Los lingotes de plomo son una forma primaria de metal que se obtiene a partir de concentrado de plomo o plomo reciclado mediante sinterizaci\u00f3n y fundici\u00f3n por reducci\u00f3n. Su pureza suele ser del 99,5 % al 99,99 %, y contienen trazas de cobre, plata, bismuto y otras impurezas. Es la principal forma comercial de fundici\u00f3n de plomo y se puede utilizar directamente en la fabricaci\u00f3n de bater\u00edas, la formulaci\u00f3n de aleaciones, la obtenci\u00f3n de materias primas qu\u00edmicas y la producci\u00f3n de materiales de protecci\u00f3n radiol\u00f3gica.<\/p>\n\n\n\n\n<p><strong>5. Plomo electrol\u00edtico:<\/strong><br\/>El plomo electrol\u00edtico es un producto de plomo de alta pureza obtenido mediante refinaci\u00f3n electrol\u00edtica a partir de plomo crudo o \u00e1nodos de plomo. Su pureza no suele ser inferior al 99,99 % y presenta una cristalizaci\u00f3n uniforme y densa. Presenta un contenido de impurezas extremadamente bajo, excelente estabilidad qu\u00edmica y capacidad de protecci\u00f3n contra la radiaci\u00f3n, y representa la forma de plomo de mayor pureza. Se utiliza principalmente en campos espec\u00edficos como la protecci\u00f3n de la industria nuclear, bater\u00edas de alta gama, reactivos ultrapuros y dispositivos electr\u00f3nicos de precisi\u00f3n. <\/p>\n\n\n\n\n<p><strong>6. Residuos de plomo:<\/strong><br\/>Los residuos de plomo se refieren a la chatarra o residuos industriales que contienen plomo, principalmente de bater\u00edas de plomo-\u00e1cido, aleaciones de plomo, tuber\u00edas de plomo y materiales de protecci\u00f3n, con un contenido variable de plomo. Como importante recurso de plomo reciclado, su reciclaje y fundici\u00f3n pueden reducir significativamente el consumo de mineral de plomo primario y la contaminaci\u00f3n ambiental, y es un componente fundamental del uso sostenible de los recursos de plomo. <\/p>\n\n\n\n<div style=\"height:100px\" aria-hidden=\"true\" class=\"wp-block-spacer\"><\/div>\n\n\n\n\n\n<\/div>\n<!-- \/wp:post-content --><\/div>\n<!-- \/wp:post-content -->","protected":false},"excerpt":{"rendered":"<p>1\u3001\u94c5\u77ff\u77f3\uff1a\u81ea\u7136\u754c\u4e2d\u542b\u94c5\u7684\u77ff\u77f3\uff0c\u4e3b\u8981\u5316\u5b66\u5143\u7d20\u4e3a\u94c5\uff0c\u5e38\u89c1\u7684\u6709\u65b9\u94c5\u77ff\uff08PbS\uff09\u3001\u767d\u94c5\u77ff\uff08PbCO\u2083\uff09\u548c\u786b [&hellip;]<\/p>\n","protected":false},"author":1,"featured_media":731,"parent":162,"menu_order":5,"comment_status":"closed","ping_status":"closed","template":"page-templates\/template-page-sidebar.php","meta":{"footnotes":""},"class_list":["post-185","page","type-page","status-publish","has-post-thumbnail","hentry"],"_links":{"self":[{"href":"https:\/\/www.olagoo.com\/es\/wp-json\/wp\/v2\/pages\/185","targetHints":{"allow":["GET"]}}],"collection":[{"href":"https:\/\/www.olagoo.com\/es\/wp-json\/wp\/v2\/pages"}],"about":[{"href":"https:\/\/www.olagoo.com\/es\/wp-json\/wp\/v2\/types\/page"}],"author":[{"embeddable":true,"href":"https:\/\/www.olagoo.com\/es\/wp-json\/wp\/v2\/users\/1"}],"replies":[{"embeddable":true,"href":"https:\/\/www.olagoo.com\/es\/wp-json\/wp\/v2\/comments?post=185"}],"version-history":[{"count":10,"href":"https:\/\/www.olagoo.com\/es\/wp-json\/wp\/v2\/pages\/185\/revisions"}],"predecessor-version":[{"id":1882,"href":"https:\/\/www.olagoo.com\/es\/wp-json\/wp\/v2\/pages\/185\/revisions\/1882"}],"up":[{"embeddable":true,"href":"https:\/\/www.olagoo.com\/es\/wp-json\/wp\/v2\/pages\/162"}],"wp:featuredmedia":[{"embeddable":true,"href":"https:\/\/www.olagoo.com\/es\/wp-json\/wp\/v2\/media\/731"}],"wp:attachment":[{"href":"https:\/\/www.olagoo.com\/es\/wp-json\/wp\/v2\/media?parent=185"}],"curies":[{"name":"wp","href":"https:\/\/api.w.org\/{rel}","templated":true}]}}