{"id":186,"date":"2025-04-11T15:52:28","date_gmt":"2025-04-11T07:52:28","guid":{"rendered":"https:\/\/www.olagoo.com\/?page_id=186"},"modified":"2026-01-14T20:31:26","modified_gmt":"2026-01-14T12:31:26","slug":"%e9%95%8d","status":"publish","type":"page","link":"https:\/\/www.olagoo.com\/es\/%e5%a4%a7%e5%ae%97%e5%95%86%e5%93%81%e8%b4%b8%e6%98%93\/%e9%95%8d","title":{"rendered":"<div class=\"info-content\"><img class=\"info-icon\" src=\"\/wp-content\/uploads\/2025\/04\/\u954d.png\"><p  class=\"info-title\">Ni<\/p><\/div>"},"content":{"rendered":"<div class=\"wp-block-columns is-layout-flex wp-container-core-columns-is-layout-9d6595d7 wp-block-columns-is-layout-flex\">\n<div class=\"wp-block-column is-layout-flow wp-block-column-is-layout-flow\" style=\"flex-basis:30%\">\n<div class=\"wp-block-columns is-layout-flex wp-container-core-columns-is-layout-9d6595d7 wp-block-columns-is-layout-flex\">\n<div class=\"wp-block-column is-layout-flow wp-block-column-is-layout-flow\" style=\"flex-basis:100%\">\n<p><\/p>\n\n\n\n<div class=\"menu-container\">\n<ul class=\"wp-block-list\">\n<li class=\"active\">\u00a0Metales b\u00e1sicos\n<ul class=\"wp-block-list\">\n<li ><a style=\"color: #666;\"href=\"\/es\/%e9%93%9c\/\">Cu<\/a><\/li>\n\n\n\n<li><a style=\"color: #666;\"href=\"\/es\/%e9%94%8c\/\">Zn<\/a><\/li>\n\n\n\n<li class=\"active\"><a style=\"color: #666;\"href=\"\/es\/%e9%95%8d\/\">Ni<\/a><\/li>\n\n\n\n<li><a style=\"color: #666;\"href=\"\/es\/%e9%94%a1\/\">Sn<\/a><\/li>\n\n\n\n<li><a style=\"color: #666;\"href=\"\/es\/%e9%93%85\/\">Pb<\/a><\/li>\n\n\n\n<li><a style=\"color: #666;\"href=\"\/es\/%e9%93%9d\/\">Al<\/a><\/li>\n\n\n<li><a style=\"color: #666;\"href=\"\/es\/%e9%87%91\/\">Au<\/a><\/li>\n\n\n<li><a style=\"color: #666;\"href=\"\/es\/%E9%93%B6\/\">Ag<\/a><\/li>\n\n<\/ul>\n<\/li>\n\n\n\n<li>Elementos de la familia del platino\n<ul class=\"wp-block-list\">\n\n\n<li><a style=\"color: #666;\"href=\"\/es\/%E9%92%AF\/\">Pd<\/a><\/li>\n\n\n\n<li><a style=\"color: #666;\"href=\"\/es\/%E9%93%82\/\">Pd<\/a><\/li>\n\n\n\n<li><a style=\"color: #666;\"href=\"\/es\/%e9%93%91-2\/\">Pd<\/a><\/li>\n\n\n\n<li><a style=\"color: #666;\"href=\"\/es\/%E9%93%B1\/\">Ir<\/a><\/li>\n\n\n<\/ul>\n<\/li>\n\n\n\n<li>\u65b0\u80fd\u6e90\u4e0e\u5173\u952e\u91d1\u5c5e\n<ul class=\"wp-block-list\">\n\n\n<li><a style=\"color: #666;\"href=\"\/es\/%e9%94%82\/\">Li<\/a><\/li>\n\n\n\n<li><a style=\"color: #666;\"href=\"\/es\/%e9%92%b4-2\/\">Co<\/a><\/li>\n\n\n<\/ul>\n<\/li>\n\n\n\n<li>\u7279\u79cd\u5408\u91d1\u4e0e\u9ad8\u6027\u80fd\u91d1\u5c5e\n<ul class=\"wp-block-list\">\n\n<li><a style=\"color: #666;\"href=\"\/es\/%e9%92%a8\/\">W<\/a><\/li>\n\n\n\n<li><a style=\"color: #666;\"href=\"\/es\/%e9%92%bc\/\">Mo<\/a><\/li>\n\n\n\n<li><a style=\"color: #666;\"href=\"\/es\/%e9%92%bd\/\">Ta<\/a><\/li>\n\n\n\n<li><a style=\"color: #666;\"href=\"\/es\/%e9%93%8c-2\/\">Nb<\/a><\/li>\n\n\n\n<li><a style=\"color: #666;\"href=\"\/es\/%e9%92%9b\/\">Ti<\/a><\/li>\n\n\n\n<li><a style=\"color: #666;\"href=\"\/es\/%E9%94%91\/\">Sb<\/a><\/li>\n\n\n\n<li><a style=\"color: #666;\"href=\"\/es\/%E9%93%8D\/\">Be<\/a><\/li>\n\n\n\n<li><a style=\"color: #666;\"href=\"\/es\/%E9%92%92-2\/\">V<\/a><\/li>\n\n\n<\/ul>\n<\/li>\n\n\n\n<li>Metales ferrosos\n<ul class=\"wp-block-list\">\n\n<li><a style=\"color: #666;\"href=\"\/es\/%e9%93%81\/\">Fe<\/a><\/li>\n\n\n\n<li><a style=\"color: #666;\"href=\"\/es\/%e9%94%b0\/\">Mn<\/a><\/li>\n\n\n\n<li><a style=\"color: #666;\"href=\"\/es\/%e9%93%ac\/\">Cr<\/a><\/li>\n\n<\/ul>\n<\/li>\n\n\n\n<li>Otros productos comerciales\n<ul class=\"wp-block-list\">\n\n\n<li><a style=\"color: #666;\"href=\"\/es\/%e6%b0%9f\/\">F<\/a><\/li>\n\n\n<li><a style=\"color: #666;\"href=\"\/es\/%e7%a2%b3\/\">C<\/a><\/li>\n\n\n<li><a style=\"color: #666;\"href=\"\/es\/%e7%a1%85\/\">Si<\/a><\/li>\n\n<\/ul>\n<\/li>\n\n\n<\/ul>\n\n\n<\/div>\n<\/div>\n<\/div>\n\n<\/div>\n\n\n<div class=\"wp-block-column big-goods-list is-layout-flow wp-block-column-is-layout-flow\" style=\"flex-basis:70%;\">\n\n\n\n\n<p><strong>1.Mineral de niquel<\/strong><br\/>Es un mineral que contiene el elemento niquel, como la pentladita y la gersdorffita, que es un recurso mineral importante para extraer el niquel. El niquel tiene buenas propiedades de resistencia a altas temperaturas), resistencia a la corrosi\u00f3n) y magnetismo. El niquel extra\u00eddo de los minerales se utiliza en gran cantidad en la producci\u00f3n de acero inoxidable para mejorar su resistencia a la corrosi\u00f3n; en el campo de las bater\u00edas, se utiliza para fabricar bater\u00edas de n\u00edquel-hidr\u00f3geno y n\u00edquel-cadmio, etc.<\/p>\n\n\n\n<p><\/p>\n\n\n\n<p><strong>2. Mineral de n\u00edquel:<\/strong><br\/>Los minerales niquel\u00edferos o arcillas meteorizadas en la naturaleza consisten principalmente en minerales later\u00edticos de n\u00edquel (que contienen \u00f3xidos\/silicatos de n\u00edquel, hierro y magnesio) y minerales de sulfuro de n\u00edquel (como la pirita), a menudo acompa\u00f1ados de elementos como cobalto, hierro y cobre. Constituyen la materia prima inicial de la industria del n\u00edquel y requieren beneficio o fundici\u00f3n directa para sentar las bases de la posterior extracci\u00f3n de n\u00edquel.<\/p>\n\n\n\n<p><\/p>\n\n\n\n<p><strong>3. Concentrado de n\u00edquel:<\/strong><br\/>El concentrado de n\u00edquel es el producto del mineral de n\u00edquel tras su trituraci\u00f3n y beneficio (como la flotaci\u00f3n), con un contenido de n\u00edquel significativamente mayor (generalmente superior al 5% al \u200b\u200b15%), que tambi\u00e9n contiene elementos como azufre, hierro y cobalto. Es la principal materia prima para la fundici\u00f3n de n\u00edquel y puede procesarse posteriormente para obtener mata de n\u00edquel, ferron\u00edquel o n\u00edquel electrol\u00edtico mediante procesos pirometal\u00fargicos o hidrometal\u00fargicos.<\/p>\n\n\n\n<p><\/p>\n\n\n\n<p><strong>4\u3001\u954d\u5408\u91d1\uff1a<\/strong><br\/>\u954d\u5408\u91d1\u662f\u4ee5\u954d\u4e3a\u57fa\u7840\uff0c\u52a0\u5165\u94ec\u3001\u94c1\u3001\u94bc\u3001\u94dc\u7b49\u5143\u7d20\u5f62\u6210\u7684\u5408\u91d1\u6750\u6599\uff0c\u5982\u56e0\u79d1\u954d\u3001\u8499\u4e43\u5c14\u7b49\u3002\u5176\u5177\u5907\u8010\u9ad8\u6e29\u3001\u8010\u8150\u8680\u53ca\u7279\u6b8a\u7535\u78c1\u6027\u80fd\uff0c\u5e76\u975e\u5929\u7136\u77ff\u77f3\uff0c\u800c\u662f\u901a\u8fc7\u7cbe\u5bc6\u7194\u70bc\u914d\u5236\u800c\u6210\uff0c\u5e7f\u6cdb\u7528\u4e8e\u822a\u7a7a\u822a\u5929\u3001\u5316\u5de5\u3001\u533b\u7597\u53ca\u80fd\u6e90\u88c5\u5907\u7b49\u9ad8\u7aef\u9886\u57df\u3002<\/p>\n\n\n\n\n<p><\/p>\n\n\n\n<p><strong>5. Lingotes de n\u00edquel:<\/strong><br\/>Los lingotes de n\u00edquel son n\u00edquel crudo o n\u00edquel met\u00e1lico convencional obtenido a partir de concentrado de n\u00edquel o materiales de n\u00edquel reciclado mediante fundici\u00f3n primaria (como hornos el\u00e9ctricos o convertidores). Su pureza suele estar entre el 97 % y el 99,5 % y contienen impurezas como cobalto, hierro y azufre. Son un producto intermedio o comercial de la fundici\u00f3n de n\u00edquel y pueden utilizarse para la fundici\u00f3n, la preparaci\u00f3n de aleaciones o su posterior refinaci\u00f3n y purificaci\u00f3n.<\/p>\n\n\n\n\n<p><\/p>\n\n\n\n<p><strong>6. Chatarra de n\u00edquel:<\/strong><br\/>La chatarra de n\u00edquel se refiere a la chatarra o residuo industrial que contiene n\u00edquel, derivado principalmente del acero inoxidable, aleaciones de n\u00edquel, bater\u00edas y residuos de galvanoplastia. Presenta diversos contenidos y formas de n\u00edquel. Como importante recurso de n\u00edquel reciclado, su reciclaje y reutilizaci\u00f3n pueden reducir significativamente el consumo de energ\u00eda y los costos en la producci\u00f3n primaria de n\u00edquel, lo que constituye un complemento crucial para el suministro sostenible de recursos de n\u00edquel.<\/p>\n\n\n\n\n\n\n<div style=\"height:100px\" aria-hidden=\"true\" class=\"wp-block-spacer\"><\/div>\n\n\n\n\n<\/div>\n<!-- \/wp:post-content --><\/div>\n<!-- \/wp:post-content -->","protected":false},"excerpt":{"rendered":"<p>1\u3001\u954d\u77ff\u77f3\uff1a\u954d\u77ff\u77f3\u662f\u81ea\u7136\u754c\u4e2d\u542b\u954d\u77ff\u7269\u7684\u96c6\u5408\u4f53\uff0c\u954d\uff08Ni\uff09\u4e3a\u6838\u5fc3\u6210\u5206\uff0c\u5e38\u89c1\u7c7b\u578b\u6709\u954d\u9ec4\u94c1\u77ff\uff08(Fe,Ni [&hellip;]<\/p>\n","protected":false},"author":1,"featured_media":731,"parent":162,"menu_order":6,"comment_status":"closed","ping_status":"closed","template":"page-templates\/template-page-sidebar.php","meta":{"footnotes":""},"class_list":["post-186","page","type-page","status-publish","has-post-thumbnail","hentry"],"_links":{"self":[{"href":"https:\/\/www.olagoo.com\/es\/wp-json\/wp\/v2\/pages\/186","targetHints":{"allow":["GET"]}}],"collection":[{"href":"https:\/\/www.olagoo.com\/es\/wp-json\/wp\/v2\/pages"}],"about":[{"href":"https:\/\/www.olagoo.com\/es\/wp-json\/wp\/v2\/types\/page"}],"author":[{"embeddable":true,"href":"https:\/\/www.olagoo.com\/es\/wp-json\/wp\/v2\/users\/1"}],"replies":[{"embeddable":true,"href":"https:\/\/www.olagoo.com\/es\/wp-json\/wp\/v2\/comments?post=186"}],"version-history":[{"count":11,"href":"https:\/\/www.olagoo.com\/es\/wp-json\/wp\/v2\/pages\/186\/revisions"}],"predecessor-version":[{"id":1884,"href":"https:\/\/www.olagoo.com\/es\/wp-json\/wp\/v2\/pages\/186\/revisions\/1884"}],"up":[{"embeddable":true,"href":"https:\/\/www.olagoo.com\/es\/wp-json\/wp\/v2\/pages\/162"}],"wp:featuredmedia":[{"embeddable":true,"href":"https:\/\/www.olagoo.com\/es\/wp-json\/wp\/v2\/media\/731"}],"wp:attachment":[{"href":"https:\/\/www.olagoo.com\/es\/wp-json\/wp\/v2\/media?parent=186"}],"curies":[{"name":"wp","href":"https:\/\/api.w.org\/{rel}","templated":true}]}}