{"id":2023,"date":"2026-01-29T17:48:07","date_gmt":"2026-01-29T09:48:07","guid":{"rendered":"https:\/\/www.olagoo.com\/?page_id=2023"},"modified":"2026-03-12T16:59:37","modified_gmt":"2026-03-12T08:59:37","slug":"%e7%9f%bf%e4%ba%a7%e8%b4%b8%e6%98%93","status":"publish","type":"page","link":"https:\/\/www.olagoo.com\/es\/%e7%9f%bf%e4%ba%a7%e8%b4%b8%e6%98%93","title":{"rendered":"Comercio de minerales"},"content":{"rendered":"<p>En el sector de recursos minerales, Olagu participa activamente en los mercados de minerales ferrosos y no ferrosos en Asia, \u00c1frica, Sudam\u00e9rica y Norteam\u00e9rica, estableciendo un sistema de comercializaci\u00f3n de recursos minerales que abarca 26 pa\u00edses. La empresa opera principalmente con los siguientes minerales:<\/p>\n\n\n\n<h5 class=\"wp-block-heading\"><strong>1. Minerales de elementos met\u00e1licos b\u00e1sicos<\/strong><\/h5>\n\n\n\n<p>Mineral de cobre (calcopirita, bornita, malaquita, etc.), concentrado de cobre, mineral de zinc (esfalerita, smithsonita, etc.), concentrado de zinc, mineral de n\u00edquel (pirita de n\u00edquel, goethita, etc.), mineral de n\u00edquel (latita, sulfuro de n\u00edquel, etc.), concentrado de n\u00edquel, mineral de esta\u00f1o (casiterita, etc.), concentrado de esta\u00f1o, mineral de plomo (galena, cerusita, sulfato de plomo, etc.), concentrado de plomo, bauxita (gibbsita, di\u00e1spora, etc.), concentrado de aluminio, mineral de oro (oro nativo, mineral de plata-oro, etc.), concentrado de oro, oro de placer, mineral de plata (plata nativa, argentita, argentita, etc.), concentrado de plata, etc.<\/p>\n\n\n\n<h5 class=\"wp-block-heading\"><strong>2. Minerales del grupo del platino<\/strong><\/h5>\n\n\n\n<p>Minerales primarios de metales del grupo del platino, minerales de sulfuro de cobre y n\u00edquel, etc.<\/p>\n\n\n\n<h5 class=\"wp-block-heading\"><strong>3. Minerales de elementos met\u00e1licos clave para nuevas energ\u00edas<\/strong><\/h5>\n\n\n\n<p>Mineral de espodumena de litio, concentrado de espodumena de litio, yeso fosforado, lepidolita, mineral de cobalto (cobaltita, mineral de cobalto, etc.), concentrado de cobalto, etc.<\/p>\n\n\n\n<p><\/p>\n\n\n\n<h5 class=\"wp-block-heading\"><strong>4. Minerales de elementos met\u00e1licos clave de aleaci\u00f3n especial<\/strong><\/h5>\n\n\n\n<p>Mineral de tungsteno (wolfonita, scheelita, etc.), concentrado de tungsteno, mineral de molibdeno (molibdenita, etc.), concentrado de molibdeno, mineral de t\u00e1ntalo (tantalita, etc.), concentrado de t\u00e1ntalo, mineral de niobio (niobita, pirocloro, etc.), concentrado de niobio, mineral de titanio (ilmenita, rutilo, etc.), concentrado de titanio, mineral de antimonio (estibnita, travertino de antimonio, travertino de antimonio amarillo, etc.), minerales de sulfuro que contienen antimonio, mineral de berilio (berilo, hidroxisilil berilio, etc.), magnetita de vanadio-titanio, carb\u00f3n que contiene vanadio, esquisto que contiene vanadio, etc.<br><\/p>\n\n\n\n<h5 class=\"wp-block-heading\"><strong>5. Minerales de elementos met\u00e1licos ferrosos<\/strong><\/h5>\n\n\n\n<p>Mineral de hierro (magnetita, hematita, limonita, siderita), concentrado de hierro, mineral de manganeso (pirolusita, pirolusita, rodocrosita, etc.), concentrado de manganeso, mineral de cromo (cromita, etc.), concentrado de cromo, etc.<\/p>\n\n\n\n<h5 class=\"wp-block-heading\"><strong>6. Otros minerales<\/strong><\/h5>\n\n\n\n<p class=\"h4.wp-block-heading {margin-top:20px;}\">Fluorita, coque, carb\u00f3n, grafito, diamante, cuarzo, arena de cuarzo, cristal, etc.<\/p>\n\n\n\n<div style=\"height:100px\" aria-hidden=\"true\" class=\"wp-block-spacer\"><\/div>\n\n\n\n<!-- <div class=\"wp-block-buttons\">\n<div class=\"wp-block-button\"><a class=\"wp-block-button__link has-secondary-background-color has-background wp-element-button\" href=\"https:\/\/www.olagoo.com\/contact\">\u8054\u7cfb\u6211\u4eec<\/a><\/div>\n<\/div>-->\n\n\n\n<div style=\"height:100px\" aria-hidden=\"true\" class=\"wp-block-spacer\"><\/div>\n\n\n\n<p><\/p>","protected":false},"excerpt":{"rendered":"<p>\u5728\u77ff\u4ea7\u8d44\u6e90\u9886\u57df\uff0c\u54e6\u5566\u8c37\u79ef\u6781\u53c2\u4e0e\u4e9a\u6d32\u3001\u975e\u6d32\u3001\u5357\u7f8e\u6d32\u3001\u5317\u7f8e\u6d32\u7684\u6709\u8272\u91d1\u5c5e\u3001\u9ed1\u8272\u91d1\u5c5e\u77ff\u4ea7\u5e02\u573a\uff0c\u5efa\u7acb\u4e86\u6d89\u53ca 2 [&hellip;]<\/p>\n","protected":false},"author":1,"featured_media":723,"parent":0,"menu_order":0,"comment_status":"closed","ping_status":"closed","template":"","meta":{"footnotes":""},"class_list":["post-2023","page","type-page","status-publish","has-post-thumbnail","hentry"],"_links":{"self":[{"href":"https:\/\/www.olagoo.com\/es\/wp-json\/wp\/v2\/pages\/2023","targetHints":{"allow":["GET"]}}],"collection":[{"href":"https:\/\/www.olagoo.com\/es\/wp-json\/wp\/v2\/pages"}],"about":[{"href":"https:\/\/www.olagoo.com\/es\/wp-json\/wp\/v2\/types\/page"}],"author":[{"embeddable":true,"href":"https:\/\/www.olagoo.com\/es\/wp-json\/wp\/v2\/users\/1"}],"replies":[{"embeddable":true,"href":"https:\/\/www.olagoo.com\/es\/wp-json\/wp\/v2\/comments?post=2023"}],"version-history":[{"count":15,"href":"https:\/\/www.olagoo.com\/es\/wp-json\/wp\/v2\/pages\/2023\/revisions"}],"predecessor-version":[{"id":2201,"href":"https:\/\/www.olagoo.com\/es\/wp-json\/wp\/v2\/pages\/2023\/revisions\/2201"}],"wp:featuredmedia":[{"embeddable":true,"href":"https:\/\/www.olagoo.com\/es\/wp-json\/wp\/v2\/media\/723"}],"wp:attachment":[{"href":"https:\/\/www.olagoo.com\/es\/wp-json\/wp\/v2\/media?parent=2023"}],"curies":[{"name":"wp","href":"https:\/\/api.w.org\/{rel}","templated":true}]}}