{"id":250,"date":"2025-04-14T10:09:46","date_gmt":"2025-04-14T02:09:46","guid":{"rendered":"https:\/\/www.olagoo.com\/?page_id=250"},"modified":"2026-01-14T20:48:56","modified_gmt":"2026-01-14T12:48:56","slug":"%e9%94%b0","status":"publish","type":"page","link":"https:\/\/www.olagoo.com\/es\/%e5%a4%a7%e5%ae%97%e5%95%86%e5%93%81%e8%b4%b8%e6%98%93\/%e9%94%b0","title":{"rendered":"<div class=\"info-content\"><img class=\"info-icon\" src=\"\/wp-content\/uploads\/2025\/04\/manganese-ore.jpg\"><p class=\"info-title\">Mn<\/p><\/div>"},"content":{"rendered":"<div class=\"wp-block-columns is-layout-flex wp-container-core-columns-is-layout-9d6595d7 wp-block-columns-is-layout-flex\">\n<div class=\"wp-block-column is-layout-flow wp-block-column-is-layout-flow\" style=\"flex-basis:30%\">\n<div class=\"wp-block-columns is-layout-flex wp-container-core-columns-is-layout-9d6595d7 wp-block-columns-is-layout-flex\">\n<div class=\"wp-block-column is-layout-flow wp-block-column-is-layout-flow\" style=\"flex-basis:100%\">\n<p><\/p>\n\n\n\n<div class=\"menu-container\">\n<ul class=\"wp-block-list\">\n<li>\u00a0Metales b\u00e1sicos\n<ul class=\"wp-block-list\">\n<li><a style=\"color: #666;\"href=\"\/es\/%e9%93%9c\/\">Cu<\/a><\/li>\n\n\n\n<li><a style=\"color: #666;\"href=\"\/es\/%e9%94%8c\/\">Zn<\/a><\/li>\n\n\n\n<li><a style=\"color: #666;\"href=\"\/es\/%e9%95%8d\/\">Ni<\/a><\/li>\n\n\n\n<li><a style=\"color: #666;\"href=\"\/es\/%e9%94%a1\/\">Sn<\/a><\/li>\n\n\n\n<li><a style=\"color: #666;\"href=\"\/es\/%e9%93%85\/\">Pb<\/a><\/li>\n\n\n\n<li><a style=\"color: #666;\"href=\"\/es\/%e9%93%9d\/\">Al<\/a><\/li>\n\n\n<li><a style=\"color: #666;\"href=\"\/es\/%e9%87%91\/\">Au<\/a><\/li>\n\n\n<li><a style=\"color: #666;\"href=\"\/es\/%E9%93%B6\/\">Ag<\/a><\/li>\n\n<\/ul>\n<\/li>\n\n\n\n<li>Elementos de la familia del platino\n<ul class=\"wp-block-list\">\n\n\n<li><a style=\"color: #666;\"href=\"\/es\/%E9%92%AF\/\">Pd<\/a><\/li>\n\n\n\n<li><a style=\"color: #666;\"href=\"\/es\/%E9%93%82\/\">Pd<\/a><\/li>\n\n\n\n<li><a style=\"color: #666;\"href=\"\/es\/%e9%93%91-2\/\">Pd<\/a><\/li>\n\n\n\n<li><a style=\"color: #666;\"href=\"\/es\/%E9%93%B1\/\">Ir<\/a><\/li>\n\n\n<\/ul>\n<\/li>\n\n\n\n<li>\u65b0\u80fd\u6e90\u4e0e\u5173\u952e\u91d1\u5c5e\n<ul class=\"wp-block-list\">\n\n\n<li><a style=\"color: #666;\"href=\"\/es\/%e9%94%82\/\">Li<\/a><\/li>\n\n\n\n<li><a style=\"color: #666;\"href=\"\/es\/%e9%92%b4-2\/\">Co<\/a><\/li>\n\n\n<\/ul>\n<\/li>\n\n\n\n<li>\u7279\u79cd\u5408\u91d1\u4e0e\u9ad8\u6027\u80fd\u91d1\u5c5e\n<ul class=\"wp-block-list\">\n\n<li><a style=\"color: #666;\"href=\"\/es\/%e9%92%a8\/\">W<\/a><\/li>\n\n\n\n<li><a style=\"color: #666;\"href=\"\/es\/%e9%92%bc\/\">Mo<\/a><\/li>\n\n\n\n<li><a style=\"color: #666;\"href=\"\/es\/%e9%92%bd\/\">Ta<\/a><\/li>\n\n\n\n<li><a style=\"color: #666;\"href=\"\/es\/%e9%93%8c-2\/\">Nb<\/a><\/li>\n\n\n\n<li><a style=\"color: #666;\"href=\"\/es\/%e9%92%9b\/\">Ti<\/a><\/li>\n\n\n\n<li><a style=\"color: #666;\"href=\"\/es\/%E9%94%91\/\">Sb<\/a><\/li>\n\n\n\n<li><a style=\"color: #666;\"href=\"\/es\/%E9%93%8D\/\">Be<\/a><\/li>\n\n\n\n<li><a style=\"color: #666;\"href=\"\/es\/%E9%92%92-2\/\">V<\/a><\/li>\n\n\n<\/ul>\n<\/li>\n\n\n\n<li class=\"active\">Metales ferrosos\n<ul class=\"wp-block-list\">\n\n<li><a style=\"color: #666;\"href=\"\/es\/%e9%93%81\/\">Fe<\/a><\/li>\n\n\n\n<li class=\"active\"><a style=\"color: #666;\"href=\"\/es\/%e9%94%b0\/\">Mn<\/a><\/li>\n\n\n\n<li><a style=\"color: #666;\"href=\"\/es\/%e9%93%ac\/\">Cr<\/a><\/li>\n\n<\/ul>\n<\/li>\n\n\n\n<li>Otros productos comerciales\n<ul class=\"wp-block-list\">\n\n\n<li><a style=\"color: #666;\"href=\"\/es\/%e6%b0%9f\/\">F<\/a><\/li>\n\n\n<li><a style=\"color: #666;\"href=\"\/es\/%e7%a2%b3\/\">C<\/a><\/li>\n\n\n<li><a style=\"color: #666;\"href=\"\/es\/%e7%a1%85\/\">Si<\/a><\/li>\n\n<\/ul>\n<\/li>\n\n\n<\/ul>\n<\/div>\n\n<\/div>\n<\/div>\n\n<\/div>\n\n\n<div class=\"wp-block-column big-goods-list is-layout-flow wp-block-column-is-layout-flow\" style=\"flex-basis:70%;\">\n\n<p><strong>1. Mineral de manganeso:<\/strong><br\/>Los minerales naturales que contienen manganeso contienen manganeso como su principal elemento qu\u00edmico. Entre los minerales comunes se encuentran la pirolusita (MnO\u2082), la pirolusita (mMnO\u00b7MnO\u2082\u00b7nH\u2082O) y la rodocrosita (MnCO\u2083). Estos minerales suelen contener elementos asociados como hierro, silicio, f\u00f3sforo, cobalto y n\u00edquel. Como materia prima inicial para la industria del manganeso, sienta las bases para la posterior producci\u00f3n de aleaciones de manganeso, manganeso met\u00e1lico electrol\u00edtico y productos qu\u00edmicos mediante procesos de miner\u00eda y beneficio. <\/p>\n\n\n\n<p><strong>2. Concentrado de manganeso:<\/strong><br\/>El mineral de manganeso, tras enriquecerse mediante procesos como trituraci\u00f3n, separaci\u00f3n gravitacional, separaci\u00f3n magn\u00e9tica o flotaci\u00f3n, produce un producto con una calidad de manganeso significativamente mejorada, a la vez que se controla el contenido de impurezas nocivas como la s\u00edlice y el f\u00f3sforo. Es una materia prima fundamental para la fundici\u00f3n de manganeso, utilizada principalmente en la producci\u00f3n de aleaciones de ferromanganeso, aleaciones de manganeso-silicio y manganeso met\u00e1lico electrol\u00edtico. Su calidad influye directamente en el rendimiento de los productos derivados y en la rentabilidad de la fundici\u00f3n. <\/p>\n\n\n\n<p><strong>3. Ferromanganeso:<\/strong><br\/>Se trata de una ferroaleaci\u00f3n compuesta producida mediante la fundici\u00f3n de mineral de manganeso, s\u00edlice y coque en un horno de arco sumergido mediante un m\u00e9todo de reducci\u00f3n carbot\u00e9rmica. Sus componentes principales son manganeso, silicio y hierro (como FeMn\u2086\u2081Si\u2081\u2082), que representan una combinaci\u00f3n t\u00edpica de manganeso y silicio. Es el desoxidante y agente de aleaci\u00f3n m\u00e1s utilizado en la industria sider\u00fargica, desempe\u00f1ando un papel crucial en la desoxidaci\u00f3n, la desulfuraci\u00f3n y el aumento del contenido de manganeso y silicio durante la fabricaci\u00f3n de acero. Es un producto fundamental que conecta las cadenas de la industria sider\u00fargica con el mineral de manganeso. <\/p>\n\n\n\n<p><strong>4. Manganeso electrol\u00edtico:<\/strong><br\/>El manganeso met\u00e1lico de alta pureza, extra\u00eddo del concentrado de manganeso o del polvo de carbonato de manganeso mediante procesos hidrometal\u00fargicos (lixiviaci\u00f3n, purificaci\u00f3n, electr\u00f3lisis), se presenta t\u00edpicamente en forma de escamas y puede alcanzar una pureza superior al 99,7 %. Es una forma de manganeso met\u00e1lico de alta pureza y se utiliza principalmente en la producci\u00f3n de acero inoxidable de la serie 200, aleaciones especiales (como las de aluminio y manganeso) y como materia prima para productos qu\u00edmicos de alto valor a\u00f1adido (como materiales magn\u00e9ticos de alto rendimiento e intermedios farmac\u00e9uticos). Su producci\u00f3n requiere un control ambiental y una gesti\u00f3n de procesos extremadamente rigurosos. <\/p>\n\n\n\n<div style=\"height:100px\" aria-hidden=\"true\" class=\"wp-block-spacer\"><\/div>\n\n\n\n\n\n<\/div>\n<!-- \/wp:post-content --><\/div>\n<!-- \/wp:post-content -->","protected":false},"excerpt":{"rendered":"<p>1\u3001\u9530\u77ff\u77f3\uff1a\u81ea\u7136\u754c\u4e2d\u542b\u9530\u7684\u77ff\u77f3\uff0c\u4e3b\u8981\u5316\u5b66\u5143\u7d20\u4e3a\u9530\u3002\u5e38\u89c1\u77ff\u7269\u5305\u62ec\u8f6f\u9530\u77ff\uff08MnO\u2082\uff09\u3001\u786c\u9530\u77ff\uff08mMnO\u00b7 [&hellip;]<\/p>\n","protected":false},"author":1,"featured_media":731,"parent":162,"menu_order":7,"comment_status":"closed","ping_status":"closed","template":"page-templates\/template-page-sidebar.php","meta":{"footnotes":""},"class_list":["post-250","page","type-page","status-publish","has-post-thumbnail","hentry"],"_links":{"self":[{"href":"https:\/\/www.olagoo.com\/es\/wp-json\/wp\/v2\/pages\/250","targetHints":{"allow":["GET"]}}],"collection":[{"href":"https:\/\/www.olagoo.com\/es\/wp-json\/wp\/v2\/pages"}],"about":[{"href":"https:\/\/www.olagoo.com\/es\/wp-json\/wp\/v2\/types\/page"}],"author":[{"embeddable":true,"href":"https:\/\/www.olagoo.com\/es\/wp-json\/wp\/v2\/users\/1"}],"replies":[{"embeddable":true,"href":"https:\/\/www.olagoo.com\/es\/wp-json\/wp\/v2\/comments?post=250"}],"version-history":[{"count":9,"href":"https:\/\/www.olagoo.com\/es\/wp-json\/wp\/v2\/pages\/250\/revisions"}],"predecessor-version":[{"id":1903,"href":"https:\/\/www.olagoo.com\/es\/wp-json\/wp\/v2\/pages\/250\/revisions\/1903"}],"up":[{"embeddable":true,"href":"https:\/\/www.olagoo.com\/es\/wp-json\/wp\/v2\/pages\/162"}],"wp:featuredmedia":[{"embeddable":true,"href":"https:\/\/www.olagoo.com\/es\/wp-json\/wp\/v2\/media\/731"}],"wp:attachment":[{"href":"https:\/\/www.olagoo.com\/es\/wp-json\/wp\/v2\/media?parent=250"}],"curies":[{"name":"wp","href":"https:\/\/api.w.org\/{rel}","templated":true}]}}