{"id":253,"date":"2025-04-14T10:09:46","date_gmt":"2025-04-14T02:09:46","guid":{"rendered":"https:\/\/www.olagoo.com\/?page_id=253"},"modified":"2026-01-14T20:30:58","modified_gmt":"2026-01-14T12:30:58","slug":"%e9%94%a1","status":"publish","type":"page","link":"https:\/\/www.olagoo.com\/es\/%e9%94%a1","title":{"rendered":"<div class=\"info-content\"><img class=\"info-icon\" src=\"\/wp-content\/uploads\/2025\/04\/\u9521.png\"><p  class=\"info-title\">Sn<\/p><\/div>"},"content":{"rendered":"<div class=\"wp-block-columns is-layout-flex wp-container-core-columns-is-layout-9d6595d7 wp-block-columns-is-layout-flex\">\n<div class=\"wp-block-column is-layout-flow wp-block-column-is-layout-flow\" style=\"flex-basis:30%\">\n<div class=\"wp-block-columns is-layout-flex wp-container-core-columns-is-layout-9d6595d7 wp-block-columns-is-layout-flex\">\n<div class=\"wp-block-column is-layout-flow wp-block-column-is-layout-flow\" style=\"flex-basis:100%\">\n<p><\/p>\n\n\n\n<div class=\"menu-container\">\n<ul class=\"wp-block-list\">\n<li class=\"active\">\u00a0Metales b\u00e1sicos\n<ul class=\"wp-block-list\">\n<li><a style=\"color: #666;\"href=\"\/es\/%e9%93%9c\/\">Cu<\/a><\/li>\n\n\n\n<li><a style=\"color: #666;\"href=\"\/es\/%e9%94%8c\/\">Zn<\/a><\/li>\n\n\n\n<li><a style=\"color: #666;\"href=\"\/es\/%e9%95%8d\/\">Ni<\/a><\/li>\n\n\n\n<li class=\"active\"><a style=\"color: #666;\"href=\"\/es\/%e9%94%a1\/\">Sn<\/a><\/li>\n\n\n\n<li><a style=\"color: #666;\"href=\"\/es\/%e9%93%85\/\">Pb<\/a><\/li>\n\n\n\n<li><a style=\"color: #666;\"href=\"\/es\/%e9%93%9d\/\">Al<\/a><\/li>\n\n\n<li><a style=\"color: #666;\"href=\"\/es\/%e9%87%91\/\">Au<\/a><\/li>\n\n\n<li><a style=\"color: #666;\"href=\"\/es\/%E9%93%B6\/\">Ag<\/a><\/li>\n\n<\/ul>\n<\/li>\n\n\n\n<li>Elementos de la familia del platino\n<ul class=\"wp-block-list\">\n\n\n<li><a style=\"color: #666;\"href=\"\/es\/%E9%92%AF\/\">Pd<\/a><\/li>\n\n\n\n<li><a style=\"color: #666;\"href=\"\/es\/%E9%93%82\/\">Pd<\/a><\/li>\n\n\n\n<li><a style=\"color: #666;\"href=\"\/es\/%e9%93%91-2\/\">Pd<\/a><\/li>\n\n\n\n<li><a style=\"color: #666;\"href=\"\/es\/%E9%93%B1\/\">Ir<\/a><\/li>\n\n\n<\/ul>\n<\/li>\n\n\n\n<li>\u65b0\u80fd\u6e90\u4e0e\u5173\u952e\u91d1\u5c5e\n<ul class=\"wp-block-list\">\n\n\n<li><a style=\"color: #666;\"href=\"\/es\/%e9%94%82\/\">Li<\/a><\/li>\n\n\n\n<li><a style=\"color: #666;\"href=\"\/es\/%e9%92%b4-2\/\">Co<\/a><\/li>\n\n\n<\/ul>\n<\/li>\n\n\n\n<li>\u7279\u79cd\u5408\u91d1\u4e0e\u9ad8\u6027\u80fd\u91d1\u5c5e\n<ul class=\"wp-block-list\">\n\n<li><a style=\"color: #666;\"href=\"\/es\/%e9%92%a8\/\">W<\/a><\/li>\n\n\n\n<li><a style=\"color: #666;\"href=\"\/es\/%e9%92%bc\/\">Mo<\/a><\/li>\n\n\n\n<li><a style=\"color: #666;\"href=\"\/es\/%e9%92%bd\/\">Ta<\/a><\/li>\n\n\n\n<li><a style=\"color: #666;\"href=\"\/es\/%e9%93%8c-2\/\">Nb<\/a><\/li>\n\n\n\n<li><a style=\"color: #666;\"href=\"\/es\/%e9%92%9b\/\">Ti<\/a><\/li>\n\n\n\n<li><a style=\"color: #666;\"href=\"\/es\/%E9%94%91\/\">Sb<\/a><\/li>\n\n\n\n<li><a style=\"color: #666;\"href=\"\/es\/%E9%93%8D\/\">Be<\/a><\/li>\n\n\n\n<li><a style=\"color: #666;\"href=\"\/es\/%E9%92%92-2\/\">V<\/a><\/li>\n\n\n<\/ul>\n<\/li>\n\n\n\n<li>Metales ferrosos\n<ul class=\"wp-block-list\">\n\n<li><a style=\"color: #666;\"href=\"\/es\/%e9%93%81\/\">Fe<\/a><\/li>\n\n\n\n<li><a style=\"color: #666;\"href=\"\/es\/%e9%94%b0\/\">Mn<\/a><\/li>\n\n\n\n<li><a style=\"color: #666;\"href=\"\/es\/%e9%93%ac\/\">Cr<\/a><\/li>\n\n<\/ul>\n<\/li>\n\n\n\n<li>Otros productos comerciales\n<ul class=\"wp-block-list\">\n\n\n<li><a style=\"color: #666;\"href=\"\/es\/%e6%b0%9f\/\">F<\/a><\/li>\n\n\n<li><a style=\"color: #666;\"href=\"\/es\/%e7%a2%b3\/\">C<\/a><\/li>\n\n\n<li><a style=\"color: #666;\"href=\"\/es\/%e7%a1%85\/\">Si<\/a><\/li>\n\n<\/ul>\n<\/li>\n\n\n<\/ul>\n\n\n<\/div>\n<\/div>\n<\/div>\n\n<\/div>\n\n\n<div class=\"wp-block-column big-goods-list is-layout-flow wp-block-column-is-layout-flow\" style=\"flex-basis:70%;\">\n\n\n\n<p><strong>1.Arena de esta\u00f1o<\/strong><br\/>Es un mineral en forma de grano que contiene el elemento esta\u00f1o, cuyo mineral principal es la cassiterita (SnO\u2082), y a menudo contiene impurezas como wolframio, bismuto y molibdeno. El esta\u00f1o tiene una temperatura de fusi\u00f3n baja y una buena soldabilidad. El esta\u00f1o extra\u00eddo de la arena de esta\u00f1o se utiliza ampliamente en la soldadura de la industria electr\u00f3nica para fabricar hilos y barras de esta\u00f1o; en la industria de empaque alimentario, se utiliza para fabricar l\u00e1minas de esta\u00f1o.<\/p>\n\n\n\n\n<p><strong>2.Concentrado de esta\u00f1o<\/strong><br\/>Es un producto enriquecido mediante el beneficio minero de la arena de esta\u00f1o, con un alto contenido de esta\u00f1o, siendo el material principal para la smelting del esta\u00f1o. El esta\u00f1o despu\u00e9s de la smelting se utiliza para producir diferentes tipos de aleaciones de esta\u00f1o, como el bronce (aleaci\u00f3n de cobre y esta\u00f1o) para fabricar esculturas art\u00edsticas y piezas mec\u00e1nicas; la aleaci\u00f3n Babbitt) (aleaci\u00f3n de cojinete a base de esta\u00f1o) para fabricar cojinetes mec\u00e1nicos.<\/p>\n\n\n\n\n<p><strong>3. Aleaci\u00f3n de esta\u00f1o:<\/strong><br\/> Las aleaciones de esta\u00f1o son materiales de aleaci\u00f3n que se obtienen a\u00f1adiendo elementos como plomo, antimonio, cobre y plata al esta\u00f1o como base. Entre los ejemplos se incluyen la soldadura, el metal anticorrosivo y el bronce esta\u00f1ado. Presentan propiedades como un bajo punto de fusi\u00f3n, buena humectabilidad, resistencia al desgaste y a la corrosi\u00f3n. Se formulan mediante fusi\u00f3n de precisi\u00f3n y se utilizan ampliamente en campos como la soldadura electr\u00f3nica, el revestimiento de cojinetes, el envasado de alimentos y la decoraci\u00f3n.<\/p>\n\n\n\n<p><strong>4. Lingotes de esta\u00f1o:<\/strong><br\/> Los lingotes de esta\u00f1o son la principal forma met\u00e1lica obtenida a partir de concentrado de esta\u00f1o o esta\u00f1o reciclado mediante fundici\u00f3n reductora. Suelen tener una pureza del 99,0 % al 99,9 % y contienen peque\u00f1as cantidades de impurezas como plomo, antimonio y bismuto. Los lingotes de esta\u00f1o son la principal forma comercial de fundici\u00f3n de esta\u00f1o y pueden utilizarse directamente en la preparaci\u00f3n de aleaciones, el esta\u00f1ado de hojalata y la fabricaci\u00f3n de productos qu\u00edmicos. Tambi\u00e9n son la materia prima para el esta\u00f1o refinado.<\/p>\n\n\n\n\n<p><strong>5. Esta\u00f1o electrol\u00edtico:<\/strong><br\/>El esta\u00f1o electrol\u00edtico es un producto de esta\u00f1o de alta pureza obtenido mediante refinaci\u00f3n electrol\u00edtica a partir de esta\u00f1o crudo o \u00e1nodos de esta\u00f1o. Su pureza no suele ser inferior al 99,95 % y presenta una superficie lisa y densa. Presenta un contenido de impurezas extremadamente bajo, excelente ductilidad y estabilidad qu\u00edmica, y representa la forma refinada de esta\u00f1o de alta gama. Se utiliza principalmente en soldaduras electr\u00f3nicas de alta gama, materiales superconductores, recubrimientos fotovoltaicos y productos qu\u00edmicos de precisi\u00f3n. <\/p>\n\n\n\n<p><strong>6. Chatarra de hojalata:<\/strong><br\/>La chatarra de esta\u00f1o se refiere a metales de desecho o residuos industriales que contienen esta\u00f1o, principalmente derivados de hojalata, soldadura, aleaciones de esta\u00f1o y residuos de galvanoplastia, con diversos contenidos y formas de esta\u00f1o. Es un importante recurso de esta\u00f1o reciclado; mediante el reciclaje y la fundici\u00f3n, puede reutilizarse para producir lingotes o aleaciones de esta\u00f1o, lo que ayuda a reducir la dependencia de la miner\u00eda primaria de esta\u00f1o y representa un eslab\u00f3n clave en la econom\u00eda circular de la industria del esta\u00f1o. <\/p>\n\n\n\n<div style=\"height:100px\" aria-hidden=\"true\" class=\"wp-block-spacer\"><\/div>\n\n\n\n\n\n<\/div>\n<!-- \/wp:post-content --><\/div>\n<!-- \/wp:post-content -->","protected":false},"excerpt":{"rendered":"<p>1\u3001\u9521\u77ff\u6c99\uff1a\u9521\u77ff\u6c99\u4e3b\u8981\u77ff\u7269\u4e3a\u9521\u77f3\uff08SnO\u2082\uff09\uff0c\u5e38\u4e3a\u68d5\u9ed1\u8272\u6216\u9ed1\u8910\u8272\uff0c\u5448\u7802\u7c92\u72b6\u3002\u8fd9\u7c7b\u77ff\u6c99\u5bc6\u5ea6\u8f83\u5927\uff0c\u5e38\u4f34\u751f [&hellip;]<\/p>\n","protected":false},"author":1,"featured_media":731,"parent":0,"menu_order":0,"comment_status":"closed","ping_status":"closed","template":"","meta":{"footnotes":""},"class_list":["post-253","page","type-page","status-publish","has-post-thumbnail","hentry"],"_links":{"self":[{"href":"https:\/\/www.olagoo.com\/es\/wp-json\/wp\/v2\/pages\/253","targetHints":{"allow":["GET"]}}],"collection":[{"href":"https:\/\/www.olagoo.com\/es\/wp-json\/wp\/v2\/pages"}],"about":[{"href":"https:\/\/www.olagoo.com\/es\/wp-json\/wp\/v2\/types\/page"}],"author":[{"embeddable":true,"href":"https:\/\/www.olagoo.com\/es\/wp-json\/wp\/v2\/users\/1"}],"replies":[{"embeddable":true,"href":"https:\/\/www.olagoo.com\/es\/wp-json\/wp\/v2\/comments?post=253"}],"version-history":[{"count":10,"href":"https:\/\/www.olagoo.com\/es\/wp-json\/wp\/v2\/pages\/253\/revisions"}],"predecessor-version":[{"id":1883,"href":"https:\/\/www.olagoo.com\/es\/wp-json\/wp\/v2\/pages\/253\/revisions\/1883"}],"wp:featuredmedia":[{"embeddable":true,"href":"https:\/\/www.olagoo.com\/es\/wp-json\/wp\/v2\/media\/731"}],"wp:attachment":[{"href":"https:\/\/www.olagoo.com\/es\/wp-json\/wp\/v2\/media?parent=253"}],"curies":[{"name":"wp","href":"https:\/\/api.w.org\/{rel}","templated":true}]}}