{"id":254,"date":"2025-04-14T10:09:46","date_gmt":"2025-04-14T02:09:46","guid":{"rendered":"https:\/\/www.olagoo.com\/?page_id=254"},"modified":"2026-01-14T20:40:59","modified_gmt":"2026-01-14T12:40:59","slug":"%e9%92%a8","status":"publish","type":"page","link":"https:\/\/www.olagoo.com\/es\/%e9%92%a8","title":{"rendered":"<div class=\"info-content\"><img class=\"info-icon\" src=\"\/wp-content\/uploads\/2025\/04\/\u94a8.png\"><p class=\"info-title\">W<\/p><\/div>"},"content":{"rendered":"<div class=\"wp-block-columns is-layout-flex wp-container-core-columns-is-layout-9d6595d7 wp-block-columns-is-layout-flex\">\n<div class=\"wp-block-column is-layout-flow wp-block-column-is-layout-flow\" style=\"flex-basis:30%\">\n<div class=\"wp-block-columns is-layout-flex wp-container-core-columns-is-layout-9d6595d7 wp-block-columns-is-layout-flex\">\n<div class=\"wp-block-column is-layout-flow wp-block-column-is-layout-flow\" style=\"flex-basis:100%\">\n<p><\/p>\n\n\n\n<div class=\"menu-container\">\n<ul class=\"wp-block-list\">\n<li>\u00a0Metales b\u00e1sicos\n<ul class=\"wp-block-list\">\n<li><a style=\"color: #666;\"href=\"\/es\/%e9%93%9c\/\">Cu<\/a><\/li>\n\n\n\n<li><a style=\"color: #666;\"href=\"\/es\/%e9%94%8c\/\">Zn<\/a><\/li>\n\n\n\n<li><a style=\"color: #666;\"href=\"\/es\/%e9%95%8d\/\">Ni<\/a><\/li>\n\n\n\n<li><a style=\"color: #666;\"href=\"\/es\/%e9%94%a1\/\">Sn<\/a><\/li>\n\n\n\n<li><a style=\"color: #666;\"href=\"\/es\/%e9%93%85\/\">Pb<\/a><\/li>\n\n\n\n<li><a style=\"color: #666;\"href=\"\/es\/%e9%93%9d\/\">Al<\/a><\/li>\n\n\n<li><a style=\"color: #666;\"href=\"\/es\/%e9%87%91\/\">Au<\/a><\/li>\n\n\n<li><a style=\"color: #666;\"href=\"\/es\/%E9%93%B6\/\">Ag<\/a><\/li>\n\n<\/ul>\n<\/li>\n\n\n\n<li>Elementos de la familia del platino\n<ul class=\"wp-block-list\">\n\n\n<li><a style=\"color: #666;\"href=\"\/es\/%E9%92%AF\/\">Pd<\/a><\/li>\n\n\n\n<li><a style=\"color: #666;\"href=\"\/es\/%E9%93%82\/\">Pd<\/a><\/li>\n\n\n\n<li><a style=\"color: #666;\"href=\"\/es\/%e9%93%91-2\/\">Pd<\/a><\/li>\n\n\n\n<li><a style=\"color: #666;\"href=\"\/es\/%E9%93%B1\/\">Ir<\/a><\/li>\n\n\n<\/ul>\n<\/li>\n\n\n\n<li>\u65b0\u80fd\u6e90\u4e0e\u5173\u952e\u91d1\u5c5e\n<ul class=\"wp-block-list\">\n\n\n<li><a style=\"color: #666;\"href=\"\/es\/%e9%94%82\/\">Li<\/a><\/li>\n\n\n\n<li><a style=\"color: #666;\"href=\"\/es\/%e9%92%b4-2\/\">Co<\/a><\/li>\n\n\n<\/ul>\n<\/li>\n\n\n\n<li class=\"active\">\u7279\u79cd\u5408\u91d1\u4e0e\u9ad8\u6027\u80fd\u91d1\u5c5e\n<ul class=\"wp-block-list\">\n\n<li class=\"active\"><a style=\"color: #666;\"href=\"\/es\/%e9%92%a8\/\">W<\/a><\/li>\n\n\n\n<li><a style=\"color: #666;\"href=\"\/es\/%e9%92%bc\/\">Mo<\/a><\/li>\n\n\n\n<li><a style=\"color: #666;\"href=\"\/es\/%e9%92%bd\/\">Ta<\/a><\/li>\n\n\n\n<li><a style=\"color: #666;\"href=\"\/es\/%e9%93%8c-2\/\">Nb<\/a><\/li>\n\n\n\n<li><a style=\"color: #666;\"href=\"\/es\/%e9%92%9b\/\">Ti<\/a><\/li>\n\n\n\n<li><a style=\"color: #666;\"href=\"\/es\/%E9%94%91\/\">Sb<\/a><\/li>\n\n\n\n<li><a style=\"color: #666;\"href=\"\/es\/%E9%93%8D\/\">Be<\/a><\/li>\n\n\n\n<li><a style=\"color: #666;\"href=\"\/es\/%E9%92%92-2\/\">V<\/a><\/li>\n\n\n<\/ul>\n<\/li>\n\n\n\n<li>Metales ferrosos\n<ul class=\"wp-block-list\">\n\n<li><a style=\"color: #666;\"href=\"\/es\/%e9%93%81\/\">Fe<\/a><\/li>\n\n\n\n<li><a style=\"color: #666;\"href=\"\/es\/%e9%94%b0\/\">Mn<\/a><\/li>\n\n\n\n<li><a style=\"color: #666;\"href=\"\/es\/%e9%93%ac\/\">Cr<\/a><\/li>\n\n<\/ul>\n<\/li>\n\n\n\n<li>Otros productos comerciales\n<ul class=\"wp-block-list\">\n\n\n<li><a style=\"color: #666;\"href=\"\/es\/%e6%b0%9f\/\">F<\/a><\/li>\n\n\n<li><a style=\"color: #666;\"href=\"\/es\/%e7%a2%b3\/\">C<\/a><\/li>\n\n\n<li><a style=\"color: #666;\"href=\"\/es\/%e7%a1%85\/\">Si<\/a><\/li>\n\n<\/ul>\n<\/li>\n\n\n<\/ul>\n<\/div>\n<\/div>\n<\/div>\n\n<\/div>\n\n\n<div class=\"wp-block-column big-goods-list is-layout-flow wp-block-column-is-layout-flow\" style=\"flex-basis:70%;\">\n\n<p><strong>1. Mineral de tungsteno:<\/strong><br\/> Los minerales que contienen tungsteno en la naturaleza contienen tungsteno como su principal elemento qu\u00edmico. Ejemplos comunes son la wolframita ((Fe,Mn)WO\u2084) y la scheelita (CaWO\u2084), a menudo acompa\u00f1adas de molibdeno, esta\u00f1o, bismuto, cobre, plomo, zinc y otros elementos. Sirve como materia prima inicial para la industria del tungsteno, sentando las bases para su posterior extracci\u00f3n y fundici\u00f3n mediante procesos de miner\u00eda y beneficio.<\/p>\n\n\n\n<p><strong>2. Concentrado de tungsteno:<\/strong><br\/>El mineral de tungsteno se enriquece mediante procesos de beneficio como trituraci\u00f3n, separaci\u00f3n por gravedad, flotaci\u00f3n y separaci\u00f3n magn\u00e9tica. El componente principal del producto es el \u00f3xido de tungsteno (WO\u2083). Es una materia prima clave para la fundici\u00f3n de tungsteno y puede utilizarse directamente para producir ferrotungsteno, paratungstato de amonio (APT) u \u00f3xido de tungsteno. <\/p>\n\n\n\n<p><strong>3. Ferrotungsteno:<\/strong><br\/> La aleaci\u00f3n de ferrotungsteno, obtenida mediante la fundici\u00f3n de concentrado de tungsteno en un horno el\u00e9ctrico mediante reducci\u00f3n carbot\u00e9rmica o silicot\u00e9rmica, suele contener entre un 70 % y un 85 % de tungsteno, adem\u00e1s de hierro y peque\u00f1as cantidades de impurezas. Es un importante producto intermedio de aleaci\u00f3n de tungsteno y se utiliza directamente como aditivo de aleaci\u00f3n en la fabricaci\u00f3n de acero para mejorar la dureza, la resistencia al desgaste y el rendimiento a altas temperaturas del acero.<\/p>\n\n\n\n<p><strong>4. Polvo de tungsteno:<\/strong><br\/> El polvo de tungsteno se produce mediante la reducci\u00f3n con hidr\u00f3geno de paratungstato de amonio (APT) de alta pureza u \u00f3xido de tungsteno. Su pureza suele ser superior al 99,9 % y el tama\u00f1o de part\u00edcula se puede controlar desde micr\u00f3metros hasta nan\u00f3metros. Es la materia prima b\u00e1sica para todo el procesamiento del tungsteno y se utiliza para producir carburo cementado, aleaciones de alta densidad, materiales de tungsteno y productos de tungsteno.<\/p>\n\n\n\n<p><strong>5. Barras de tungsteno:<\/strong><br\/> El polvo de tungsteno se prensa y sinteriza a altas temperaturas (o se funde) para producir tiras o varillas de tochos met\u00e1licos de tungsteno. Estos tochos presentan una alta densidad y una estructura de grano compacta. Esta es la principal forma de procesamiento del tungsteno, que posteriormente debe procesarse para obtener alambres, varillas, l\u00e1minas y otros materiales de tungsteno mediante forjado, laminado, trefilado y otros procesos. Estos materiales se utilizan ampliamente en fuentes de luz el\u00e9ctrica, electr\u00f3nica, aplicaciones militares y componentes de alta temperatura.<\/p>\n\n\n\n<p><strong>6. Residuos de tungsteno:<\/strong><br\/> Los residuos de carburo cementado, materiales de tungsteno y residuos de procesamiento que contienen tungsteno provienen principalmente de herramientas de corte, piezas resistentes al desgaste, productos militares y desechos de la industria electr\u00f3nica. Se trata de un importante recurso renovable de tungsteno, que puede reutilizarse en la producci\u00f3n de polvo de tungsteno o carburo cementado mediante procesos de reciclaje y regeneraci\u00f3n. Esto es fundamental para garantizar la seguridad estrat\u00e9gica de los recursos de tungsteno y reducir los costos de producci\u00f3n.<\/p>\n\n\n\n\n\n<\/div>\n<!-- \/wp:post-content --><\/div>\n<!-- \/wp:post-content -->","protected":false},"excerpt":{"rendered":"<p>1\u3001\u94a8\u77ff\u77f3\uff1a \u81ea\u7136\u754c\u4e2d\u542b\u94a8\u7684\u77ff\u77f3\uff0c\u4e3b\u8981\u5316\u5b66\u5143\u7d20\u4e3a\u94a8\uff0c\u5e38\u89c1\u7684\u6709\u9ed1\u94a8\u77ff\uff08(Fe,Mn)WO\u2084\uff09\u548c\u767d\u94a8\u77ff\uff08 [&hellip;]<\/p>\n","protected":false},"author":1,"featured_media":731,"parent":0,"menu_order":0,"comment_status":"closed","ping_status":"closed","template":"","meta":{"footnotes":""},"class_list":["post-254","page","type-page","status-publish","has-post-thumbnail","hentry"],"_links":{"self":[{"href":"https:\/\/www.olagoo.com\/es\/wp-json\/wp\/v2\/pages\/254","targetHints":{"allow":["GET"]}}],"collection":[{"href":"https:\/\/www.olagoo.com\/es\/wp-json\/wp\/v2\/pages"}],"about":[{"href":"https:\/\/www.olagoo.com\/es\/wp-json\/wp\/v2\/types\/page"}],"author":[{"embeddable":true,"href":"https:\/\/www.olagoo.com\/es\/wp-json\/wp\/v2\/users\/1"}],"replies":[{"embeddable":true,"href":"https:\/\/www.olagoo.com\/es\/wp-json\/wp\/v2\/comments?post=254"}],"version-history":[{"count":9,"href":"https:\/\/www.olagoo.com\/es\/wp-json\/wp\/v2\/pages\/254\/revisions"}],"predecessor-version":[{"id":1894,"href":"https:\/\/www.olagoo.com\/es\/wp-json\/wp\/v2\/pages\/254\/revisions\/1894"}],"wp:featuredmedia":[{"embeddable":true,"href":"https:\/\/www.olagoo.com\/es\/wp-json\/wp\/v2\/media\/731"}],"wp:attachment":[{"href":"https:\/\/www.olagoo.com\/es\/wp-json\/wp\/v2\/media?parent=254"}],"curies":[{"name":"wp","href":"https:\/\/api.w.org\/{rel}","templated":true}]}}