{"id":257,"date":"2025-04-14T10:09:46","date_gmt":"2025-04-14T02:09:46","guid":{"rendered":"https:\/\/www.olagoo.com\/?page_id=257"},"modified":"2026-01-14T20:39:15","modified_gmt":"2026-01-14T12:39:15","slug":"%e9%94%82","status":"publish","type":"page","link":"https:\/\/www.olagoo.com\/es\/%e9%94%82","title":{"rendered":"<div class=\"info-content\"><img class=\"info-icon\" src=\"\/wp-content\/uploads\/2025\/04\/\u9502-1.jpg\"><p class=\"info-title\">Li<\/p><\/div>"},"content":{"rendered":"<div class=\"wp-block-columns is-layout-flex wp-container-core-columns-is-layout-9d6595d7 wp-block-columns-is-layout-flex\">\n<div class=\"wp-block-column is-layout-flow wp-block-column-is-layout-flow\" style=\"flex-basis:30%\">\n<div class=\"wp-block-columns is-layout-flex wp-container-core-columns-is-layout-9d6595d7 wp-block-columns-is-layout-flex\">\n<div class=\"wp-block-column is-layout-flow wp-block-column-is-layout-flow\" style=\"flex-basis:100%\">\n<p><\/p>\n\n\n\n<div class=\"menu-container\">\n<ul class=\"wp-block-list\">\n<li>\u00a0Metales b\u00e1sicos\n<ul class=\"wp-block-list\">\n<li><a style=\"color: #666;\"href=\"\/es\/%e9%93%9c\/\">Cu<\/a><\/li>\n\n\n\n<li><a style=\"color: #666;\"href=\"\/es\/%e9%94%8c\/\">Zn<\/a><\/li>\n\n\n\n<li><a style=\"color: #666;\"href=\"\/es\/%e9%95%8d\/\">Ni<\/a><\/li>\n\n\n\n<li><a style=\"color: #666;\"href=\"\/es\/%e9%94%a1\/\">Sn<\/a><\/li>\n\n\n\n<li><a style=\"color: #666;\"href=\"\/es\/%e9%93%85\/\">Pb<\/a><\/li>\n\n\n\n<li><a style=\"color: #666;\"href=\"\/es\/%e9%93%9d\/\">Al<\/a><\/li>\n\n\n<li><a style=\"color: #666;\"href=\"\/es\/%e9%87%91\/\">Au<\/a><\/li>\n\n\n<li><a style=\"color: #666;\"href=\"\/es\/%E9%93%B6\/\">Ag<\/a><\/li>\n\n<\/ul>\n<\/li>\n\n\n\n<li>Elementos de la familia del platino\n<ul class=\"wp-block-list\">\n\n\n<li><a style=\"color: #666;\"href=\"\/es\/%E9%92%AF\/\">Pd<\/a><\/li>\n\n\n\n<li><a style=\"color: #666;\"href=\"\/es\/%E9%93%82\/\">Pd<\/a><\/li>\n\n\n\n<li><a style=\"color: #666;\"href=\"\/es\/%e9%93%91-2\/\">Pd<\/a><\/li>\n\n\n\n<li><a style=\"color: #666;\"href=\"\/es\/%E9%93%B1\/\">Ir<\/a><\/li>\n\n\n<\/ul>\n<\/li>\n\n\n\n<li class=\"active\">\u65b0\u80fd\u6e90\u4e0e\u5173\u952e\u91d1\u5c5e\n<ul class=\"wp-block-list\">\n\n\n<li class=\"active\"><a style=\"color: #666;\"href=\"\/es\/%e9%94%82\/\">Li<\/a><\/li>\n\n\n\n<li><a style=\"color: #666;\"href=\"\/es\/%e9%92%b4-2\/\">Co<\/a><\/li>\n\n\n<\/ul>\n<\/li>\n\n\n\n<li>\u7279\u79cd\u5408\u91d1\u4e0e\u9ad8\u6027\u80fd\u91d1\u5c5e\n<ul class=\"wp-block-list\">\n\n<li><a style=\"color: #666;\"href=\"\/es\/%e9%92%a8\/\">W<\/a><\/li>\n\n\n\n<li><a style=\"color: #666;\"href=\"\/es\/%e9%92%bc\/\">Mo<\/a><\/li>\n\n\n\n<li><a style=\"color: #666;\"href=\"\/es\/%e9%92%bd\/\">Ta<\/a><\/li>\n\n\n\n<li><a style=\"color: #666;\"href=\"\/es\/%e9%93%8c-2\/\">Nb<\/a><\/li>\n\n\n\n<li><a style=\"color: #666;\"href=\"\/es\/%e9%92%9b\/\">Ti<\/a><\/li>\n\n\n\n<li><a style=\"color: #666;\"href=\"\/es\/%E9%94%91\/\">Sb<\/a><\/li>\n\n\n\n<li><a style=\"color: #666;\"href=\"\/es\/%E9%93%8D\/\">Be<\/a><\/li>\n\n\n\n<li><a style=\"color: #666;\"href=\"\/es\/%E9%92%92-2\/\">V<\/a><\/li>\n\n\n<\/ul>\n<\/li>\n\n\n\n<li>Metales ferrosos\n<ul class=\"wp-block-list\">\n\n<li><a style=\"color: #666;\"href=\"\/es\/%e9%93%81\/\">Fe<\/a><\/li>\n\n\n\n<li><a style=\"color: #666;\"href=\"\/es\/%e9%94%b0\/\">Mn<\/a><\/li>\n\n\n\n<li><a style=\"color: #666;\"href=\"\/es\/%e9%93%ac\/\">Cr<\/a><\/li>\n\n<\/ul>\n<\/li>\n\n\n\n<li>Otros productos comerciales\n<ul class=\"wp-block-list\">\n\n\n<li><a style=\"color: #666;\"href=\"\/es\/%e6%b0%9f\/\">F<\/a><\/li>\n\n\n<li><a style=\"color: #666;\"href=\"\/es\/%e7%a2%b3\/\">C<\/a><\/li>\n\n\n<li><a style=\"color: #666;\"href=\"\/es\/%e7%a1%85\/\">Si<\/a><\/li>\n\n<\/ul>\n<\/li>\n\n\n<\/ul>\n<\/div>\n<\/div>\n<\/div>\n\n<\/div>\n\n\n<div class=\"wp-block-column big-goods-list is-layout-flow wp-block-column-is-layout-flow\" style=\"flex-basis:70%;\">\n\n\n\n<p><strong>1.Espodumeno<\/strong><br\/>La espodumena, con la f\u00f3rmula qu\u00edmica LiAl(SiO\u2083)\u2082, se encuentra com\u00fanmente en las pegmatitas de granito. Suele cristalizar en forma de columna y presenta una variedad de colores, como el blanco gris\u00e1ceo, el verde esmeralda y el azul viol\u00e1ceo. Como materia prima mineral esencial para la extracci\u00f3n de litio, desempe\u00f1a un papel clave en el desarrollo de industrias como las de las bater\u00edas de litio, la cer\u00e1mica y el vidrio.<\/p>\n\n\n\n\n<p><strong>2.Esperanza de litio<\/strong><br\/>Es el mineral de alta pureza obtenido despu\u00e9s de la proceso de beneficio minero del espodumeno, con un contenido elevado de litio. Es el material principal para producir compuestos de litio como carbonato de litio e hidr\u00f3xido de litio. Estos compuestos se procesan adicionalmente para su uso en la industria de cer\u00e1mica y vidrio, mejorando las propiedades de los productos; tambi\u00e9n son materiales clave para preparar los electrodos positivo y negativo de las bater\u00edas de litio.<\/p>\n\n\n\n<p><strong>3.Amblygonita<\/strong><br\/>Es un mineral que contiene litio, aluminio y f\u00f3sforo, con una composici\u00f3n qu\u00edmica de LiAl(PO\u2084)(F,OH). Es un tipo de recurso minero de litio y se puede utilizar para extraer litio y otros elementos \u00fatiles. El litio extra\u00eddo se utiliza en la industria de las bater\u00edas, impulsando el desarrollo de la energ\u00eda renovable; los elementos como aluminio y f\u00f3sforo pueden ser utilizados en la industria qu\u00edmica y de materiales de construcci\u00f3n.<\/p>\n\n\n\n<p><strong>4. Carbonato de litio:<\/strong><br\/> Las sales de litio, con la f\u00f3rmula qu\u00edmica Li\u2082CO\u2083, se extraen de recursos que contienen litio, como la espodumena, la lepidolita y la salmuera de lagos salados, mediante procesos qu\u00edmicos (p. ej., sinterizaci\u00f3n, acidificaci\u00f3n y cristalizaci\u00f3n por evaporaci\u00f3n). Suelen ser polvos blancos. Seg\u00fan su pureza, se clasifican en grado industrial (99,0 %-99,5 %) y grado bater\u00eda (superior al 99,5 %). Las sales de litio son compuestos esenciales en la cadena de la industria del litio y se utilizan directamente en la preparaci\u00f3n de materiales para c\u00e1todos de bater\u00edas de litio, aditivos electrol\u00edticos de aluminio, vitrocer\u00e1micas especiales y materias primas para litio met\u00e1lico.<\/p>\n\n\n\n<p><strong>5. Residuos de litio:<\/strong><br\/> Las bater\u00edas, los materiales de electrodos, las aleaciones y los desechos industriales que contienen litio provienen principalmente de bater\u00edas de energ\u00eda desechadas, bater\u00edas de dispositivos electr\u00f3nicos de consumo, piezas de aleaciones que contienen litio y materiales de desecho generados durante la producci\u00f3n. Se trata de un importante recurso renovable de litio y, mediante la clasificaci\u00f3n f\u00edsica, la hidrometalurgia y otros procesos de reciclaje, puede reprocesarse en sales o materiales de litio. Esto es crucial para garantizar la seguridad estrat\u00e9gica de los recursos de litio, reducir la contaminaci\u00f3n ambiental y disminuir la dependencia de los recursos minerales primarios.<\/p>\n\n\n\n\n\n<\/div>\n<!-- \/wp:post-content --><\/div>\n<!-- \/wp:post-content -->","protected":false},"excerpt":{"rendered":"<p>1\u3001\u9502\u8f89\u77ff\u77f3\uff1a\u9502\u8f89\u77f3\u5316\u5b66\u5f0f\u4e3a LiAl (SiO\u2083)\u2082\uff0c\u5e38\u5b58\u5728\u4e8e\u82b1\u5c97\u4f1f\u6676\u5ca9\u4e2d\u3002\u6676\u4f53\u5f62\u6001\u5e38\u4e3a\u67f1\u72b6\uff0c\u989c\u8272 [&hellip;]<\/p>\n","protected":false},"author":1,"featured_media":731,"parent":0,"menu_order":0,"comment_status":"closed","ping_status":"closed","template":"","meta":{"footnotes":""},"class_list":["post-257","page","type-page","status-publish","has-post-thumbnail","hentry"],"_links":{"self":[{"href":"https:\/\/www.olagoo.com\/es\/wp-json\/wp\/v2\/pages\/257","targetHints":{"allow":["GET"]}}],"collection":[{"href":"https:\/\/www.olagoo.com\/es\/wp-json\/wp\/v2\/pages"}],"about":[{"href":"https:\/\/www.olagoo.com\/es\/wp-json\/wp\/v2\/types\/page"}],"author":[{"embeddable":true,"href":"https:\/\/www.olagoo.com\/es\/wp-json\/wp\/v2\/users\/1"}],"replies":[{"embeddable":true,"href":"https:\/\/www.olagoo.com\/es\/wp-json\/wp\/v2\/comments?post=257"}],"version-history":[{"count":10,"href":"https:\/\/www.olagoo.com\/es\/wp-json\/wp\/v2\/pages\/257\/revisions"}],"predecessor-version":[{"id":1892,"href":"https:\/\/www.olagoo.com\/es\/wp-json\/wp\/v2\/pages\/257\/revisions\/1892"}],"wp:featuredmedia":[{"embeddable":true,"href":"https:\/\/www.olagoo.com\/es\/wp-json\/wp\/v2\/media\/731"}],"wp:attachment":[{"href":"https:\/\/www.olagoo.com\/es\/wp-json\/wp\/v2\/media?parent=257"}],"curies":[{"name":"wp","href":"https:\/\/api.w.org\/{rel}","templated":true}]}}