{"id":371,"date":"2025-04-15T17:05:25","date_gmt":"2025-04-15T09:05:25","guid":{"rendered":"https:\/\/www.olagoo.com\/?page_id=371"},"modified":"2026-01-14T20:43:16","modified_gmt":"2026-01-14T12:43:16","slug":"%e9%93%8c-2","status":"publish","type":"page","link":"https:\/\/www.olagoo.com\/es\/%e9%93%8c-2","title":{"rendered":"<div class=\"info-content\"><img class=\"info-icon\" src=\"\/wp-content\/uploads\/2025\/04\/\u94cc.png\"><p class=\"info-title\">Nb<\/p><\/div>"},"content":{"rendered":"<div class=\"wp-block-columns is-layout-flex wp-container-core-columns-is-layout-9d6595d7 wp-block-columns-is-layout-flex\">\n<div class=\"wp-block-column is-layout-flow wp-block-column-is-layout-flow\" style=\"flex-basis:30%\">\n<div class=\"wp-block-columns is-layout-flex wp-container-core-columns-is-layout-9d6595d7 wp-block-columns-is-layout-flex\">\n<div class=\"wp-block-column is-layout-flow wp-block-column-is-layout-flow\" style=\"flex-basis:100%\">\n<p><\/p>\n\n\n\n<div class=\"menu-container\">\n<ul class=\"wp-block-list\">\n<li>\u00a0Metales b\u00e1sicos\n<ul class=\"wp-block-list\">\n<li><a style=\"color: #666;\"href=\"\/es\/%e9%93%9c\/\">Cu<\/a><\/li>\n\n\n\n<li><a style=\"color: #666;\"href=\"\/es\/%e9%94%8c\/\">Zn<\/a><\/li>\n\n\n\n<li><a style=\"color: #666;\"href=\"\/es\/%e9%95%8d\/\">Ni<\/a><\/li>\n\n\n\n<li><a style=\"color: #666;\"href=\"\/es\/%e9%94%a1\/\">Sn<\/a><\/li>\n\n\n\n<li><a style=\"color: #666;\"href=\"\/es\/%e9%93%85\/\">Pb<\/a><\/li>\n\n\n\n<li><a style=\"color: #666;\"href=\"\/es\/%e9%93%9d\/\">Al<\/a><\/li>\n\n\n<li><a style=\"color: #666;\"href=\"\/es\/%e9%87%91\/\">Au<\/a><\/li>\n\n\n<li><a style=\"color: #666;\"href=\"\/es\/%E9%93%B6\/\">Ag<\/a><\/li>\n\n<\/ul>\n<\/li>\n\n\n\n<li>Elementos de la familia del platino\n<ul class=\"wp-block-list\">\n\n\n<li><a style=\"color: #666;\"href=\"\/es\/%E9%92%AF\/\">Pd<\/a><\/li>\n\n\n\n<li><a style=\"color: #666;\"href=\"\/es\/%E9%93%82\/\">Pd<\/a><\/li>\n\n\n\n<li><a style=\"color: #666;\"href=\"\/es\/%e9%93%91-2\/\">Pd<\/a><\/li>\n\n\n\n<li><a style=\"color: #666;\"href=\"\/es\/%E9%93%B1\/\">Ir<\/a><\/li>\n\n\n<\/ul>\n<\/li>\n\n\n\n<li>\u65b0\u80fd\u6e90\u4e0e\u5173\u952e\u91d1\u5c5e\n<ul class=\"wp-block-list\">\n\n\n<li><a style=\"color: #666;\"href=\"\/es\/%e9%94%82\/\">Li<\/a><\/li>\n\n\n\n<li><a style=\"color: #666;\"href=\"\/es\/%e9%92%b4-2\/\">Co<\/a><\/li>\n\n\n<\/ul>\n<\/li>\n\n\n\n<li class=\"active\">\u7279\u79cd\u5408\u91d1\u4e0e\u9ad8\u6027\u80fd\u91d1\u5c5e\n<ul class=\"wp-block-list\">\n\n<li><a style=\"color: #666;\"href=\"\/es\/%e9%92%a8\/\">W<\/a><\/li>\n\n\n\n<li><a style=\"color: #666;\"href=\"\/es\/%e9%92%bc\/\">Mo<\/a><\/li>\n\n\n\n<li><a style=\"color: #666;\"href=\"\/es\/%e9%92%bd\/\">Ta<\/a><\/li>\n\n\n\n<li class=\"active\"><a style=\"color: #666;\"href=\"\/es\/%e9%93%8c-2\/\">Nb<\/a><\/li>\n\n\n\n<li><a style=\"color: #666;\"href=\"\/es\/%e9%92%9b\/\">Ti<\/a><\/li>\n\n\n\n<li><a style=\"color: #666;\"href=\"\/es\/%E9%94%91\/\">Sb<\/a><\/li>\n\n\n\n<li><a style=\"color: #666;\"href=\"\/es\/%E9%93%8D\/\">Be<\/a><\/li>\n\n\n\n<li><a style=\"color: #666;\"href=\"\/es\/%E9%92%92-2\/\">V<\/a><\/li>\n\n\n<\/ul>\n<\/li>\n\n\n\n<li>Metales ferrosos\n<ul class=\"wp-block-list\">\n\n<li><a style=\"color: #666;\"href=\"\/es\/%e9%93%81\/\">Fe<\/a><\/li>\n\n\n\n<li><a style=\"color: #666;\"href=\"\/es\/%e9%94%b0\/\">Mn<\/a><\/li>\n\n\n\n<li><a style=\"color: #666;\"href=\"\/es\/%e9%93%ac\/\">Cr<\/a><\/li>\n\n<\/ul>\n<\/li>\n\n\n\n<li>Otros productos comerciales\n<ul class=\"wp-block-list\">\n\n\n<li><a style=\"color: #666;\"href=\"\/es\/%e6%b0%9f\/\">F<\/a><\/li>\n\n\n<li><a style=\"color: #666;\"href=\"\/es\/%e7%a2%b3\/\">C<\/a><\/li>\n\n\n<li><a style=\"color: #666;\"href=\"\/es\/%e7%a1%85\/\">Si<\/a><\/li>\n\n<\/ul>\n<\/li>\n\n\n<\/ul>\n<\/div>\n\n<\/div>\n<\/div>\n\n<\/div>\n\n\n<div class=\"wp-block-column big-goods-list is-layout-flow wp-block-column-is-layout-flow\" style=\"flex-basis:70%;\">\n\n\n<p><strong>1. Mineral de niobio:<\/strong><br\/> Los minerales de niobio en la naturaleza contienen principalmente niobio como su principal elemento qu\u00edmico. El mineral m\u00e1s importante es la columbita, con la f\u00f3rmula qu\u00edmica (Fe,Mn)(Nb,Ta)\u2082O\u2086, que se encuentra asociada con minerales de t\u00e1ntalo. Otro mineral importante es el pirocloro. Se asocia frecuentemente con tierras raras, torio, uranio, titanio y otros elementos. Es la materia prima inicial para la industria del niobio y requiere beneficio, enriquecimiento y separaci\u00f3n qu\u00edmica para obtener compuestos de niobio.<\/p>\n\n\n\n<p><strong>2. Concentrado de niobio:<\/strong><br\/> El producto obtenido del mineral de niobio tras el beneficio, enriquecimiento y separaci\u00f3n consiste principalmente en \u00f3xido de niobio (Nb\u2082O\u2085). Seg\u00fan el tipo de mineral crudo, se puede dividir en concentrado de mineral de niobio-hierro y concentrado de pirocloro. Es la materia prima principal para la fundici\u00f3n de niobio, utilizada principalmente para producir mineral de niobio-hierro mediante procesos de reducci\u00f3n aluminot\u00e9rmica o carbot\u00e9rmica, o para la producci\u00f3n de \u00f3xido de niobio de grado qu\u00edmico.<\/p>\n\n\n\n<p><strong>3. Niobio electrol\u00edtico:<\/strong><br\/> El niobio met\u00e1lico, purificado a partir de \u00f3xido de niobio o haluros de niobio mediante electr\u00f3lisis de sales fundidas, puede alcanzar una pureza superior al 99,8 %. Su escala de producci\u00f3n es mucho menor que la del t\u00e1ntalo electrol\u00edtico y se utiliza principalmente en campos especializados que requieren una pureza ultraalta, como la preparaci\u00f3n de materiales superconductores (p. ej., aleaciones de niobio-titanio y de niobio-esta\u00f1o), materiales para la industria nuclear y equipos de investigaci\u00f3n f\u00edsica de alta gama.<\/p>\n\n\n\n<p><strong>4. Residuos de niobio:<\/strong><br\/>Los residuos que contienen niobio provienen principalmente de superaleaciones (como componentes de motores aeroespaciales), aleaciones de ferroniobio (aditivos para la fabricaci\u00f3n de acero) y residuos del procesamiento de cables superconductores de niobio y titanio. Es un recurso renovable altamente eficiente; mediante reciclaje, fundici\u00f3n o tratamiento qu\u00edmico, puede utilizarse directamente en la metalurgia del acero o reprocesarse en productos qu\u00edmicos de niobio, lo que lo hace crucial para el reciclaje de recursos. <\/p>\n\n\n\n\n\n<\/div>\n<!-- \/wp:post-content --><\/div>\n<!-- \/wp:post-content -->","protected":false},"excerpt":{"rendered":"<p>1\u3001\u94cc\u77ff\u77f3\uff1a \u81ea\u7136\u754c\u4e2d\u542b\u94cc\u7684\u77ff\u77f3\uff0c\u4e3b\u8981\u5316\u5b66\u5143\u7d20\u4e3a\u94cc\u3002\u6700\u4e3b\u8981\u7684\u77ff\u7269\u4e3a\u94cc\u94c1\u77ff\uff0c\u5176\u5316\u5b66\u5f0f\u4e3a(Fe,Mn)( [&hellip;]<\/p>\n","protected":false},"author":1,"featured_media":731,"parent":0,"menu_order":0,"comment_status":"closed","ping_status":"closed","template":"","meta":{"footnotes":""},"class_list":["post-371","page","type-page","status-publish","has-post-thumbnail","hentry"],"_links":{"self":[{"href":"https:\/\/www.olagoo.com\/es\/wp-json\/wp\/v2\/pages\/371","targetHints":{"allow":["GET"]}}],"collection":[{"href":"https:\/\/www.olagoo.com\/es\/wp-json\/wp\/v2\/pages"}],"about":[{"href":"https:\/\/www.olagoo.com\/es\/wp-json\/wp\/v2\/types\/page"}],"author":[{"embeddable":true,"href":"https:\/\/www.olagoo.com\/es\/wp-json\/wp\/v2\/users\/1"}],"replies":[{"embeddable":true,"href":"https:\/\/www.olagoo.com\/es\/wp-json\/wp\/v2\/comments?post=371"}],"version-history":[{"count":8,"href":"https:\/\/www.olagoo.com\/es\/wp-json\/wp\/v2\/pages\/371\/revisions"}],"predecessor-version":[{"id":1897,"href":"https:\/\/www.olagoo.com\/es\/wp-json\/wp\/v2\/pages\/371\/revisions\/1897"}],"wp:featuredmedia":[{"embeddable":true,"href":"https:\/\/www.olagoo.com\/es\/wp-json\/wp\/v2\/media\/731"}],"wp:attachment":[{"href":"https:\/\/www.olagoo.com\/es\/wp-json\/wp\/v2\/media?parent=371"}],"curies":[{"name":"wp","href":"https:\/\/api.w.org\/{rel}","templated":true}]}}