{"id":377,"date":"2025-04-15T17:07:31","date_gmt":"2025-04-15T09:07:31","guid":{"rendered":"https:\/\/www.olagoo.com\/?page_id=377"},"modified":"2026-01-14T20:42:33","modified_gmt":"2026-01-14T12:42:33","slug":"%e9%92%bd","status":"publish","type":"page","link":"https:\/\/www.olagoo.com\/es\/%e9%92%bd","title":{"rendered":"<div class=\"info-content\"><img class=\"info-icon\" src=\"\/wp-content\/uploads\/2025\/04\/\u94bd-1.jpg\"><p class=\"info-title\">Ta<\/p><\/div>"},"content":{"rendered":"<div class=\"wp-block-columns is-layout-flex wp-container-core-columns-is-layout-9d6595d7 wp-block-columns-is-layout-flex\">\n<div class=\"wp-block-column is-layout-flow wp-block-column-is-layout-flow\" style=\"flex-basis:30%\">\n<div class=\"wp-block-columns is-layout-flex wp-container-core-columns-is-layout-9d6595d7 wp-block-columns-is-layout-flex\">\n<div class=\"wp-block-column is-layout-flow wp-block-column-is-layout-flow\" style=\"flex-basis:100%\">\n<p><\/p>\n\n\n\n<div class=\"menu-container\">\n<ul class=\"wp-block-list\">\n<li>\u00a0Metales b\u00e1sicos\n<ul class=\"wp-block-list\">\n<li><a style=\"color: #666;\"href=\"\/es\/%e9%93%9c\/\">Cu<\/a><\/li>\n\n\n\n<li><a style=\"color: #666;\"href=\"\/es\/%e9%94%8c\/\">Zn<\/a><\/li>\n\n\n\n<li><a style=\"color: #666;\"href=\"\/es\/%e9%95%8d\/\">Ni<\/a><\/li>\n\n\n\n<li><a style=\"color: #666;\"href=\"\/es\/%e9%94%a1\/\">Sn<\/a><\/li>\n\n\n\n<li><a style=\"color: #666;\"href=\"\/es\/%e9%93%85\/\">Pb<\/a><\/li>\n\n\n\n<li><a style=\"color: #666;\"href=\"\/es\/%e9%93%9d\/\">Al<\/a><\/li>\n\n\n<li><a style=\"color: #666;\"href=\"\/es\/%e9%87%91\/\">Au<\/a><\/li>\n\n\n<li><a style=\"color: #666;\"href=\"\/es\/%E9%93%B6\/\">Ag<\/a><\/li>\n\n<\/ul>\n<\/li>\n\n\n\n<li>Elementos de la familia del platino\n<ul class=\"wp-block-list\">\n\n\n<li><a style=\"color: #666;\"href=\"\/es\/%E9%92%AF\/\">Pd<\/a><\/li>\n\n\n\n<li><a style=\"color: #666;\"href=\"\/es\/%E9%93%82\/\">Pd<\/a><\/li>\n\n\n\n<li><a style=\"color: #666;\"href=\"\/es\/%e9%93%91-2\/\">Pd<\/a><\/li>\n\n\n\n<li><a style=\"color: #666;\"href=\"\/es\/%E9%93%B1\/\">Ir<\/a><\/li>\n\n\n<\/ul>\n<\/li>\n\n\n\n<li>\u65b0\u80fd\u6e90\u4e0e\u5173\u952e\u91d1\u5c5e\n<ul class=\"wp-block-list\">\n\n\n<li><a style=\"color: #666;\"href=\"\/es\/%e9%94%82\/\">Li<\/a><\/li>\n\n\n\n<li><a style=\"color: #666;\"href=\"\/es\/%e9%92%b4-2\/\">Co<\/a><\/li>\n\n\n<\/ul>\n<\/li>\n\n\n\n<li class=\"active\">\u7279\u79cd\u5408\u91d1\u4e0e\u9ad8\u6027\u80fd\u91d1\u5c5e\n<ul class=\"wp-block-list\">\n\n<li><a style=\"color: #666;\"href=\"\/es\/%e9%92%a8\/\">W<\/a><\/li>\n\n\n\n<li><a style=\"color: #666;\"href=\"\/es\/%e9%92%bc\/\">Mo<\/a><\/li>\n\n\n\n<li class=\"active\"><a style=\"color: #666;\"href=\"\/es\/%e9%92%bd\/\">Ta<\/a><\/li>\n\n\n\n<li><a style=\"color: #666;\"href=\"\/es\/%e9%93%8c-2\/\">Nb<\/a><\/li>\n\n\n\n<li><a style=\"color: #666;\"href=\"\/es\/%e9%92%9b\/\">Ti<\/a><\/li>\n\n\n\n<li><a style=\"color: #666;\"href=\"\/es\/%E9%94%91\/\">Sb<\/a><\/li>\n\n\n\n<li><a style=\"color: #666;\"href=\"\/es\/%E9%93%8D\/\">Be<\/a><\/li>\n\n\n\n<li><a style=\"color: #666;\"href=\"\/es\/%E9%92%92-2\/\">V<\/a><\/li>\n\n\n<\/ul>\n<\/li>\n\n\n\n<li>Metales ferrosos\n<ul class=\"wp-block-list\">\n\n<li><a style=\"color: #666;\"href=\"\/es\/%e9%93%81\/\">Fe<\/a><\/li>\n\n\n\n<li><a style=\"color: #666;\"href=\"\/es\/%e9%94%b0\/\">Mn<\/a><\/li>\n\n\n\n<li><a style=\"color: #666;\"href=\"\/es\/%e9%93%ac\/\">Cr<\/a><\/li>\n\n<\/ul>\n<\/li>\n\n\n\n<li>Otros productos comerciales\n<ul class=\"wp-block-list\">\n\n\n<li><a style=\"color: #666;\"href=\"\/es\/%e6%b0%9f\/\">F<\/a><\/li>\n\n\n<li><a style=\"color: #666;\"href=\"\/es\/%e7%a2%b3\/\">C<\/a><\/li>\n\n\n<li><a style=\"color: #666;\"href=\"\/es\/%e7%a1%85\/\">Si<\/a><\/li>\n\n<\/ul>\n<\/li>\n\n\n<\/ul>\n<\/div>\n<\/div>\n<\/div>\n\n<\/div>\n\n\n<div class=\"wp-block-column big-goods-list is-layout-flow wp-block-column-is-layout-flow\" style=\"flex-basis:70%;\">\n\n\n<p><strong>1. Mineral de tantalio:<\/strong><br\/>Los minerales que contienen tantalio en la naturaleza tienen el t\u00e1ntalo como su principal elemento qu\u00edmico. El mineral m\u00e1s com\u00fan es la tantalita, con la f\u00f3rmula qu\u00edmica (Fe,Mn)(Ta,Nb)\u2082O\u2086. Se encuentra a menudo asociada con el niobio, que posee propiedades qu\u00edmicas similares, formando tantalobulita. Se asocia frecuentemente con elementos como el esta\u00f1o, el tungsteno, el litio y las tierras raras. Es la materia prima inicial de la industria del t\u00e1ntalo y requiere un complejo proceso de beneficio y separaci\u00f3n para sentar las bases de su posterior extracci\u00f3n y refinaci\u00f3n. <\/p>\n\n\n\n<p><strong>2. Concentrado de tantalio:<\/strong><br\/> El producto obtenido tras someter el mineral de t\u00e1ntalo a procesos de enriquecimiento y separaci\u00f3n, como trituraci\u00f3n, separaci\u00f3n por gravedad, flotaci\u00f3n y separaci\u00f3n electromagn\u00e9tica. Su componente principal es el \u00f3xido de t\u00e1ntalo (Ta\u2082O\u2085), con una ley significativamente mejorada, y tambi\u00e9n contiene elementos como niobio, esta\u00f1o y tungsteno. Es la materia prima fundamental para la fundici\u00f3n del t\u00e1ntalo, utiliz\u00e1ndose principalmente para producir fluorotantalato de potasio (K\u2082TaF\u2087), que a su vez produce t\u00e1ntalo met\u00e1lico.<\/p>\n\n\n\n<p><strong>3. Tantalio electrol\u00edtico:<\/strong><br\/>El t\u00e1ntalo met\u00e1lico, obtenido mediante refinaci\u00f3n electrol\u00edtica en sales fundidas a alta temperatura utilizando fluorotantalato de potasio de alta pureza como materia prima, puede alcanzar una pureza superior al 99,9 % y se presenta t\u00edpicamente en forma de lingotes o barras. Es el producto final de alta pureza del proceso metal\u00fargico del t\u00e1ntalo, con un punto de fusi\u00f3n extremadamente alto, resistencia a la corrosi\u00f3n y propiedades diel\u00e9ctricas. Es un material indispensable para la fabricaci\u00f3n de condensadores de t\u00e1ntalo de alta gama, implantes quir\u00fargicos, componentes de vac\u00edo de alta temperatura y equipos qu\u00edmicos resistentes a la corrosi\u00f3n. <\/p>\n\n\n\n<p><strong>4. Residuos de tantalio:<\/strong><br\/>Los residuos que contienen tantalio provienen principalmente de condensadores de tantalio desechados, herramientas de corte de carburo cementado, componentes de aleaciones aeroespaciales y residuos de mecanizado. Se trata de un valioso recurso renovable estrat\u00e9gico, y el tantalio de alta pureza puede recuperarse eficientemente mediante procesos hidrometal\u00fargicos como la disoluci\u00f3n y extracci\u00f3n qu\u00edmicas. Su reciclaje es fundamental para garantizar la seguridad de la cadena de suministro global de tantalio y reducir la dependencia de minerales de conflicto. <\/p>\n\n\n\n\n\n<\/div>\n<!-- \/wp:post-content --><\/div>\n<!-- \/wp:post-content -->","protected":false},"excerpt":{"rendered":"<p>1\u3001\u94bd\u77ff\u77f3\uff1a\u81ea\u7136\u754c\u4e2d\u542b\u94bd\u7684\u77ff\u77f3\uff0c\u4e3b\u8981\u5316\u5b66\u5143\u7d20\u4e3a\u94bd\u3002\u6700\u5e38\u89c1\u7684\u77ff\u7269\u4e3a\u94bd\u94c1\u77ff\uff0c\u5176\u5316\u5b66\u5f0f\u4e3a(Fe,Mn)(T [&hellip;]<\/p>\n","protected":false},"author":1,"featured_media":731,"parent":0,"menu_order":0,"comment_status":"closed","ping_status":"closed","template":"","meta":{"footnotes":""},"class_list":["post-377","page","type-page","status-publish","has-post-thumbnail","hentry"],"_links":{"self":[{"href":"https:\/\/www.olagoo.com\/es\/wp-json\/wp\/v2\/pages\/377","targetHints":{"allow":["GET"]}}],"collection":[{"href":"https:\/\/www.olagoo.com\/es\/wp-json\/wp\/v2\/pages"}],"about":[{"href":"https:\/\/www.olagoo.com\/es\/wp-json\/wp\/v2\/types\/page"}],"author":[{"embeddable":true,"href":"https:\/\/www.olagoo.com\/es\/wp-json\/wp\/v2\/users\/1"}],"replies":[{"embeddable":true,"href":"https:\/\/www.olagoo.com\/es\/wp-json\/wp\/v2\/comments?post=377"}],"version-history":[{"count":7,"href":"https:\/\/www.olagoo.com\/es\/wp-json\/wp\/v2\/pages\/377\/revisions"}],"predecessor-version":[{"id":1896,"href":"https:\/\/www.olagoo.com\/es\/wp-json\/wp\/v2\/pages\/377\/revisions\/1896"}],"wp:featuredmedia":[{"embeddable":true,"href":"https:\/\/www.olagoo.com\/es\/wp-json\/wp\/v2\/media\/731"}],"wp:attachment":[{"href":"https:\/\/www.olagoo.com\/es\/wp-json\/wp\/v2\/media?parent=377"}],"curies":[{"name":"wp","href":"https:\/\/api.w.org\/{rel}","templated":true}]}}