{"id":380,"date":"2025-04-15T17:08:11","date_gmt":"2025-04-15T09:08:11","guid":{"rendered":"https:\/\/www.olagoo.com\/?page_id=380"},"modified":"2026-01-14T20:40:16","modified_gmt":"2026-01-14T12:40:16","slug":"%e9%92%b4-2","status":"publish","type":"page","link":"https:\/\/www.olagoo.com\/es\/%e9%92%b4-2","title":{"rendered":"<div class=\"info-content\"><img class=\"info-icon\" src=\"\/wp-content\/uploads\/2025\/04\/\u94b4.png\"><p class=\"info-title\">Co<\/p><\/div>"},"content":{"rendered":"<div class=\"wp-block-columns is-layout-flex wp-container-core-columns-is-layout-9d6595d7 wp-block-columns-is-layout-flex\">\n<div class=\"wp-block-column is-layout-flow wp-block-column-is-layout-flow\" style=\"flex-basis:30%\">\n<div class=\"wp-block-columns is-layout-flex wp-container-core-columns-is-layout-9d6595d7 wp-block-columns-is-layout-flex\">\n<div class=\"wp-block-column is-layout-flow wp-block-column-is-layout-flow\" style=\"flex-basis:100%\">\n<p><\/p>\n\n\n\n<div class=\"menu-container\">\n<ul class=\"wp-block-list\">\n<li>\u00a0Metales b\u00e1sicos\n<ul class=\"wp-block-list\">\n<li><a style=\"color: #666;\"href=\"\/es\/%e9%93%9c\/\">Cu<\/a><\/li>\n\n\n\n<li><a style=\"color: #666;\"href=\"\/es\/%e9%94%8c\/\">Zn<\/a><\/li>\n\n\n\n<li><a style=\"color: #666;\"href=\"\/es\/%e9%95%8d\/\">Ni<\/a><\/li>\n\n\n\n<li><a style=\"color: #666;\"href=\"\/es\/%e9%94%a1\/\">Sn<\/a><\/li>\n\n\n\n<li><a style=\"color: #666;\"href=\"\/es\/%e9%93%85\/\">Pb<\/a><\/li>\n\n\n\n<li><a style=\"color: #666;\"href=\"\/es\/%e9%93%9d\/\">Al<\/a><\/li>\n\n\n<li><a style=\"color: #666;\"href=\"\/es\/%e9%87%91\/\">Au<\/a><\/li>\n\n\n<li><a style=\"color: #666;\"href=\"\/es\/%E9%93%B6\/\">Ag<\/a><\/li>\n\n<\/ul>\n<\/li>\n\n\n\n<li>Elementos de la familia del platino\n<ul class=\"wp-block-list\">\n\n\n<li><a style=\"color: #666;\"href=\"\/es\/%E9%92%AF\/\">Pd<\/a><\/li>\n\n\n\n<li><a style=\"color: #666;\"href=\"\/es\/%E9%93%82\/\">Pd<\/a><\/li>\n\n\n\n<li><a style=\"color: #666;\"href=\"\/es\/%e9%93%91-2\/\">Pd<\/a><\/li>\n\n\n\n<li><a style=\"color: #666;\"href=\"\/es\/%E9%93%B1\/\">Ir<\/a><\/li>\n\n\n<\/ul>\n<\/li>\n\n\n\n<li class=\"active\">\u65b0\u80fd\u6e90\u4e0e\u5173\u952e\u91d1\u5c5e\n<ul class=\"wp-block-list\">\n\n\n<li><a style=\"color: #666;\"href=\"\/es\/%e9%94%82\/\">Li<\/a><\/li>\n\n\n\n<li class=\"active\"><a style=\"color: #666;\"href=\"\/es\/%e9%92%b4-2\/\">Co<\/a><\/li>\n\n\n<\/ul>\n<\/li>\n\n\n\n<li>\u7279\u79cd\u5408\u91d1\u4e0e\u9ad8\u6027\u80fd\u91d1\u5c5e\n<ul class=\"wp-block-list\">\n\n<li><a style=\"color: #666;\"href=\"\/es\/%e9%92%a8\/\">W<\/a><\/li>\n\n\n\n<li><a style=\"color: #666;\"href=\"\/es\/%e9%92%bc\/\">Mo<\/a><\/li>\n\n\n\n<li><a style=\"color: #666;\"href=\"\/es\/%e9%92%bd\/\">Ta<\/a><\/li>\n\n\n\n<li><a style=\"color: #666;\"href=\"\/es\/%e9%93%8c-2\/\">Nb<\/a><\/li>\n\n\n\n<li><a style=\"color: #666;\"href=\"\/es\/%e9%92%9b\/\">Ti<\/a><\/li>\n\n\n\n<li><a style=\"color: #666;\"href=\"\/es\/%E9%94%91\/\">Sb<\/a><\/li>\n\n\n\n<li><a style=\"color: #666;\"href=\"\/es\/%E9%93%8D\/\">Be<\/a><\/li>\n\n\n\n<li><a style=\"color: #666;\"href=\"\/es\/%E9%92%92-2\/\">V<\/a><\/li>\n\n\n<\/ul>\n<\/li>\n\n\n\n<li>Metales ferrosos\n<ul class=\"wp-block-list\">\n\n<li><a style=\"color: #666;\"href=\"\/es\/%e9%93%81\/\">Fe<\/a><\/li>\n\n\n\n<li><a style=\"color: #666;\"href=\"\/es\/%e9%94%b0\/\">Mn<\/a><\/li>\n\n\n\n<li><a style=\"color: #666;\"href=\"\/es\/%e9%93%ac\/\">Cr<\/a><\/li>\n\n<\/ul>\n<\/li>\n\n\n\n<li>Otros productos comerciales\n<ul class=\"wp-block-list\">\n\n\n<li><a style=\"color: #666;\"href=\"\/es\/%e6%b0%9f\/\">F<\/a><\/li>\n\n\n<li><a style=\"color: #666;\"href=\"\/es\/%e7%a2%b3\/\">C<\/a><\/li>\n\n\n<li><a style=\"color: #666;\"href=\"\/es\/%e7%a1%85\/\">Si<\/a><\/li>\n\n<\/ul>\n<\/li>\n\n\n<\/ul>\n<\/div>\n\n<\/div>\n<\/div>\n\n<\/div>\n\n\n<div class=\"wp-block-column big-goods-list is-layout-flow wp-block-column-is-layout-flow\" style=\"flex-basis:70%;\">\n\n\n\n<p><strong>1.Mineral de cobalto<\/strong><br\/>Es un mineral que contiene el elemento cobalto, y los comunes incluyen la glaucodita (CoAsS) y la coesita, entre otros. Es el material principal para extraer cobalto. El cobalto tiene buenas propiedades magn\u00e9ticas y resistencia a altas temperaturas, y el cobalto extra\u00eddo se utiliza para fabricar aleaciones resistentes a altas temperaturas, que se aplican en las l\u00e1minas de las turbinas de gas. En el campo de las bater\u00edas, es una parte importante de los materiales de los electrodos positivos de las bater\u00edas de ion de litio.<\/p>\n\n\n\n\n<p><strong>2.Esperanza de cobalto<\/strong><br\/>Es el producto obtenido despu\u00e9s de enriquecer el mineral de cobalto a trav\u00e9s del proceso de beneficio minero, con un contenido elevado de cobalto y que contiene impurezas como cobre, n\u00edquel y hierro. Es un material importante para la smelting (fundici\u00f3n) del cobalto. El cobalto fundido se utiliza para producir aleaciones duras, mejorando la dureza y la resistencia a la desgaste de las mismas; en la industria electr\u00f3nica, se utiliza para fabricar materiales magn\u00e9ticos.<\/p>\n\n\n<p><strong>3. Hidr\u00f3xido de cobalto:<\/strong><br\/> El \u00f3xido de cobalto es un compuesto intermedio extra\u00eddo del mineral de cobalto o de materiales que lo contienen mediante procesos hidrometal\u00fargicos. Su f\u00f3rmula qu\u00edmica es t\u00edpicamente Co(OH)\u2082 o en forma hidratada, y se presenta como un polvo o torta de filtraci\u00f3n de color rosa a rojo parduzco. Se origina principalmente de la precipitaci\u00f3n y purificaci\u00f3n de lixiviados del mineral de sulfuro de cobalto o del mineral de n\u00edquel later\u00edtico, y a menudo contiene impurezas coprecipitadas como n\u00edquel, manganeso y cobre. Es una materia prima intermedia esencial en el refinado del cobalto; mediante la tostaci\u00f3n, se puede convertir en \u00f3xido de cobalto o se puede utilizar directamente para preparar precursores para materiales de c\u00e1todo de bater\u00edas de iones de litio (como precursores ternarios). Es un producto qu\u00edmico clave que conecta la miner\u00eda upstream con las industrias downstream de bater\u00edas y aleaciones.<\/p>\n\n\n\n<p><strong>4. Residuos de cobalto:<\/strong><br\/> Los residuos industriales y de desecho que contienen cobalto provienen principalmente de bater\u00edas de iones de litio usadas (materiales cat\u00f3dicos), aleaciones de alta temperatura (motores aeron\u00e1uticos, \u00e1labes de turbinas), aleaciones duras, catalizadores y materiales magn\u00e9ticos de desecho. Se trata de un recurso renovable de cobalto estrat\u00e9gico crucial, que puede reciclarse eficientemente en sales de cobalto para bater\u00edas o cobalto met\u00e1lico mediante procesos como trituraci\u00f3n, clasificaci\u00f3n, lixiviaci\u00f3n h\u00fameda y refinaci\u00f3n. Su reciclaje reviste gran importancia estrat\u00e9gica para mitigar la concentraci\u00f3n geogr\u00e1fica de los recursos de cobalto, reducir los costes de producci\u00f3n de bater\u00edas y materiales de alta gama, y \u200b\u200bpromover una econom\u00eda circular.<\/p>\n\n\n\n<div style=\"height:100px\" aria-hidden=\"true\" class=\"wp-block-spacer\"><\/div>\n\n\n\n\n\n<\/div>\n<!-- \/wp:post-content --><\/div>\n<!-- \/wp:post-content -->","protected":false},"excerpt":{"rendered":"<p>1\u3001\u94b4\u77ff\u77f3\uff1a\u94b4\u77ff\u77f3\u7684\u4e3b\u8981\u77ff\u7269\u5305\u542b\u8f89\u94b4\u77ff\uff08CoAsS\uff09\u3001\u94b4\u571f\u77ff\uff08\u4e3b\u8981\u6210\u5206\u4e3a\u6c34\u5408\u6c27\u5316\u94b4\uff0c\u5e76\u542b\u9530\u3001\u954d\u7b49\u5143\u7d20 [&hellip;]<\/p>\n","protected":false},"author":1,"featured_media":731,"parent":0,"menu_order":0,"comment_status":"closed","ping_status":"closed","template":"","meta":{"footnotes":""},"class_list":["post-380","page","type-page","status-publish","has-post-thumbnail","hentry"],"_links":{"self":[{"href":"https:\/\/www.olagoo.com\/es\/wp-json\/wp\/v2\/pages\/380","targetHints":{"allow":["GET"]}}],"collection":[{"href":"https:\/\/www.olagoo.com\/es\/wp-json\/wp\/v2\/pages"}],"about":[{"href":"https:\/\/www.olagoo.com\/es\/wp-json\/wp\/v2\/types\/page"}],"author":[{"embeddable":true,"href":"https:\/\/www.olagoo.com\/es\/wp-json\/wp\/v2\/users\/1"}],"replies":[{"embeddable":true,"href":"https:\/\/www.olagoo.com\/es\/wp-json\/wp\/v2\/comments?post=380"}],"version-history":[{"count":8,"href":"https:\/\/www.olagoo.com\/es\/wp-json\/wp\/v2\/pages\/380\/revisions"}],"predecessor-version":[{"id":1893,"href":"https:\/\/www.olagoo.com\/es\/wp-json\/wp\/v2\/pages\/380\/revisions\/1893"}],"wp:featuredmedia":[{"embeddable":true,"href":"https:\/\/www.olagoo.com\/es\/wp-json\/wp\/v2\/media\/731"}],"wp:attachment":[{"href":"https:\/\/www.olagoo.com\/es\/wp-json\/wp\/v2\/media?parent=380"}],"curies":[{"name":"wp","href":"https:\/\/api.w.org\/{rel}","templated":true}]}}