{"id":39,"date":"2025-04-02T19:25:56","date_gmt":"2025-04-02T11:25:56","guid":{"rendered":"https:\/\/www.olagoo.com\/?page_id=39"},"modified":"2025-04-11T15:45:58","modified_gmt":"2025-04-11T07:45:58","slug":"about-us","status":"publish","type":"page","link":"https:\/\/www.olagoo.com\/es\/about-us","title":{"rendered":"Acerca De Nosotros"},"content":{"rendered":"<h2 class=\"wp-block-heading\">\uff08\u4e00\uff09\u516c\u53f8\u6982\u51b5<\/h2>\n\n\n\n<p>En 2019, Olagoo naci\u00f3 en Ningbo, China.<br><br>\u81ea\u6210\u7acb\u4ee5\u6765\uff0c\u54e6\u5566\u8c37\u79c9\u627f\u5feb\u4e50\u7406\u5ff5\uff1a\u5feb\u4e50\u5de5\u4f5c\uff0c\u5feb\u4e50\u4ea4\u6613\uff0c\u52aa\u529b\u5c06\u5feb\u4e50\u5e26\u7ed9\u54e6\u5566\u8c37\u6240\u53ca\u4e4b\u5904\u3002<br>\u4e94\u5e74\u95f4\uff0c\u54e6\u5566\u8c37\u4ee5\u5feb\u4e50\u7684\u59ff\u6001\u5728\u5168\u7403\u5f00\u5c55\u4e1a\u52a1\uff0c\u4e0e\u5168\u7403\u4f19\u4f34\u5728\u5171\u540c\u5feb\u4e50\u4e2d\u4eab\u53d7<strong>justas y honestas junto a socios globales en un ambiente de felicidad compartida.<\/strong>\u3002\u4e94\u5e74\u6765\uff0c \u54e6\u5566\u8c37\u5728\u5feb\u4e50\u4e2d\u6210\u957f\u7684\u540c\u65f6\u5e2e\u52a9\u5408\u4f19\u4eec\u5feb\u4e50\u5730\u53d1\u5c55\uff0c\u4e1a\u5df2\u5efa\u7acb\u4e86\u4ee5\u5feb\u4e50\u4e3a\u7ebd\u5e26\u7684\u5168\u7403\u5927\u5b97\u5546\u54c1\u4ea4\u6613\u7f51\u7edc\u3002<strong>Las transacciones tienen un precio, pero la felicidad es inestimable.<\/strong><br><br>Olagoo continuar\u00e1 construyendo juntos con socios globales una red de transacciones felices de commodities; \u00a1creemos que el juego acaba de comenzar...<\/p>\n\n\n\n<p><\/p>\n\n\n\n<div style=\"height:100px\" aria-hidden=\"true\" class=\"wp-block-spacer\"><\/div>\n\n\n\n<h2 class=\"wp-block-heading\">\uff08\u4e8c\uff09\u4f01\u4e1a\u6587\u5316<\/h2>\n\n\n\n<p>Como puente para el comercio mundial de productos b\u00e1sicos, nos basamos en cuatro valores fundamentales:<br><br><strong>1.Profesionalismo y profundizaci\u00f3n<\/strong><br>Centr\u00e1ndose en mejorar la capacidad profesional, con una actitud de perfeccionismo, se crea valor en puestos ordinario. Cada empleado, con la competencia profesional como piedra angular, ayuda a la empresa a evolucionar de manera s\u00f3lida.<br><br><strong>2.Integridad como base<\/strong><br>Cumpliendo el esp\u00edritu contractual y manteniendo transacciones transparentes, se gana la confianza a largo plazo con responsabilidad. La integridad siempre es el fundamento de la gesti\u00f3n, para construir relaciones de colaboraci\u00f3n sostenibles.<br><br><strong>3.Cooperaci\u00f3n y ganancia mutua<\/strong><br>Comunic\u00e1ndose francamente con los socios, se busca el beneficio rec\u00edproco. Nos esforzamos por crear un entorno comercial equitativo y justo, promueve el desarrollo saludable de la industria.<br><br><strong>4.Responsabilidad y compromiso<\/strong><br>Cumpliendo con las promesas a los clientes y ofreciendo servicios confiables; actuando activamente en la industria para promover su normativa. Se practica el empresarial misi\u00f3n con sensibilidad de responsabilidad, consiguiendo el respeto de la sociedad.<\/p>\n\n\n\n<div style=\"height:100px\" aria-hidden=\"true\" class=\"wp-block-spacer\"><\/div>\n\n\n\n<p><\/p>\n\n\n\n<h2 class=\"wp-block-heading\">\uff08\u4e09\uff09\u6211\u4eec\u7684\u613f\u666f<\/h2>\n\n\n\n<p><strong>1.Construir un ecosiste<\/strong><\/p>\n\n\n\n<p>Con la capacidad profesional como v\u00ednculo, colaborar profundamente con proveedores para; siguiendo el principio de equidad y transparencia, establecer mecanismos de cooperaci\u00f3n eficientes. Hacer que cada colaboraci\u00f3n sea un punto de crecimiento de valor, logrando beneficios sostenibles para m\u00faltiples partes.<\/p>\n\n\n\n<p><\/p>\n\n\n\n<p><strong>2.Buscar valor a largo plazo<\/strong><\/p>\n\n\n\n<p>No solo buscamos el \u00e9xito comercial, sino tambi\u00e9n nos comprometemos a crecer juntos con los socios y lograr una rentabilidad sostenible. A trav\u00e9s de una operaci\u00f3n normativa y pr\u00e1cticas innovadoras, esforzarnos por convertirnos en de la industria referente y creadores de valor.<\/p>\n\n\n\n<p><\/p>\n\n\n\n<div style=\"height:100px\" aria-hidden=\"true\" class=\"wp-block-spacer\"><\/div>\n\n\n\n<p><\/p>","protected":false},"excerpt":{"rendered":"<p>\uff08\u4e00\uff09\u516c\u53f8\u6982\u51b5 \u4e8c\u3007\u4e00\u4e5d\u5e74\uff0c\u54e6\u5566\u8c37\uff08Olagoo) \u5728 \u4e2d\u56fd\u5b81\u6ce2\u8bde\u751f\u3002 \u81ea\u6210\u7acb\u4ee5\u6765\uff0c\u54e6\u5566\u8c37\u79c9\u627f\u5feb\u4e50\u7406 [&hellip;]<\/p>\n","protected":false},"author":1,"featured_media":0,"parent":0,"menu_order":0,"comment_status":"closed","ping_status":"closed","template":"","meta":{"footnotes":""},"class_list":["post-39","page","type-page","status-publish","hentry"],"_links":{"self":[{"href":"https:\/\/www.olagoo.com\/es\/wp-json\/wp\/v2\/pages\/39","targetHints":{"allow":["GET"]}}],"collection":[{"href":"https:\/\/www.olagoo.com\/es\/wp-json\/wp\/v2\/pages"}],"about":[{"href":"https:\/\/www.olagoo.com\/es\/wp-json\/wp\/v2\/types\/page"}],"author":[{"embeddable":true,"href":"https:\/\/www.olagoo.com\/es\/wp-json\/wp\/v2\/users\/1"}],"replies":[{"embeddable":true,"href":"https:\/\/www.olagoo.com\/es\/wp-json\/wp\/v2\/comments?post=39"}],"version-history":[{"count":15,"href":"https:\/\/www.olagoo.com\/es\/wp-json\/wp\/v2\/pages\/39\/revisions"}],"predecessor-version":[{"id":148,"href":"https:\/\/www.olagoo.com\/es\/wp-json\/wp\/v2\/pages\/39\/revisions\/148"}],"wp:attachment":[{"href":"https:\/\/www.olagoo.com\/es\/wp-json\/wp\/v2\/media?parent=39"}],"curies":[{"name":"wp","href":"https:\/\/api.w.org\/{rel}","templated":true}]}}