{"id":469,"date":"2025-04-18T19:53:37","date_gmt":"2025-04-18T11:53:37","guid":{"rendered":"https:\/\/www.olagoo.com\/?page_id=469"},"modified":"2026-01-14T20:30:05","modified_gmt":"2026-01-14T12:30:05","slug":"%e9%93%9d","status":"publish","type":"page","link":"https:\/\/www.olagoo.com\/es\/%e9%93%9d","title":{"rendered":"<div class=\"info-content\"><img class=\"info-icon\" src=\"\/wp-content\/uploads\/2025\/04\/\u94dd-Aluminium.jpg\"><p  class=\"info-title\">Al<\/p><\/div>"},"content":{"rendered":"<div class=\"wp-block-columns is-layout-flex wp-container-core-columns-is-layout-9d6595d7 wp-block-columns-is-layout-flex\">\n<div class=\"wp-block-column is-layout-flow wp-block-column-is-layout-flow\" style=\"flex-basis:30%\">\n<div class=\"wp-block-columns is-layout-flex wp-container-core-columns-is-layout-9d6595d7 wp-block-columns-is-layout-flex\">\n<div class=\"wp-block-column is-layout-flow wp-block-column-is-layout-flow\" style=\"flex-basis:100%\">\n<p><\/p>\n\n\n\n<div class=\"menu-container\">\n<ul class=\"wp-block-list\">\n<li class=\"active\">\u00a0Metales b\u00e1sicos\n<ul class=\"wp-block-list\">\n<li><a style=\"color: #666;\"href=\"\/es\/%e9%93%9c\/\">Cu<\/a><\/li>\n\n\n\n<li><a style=\"color: #666;\"href=\"\/es\/%e9%94%8c\/\">Zn<\/a><\/li>\n\n\n\n<li><a style=\"color: #666;\"href=\"\/es\/%e9%95%8d\/\">Ni<\/a><\/li>\n\n\n\n<li><a style=\"color: #666;\"href=\"\/es\/%e9%94%a1\/\">Sn<\/a><\/li>\n\n\n\n<li><a style=\"color: #666;\"href=\"\/es\/%e9%93%85\/\">Pb<\/a><\/li>\n\n\n\n<li class=\"active\"><a style=\"color: #666;\"href=\"\/es\/%e9%93%9d\/\">Al<\/a><\/li>\n\n\n<li><a style=\"color: #666;\"href=\"\/es\/%e9%87%91\/\">Au<\/a><\/li>\n\n\n<li><a style=\"color: #666;\"href=\"\/es\/%E9%93%B6\/\">Ag<\/a><\/li>\n\n<\/ul>\n<\/li>\n\n\n\n<li>Elementos de la familia del platino\n<ul class=\"wp-block-list\">\n\n\n<li><a style=\"color: #666;\"href=\"\/es\/%E9%92%AF\/\">Pd<\/a><\/li>\n\n\n\n<li><a style=\"color: #666;\"href=\"\/es\/%E9%93%82\/\">Pd<\/a><\/li>\n\n\n\n<li><a style=\"color: #666;\"href=\"\/es\/%e9%93%91-2\/\">Pd<\/a><\/li>\n\n\n\n<li><a style=\"color: #666;\"href=\"\/es\/%E9%93%B1\/\">Ir<\/a><\/li>\n\n\n<\/ul>\n<\/li>\n\n\n\n<li>\u65b0\u80fd\u6e90\u4e0e\u5173\u952e\u91d1\u5c5e\n<ul class=\"wp-block-list\">\n\n\n<li><a style=\"color: #666;\"href=\"\/es\/%e9%94%82\/\">Li<\/a><\/li>\n\n\n\n<li><a style=\"color: #666;\"href=\"\/es\/%e9%92%b4-2\/\">Co<\/a><\/li>\n\n\n<\/ul>\n<\/li>\n\n\n\n<li>\u7279\u79cd\u5408\u91d1\u4e0e\u9ad8\u6027\u80fd\u91d1\u5c5e\n<ul class=\"wp-block-list\">\n\n<li><a style=\"color: #666;\"href=\"\/es\/%e9%92%a8\/\">W<\/a><\/li>\n\n\n\n<li><a style=\"color: #666;\"href=\"\/es\/%e9%92%bc\/\">Mo<\/a><\/li>\n\n\n\n<li><a style=\"color: #666;\"href=\"\/es\/%e9%92%bd\/\">Ta<\/a><\/li>\n\n\n\n<li><a style=\"color: #666;\"href=\"\/es\/%e9%93%8c-2\/\">Nb<\/a><\/li>\n\n\n\n<li><a style=\"color: #666;\"href=\"\/es\/%e9%92%9b\/\">Ti<\/a><\/li>\n\n\n\n<li><a style=\"color: #666;\"href=\"\/es\/%E9%94%91\/\">Sb<\/a><\/li>\n\n\n\n<li><a style=\"color: #666;\"href=\"\/es\/%E9%93%8D\/\">Be<\/a><\/li>\n\n\n\n<li><a style=\"color: #666;\"href=\"\/es\/%E9%92%92-2\/\">V<\/a><\/li>\n\n\n<\/ul>\n<\/li>\n\n\n\n<li>Metales ferrosos\n<ul class=\"wp-block-list\">\n\n<li><a style=\"color: #666;\"href=\"\/es\/%e9%93%81\/\">Fe<\/a><\/li>\n\n\n\n<li><a style=\"color: #666;\"href=\"\/es\/%e9%94%b0\/\">Mn<\/a><\/li>\n\n\n\n<li><a style=\"color: #666;\"href=\"\/es\/%e9%93%ac\/\">Cr<\/a><\/li>\n\n<\/ul>\n<\/li>\n\n\n\n<li>Otros productos comerciales\n<ul class=\"wp-block-list\">\n\n\n<li><a style=\"color: #666;\"href=\"\/es\/%e6%b0%9f\/\">F<\/a><\/li>\n\n\n<li><a style=\"color: #666;\"href=\"\/es\/%e7%a2%b3\/\">C<\/a><\/li>\n\n\n<li><a style=\"color: #666;\"href=\"\/es\/%e7%a1%85\/\">Si<\/a><\/li>\n\n<\/ul>\n<\/li>\n\n\n<\/ul>\n<\/div>\n\n<\/div>\n<\/div>\n\n<\/div>\n\n\n<div class=\"wp-block-column big-goods-list is-layout-flow wp-block-column-is-layout-flow\" style=\"flex-basis:70%;\">\n\n\n<p><strong>1. Bauxita:<\/strong><br\/>Los principales minerales que contienen aluminio en la naturaleza son la gibbsita y la boehmita, entre otros. Su composici\u00f3n qu\u00edmica consiste en \u00f3xidos e hidr\u00f3xidos de aluminio, a menudo acompa\u00f1ados de elementos como el arrabio, el silicio y el titanio. Es la \u00fanica materia prima inicial para la industria del aluminio, y la al\u00famina se extrae mediante procesos como el proceso Bayer o la sinterizaci\u00f3n, lo que constituye la base para la producci\u00f3n de aluminio electrol\u00edtico.<\/p>\n\n\n\n<p><strong>2. Concentrado de aluminio:<\/strong><br\/> La bauxita, enriquecida mediante procesos de beneficio (como flotaci\u00f3n y separaci\u00f3n magn\u00e9tica), presenta un contenido de aluminio significativamente mayor y niveles reducidos de impurezas como silicio y hierro. Es una materia prima preferida para la producci\u00f3n de al\u00famina, ya que mejora la eficiencia de la fundici\u00f3n y reduce el consumo de energ\u00eda. Se utiliza com\u00fanmente en procesos de preparaci\u00f3n de al\u00famina donde se requiere una materia prima de alta calidad.<\/p>\n\n\n\n<p><strong>3. Lingotes de aluminio:<\/strong><br\/> El aluminio met\u00e1lico primario, obtenido mediante la reducci\u00f3n electrol\u00edtica de la al\u00famina, se refiere t\u00edpicamente a lingotes de aluminio para refundici\u00f3n, con una pureza generalmente entre el 99,5 % y el 99,9 %, que contienen oligoelementos como silicio y hierro. Es la materia prima b\u00e1sica para el procesamiento del aluminio y puede utilizarse directamente en aleaciones de fundici\u00f3n, laminado de productos de aluminio o como materia prima para su posterior procesamiento, circulando en el mercado de metales.<\/p>\n\n\n\n<p><strong>4. Aluminio electrol\u00edtico:<\/strong><br\/> El aluminio de alta pureza producido en una celda electrol\u00edtica mediante electr\u00f3lisis de sales fundidas de criolita y al\u00famina suele alcanzar una pureza del 99,5 % al 99,99 % (seg\u00fan el grado). Presenta una cristalizaci\u00f3n uniforme y una excelente conductividad el\u00e9ctrica, lo que lo convierte en el producto final de la fundici\u00f3n de aluminio. Se puede utilizar directamente en sectores con requisitos de pureza rigurosos, como la generaci\u00f3n de energ\u00eda, la electr\u00f3nica, los equipos de alta gama y el envasado de alimentos.<\/p>\n\n\n\n<p><strong>5. Polvo de al\u00famina:<\/strong><br\/> Compuesto blanco pulverulento obtenido a partir de bauxita mediante procesamiento qu\u00edmico (proceso Bayer), con f\u00f3rmula qu\u00edmica Al\u2082O\u2083, con una pureza t\u00edpicamente superior al 98 %. Es un producto intermedio clave en la fundici\u00f3n de aluminio, con caracter\u00edsticas como un alto punto de fusi\u00f3n y una alta dureza. Se utiliza directamente en la producci\u00f3n de aluminio electrol\u00edtico y tambi\u00e9n se utiliza ampliamente en cer\u00e1mica, materiales refractarios y catalizadores.<\/p>\n\n\n\n<p><strong>6. Chatarra de aluminio:<\/strong><br\/> La chatarra o los residuos industriales que contienen aluminio provienen principalmente de perfiles de aleaci\u00f3n de aluminio, productos de aluminio de desecho, piezas de autom\u00f3viles y materiales de embalaje. Es un importante recurso de aluminio reciclado, y su reciclaje y refundici\u00f3n pueden reducir significativamente el consumo energ\u00e9tico del aluminio electrol\u00edtico, lo que lo convierte en un elemento clave para la conservaci\u00f3n de energ\u00eda y la protecci\u00f3n del medio ambiente en la industria del aluminio.<\/p>\n\n\n\n<div style=\"height:100px\" aria-hidden=\"true\" class=\"wp-block-spacer\"><\/div>\n\n\n\n\n\n<\/div>\n<!-- \/wp:post-content --><\/div>\n<!-- \/wp:post-content -->","protected":false},"excerpt":{"rendered":"<p>1\u3001\u94dd\u571f\u77ff\uff1a\u81ea\u7136\u754c\u4e2d\u542b\u94dd\u7684\u4e3b\u8981\u77ff\u77f3\uff0c\u4e3b\u8981\u77ff\u7269\u4e3a\u4e09\u6c34\u94dd\u77f3\u3001\u4e00\u6c34\u786c\u94dd\u77f3\u7b49\uff0c\u5316\u5b66\u6210\u5206\u4e3a\u542b\u94dd\u7684\u6c27\u5316\u7269\u548c\u6c22\u6c27\u5316 [&hellip;]<\/p>\n","protected":false},"author":1,"featured_media":731,"parent":0,"menu_order":0,"comment_status":"closed","ping_status":"closed","template":"","meta":{"footnotes":""},"class_list":["post-469","page","type-page","status-publish","has-post-thumbnail","hentry"],"_links":{"self":[{"href":"https:\/\/www.olagoo.com\/es\/wp-json\/wp\/v2\/pages\/469","targetHints":{"allow":["GET"]}}],"collection":[{"href":"https:\/\/www.olagoo.com\/es\/wp-json\/wp\/v2\/pages"}],"about":[{"href":"https:\/\/www.olagoo.com\/es\/wp-json\/wp\/v2\/types\/page"}],"author":[{"embeddable":true,"href":"https:\/\/www.olagoo.com\/es\/wp-json\/wp\/v2\/users\/1"}],"replies":[{"embeddable":true,"href":"https:\/\/www.olagoo.com\/es\/wp-json\/wp\/v2\/comments?post=469"}],"version-history":[{"count":9,"href":"https:\/\/www.olagoo.com\/es\/wp-json\/wp\/v2\/pages\/469\/revisions"}],"predecessor-version":[{"id":1881,"href":"https:\/\/www.olagoo.com\/es\/wp-json\/wp\/v2\/pages\/469\/revisions\/1881"}],"wp:featuredmedia":[{"embeddable":true,"href":"https:\/\/www.olagoo.com\/es\/wp-json\/wp\/v2\/media\/731"}],"wp:attachment":[{"href":"https:\/\/www.olagoo.com\/es\/wp-json\/wp\/v2\/media?parent=469"}],"curies":[{"name":"wp","href":"https:\/\/api.w.org\/{rel}","templated":true}]}}