{"id":475,"date":"2025-04-18T19:54:20","date_gmt":"2025-04-18T11:54:20","guid":{"rendered":"https:\/\/www.olagoo.com\/?page_id=475"},"modified":"2026-01-14T20:35:48","modified_gmt":"2026-01-14T12:35:48","slug":"%e9%93%82","status":"publish","type":"page","link":"https:\/\/www.olagoo.com\/es\/%e9%93%82","title":{"rendered":"<div class=\"info-content\"><img class=\"info-icon\" src=\"\/wp-content\/uploads\/2025\/04\/\u94c2-Platinum_.jpg\"><p  class=\"info-title\">Pt<\/p><\/div>"},"content":{"rendered":"<div class=\"wp-block-columns is-layout-flex wp-container-core-columns-is-layout-9d6595d7 wp-block-columns-is-layout-flex\">\n<div class=\"wp-block-column is-layout-flow wp-block-column-is-layout-flow\" style=\"flex-basis:30%\">\n<div class=\"wp-block-columns is-layout-flex wp-container-core-columns-is-layout-9d6595d7 wp-block-columns-is-layout-flex\">\n<div class=\"wp-block-column is-layout-flow wp-block-column-is-layout-flow\" style=\"flex-basis:100%\">\n<p><\/p>\n\n\n\n\n<div class=\"menu-container\">\n<ul class=\"wp-block-list\">\n<li>\u00a0Metales b\u00e1sicos\n<ul class=\"wp-block-list\">\n<li><a style=\"color: #666;\"href=\"\/es\/%e9%93%9c\/\">Cu<\/a><\/li>\n\n\n\n<li><a style=\"color: #666;\"href=\"\/es\/%e9%94%8c\/\">Zn<\/a><\/li>\n\n\n\n<li><a style=\"color: #666;\"href=\"\/es\/%e9%95%8d\/\">Ni<\/a><\/li>\n\n\n\n<li><a style=\"color: #666;\"href=\"\/es\/%e9%94%a1\/\">Sn<\/a><\/li>\n\n\n\n<li><a style=\"color: #666;\"href=\"\/es\/%e9%93%85\/\">Pb<\/a><\/li>\n\n\n\n<li><a style=\"color: #666;\"href=\"\/es\/%e9%93%9d\/\">Al<\/a><\/li>\n\n\n<li><a style=\"color: #666;\"href=\"\/es\/%e9%87%91\/\">Au<\/a><\/li>\n\n\n<li><a style=\"color: #666;\"href=\"\/es\/%E9%93%B6\/\">Ag<\/a><\/li>\n\n<\/ul>\n<\/li>\n\n\n\n<li class=\"active\">Elementos de la familia del platino\n<ul class=\"wp-block-list\">\n\n\n<li><a style=\"color: #666;\"href=\"\/es\/%E9%92%AF\/\">Pd<\/a><\/li>\n\n\n\n<li class=\"active\"><a style=\"color: #666;\"href=\"\/es\/%E9%93%82\/\">Pd<\/a><\/li>\n\n\n\n<li><a style=\"color: #666;\"href=\"\/es\/%e9%93%91-2\/\">Pd<\/a><\/li>\n\n\n\n<li><a style=\"color: #666;\"href=\"\/es\/%E9%93%B1\/\">Ir<\/a><\/li>\n\n\n<\/ul>\n<\/li>\n\n\n\n<li>\u65b0\u80fd\u6e90\u4e0e\u5173\u952e\u91d1\u5c5e\n<ul class=\"wp-block-list\">\n\n\n<li><a style=\"color: #666;\"href=\"\/es\/%e9%94%82\/\">Li<\/a><\/li>\n\n\n\n<li><a style=\"color: #666;\"href=\"\/es\/%e9%92%b4-2\/\">Co<\/a><\/li>\n\n\n<\/ul>\n<\/li>\n\n\n\n<li>\u7279\u79cd\u5408\u91d1\u4e0e\u9ad8\u6027\u80fd\u91d1\u5c5e\n<ul class=\"wp-block-list\">\n\n<li><a style=\"color: #666;\"href=\"\/es\/%e9%92%a8\/\">W<\/a><\/li>\n\n\n\n<li><a style=\"color: #666;\"href=\"\/es\/%e9%92%bc\/\">Mo<\/a><\/li>\n\n\n\n<li><a style=\"color: #666;\"href=\"\/es\/%e9%92%bd\/\">Ta<\/a><\/li>\n\n\n\n<li><a style=\"color: #666;\"href=\"\/es\/%e9%93%8c-2\/\">Nb<\/a><\/li>\n\n\n\n<li><a style=\"color: #666;\"href=\"\/es\/%e9%92%9b\/\">Ti<\/a><\/li>\n\n\n\n<li><a style=\"color: #666;\"href=\"\/es\/%E9%94%91\/\">Sb<\/a><\/li>\n\n\n\n<li><a style=\"color: #666;\"href=\"\/es\/%E9%93%8D\/\">Be<\/a><\/li>\n\n\n\n<li><a style=\"color: #666;\"href=\"\/es\/%E9%92%92-2\/\">V<\/a><\/li>\n\n\n<\/ul>\n<\/li>\n\n\n\n<li>Metales ferrosos\n<ul class=\"wp-block-list\">\n\n<li><a style=\"color: #666;\"href=\"\/es\/%e9%93%81\/\">Fe<\/a><\/li>\n\n\n\n<li><a style=\"color: #666;\"href=\"\/es\/%e9%94%b0\/\">Mn<\/a><\/li>\n\n\n\n<li><a style=\"color: #666;\"href=\"\/es\/%e9%93%ac\/\">Cr<\/a><\/li>\n\n<\/ul>\n<\/li>\n\n\n\n<li>Otros productos comerciales\n<ul class=\"wp-block-list\">\n\n\n<li><a style=\"color: #666;\"href=\"\/es\/%e6%b0%9f\/\">F<\/a><\/li>\n\n\n<li><a style=\"color: #666;\"href=\"\/es\/%e7%a2%b3\/\">C<\/a><\/li>\n\n\n<li><a style=\"color: #666;\"href=\"\/es\/%e7%a1%85\/\">Si<\/a><\/li>\n\n<\/ul>\n<\/li>\n\n\n<\/ul>\n\n<\/div>\n\n<\/div>\n<\/div>\n\n<\/div>\n\n\n<div class=\"wp-block-column big-goods-list is-layout-flow wp-block-column-is-layout-flow\" style=\"flex-basis:70%;\">\n\n<style> p::first-letter {font-weight: bold;} <\/style>\n\n<p>El platino es un elemento de metales preciosos nobles, con el s\u00edmbolo qu\u00edmico Pt. El platino tiene caracter\u00edsticas de alta temperatura de fusi\u00f3n, alta densidad y fuerte resistencia a la oxidaci\u00f3n, y se utiliza com\u00fanmente en la fabricaci\u00f3n de joyas para crear joyas de alta gama; en el campo de la catalizaci\u00f3n qu\u00edmica, como catalizador importante en la producci\u00f3n de petroqu\u00edmica y qu\u00edmica fina; en la industria electr\u00f3nica, para fabricar componentes electr\u00f3nicos de alta precisi\u00f3n.<\/p>\n\n\n\n<div>El platino rara vez existe como dep\u00f3sito independiente; se recupera principalmente como subproducto de dos tipos de minerales, y su prioridad de fuente industrial difiere ligeramente de la del paladio. <\/div>\n\n\n<p><\/p>\n\n\n<p><strong>1. Minerales de metales primarios del grupo del platino:<\/strong><br\/> El mineral se compone principalmente de minerales met\u00e1licos del grupo del platino, como platino nativo, mineral de arsenoplatino y mineral de tioplatino. El platino a menudo se presenta asociado con paladio, rodio, iridio, rutenio y osmio, formando aleaciones naturales complejas. La fuente m\u00e1s famosa es el Complejo Bushveld en Sud\u00e1frica, que contiene aproximadamente el 70% de los recursos mundiales de platino. El platino tambi\u00e9n se encuentra en estratos enriquecidos como el dep\u00f3sito Melensky. La regi\u00f3n de Norilsk en Rusia tambi\u00e9n es una fuente importante. Los concentrados de metales del grupo del platino se obtienen mediante complejos procesos de beneficio (separaci\u00f3n por gravedad, flotaci\u00f3n), seguidos de separaci\u00f3n y purificaci\u00f3n mediante t\u00e9cnicas hidrometal\u00fargicas\/pirometal\u00fargicas avanzadas (como fundici\u00f3n en horno de arco el\u00e9ctrico, volatilizaci\u00f3n por cloraci\u00f3n y extracci\u00f3n por solventes).<\/p>\n\n\n\n<p><strong>2. Mineral de sulfuro de cobre y n\u00edquel:<\/strong><br\/> Los minerales de sulfuro de cobre y n\u00edquel son una importante fuente complementaria de platino, pero las tasas de recuperaci\u00f3n de platino y su importancia econ\u00f3mica son generalmente inferiores a las del paladio en los mismos minerales. Los minerales son principalmente pirita de n\u00edquel y calcopirita. El platino se presenta como part\u00edculas minerales finas o formas isomorfas dentro de estos minerales de sulfuro. Un ejemplo t\u00edpico es el yacimiento de Norilsk en Rusia, donde la producci\u00f3n de paladio entre los metales del grupo del platino supera con creces la producci\u00f3n de platino. El platino tambi\u00e9n es un subproducto de la mina Sudbury en Canad\u00e1. Durante la fundici\u00f3n de cobre y n\u00edquel, el platino, junto con el paladio, se enriquece en lodo an\u00f3dico o mata y se recupera como un subproducto de alto valor. Su producci\u00f3n est\u00e1 directamente influenciada por el mercado de metales primarios (n\u00edquel, cobre) y la escala de producci\u00f3n.<\/p>\n\n\n\n<div style=\"height:100px\" aria-hidden=\"true\" class=\"wp-block-spacer\"><\/div>\n\n\n\n\n\n<\/div>\n<!-- \/wp:post-content --><\/div>\n<!-- \/wp:post-content -->","protected":false},"excerpt":{"rendered":"<p>\u94c2\u662f\u4e00\u79cd\u8d35\u91cd\u91d1\u5c5e\u5143\u7d20\uff0c\u5316\u5b66\u7b26\u53f7\u4e3a Pt\u3002\u94c2\u5177\u6709\u9ad8\u7194\u70b9\u3001\u9ad8\u5bc6\u5ea6\u3001\u6297\u6c27\u5316\u6027\u5f3a\u7b49\u7279\u70b9\uff0c\u5e38\u7528\u4e8e\u73e0\u5b9d\u5236\u9020\uff0c\u6253\u9020 [&hellip;]<\/p>\n","protected":false},"author":1,"featured_media":731,"parent":0,"menu_order":0,"comment_status":"closed","ping_status":"closed","template":"","meta":{"footnotes":""},"class_list":["post-475","page","type-page","status-publish","has-post-thumbnail","hentry"],"_links":{"self":[{"href":"https:\/\/www.olagoo.com\/es\/wp-json\/wp\/v2\/pages\/475","targetHints":{"allow":["GET"]}}],"collection":[{"href":"https:\/\/www.olagoo.com\/es\/wp-json\/wp\/v2\/pages"}],"about":[{"href":"https:\/\/www.olagoo.com\/es\/wp-json\/wp\/v2\/types\/page"}],"author":[{"embeddable":true,"href":"https:\/\/www.olagoo.com\/es\/wp-json\/wp\/v2\/users\/1"}],"replies":[{"embeddable":true,"href":"https:\/\/www.olagoo.com\/es\/wp-json\/wp\/v2\/comments?post=475"}],"version-history":[{"count":11,"href":"https:\/\/www.olagoo.com\/es\/wp-json\/wp\/v2\/pages\/475\/revisions"}],"predecessor-version":[{"id":1889,"href":"https:\/\/www.olagoo.com\/es\/wp-json\/wp\/v2\/pages\/475\/revisions\/1889"}],"wp:featuredmedia":[{"embeddable":true,"href":"https:\/\/www.olagoo.com\/es\/wp-json\/wp\/v2\/media\/731"}],"wp:attachment":[{"href":"https:\/\/www.olagoo.com\/es\/wp-json\/wp\/v2\/media?parent=475"}],"curies":[{"name":"wp","href":"https:\/\/api.w.org\/{rel}","templated":true}]}}