{"id":478,"date":"2025-04-18T19:54:38","date_gmt":"2025-04-18T11:54:38","guid":{"rendered":"https:\/\/www.olagoo.com\/?page_id=478"},"modified":"2026-01-14T20:36:44","modified_gmt":"2026-01-14T12:36:44","slug":"%e9%93%91-2","status":"publish","type":"page","link":"https:\/\/www.olagoo.com\/es\/%e9%93%91-2","title":{"rendered":"<div class=\"info-content\"><img class=\"info-icon\" src=\"\/wp-content\/uploads\/2025\/04\/\u94d1.jpeg\"><p  class=\"info-title\">Rh<\/p><\/div>"},"content":{"rendered":"<div class=\"wp-block-columns is-layout-flex wp-container-core-columns-is-layout-9d6595d7 wp-block-columns-is-layout-flex\">\n<div class=\"wp-block-column is-layout-flow wp-block-column-is-layout-flow\" style=\"flex-basis:30%\">\n<div class=\"wp-block-columns is-layout-flex wp-container-core-columns-is-layout-9d6595d7 wp-block-columns-is-layout-flex\">\n<div class=\"wp-block-column is-layout-flow wp-block-column-is-layout-flow\" style=\"flex-basis:100%\">\n<p><\/p>\n\n\n\n<div class=\"menu-container\">\n<ul class=\"wp-block-list\">\n<li>\u00a0Metales b\u00e1sicos\n<ul class=\"wp-block-list\">\n<li><a style=\"color: #666;\"href=\"\/es\/%e9%93%9c\/\">Cu<\/a><\/li>\n\n\n\n<li><a style=\"color: #666;\"href=\"\/es\/%e9%94%8c\/\">Zn<\/a><\/li>\n\n\n\n<li><a style=\"color: #666;\"href=\"\/es\/%e9%95%8d\/\">Ni<\/a><\/li>\n\n\n\n<li><a style=\"color: #666;\"href=\"\/es\/%e9%94%a1\/\">Sn<\/a><\/li>\n\n\n\n<li><a style=\"color: #666;\"href=\"\/es\/%e9%93%85\/\">Pb<\/a><\/li>\n\n\n\n<li><a style=\"color: #666;\"href=\"\/es\/%e9%93%9d\/\">Al<\/a><\/li>\n\n\n<li><a style=\"color: #666;\"href=\"\/es\/%e9%87%91\/\">Au<\/a><\/li>\n\n\n<li><a style=\"color: #666;\"href=\"\/es\/%E9%93%B6\/\">Ag<\/a><\/li>\n\n<\/ul>\n<\/li>\n\n\n\n<li class=\"active\">Elementos de la familia del platino\n<ul class=\"wp-block-list\">\n\n\n<li><a style=\"color: #666;\"href=\"\/es\/%E9%92%AF\/\">Pd<\/a><\/li>\n\n\n\n<li><a style=\"color: #666;\"href=\"\/es\/%E9%93%82\/\">Pd<\/a><\/li>\n\n\n\n<li class=\"active\"><a style=\"color: #666;\"href=\"\/es\/%e9%93%91-2\/\">Pd<\/a><\/li>\n\n\n\n<li><a style=\"color: #666;\"href=\"\/es\/%E9%93%B1\/\">Ir<\/a><\/li>\n\n\n<\/ul>\n<\/li>\n\n\n\n<li>\u65b0\u80fd\u6e90\u4e0e\u5173\u952e\u91d1\u5c5e\n<ul class=\"wp-block-list\">\n\n\n<li><a style=\"color: #666;\"href=\"\/es\/%e9%94%82\/\">Li<\/a><\/li>\n\n\n\n<li><a style=\"color: #666;\"href=\"\/es\/%e9%92%b4-2\/\">Co<\/a><\/li>\n\n\n<\/ul>\n<\/li>\n\n\n\n<li>\u7279\u79cd\u5408\u91d1\u4e0e\u9ad8\u6027\u80fd\u91d1\u5c5e\n<ul class=\"wp-block-list\">\n\n<li><a style=\"color: #666;\"href=\"\/es\/%e9%92%a8\/\">W<\/a><\/li>\n\n\n\n<li><a style=\"color: #666;\"href=\"\/es\/%e9%92%bc\/\">Mo<\/a><\/li>\n\n\n\n<li><a style=\"color: #666;\"href=\"\/es\/%e9%92%bd\/\">Ta<\/a><\/li>\n\n\n\n<li><a style=\"color: #666;\"href=\"\/es\/%e9%93%8c-2\/\">Nb<\/a><\/li>\n\n\n\n<li><a style=\"color: #666;\"href=\"\/es\/%e9%92%9b\/\">Ti<\/a><\/li>\n\n\n\n<li><a style=\"color: #666;\"href=\"\/es\/%E9%94%91\/\">Sb<\/a><\/li>\n\n\n\n<li><a style=\"color: #666;\"href=\"\/es\/%E9%93%8D\/\">Be<\/a><\/li>\n\n\n\n<li><a style=\"color: #666;\"href=\"\/es\/%E9%92%92-2\/\">V<\/a><\/li>\n\n\n<\/ul>\n<\/li>\n\n\n\n<li>Metales ferrosos\n<ul class=\"wp-block-list\">\n\n<li><a style=\"color: #666;\"href=\"\/es\/%e9%93%81\/\">Fe<\/a><\/li>\n\n\n\n<li><a style=\"color: #666;\"href=\"\/es\/%e9%94%b0\/\">Mn<\/a><\/li>\n\n\n\n<li><a style=\"color: #666;\"href=\"\/es\/%e9%93%ac\/\">Cr<\/a><\/li>\n\n<\/ul>\n<\/li>\n\n\n\n<li>Otros productos comerciales\n<ul class=\"wp-block-list\">\n\n\n<li><a style=\"color: #666;\"href=\"\/es\/%e6%b0%9f\/\">F<\/a><\/li>\n\n\n<li><a style=\"color: #666;\"href=\"\/es\/%e7%a2%b3\/\">C<\/a><\/li>\n\n\n<li><a style=\"color: #666;\"href=\"\/es\/%e7%a1%85\/\">Si<\/a><\/li>\n\n<\/ul>\n<\/li>\n\n\n<\/ul>\n<\/div>\n<\/div>\n<\/div>\n\n<\/div>\n\n\n<div class=\"wp-block-column big-goods-list is-layout-flow wp-block-column-is-layout-flow\" style=\"flex-basis:70%;\">\n<style> p::first-letter {font-weight: bold;} <\/style>\n\n<p>Es un elemento de metales preciosos raro, con el s\u00edmbolo qu\u00edmico Rh. El rodio tiene una alta reflectividad, dureza y buena resistencia a la corrosi\u00f3n, y se utiliza com\u00fanmente en catalizadores de purificaci\u00f3n de gases de escape de autom\u00f3viles, pudiendo catalizar eficazmente la reducci\u00f3n de \u00f3xidos de nitr\u00f3geno; en la industria de joyas, para galvanizar y mejorar el brillo y la resistencia a la desgaste de las joyas; tambi\u00e9n se puede utilizar en la fabricaci\u00f3n de instrumentos \u00f3pticos.<\/p>\n\n\n\n<div>El rodio es mucho m\u00e1s raro y est\u00e1 m\u00e1s disperso que el platino y el paladio, lo que lo convierte en el miembro m\u00e1s raro y valioso del grupo de los metales del platino. Su suministro industrial depende completamente de la recuperaci\u00f3n integral de otros minerales met\u00e1licos; no existen yacimientos independientes de rodio.<\/div>\n\n\n<p><\/p>\n\n\n<p><strong>1. Minerales de metales primarios del grupo del platino:<\/strong><br\/> El mineral se compone principalmente de minerales met\u00e1licos del grupo del platino (como el platino nativo, la arsenopirita y la tioplatinita). El rodio existe en formas isomorfas (sustituyendo \u00e1tomos de platino) o como minerales finos independientes (como la tioplatinita de rodio y el mineral de rodio platino). Se concentra casi en su totalidad en el Complejo Bushveld de Sud\u00e1frica. El contenido de rodio en el mineral de platino es extremadamente bajo. En los complejos procesos qu\u00edmicos de refinaci\u00f3n del platino (como la disoluci\u00f3n en agua regia, la extracci\u00f3n por solventes y el intercambio i\u00f3nico), el rodio se separa y purifica en las etapas finales debido a sus propiedades qu\u00edmicas \u00fanicas. Obtener rodio de esta fuente es costoso y su suministro es extremadamente r\u00edgido.<\/p>\n\n\n\n<p><strong>2. Mineral de sulfuro de cobre y n\u00edquel:<\/strong><br\/> Los minerales de sulfuro de cobre y n\u00edquel son una fuente cada vez m\u00e1s importante de suministro de rodio, especialmente dada la fluctuaci\u00f3n del suministro de mineral de platino procedente de Sud\u00e1frica, lo que ha aumentado su importancia estrat\u00e9gica. Los minerales son principalmente pirita de n\u00edquel y calcopirita. El rodio se encuentra en estos sulfuros en un estado microsc\u00f3pico altamente disperso. El rodio se captura en concentrados de metales preciosos (limo an\u00f3dico) procedentes de la fundici\u00f3n de cobre y n\u00edquel y se extrae junto con los procesos de refinaci\u00f3n de paladio y platino. Su suministro est\u00e1 estrechamente vinculado a las condiciones del mercado mundial del n\u00edquel y el cobre. El rodio es un material de recubrimiento clave en la fabricaci\u00f3n de convertidores catal\u00edticos para veh\u00edculos de gasolina (especialmente veh\u00edculos de alto rendimiento y pesados), se utiliza para la reducci\u00f3n catal\u00edtica eficiente de \u00f3xidos de nitr\u00f3geno, en la producci\u00f3n de crisoles especiales (aleaciones de platino-rodio) para fibras de vidrio y pantallas de cristal l\u00edquido, catalizadores qu\u00edmicos y capas de galvanoplastia (que proporcionan una resistencia superior al desgaste, a la corrosi\u00f3n y al brillo).<\/p>\n\n\n\n<div style=\"height:100px\" aria-hidden=\"true\" class=\"wp-block-spacer\"><\/div>\n\n\n\n\n\n<\/div>\n<!-- \/wp:post-content --><\/div>\n<!-- \/wp:post-content -->","protected":false},"excerpt":{"rendered":"<p>\u94d1\u662f\u4e00\u79cd\u7a00\u6709\u8d35\u91d1\u5c5e\u5143\u7d20\uff0c\u5316\u5b66\u7b26\u53f7\u4e3a Rh\u3002\u94d1\u5177\u6709\u9ad8\u53cd\u5c04\u7387\u3001\u9ad8\u786c\u5ea6\u548c\u826f\u597d\u7684\u8010\u8150\u8680\u6027\uff0c\u5e38\u7528\u4e8e\u6c7d\u8f66\u5c3e\u6c14\u51c0\u5316 [&hellip;]<\/p>\n","protected":false},"author":1,"featured_media":731,"parent":0,"menu_order":0,"comment_status":"closed","ping_status":"closed","template":"","meta":{"footnotes":""},"class_list":["post-478","page","type-page","status-publish","has-post-thumbnail","hentry"],"_links":{"self":[{"href":"https:\/\/www.olagoo.com\/es\/wp-json\/wp\/v2\/pages\/478","targetHints":{"allow":["GET"]}}],"collection":[{"href":"https:\/\/www.olagoo.com\/es\/wp-json\/wp\/v2\/pages"}],"about":[{"href":"https:\/\/www.olagoo.com\/es\/wp-json\/wp\/v2\/types\/page"}],"author":[{"embeddable":true,"href":"https:\/\/www.olagoo.com\/es\/wp-json\/wp\/v2\/users\/1"}],"replies":[{"embeddable":true,"href":"https:\/\/www.olagoo.com\/es\/wp-json\/wp\/v2\/comments?post=478"}],"version-history":[{"count":11,"href":"https:\/\/www.olagoo.com\/es\/wp-json\/wp\/v2\/pages\/478\/revisions"}],"predecessor-version":[{"id":1890,"href":"https:\/\/www.olagoo.com\/es\/wp-json\/wp\/v2\/pages\/478\/revisions\/1890"}],"wp:featuredmedia":[{"embeddable":true,"href":"https:\/\/www.olagoo.com\/es\/wp-json\/wp\/v2\/media\/731"}],"wp:attachment":[{"href":"https:\/\/www.olagoo.com\/es\/wp-json\/wp\/v2\/media?parent=478"}],"curies":[{"name":"wp","href":"https:\/\/api.w.org\/{rel}","templated":true}]}}