{"id":484,"date":"2025-04-18T19:55:10","date_gmt":"2025-04-18T11:55:10","guid":{"rendered":"https:\/\/www.olagoo.com\/?page_id=484"},"modified":"2026-01-14T20:44:56","modified_gmt":"2026-01-14T12:44:56","slug":"%e9%94%91","status":"publish","type":"page","link":"https:\/\/www.olagoo.com\/es\/%e9%94%91","title":{"rendered":"<div class=\"info-content\"><img class=\"info-icon\" src=\"\/wp-content\/uploads\/2025\/04\/\u9511-Antimony.jpg\"><p class=\"info-title\">Sb<\/p><\/div>"},"content":{"rendered":"<div class=\"wp-block-columns is-layout-flex wp-container-core-columns-is-layout-9d6595d7 wp-block-columns-is-layout-flex\">\n<div class=\"wp-block-column is-layout-flow wp-block-column-is-layout-flow\" style=\"flex-basis:30%\">\n<div class=\"wp-block-columns is-layout-flex wp-container-core-columns-is-layout-9d6595d7 wp-block-columns-is-layout-flex\">\n<div class=\"wp-block-column is-layout-flow wp-block-column-is-layout-flow\" style=\"flex-basis:100%\">\n<p><\/p>\n\n\n\n<div class=\"menu-container\">\n<ul class=\"wp-block-list\">\n<li>\u00a0Metales b\u00e1sicos\n<ul class=\"wp-block-list\">\n<li><a style=\"color: #666;\"href=\"\/es\/%e9%93%9c\/\">Cu<\/a><\/li>\n\n\n\n<li><a style=\"color: #666;\"href=\"\/es\/%e9%94%8c\/\">Zn<\/a><\/li>\n\n\n\n<li><a style=\"color: #666;\"href=\"\/es\/%e9%95%8d\/\">Ni<\/a><\/li>\n\n\n\n<li><a style=\"color: #666;\"href=\"\/es\/%e9%94%a1\/\">Sn<\/a><\/li>\n\n\n\n<li><a style=\"color: #666;\"href=\"\/es\/%e9%93%85\/\">Pb<\/a><\/li>\n\n\n\n<li><a style=\"color: #666;\"href=\"\/es\/%e9%93%9d\/\">Al<\/a><\/li>\n\n\n<li><a style=\"color: #666;\"href=\"\/es\/%e9%87%91\/\">Au<\/a><\/li>\n\n\n<li><a style=\"color: #666;\"href=\"\/es\/%E9%93%B6\/\">Ag<\/a><\/li>\n\n<\/ul>\n<\/li>\n\n\n\n<li>Elementos de la familia del platino\n<ul class=\"wp-block-list\">\n\n\n<li><a style=\"color: #666;\"href=\"\/es\/%E9%92%AF\/\">Pd<\/a><\/li>\n\n\n\n<li><a style=\"color: #666;\"href=\"\/es\/%E9%93%82\/\">Pd<\/a><\/li>\n\n\n\n<li><a style=\"color: #666;\"href=\"\/es\/%e9%93%91-2\/\">Pd<\/a><\/li>\n\n\n\n<li><a style=\"color: #666;\"href=\"\/es\/%E9%93%B1\/\">Ir<\/a><\/li>\n\n\n<\/ul>\n<\/li>\n\n\n\n<li>\u65b0\u80fd\u6e90\u4e0e\u5173\u952e\u91d1\u5c5e\n<ul class=\"wp-block-list\">\n\n\n<li><a style=\"color: #666;\"href=\"\/es\/%e9%94%82\/\">Li<\/a><\/li>\n\n\n\n<li><a style=\"color: #666;\"href=\"\/es\/%e9%92%b4-2\/\">Co<\/a><\/li>\n\n\n<\/ul>\n<\/li>\n\n\n\n<li class=\"active\">\u7279\u79cd\u5408\u91d1\u4e0e\u9ad8\u6027\u80fd\u91d1\u5c5e\n<ul class=\"wp-block-list\">\n\n<li><a style=\"color: #666;\"href=\"\/es\/%e9%92%a8\/\">W<\/a><\/li>\n\n\n\n<li><a style=\"color: #666;\"href=\"\/es\/%e9%92%bc\/\">Mo<\/a><\/li>\n\n\n\n<li><a style=\"color: #666;\"href=\"\/es\/%e9%92%bd\/\">Ta<\/a><\/li>\n\n\n\n<li><a style=\"color: #666;\"href=\"\/es\/%e9%93%8c-2\/\">Nb<\/a><\/li>\n\n\n\n<li><a style=\"color: #666;\"href=\"\/es\/%e9%92%9b\/\">Ti<\/a><\/li>\n\n\n\n<li class=\"active\"><a style=\"color: #666;\"href=\"\/es\/%E9%94%91\/\">Sb<\/a><\/li>\n\n\n\n<li><a style=\"color: #666;\"href=\"\/es\/%E9%93%8D\/\">Be<\/a><\/li>\n\n\n\n<li><a style=\"color: #666;\"href=\"\/es\/%E9%92%92-2\/\">V<\/a><\/li>\n\n\n<\/ul>\n<\/li>\n\n\n\n<li>Metales ferrosos\n<ul class=\"wp-block-list\">\n\n<li><a style=\"color: #666;\"href=\"\/es\/%e9%93%81\/\">Fe<\/a><\/li>\n\n\n\n<li><a style=\"color: #666;\"href=\"\/es\/%e9%94%b0\/\">Mn<\/a><\/li>\n\n\n\n<li><a style=\"color: #666;\"href=\"\/es\/%e9%93%ac\/\">Cr<\/a><\/li>\n\n<\/ul>\n<\/li>\n\n\n\n<li>Otros productos comerciales\n<ul class=\"wp-block-list\">\n\n\n<li><a style=\"color: #666;\"href=\"\/es\/%e6%b0%9f\/\">F<\/a><\/li>\n\n\n<li><a style=\"color: #666;\"href=\"\/es\/%e7%a2%b3\/\">C<\/a><\/li>\n\n\n<li><a style=\"color: #666;\"href=\"\/es\/%e7%a1%85\/\">Si<\/a><\/li>\n\n<\/ul>\n<\/li>\n\n\n<\/ul>\n<\/div>\n\n<\/div>\n<\/div>\n\n<\/div>\n\n\n<div class=\"wp-block-column big-goods-list is-layout-flow wp-block-column-is-layout-flow\" style=\"flex-basis:70%;\">\n\n<style> p::first-letter {font-weight: bold;} <\/style>\n\n<div>A continuaci\u00f3n se presenta una introducci\u00f3n a varios de los principales minerales que contienen antimonio, todos los cuales contienen antimonio como su principal elemento valioso y a menudo se encuentran asociados con otros metales.<\/div>\n\n\n<p><\/p>\n\n\n<p><strong>1. Estibina:<\/strong><br\/>La estibina es el mineral de antimonio m\u00e1s importante y t\u00edpico. Su color caracter\u00edstico es gris plomo, con un lustre met\u00e1lico brillante y cristales columnares o aciculares distintivos; su veta es de color negro gris\u00e1ceo. Presenta una dureza muy baja y se puede rayar con la u\u00f1a. Se encuentra a menudo asociada a minerales como el cinabrio (HgS), la pirita y el cuarzo. La mayor\u00eda de los recursos primarios de antimonio del mundo provienen de este mineral. <\/p>\n\n\n\n<p><strong>2. \u00d3xido de antimonio:<\/strong><br\/> El Sb\u2082O\u2083 es un producto secundario de la meteorizaci\u00f3n de la estibina en la zona de oxidaci\u00f3n superficial. Es de color blanco, amarillo p\u00e1lido o gris p\u00e1lido, y a menudo se presenta en forma de agregados terrosos, pulverulentos o escamosos. Puede fundirse directamente como \u00f3xido de antimonio, pero su valor m\u00e1s com\u00fan reside en su funci\u00f3n como indicador de prospecci\u00f3n, sugiriendo la posible presencia de cuerpos primarios de estibina en el subsuelo.<\/p>\n\n\n\n<p><strong>3. Flor de antimonio amarilla:<\/strong><br\/> El \u00f3xido de antimonio amarillo (Sb\u2082O\u2084\u00b7nH\u2082O o Sb\u2083O\u2086(OH)) se encuentra com\u00fanmente en la zona de oxidaci\u00f3n y es otro producto de la oxidaci\u00f3n de la estibina. Su color es amarillo claro o amarillo ocre y se presenta principalmente en formas terrosas, estalact\u00edticas o costrosas.<\/p>\n\n\n\n<p><strong>4. Minerales de sales de azufre que contienen antimonio:<\/strong><br\/> El antimonio se encuentra en diversos minerales, como la estibina de talio, la estibina quebradiza y la tetraedrita. Su composici\u00f3n es compleja, ya que el antimonio forma la red mineral junto con metales como el cobre, el plomo y la plata. Se encuentra com\u00fanmente en dep\u00f3sitos polimet\u00e1licos. El antimonio no suele ser un producto primario, sino un importante elemento valioso asociado, que se recupera durante el beneficio del plomo, el cobre y la plata, lo que lo convierte en una importante fuente complementaria de recursos de antimonio.<\/p>\n\n\n\n<div style=\"height:100px\" aria-hidden=\"true\" class=\"wp-block-spacer\"><\/div>\n\n\n\n\n\n<\/div>\n<!-- \/wp:post-content --><\/div>\n<!-- \/wp:post-content -->","protected":false},"excerpt":{"rendered":"<p>\u4ee5\u4e0b\u662f\u51e0\u79cd\u4e3b\u8981\u7684\u542b\u9511\u77ff\u77f3\u4ecb\u7ecd\uff0c\u5b83\u4eec\u5747\u4ee5\u9511\u4e3a\u4e3b\u8981\u6709\u4ef7\u503c\u5143\u7d20\uff0c\u5e38\u4e0e\u5176\u4ed6\u91d1\u5c5e\u5171\u751f\u3002 1\u3001\u8f89\u9511\u77ff\uff1a\u8f89\u9511\u77ff\u662f\u6700 [&hellip;]<\/p>\n","protected":false},"author":1,"featured_media":731,"parent":0,"menu_order":0,"comment_status":"closed","ping_status":"closed","template":"","meta":{"footnotes":""},"class_list":["post-484","page","type-page","status-publish","has-post-thumbnail","hentry"],"_links":{"self":[{"href":"https:\/\/www.olagoo.com\/es\/wp-json\/wp\/v2\/pages\/484","targetHints":{"allow":["GET"]}}],"collection":[{"href":"https:\/\/www.olagoo.com\/es\/wp-json\/wp\/v2\/pages"}],"about":[{"href":"https:\/\/www.olagoo.com\/es\/wp-json\/wp\/v2\/types\/page"}],"author":[{"embeddable":true,"href":"https:\/\/www.olagoo.com\/es\/wp-json\/wp\/v2\/users\/1"}],"replies":[{"embeddable":true,"href":"https:\/\/www.olagoo.com\/es\/wp-json\/wp\/v2\/comments?post=484"}],"version-history":[{"count":10,"href":"https:\/\/www.olagoo.com\/es\/wp-json\/wp\/v2\/pages\/484\/revisions"}],"predecessor-version":[{"id":1899,"href":"https:\/\/www.olagoo.com\/es\/wp-json\/wp\/v2\/pages\/484\/revisions\/1899"}],"wp:featuredmedia":[{"embeddable":true,"href":"https:\/\/www.olagoo.com\/es\/wp-json\/wp\/v2\/media\/731"}],"wp:attachment":[{"href":"https:\/\/www.olagoo.com\/es\/wp-json\/wp\/v2\/media?parent=484"}],"curies":[{"name":"wp","href":"https:\/\/api.w.org\/{rel}","templated":true}]}}