{"id":488,"date":"2025-04-18T19:55:42","date_gmt":"2025-04-18T11:55:42","guid":{"rendered":"https:\/\/www.olagoo.com\/?page_id=488"},"modified":"2026-01-14T20:45:47","modified_gmt":"2026-01-14T12:45:47","slug":"%e9%93%8d","status":"publish","type":"page","link":"https:\/\/www.olagoo.com\/es\/%e9%93%8d","title":{"rendered":"<div class=\"info-content\"><img class=\"info-icon\" src=\"\/wp-content\/uploads\/2025\/04\/\u94cd-Be.jpg\"><p class=\"info-title\">Be<\/p><\/div>"},"content":{"rendered":"<div class=\"wp-block-columns is-layout-flex wp-container-core-columns-is-layout-9d6595d7 wp-block-columns-is-layout-flex\">\n<div class=\"wp-block-column is-layout-flow wp-block-column-is-layout-flow\" style=\"flex-basis:30%\">\n<div class=\"wp-block-columns is-layout-flex wp-container-core-columns-is-layout-9d6595d7 wp-block-columns-is-layout-flex\">\n<div class=\"wp-block-column is-layout-flow wp-block-column-is-layout-flow\" style=\"flex-basis:100%\">\n<p><\/p>\n\n\n\n\n<div class=\"menu-container\">\n<ul class=\"wp-block-list\">\n<li>\u00a0Metales b\u00e1sicos\n<ul class=\"wp-block-list\">\n<li><a style=\"color: #666;\"href=\"\/es\/%e9%93%9c\/\">Cu<\/a><\/li>\n\n\n\n<li><a style=\"color: #666;\"href=\"\/es\/%e9%94%8c\/\">Zn<\/a><\/li>\n\n\n\n<li><a style=\"color: #666;\"href=\"\/es\/%e9%95%8d\/\">Ni<\/a><\/li>\n\n\n\n<li><a style=\"color: #666;\"href=\"\/es\/%e9%94%a1\/\">Sn<\/a><\/li>\n\n\n\n<li><a style=\"color: #666;\"href=\"\/es\/%e9%93%85\/\">Pb<\/a><\/li>\n\n\n\n<li><a style=\"color: #666;\"href=\"\/es\/%e9%93%9d\/\">Al<\/a><\/li>\n\n\n<li><a style=\"color: #666;\"href=\"\/es\/%e9%87%91\/\">Au<\/a><\/li>\n\n\n<li><a style=\"color: #666;\"href=\"\/es\/%E9%93%B6\/\">Ag<\/a><\/li>\n\n<\/ul>\n<\/li>\n\n\n\n<li>Elementos de la familia del platino\n<ul class=\"wp-block-list\">\n\n\n<li><a style=\"color: #666;\"href=\"\/es\/%E9%92%AF\/\">Pd<\/a><\/li>\n\n\n\n<li><a style=\"color: #666;\"href=\"\/es\/%E9%93%82\/\">Pd<\/a><\/li>\n\n\n\n<li><a style=\"color: #666;\"href=\"\/es\/%e9%93%91-2\/\">Pd<\/a><\/li>\n\n\n\n<li><a style=\"color: #666;\"href=\"\/es\/%E9%93%B1\/\">Ir<\/a><\/li>\n\n\n<\/ul>\n<\/li>\n\n\n\n<li>\u65b0\u80fd\u6e90\u4e0e\u5173\u952e\u91d1\u5c5e\n<ul class=\"wp-block-list\">\n\n\n<li><a style=\"color: #666;\"href=\"\/es\/%e9%94%82\/\">Li<\/a><\/li>\n\n\n\n<li><a style=\"color: #666;\"href=\"\/es\/%e9%92%b4-2\/\">Co<\/a><\/li>\n\n\n<\/ul>\n<\/li>\n\n\n\n<li class=\"active\">\u7279\u79cd\u5408\u91d1\u4e0e\u9ad8\u6027\u80fd\u91d1\u5c5e\n<ul class=\"wp-block-list\">\n\n<li><a style=\"color: #666;\"href=\"\/es\/%e9%92%a8\/\">W<\/a><\/li>\n\n\n\n<li><a style=\"color: #666;\"href=\"\/es\/%e9%92%bc\/\">Mo<\/a><\/li>\n\n\n\n<li><a style=\"color: #666;\"href=\"\/es\/%e9%92%bd\/\">Ta<\/a><\/li>\n\n\n\n<li><a style=\"color: #666;\"href=\"\/es\/%e9%93%8c-2\/\">Nb<\/a><\/li>\n\n\n\n<li><a style=\"color: #666;\"href=\"\/es\/%e9%92%9b\/\">Ti<\/a><\/li>\n\n\n\n<li><a style=\"color: #666;\"href=\"\/es\/%E9%94%91\/\">Sb<\/a><\/li>\n\n\n\n<li class=\"active\"><a style=\"color: #666;\"href=\"\/es\/%E9%93%8D\/\">Be<\/a><\/li>\n\n\n\n<li><a style=\"color: #666;\"href=\"\/es\/%E9%92%92-2\/\">V<\/a><\/li>\n\n\n<\/ul>\n<\/li>\n\n\n\n<li>Metales ferrosos\n<ul class=\"wp-block-list\">\n\n<li><a style=\"color: #666;\"href=\"\/es\/%e9%93%81\/\">Fe<\/a><\/li>\n\n\n\n<li><a style=\"color: #666;\"href=\"\/es\/%e9%94%b0\/\">Mn<\/a><\/li>\n\n\n\n<li><a style=\"color: #666;\"href=\"\/es\/%e9%93%ac\/\">Cr<\/a><\/li>\n\n<\/ul>\n<\/li>\n\n\n\n<li>Otros productos comerciales\n<ul class=\"wp-block-list\">\n\n\n<li><a style=\"color: #666;\"href=\"\/es\/%e6%b0%9f\/\">F<\/a><\/li>\n\n\n<li><a style=\"color: #666;\"href=\"\/es\/%e7%a2%b3\/\">C<\/a><\/li>\n\n\n<li><a style=\"color: #666;\"href=\"\/es\/%e7%a1%85\/\">Si<\/a><\/li>\n\n<\/ul>\n<\/li>\n\n\n<\/ul>\n<\/div>\n\n\n<\/div>\n<\/div>\n\n<\/div>\n\n\n<div class=\"wp-block-column big-goods-list is-layout-flow wp-block-column-is-layout-flow\" style=\"flex-basis:70%;\">\n<style> p::first-letter {font-weight: bold;} <\/style>\n\n<p><strong>1. Mineral de berilio:<\/strong><br\/> En la naturaleza, los minerales que contienen berilio contienen principalmente berilio, siendo el berilo el mineral m\u00e1s com\u00fan y representativo, con su f\u00f3rmula qu\u00edmica Be\u2083Al\u2082(Si\u2086O\u2081\u2088). Otros minerales que contienen berilio incluyen la hidroxilberilita y el crisoberilo. A menudo se encuentra asociado con metales raros como el litio, el niobio, el t\u00e1ntalo, el esta\u00f1o y el tungsteno. Como materia prima inicial para la industria del berilio, requiere complejos procesos de beneficio y enriquecimiento qu\u00edmico para sentar las bases de la posterior extracci\u00f3n del berilio met\u00e1lico y sus compuestos.<br\/>\nEl berilo (Be\u2083Al\u2082(Si\u2086O\u2081\u2088)) es el mineral de berilio m\u00e1s importante. Sus cristales suelen ser prism\u00e1ticos hexagonales y presentan una variedad de colores (esmeralda, aguamarina, etc.). El \u00f3xido de berilio se produce en minerales industriales en cantidades muy bajas. Tradicionalmente, se obtiene mediante clasificaci\u00f3n manual o flotaci\u00f3n a partir de pegmatitas de granito. Su extracci\u00f3n es costosa, compleja y est\u00e1 asociada con elementos radiactivos (uranio, torio).<br\/>\nEl hidroxisilicato de berilio (Be\u2084Si\u2082O\u2087(OH)\u2082) es un mineral secundario, a menudo formado por la alteraci\u00f3n de minerales primarios como el berilo en condiciones hidrotermales. Se presenta t\u00edpicamente en forma de agregados o costras radiales, y su color var\u00eda de blanco a amarillo p\u00e1lido. Aunque es menos conocido que el berilo, puede utilizarse como materia prima para la extracci\u00f3n de berilio en algunos yacimientos.<br\/>\nEl crisoberilo (BeAl\u2082O\u2084) es un mineral de \u00f3xido poco com\u00fan, conocido principalmente por su variedad alejandrita (que presenta un efecto de cambio de color). Es duro y se encuentra com\u00fanmente en pegmatitas de granito y esquistos de mica.\n<\/p>\n\n\n\n<p><strong>2. Concentrado de berilio:<\/strong><br\/> El \u00f3xido de berilio es un producto intermedio que se obtiene del mineral de berilio mediante trituraci\u00f3n, separaci\u00f3n por gravedad, flotaci\u00f3n y tratamientos qu\u00edmicos posteriores (como lixiviaci\u00f3n \u00e1cida y precipitaci\u00f3n). Sus componentes principales son hidr\u00f3xido de berilio o una mezcla de \u00f3xido de berilio de baja pureza. El contenido de berilio (basado en el \u00f3xido de berilio) suele ser bajo y suele contener impurezas como litio, aluminio y silicio. Es una materia prima fundamental en los procesos modernos de fundici\u00f3n de berilio y se utiliza directamente para producir \u00f3xido de berilio de alta pureza, berilio met\u00e1lico o aleaciones maestras de aleaciones de berilio y cobre.<\/p>\n\n\n\n<p><strong>3. Residuos de berilio:<\/strong><br\/> Los residuos de berilio provienen principalmente de virutas y desechos generados durante el procesamiento de aleaciones de berilio-cobre, as\u00ed como de componentes desechados que contienen berilio. Debido al alto costo y los riesgos ambientales que conlleva la extracci\u00f3n del berilio del mineral, la tasa de reciclaje de los residuos de berilio (especialmente los de berilio-cobre) es extremadamente alta, lo que los convierte en un elemento fundamental para mantener la estabilidad de la cadena de suministro de berilio y reducir costos. El proceso de reciclaje debe llevarse a cabo en un sistema estrictamente cerrado para evitar la propagaci\u00f3n de polvo t\u00f3xico.<\/p>\n\n\n\n\n<div style=\"height:100px\" aria-hidden=\"true\" class=\"wp-block-spacer\"><\/div>\n\n\n\n\n\n<\/div>\n<!-- \/wp:post-content --><\/div>\n<!-- \/wp:post-content -->","protected":false},"excerpt":{"rendered":"<p>1\u3001\u94cd\u77ff\u77f3\uff1a \u81ea\u7136\u754c\u4e2d\u542b\u94cd\u7684\u77ff\u77f3\uff0c\u4e3b\u8981\u5316\u5b66\u5143\u7d20\u4e3a\u94cd\uff0c\u6700\u5e38\u89c1\u548c\u6700\u5177\u4ee3\u8868\u6027\u7684\u77ff\u7269\u4e3a\u7eff\u67f1\u77f3\uff0c\u5316\u5b66\u5f0f\u4e3aBe\u2083 [&hellip;]<\/p>\n","protected":false},"author":1,"featured_media":731,"parent":0,"menu_order":0,"comment_status":"closed","ping_status":"closed","template":"","meta":{"footnotes":""},"class_list":["post-488","page","type-page","status-publish","has-post-thumbnail","hentry"],"_links":{"self":[{"href":"https:\/\/www.olagoo.com\/es\/wp-json\/wp\/v2\/pages\/488","targetHints":{"allow":["GET"]}}],"collection":[{"href":"https:\/\/www.olagoo.com\/es\/wp-json\/wp\/v2\/pages"}],"about":[{"href":"https:\/\/www.olagoo.com\/es\/wp-json\/wp\/v2\/types\/page"}],"author":[{"embeddable":true,"href":"https:\/\/www.olagoo.com\/es\/wp-json\/wp\/v2\/users\/1"}],"replies":[{"embeddable":true,"href":"https:\/\/www.olagoo.com\/es\/wp-json\/wp\/v2\/comments?post=488"}],"version-history":[{"count":8,"href":"https:\/\/www.olagoo.com\/es\/wp-json\/wp\/v2\/pages\/488\/revisions"}],"predecessor-version":[{"id":1900,"href":"https:\/\/www.olagoo.com\/es\/wp-json\/wp\/v2\/pages\/488\/revisions\/1900"}],"wp:featuredmedia":[{"embeddable":true,"href":"https:\/\/www.olagoo.com\/es\/wp-json\/wp\/v2\/media\/731"}],"wp:attachment":[{"href":"https:\/\/www.olagoo.com\/es\/wp-json\/wp\/v2\/media?parent=488"}],"curies":[{"name":"wp","href":"https:\/\/api.w.org\/{rel}","templated":true}]}}