{"id":1664,"date":"2026-01-07T17:00:09","date_gmt":"2026-01-07T09:00:09","guid":{"rendered":"https:\/\/www.olagoo.com\/?page_id=1664"},"modified":"2026-01-14T20:47:58","modified_gmt":"2026-01-14T12:47:58","slug":"%e9%93%81","status":"publish","type":"page","link":"https:\/\/www.olagoo.com\/pt\/%e9%93%81","title":{"rendered":"<div class=\"info-content\"><img class=\"info-icon\" src=\"\/wp-content\/uploads\/2026\/01\/Fe.jpeg\"><p class=\"info-title\">Fe<\/p><\/div>"},"content":{"rendered":"<div class=\"wp-block-columns is-layout-flex wp-container-core-columns-is-layout-9d6595d7 wp-block-columns-is-layout-flex\">\n<div class=\"wp-block-column is-layout-flow wp-block-column-is-layout-flow\" style=\"flex-basis:30%\">\n<div class=\"wp-block-columns is-layout-flex wp-container-core-columns-is-layout-9d6595d7 wp-block-columns-is-layout-flex\">\n<div class=\"wp-block-column is-layout-flow wp-block-column-is-layout-flow\" style=\"flex-basis:100%\">\n<p><\/p>\n\n\n\n<div class=\"menu-container\">\n<ul class=\"wp-block-list\">\n<li>Metais B\u00e1sicos\n<ul class=\"wp-block-list\">\n<li><a style=\"color: #666;\"href=\"\/pt\/%e9%93%9c\/\">Cu<\/a><\/li>\n\n\n\n<li><a style=\"color: #666;\"href=\"\/pt\/%e9%94%8c\/\">Zn<\/a><\/li>\n\n\n\n<li><a style=\"color: #666;\"href=\"\/pt\/%e9%95%8d\/\">Ni<\/a><\/li>\n\n\n\n<li><a style=\"color: #666;\"href=\"\/pt\/%e9%94%a1\/\">Sn<\/a><\/li>\n\n\n\n<li><a style=\"color: #666;\"href=\"\/pt\/%e9%93%85\/\">Pb<\/a><\/li>\n\n\n\n<li><a style=\"color: #666;\"href=\"\/pt\/%e9%93%9d\/\">Al<\/a><\/li>\n\n\n<li><a style=\"color: #666;\"href=\"\/pt\/%e9%87%91\/\">Au<\/a><\/li>\n\n\n<li><a style=\"color: #666;\"href=\"\/pt\/%E9%93%B6\/\">Ag<\/a><\/li>\n\n<\/ul>\n<\/li>\n\n\n\n<li>Elementos da Fam\u00edlia do Platina\n<ul class=\"wp-block-list\">\n\n\n<li><a style=\"color: #666;\"href=\"\/pt\/%E9%92%AF\/\">Pd<\/a><\/li>\n\n\n\n<li><a style=\"color: #666;\"href=\"\/pt\/%E9%93%82\/\">Pd<\/a><\/li>\n\n\n\n<li><a style=\"color: #666;\"href=\"\/pt\/%e9%93%91-2\/\">Pd<\/a><\/li>\n\n\n\n<li><a style=\"color: #666;\"href=\"\/pt\/%E9%93%B1\/\">Ir<\/a><\/li>\n\n\n<\/ul>\n<\/li>\n\n\n\n<li>\u65b0\u80fd\u6e90\u4e0e\u5173\u952e\u91d1\u5c5e\n<ul class=\"wp-block-list\">\n\n\n<li><a style=\"color: #666;\"href=\"\/pt\/%e9%94%82\/\">Li<\/a><\/li>\n\n\n\n<li><a style=\"color: #666;\"href=\"\/pt\/%e9%92%b4-2\/\">Co<\/a><\/li>\n\n\n<\/ul>\n<\/li>\n\n\n\n<li>\u7279\u79cd\u5408\u91d1\u4e0e\u9ad8\u6027\u80fd\u91d1\u5c5e\n<ul class=\"wp-block-list\">\n\n<li><a style=\"color: #666;\"href=\"\/pt\/%e9%92%a8\/\">W<\/a><\/li>\n\n\n\n<li><a style=\"color: #666;\"href=\"\/pt\/%e9%92%bc\/\">Mo<\/a><\/li>\n\n\n\n<li><a style=\"color: #666;\"href=\"\/pt\/%e9%92%bd\/\">Ta<\/a><\/li>\n\n\n\n<li><a style=\"color: #666;\"href=\"\/pt\/%e9%93%8c-2\/\">Nb<\/a><\/li>\n\n\n\n<li><a style=\"color: #666;\"href=\"\/pt\/%e9%92%9b\/\">Ti<\/a><\/li>\n\n\n\n<li><a style=\"color: #666;\"href=\"\/pt\/%E9%94%91\/\">Sb<\/a><\/li>\n\n\n\n<li><a style=\"color: #666;\"href=\"\/pt\/%E9%93%8D\/\">Be<\/a><\/li>\n\n\n\n<li><a style=\"color: #666;\"href=\"\/pt\/%E9%92%92-2\/\">V<\/a><\/li>\n\n\n<\/ul>\n<\/li>\n\n\n\n<li class=\"active\">Metais Ferrosos\n<ul class=\"wp-block-list\">\n\n<li class=\"active\"><a style=\"color: #666;\"href=\"\/pt\/%e9%93%81\/\">Fe<\/a><\/li>\n\n\n\n<li><a style=\"color: #666;\"href=\"\/pt\/%e9%94%b0\/\">Mn<\/a><\/li>\n\n\n\n<li><a style=\"color: #666;\"href=\"\/pt\/%e9%93%ac\/\">Cr<\/a><\/li>\n\n<\/ul>\n<\/li>\n\n\n\n<li>Outros produtos comerciais\n<ul class=\"wp-block-list\">\n\n\n<li><a style=\"color: #666;\"href=\"\/pt\/%e6%b0%9f\/\">F<\/a><\/li>\n\n\n<li><a style=\"color: #666;\"href=\"\/pt\/%e7%a2%b3\/\">C<\/a><\/li>\n\n\n<li><a style=\"color: #666;\"href=\"\/pt\/%e7%a1%85\/\">Si<\/a><\/li>\n\n<\/ul>\n<\/li>\n\n\n<\/ul>\n<\/div>\n\n<\/div>\n<\/div>\n\n<\/div>\n\n\n<div class=\"wp-block-column big-goods-list is-layout-flow wp-block-column-is-layout-flow\" style=\"flex-basis:70%;\">\n\n<div> <\/div>\n\n\n\n<p><strong>1. Min\u00e9rio de ferro:<\/strong><br\/>Os min\u00e9rios de ferro na natureza, cujo principal elemento qu\u00edmico \u00e9 o ferro, geralmente incluem magnetita (Fe\u2083O\u2084), hematita (Fe\u2082O\u2083), limonita (Fe\u2082O\u2083\u00b7nH\u2082O) e siderita (FeCO\u2083). Frequentemente, s\u00e3o acompanhados por elementos como mangan\u00eas, f\u00f3sforo, enxofre, sil\u00edcio e alum\u00ednio. Alguns min\u00e9rios de alta qualidade podem ser alimentados diretamente no alto-forno. O ferro \u00e9 a mat\u00e9ria-prima inicial mais fundamental para a ind\u00fastria sider\u00fargica. Por meio de processos como minera\u00e7\u00e3o, britagem e beneficiamento, ele fornece a base para a subsequente fundi\u00e7\u00e3o de ferro-gusa e \u00e9 um pilar da civiliza\u00e7\u00e3o industrial moderna. <\/p>\n\n\n\n<p><strong>2. Concentrado de ferro:<\/strong><br\/>El mineral de hierro de alta calidad, obtenido mediante trituraci\u00f3n, molienda y beneficio (como separaci\u00f3n magn\u00e9tica, flotaci\u00f3n y separaci\u00f3n por gravedad), presenta un contenido de hierro significativamente mayor y una reducci\u00f3n sustancial de impurezas como la s\u00edlice. Es una materia prima superior para la producci\u00f3n de pellets o sinter y es crucial para lograr una fundici\u00f3n eficiente y de bajo consumo en la industria sider\u00fargica moderna. Su calidad determina directamente la rentabilidad de la posterior fabricaci\u00f3n del hierro y la calidad de los productos de acero. <\/p>\n\n\n\n<p><strong>3. P\u00f3 de min\u00e9rio de ferro:<\/strong><br\/>O min\u00e9rio de ferro, ap\u00f3s ser britado e mo\u00eddo, resulta em um material pulverulento com tamanho de part\u00edcula tipicamente inferior a 1 mil\u00edmetro. \u00c9 uma mat\u00e9ria-prima crucial na produ\u00e7\u00e3o de a\u00e7o, utilizada principalmente no processo de sinteriza\u00e7\u00e3o (aglomera\u00e7\u00e3o) ou diretamente no processo de pelotiza\u00e7\u00e3o para preparar a carga necess\u00e1ria para os altos-fornos. Sua composi\u00e7\u00e3o e tamanho de part\u00edcula afetam diretamente a qualidade do min\u00e9rio sinterizado\/pelotizado e a efici\u00eancia subsequente da fundi\u00e7\u00e3o. <\/p>\n\n\n\n<p><strong>4. Ferro de passar roupa a quente:<\/strong><br\/> O ferro de redu\u00e7\u00e3o direta (DRI, na sigla em ingl\u00eas) \u00e9 um produto denso e granuloso, obtido pela prensagem do DRI em altas temperaturas. Possui alto teor de ferro met\u00e1lico, propriedades qu\u00edmicas est\u00e1veis \u200b\u200be n\u00e3o se oxida ou entra em combust\u00e3o espont\u00e2nea com facilidade. Utilizado como substituto de sucata de a\u00e7o de alta qualidade ou como diluente, \u00e9 empregado principalmente na produ\u00e7\u00e3o de a\u00e7o em forno el\u00e9trico a arco, permitindo o controle preciso da composi\u00e7\u00e3o do a\u00e7o fundido, sendo particularmente adequado para a produ\u00e7\u00e3o de a\u00e7o limpo de alta qualidade.<\/p>\n\n\n\n<p><strong>5. Ferro fundido\/ferro gusa:<\/strong><br\/>O ferro-gusa, obtido pela fundi\u00e7\u00e3o de min\u00e9rio de ferro em alto-forno, tipicamente apresenta um teor de carbono entre 2% e 4,5%, e altos n\u00edveis de sil\u00edcio, mangan\u00eas, f\u00f3sforo e enxofre. \u00c9 duro e quebradi\u00e7o, n\u00e3o podendo ser forjado. O ferro-gusa \u00e9 um produto prim\u00e1rio b\u00e1sico da ind\u00fastria sider\u00fargica, com dois fluxos principais: a maior parte \u00e9 refinada em a\u00e7o em convertedores como mat\u00e9ria-prima; uma por\u00e7\u00e3o menor \u00e9 fundida diretamente em pe\u00e7as de ferro fundido para a fabrica\u00e7\u00e3o de blocos de motor, bases de m\u00e1quinas-ferramenta, tubos, etc. <\/p>\n\n\n\n<p><strong>6. A\u00e7o:<\/strong><br\/>Ferro \u00e9 um termo geral para uma s\u00e9rie de materiais de liga com ferro e carbono como elementos b\u00e1sicos. O a\u00e7o com teor de carbono inferior a 2,11% \u00e9 geralmente chamado de a\u00e7o, caracterizado por alta resist\u00eancia, boa tenacidade e alta plasticidade. Milhares de diferentes tipos de a\u00e7o com propriedades variadas podem ser obtidos ajustando-se o teor de carbono e adicionando-se outros elementos de liga. O a\u00e7o com maior teor de carbono \u00e9 chamado de ferro fundido. O ferro e o a\u00e7o formam a espinha dorsal da ind\u00fastria moderna, e seus produtos (como chapas, fios, perfis e tubos) abrangem todos os setores, desde a constru\u00e7\u00e3o de pontes, m\u00e1quinas, ve\u00edculos, navios e aeronaves at\u00e9 utens\u00edlios dom\u00e9sticos do dia a dia. <\/p>\n\n\n\n<p><strong>7. Sucata de a\u00e7o:<\/strong><br\/>Tamb\u00e9m conhecido como sucata de a\u00e7o, o a\u00e7o prov\u00e9m de autom\u00f3veis, navios, estruturas de edif\u00edcios, m\u00e1quinas e equipamentos descartados, bem como de aparas e produtos defeituosos do processo de produ\u00e7\u00e3o do a\u00e7o. Trata-se de um recurso estrat\u00e9gico que pode ser reciclado indefinidamente e \u00e9 a principal mat\u00e9ria-prima para a produ\u00e7\u00e3o de a\u00e7o em forno el\u00e9trico a arco de processo curto. Sua reciclagem \u00e9 fundamental para a conserva\u00e7\u00e3o de recursos minerais, a redu\u00e7\u00e3o do consumo de energia e a diminui\u00e7\u00e3o das emiss\u00f5es de carbono, constituindo a base da sustentabilidade ambiental na moderna ind\u00fastria sider\u00fargica. <\/p>\n\n\n\n\n<div style=\"height:100px\" aria-hidden=\"true\" class=\"wp-block-spacer\"><\/div>\n\n\n<\/div>\n\n\n\n<\/div>\n<!-- \/wp:post-content --><\/div>\n<!-- \/wp:post-content -->","protected":false},"excerpt":{"rendered":"<p>1\u3001\u94c1\u77ff\u77f3\uff1a\u81ea\u7136\u754c\u4e2d\u542b\u94c1\u7684\u77ff\u77f3\uff0c\u4e3b\u8981\u5316\u5b66\u5143\u7d20\u4e3a\u94c1\uff0c\u5e38\u89c1\u7684\u6709\u78c1\u94c1\u77ff\uff08Fe\u2083O\u2084\uff09\u3001\u8d64\u94c1\u77ff\uff08Fe\u2082O\u2083\uff09 [&hellip;]<\/p>\n","protected":false},"author":1,"featured_media":731,"parent":0,"menu_order":0,"comment_status":"closed","ping_status":"closed","template":"","meta":{"footnotes":""},"class_list":["post-1664","page","type-page","status-publish","has-post-thumbnail","hentry"],"_links":{"self":[{"href":"https:\/\/www.olagoo.com\/pt\/wp-json\/wp\/v2\/pages\/1664","targetHints":{"allow":["GET"]}}],"collection":[{"href":"https:\/\/www.olagoo.com\/pt\/wp-json\/wp\/v2\/pages"}],"about":[{"href":"https:\/\/www.olagoo.com\/pt\/wp-json\/wp\/v2\/types\/page"}],"author":[{"embeddable":true,"href":"https:\/\/www.olagoo.com\/pt\/wp-json\/wp\/v2\/users\/1"}],"replies":[{"embeddable":true,"href":"https:\/\/www.olagoo.com\/pt\/wp-json\/wp\/v2\/comments?post=1664"}],"version-history":[{"count":9,"href":"https:\/\/www.olagoo.com\/pt\/wp-json\/wp\/v2\/pages\/1664\/revisions"}],"predecessor-version":[{"id":1902,"href":"https:\/\/www.olagoo.com\/pt\/wp-json\/wp\/v2\/pages\/1664\/revisions\/1902"}],"wp:featuredmedia":[{"embeddable":true,"href":"https:\/\/www.olagoo.com\/pt\/wp-json\/wp\/v2\/media\/731"}],"wp:attachment":[{"href":"https:\/\/www.olagoo.com\/pt\/wp-json\/wp\/v2\/media?parent=1664"}],"curies":[{"name":"wp","href":"https:\/\/api.w.org\/{rel}","templated":true}]}}