{"id":1695,"date":"2026-01-07T17:37:12","date_gmt":"2026-01-07T09:37:12","guid":{"rendered":"https:\/\/www.olagoo.com\/?page_id=1695"},"modified":"2026-01-14T21:00:10","modified_gmt":"2026-01-14T13:00:10","slug":"%e7%a1%85","status":"publish","type":"page","link":"https:\/\/www.olagoo.com\/pt\/%e7%a1%85","title":{"rendered":"<div class=\"info-content\"><img class=\"info-icon\" src=\"\/wp-content\/uploads\/2026\/01\/Si.jpg\"><p class=\"info-title\">Sil\u00edcio<\/p><\/div>"},"content":{"rendered":"<div class=\"wp-block-columns is-layout-flex wp-container-core-columns-is-layout-9d6595d7 wp-block-columns-is-layout-flex\">\n<div class=\"wp-block-column is-layout-flow wp-block-column-is-layout-flow\" style=\"flex-basis:30%\">\n<div class=\"wp-block-columns is-layout-flex wp-container-core-columns-is-layout-9d6595d7 wp-block-columns-is-layout-flex\">\n<div class=\"wp-block-column is-layout-flow wp-block-column-is-layout-flow\" style=\"flex-basis:100%\">\n<p><\/p>\n\n\n\n<div class=\"menu-container\">\n<ul class=\"wp-block-list\">\n<li>Metais B\u00e1sicos\n<ul class=\"wp-block-list\">\n<li><a style=\"color: #666;\"href=\"\/pt\/%e9%93%9c\/\">Cu<\/a><\/li>\n\n\n\n<li><a style=\"color: #666;\"href=\"\/pt\/%e9%94%8c\/\">Zn<\/a><\/li>\n\n\n\n<li><a style=\"color: #666;\"href=\"\/pt\/%e9%95%8d\/\">Ni<\/a><\/li>\n\n\n\n<li><a style=\"color: #666;\"href=\"\/pt\/%e9%94%a1\/\">Sn<\/a><\/li>\n\n\n\n<li><a style=\"color: #666;\"href=\"\/pt\/%e9%93%85\/\">Pb<\/a><\/li>\n\n\n\n<li><a style=\"color: #666;\"href=\"\/pt\/%e9%93%9d\/\">Al<\/a><\/li>\n\n\n<li><a style=\"color: #666;\"href=\"\/pt\/%e9%87%91\/\">Au<\/a><\/li>\n\n\n<li><a style=\"color: #666;\"href=\"\/pt\/%E9%93%B6\/\">Ag<\/a><\/li>\n\n<\/ul>\n<\/li>\n\n\n\n<li>Elementos da Fam\u00edlia do Platina\n<ul class=\"wp-block-list\">\n\n\n<li><a style=\"color: #666;\"href=\"\/pt\/%E9%92%AF\/\">Pd<\/a><\/li>\n\n\n\n<li><a style=\"color: #666;\"href=\"\/pt\/%E9%93%82\/\">Pd<\/a><\/li>\n\n\n\n<li><a style=\"color: #666;\"href=\"\/pt\/%e9%93%91-2\/\">Pd<\/a><\/li>\n\n\n\n<li><a style=\"color: #666;\"href=\"\/pt\/%E9%93%B1\/\">Ir<\/a><\/li>\n\n\n<\/ul>\n<\/li>\n\n\n\n<li>\u65b0\u80fd\u6e90\u4e0e\u5173\u952e\u91d1\u5c5e\n<ul class=\"wp-block-list\">\n\n\n<li><a style=\"color: #666;\"href=\"\/pt\/%e9%94%82\/\">Li<\/a><\/li>\n\n\n\n<li><a style=\"color: #666;\"href=\"\/pt\/%e9%92%b4-2\/\">Co<\/a><\/li>\n\n\n<\/ul>\n<\/li>\n\n\n\n<li>\u7279\u79cd\u5408\u91d1\u4e0e\u9ad8\u6027\u80fd\u91d1\u5c5e\n<ul class=\"wp-block-list\">\n\n<li><a style=\"color: #666;\"href=\"\/pt\/%e9%92%a8\/\">W<\/a><\/li>\n\n\n\n<li><a style=\"color: #666;\"href=\"\/pt\/%e9%92%bc\/\">Mo<\/a><\/li>\n\n\n\n<li><a style=\"color: #666;\"href=\"\/pt\/%e9%92%bd\/\">Ta<\/a><\/li>\n\n\n\n<li><a style=\"color: #666;\"href=\"\/pt\/%e9%93%8c-2\/\">Nb<\/a><\/li>\n\n\n\n<li><a style=\"color: #666;\"href=\"\/pt\/%e9%92%9b\/\">Ti<\/a><\/li>\n\n\n\n<li><a style=\"color: #666;\"href=\"\/pt\/%E9%94%91\/\">Sb<\/a><\/li>\n\n\n\n<li><a style=\"color: #666;\"href=\"\/pt\/%E9%93%8D\/\">Be<\/a><\/li>\n\n\n\n<li><a style=\"color: #666;\"href=\"\/pt\/%E9%92%92-2\/\">V<\/a><\/li>\n\n\n<\/ul>\n<\/li>\n\n\n\n<li>Metais Ferrosos\n<ul class=\"wp-block-list\">\n\n<li><a style=\"color: #666;\"href=\"\/pt\/%e9%93%81\/\">Fe<\/a><\/li>\n\n\n\n<li><a style=\"color: #666;\"href=\"\/pt\/%e9%94%b0\/\">Mn<\/a><\/li>\n\n\n\n<li><a style=\"color: #666;\"href=\"\/pt\/%e9%93%ac\/\">Cr<\/a><\/li>\n\n<\/ul>\n<\/li>\n\n\n\n<li class=\"active\">Outros produtos comerciais\n<ul class=\"wp-block-list\">\n\n\n<li><a style=\"color: #666;\"href=\"\/pt\/%e6%b0%9f\/\">F<\/a><\/li>\n\n\n<li><a style=\"color: #666;\"href=\"\/pt\/%e7%a2%b3\/\">C<\/a><\/li>\n\n\n<li class=\"active\"><a style=\"color: #666;\"href=\"\/pt\/%e7%a1%85\/\">Si<\/a><\/li>\n\n<\/ul>\n<\/li>\n\n\n<\/ul>\n<\/div>\n\n<\/div>\n<\/div>\n\n<\/div>\n\n\n<div class=\"wp-block-column big-goods-list is-layout-flow wp-block-column-is-layout-flow\" style=\"flex-basis:70%;\">\n\n<p><strong>1. Quartzo:<\/strong><br\/> Um dos minerais mais amplamente distribu\u00eddos na natureza, seu principal componente qu\u00edmico \u00e9 o di\u00f3xido de sil\u00edcio, com a f\u00f3rmula qu\u00edmica SiO\u2082. Os cristais s\u00e3o frequentemente prism\u00e1ticos hexagonais, com alta dureza e propriedades est\u00e1veis. Ocorre frequentemente associado a outros minerais formadores de rochas (como feldspato e mica) e \u00e9 um componente importante de rochas como granito e arenito. Como mat\u00e9ria-prima siliciosa b\u00e1sica, \u00e9 a fonte inicial para a prepara\u00e7\u00e3o de areia de quartzo, p\u00f3 de s\u00edlica e di\u00f3xido de sil\u00edcio de alta pureza, sendo amplamente utilizado em materiais de constru\u00e7\u00e3o, vidro, cer\u00e2mica e na ind\u00fastria eletr\u00f4nica.<\/p>\n\n\n\n<p><strong>2. Areia de quartzo:<\/strong><br\/>  Produtos de areia fibrosa s\u00e3o obtidos de quartzito natural, arenito quartzoso ou dep\u00f3sitos de areia quartzosa por meio de britagem, peneiramento e lavagem. O principal componente \u00e9 o SiO\u2082 (geralmente com teor superior a 95%). Com base no tamanho e pureza das part\u00edculas, s\u00e3o classificados em diferentes graus, como areia de fundi\u00e7\u00e3o, areia para vidro e areia filtrante. \u00c9 uma importante mat\u00e9ria-prima industrial, utilizada diretamente na fabrica\u00e7\u00e3o de vidro, moldes, tratamento de \u00e1gua, materiais de constru\u00e7\u00e3o e materiais auxiliares metal\u00fargicos, sendo o ponto de partida da cadeia industrial baseada em sil\u00edcio. <\/p>\n\n\n\n<p><strong>3. Cristal:<\/strong><br\/> O quartzo \u00e9 uma subesp\u00e9cie incolor, transparente e monocristalina, composta quimicamente de SiO\u2082 de alta pureza. Possui cristais intactos e exibe um brilho v\u00edtreo distinto e efeito piezoel\u00e9trico. Na natureza, ocorre tipicamente como aglomerados ou cristais individuais em veios hidrotermais ou geodos. Como uma forma especial de quartzo com valor tanto industrial quanto decorativo, o quartzo de alta qualidade \u00e9 um material importante para a fabrica\u00e7\u00e3o de dispositivos \u00f3pticos, ressonadores, lentes e pe\u00e7as de artesanato decorativas.<\/p>\n\n\n\n<p><strong>4. Ametista:<\/strong><br\/>Uma das principais variedades de quartzo, exibe sua cor p\u00farpura devido a tra\u00e7os de ferro e outros elementos corantes presentes no cristal, e suas propriedades qu\u00edmicas s\u00e3o id\u00eanticas \u00e0s do quartzo. Sua distribui\u00e7\u00e3o de cor \u00e9 frequentemente irregular, e \u00e9 um dos minerais de qualidade gema mais conhecidos da fam\u00edlia do quartzo. \u00c9 usado principalmente em joias, artesanato esculpido e objetos de cole\u00e7\u00e3o; alguns cristais de alta qualidade tamb\u00e9m s\u00e3o usados \u200b\u200bpara criar componentes \u00f3pticos especiais. <\/p>\n\n\n\n<p><strong>5. Di\u00f3xido de sil\u00edcio:<\/strong><br\/> O di\u00f3xido de sil\u00edcio (SiO\u2082) \u00e9 um composto formado por sil\u00edcio e oxig\u00eanio. \u00c9 um componente qu\u00edmico de minerais como o quartzo e o cristal, e tamb\u00e9m pode ser obtido por s\u00edntese qu\u00edmica ou biodeposi\u00e7\u00e3o (ex.: terra diatom\u00e1cea). De acordo com sua estrutura, pode ser dividido em cristalino (ex.: quartzo, cristobalita) e amorfo (ex.: s\u00edlica fundida, gel de s\u00edlica). \u00c9 um material fundamental para as ind\u00fastrias de alta tecnologia modernas; o di\u00f3xido de sil\u00edcio de alta pureza (\u226599,999%) \u00e9 uma mat\u00e9ria-prima essencial para a fabrica\u00e7\u00e3o de chips semicondutores, wafers de sil\u00edcio fotovoltaicos, fibras \u00f3pticas e vidro \u00f3ptico de alta qualidade.<\/p>\n\n\n\n<div style=\"height:100px\" aria-hidden=\"true\" class=\"wp-block-spacer\"><\/div>\n\n\n<\/div>\n\n\n\n<\/div>\n<!-- \/wp:post-content --><\/div>\n<!-- \/wp:post-content -->","protected":false},"excerpt":{"rendered":"<p>1\u3001\u77f3\u82f1\uff1a \u81ea\u7136\u754c\u4e2d\u5206\u5e03\u6700\u5e7f\u7684\u77ff\u7269\u4e4b\u4e00\uff0c\u4e3b\u8981\u5316\u5b66\u6210\u5206\u4e3a\u4e8c\u6c27\u5316\u7845\uff0c\u5316\u5b66\u5f0f\u4e3aSiO\u2082\u3002\u6676\u4f53\u5e38\u5448\u516d\u65b9\u67f1\u72b6\uff0c [&hellip;]<\/p>\n","protected":false},"author":1,"featured_media":731,"parent":0,"menu_order":0,"comment_status":"closed","ping_status":"closed","template":"","meta":{"footnotes":""},"class_list":["post-1695","page","type-page","status-publish","has-post-thumbnail","hentry"],"_links":{"self":[{"href":"https:\/\/www.olagoo.com\/pt\/wp-json\/wp\/v2\/pages\/1695","targetHints":{"allow":["GET"]}}],"collection":[{"href":"https:\/\/www.olagoo.com\/pt\/wp-json\/wp\/v2\/pages"}],"about":[{"href":"https:\/\/www.olagoo.com\/pt\/wp-json\/wp\/v2\/types\/page"}],"author":[{"embeddable":true,"href":"https:\/\/www.olagoo.com\/pt\/wp-json\/wp\/v2\/users\/1"}],"replies":[{"embeddable":true,"href":"https:\/\/www.olagoo.com\/pt\/wp-json\/wp\/v2\/comments?post=1695"}],"version-history":[{"count":8,"href":"https:\/\/www.olagoo.com\/pt\/wp-json\/wp\/v2\/pages\/1695\/revisions"}],"predecessor-version":[{"id":1907,"href":"https:\/\/www.olagoo.com\/pt\/wp-json\/wp\/v2\/pages\/1695\/revisions\/1907"}],"wp:featuredmedia":[{"embeddable":true,"href":"https:\/\/www.olagoo.com\/pt\/wp-json\/wp\/v2\/media\/731"}],"wp:attachment":[{"href":"https:\/\/www.olagoo.com\/pt\/wp-json\/wp\/v2\/media?parent=1695"}],"curies":[{"name":"wp","href":"https:\/\/api.w.org\/{rel}","templated":true}]}}