{"id":1702,"date":"2026-01-07T17:38:35","date_gmt":"2026-01-07T09:38:35","guid":{"rendered":"https:\/\/www.olagoo.com\/?page_id=1702"},"modified":"2026-01-14T21:00:45","modified_gmt":"2026-01-14T13:00:45","slug":"%e7%a2%b3","status":"publish","type":"page","link":"https:\/\/www.olagoo.com\/pt\/%e7%a2%b3","title":{"rendered":"<div class=\"info-content\"><img class=\"info-icon\" src=\"\/wp-content\/uploads\/2026\/01\/C.jpg\"><p class=\"info-title\">Carbono<\/p><\/div>"},"content":{"rendered":"<div class=\"wp-block-columns is-layout-flex wp-container-core-columns-is-layout-9d6595d7 wp-block-columns-is-layout-flex\">\n<div class=\"wp-block-column is-layout-flow wp-block-column-is-layout-flow\" style=\"flex-basis:30%\">\n<div class=\"wp-block-columns is-layout-flex wp-container-core-columns-is-layout-9d6595d7 wp-block-columns-is-layout-flex\">\n<div class=\"wp-block-column is-layout-flow wp-block-column-is-layout-flow\" style=\"flex-basis:100%\">\n<p><\/p>\n\n\n\n<div class=\"menu-container\">\n<ul class=\"wp-block-list\">\n<li>Metais B\u00e1sicos\n<ul class=\"wp-block-list\">\n<li><a style=\"color: #666;\"href=\"\/pt\/%e9%93%9c\/\">Cu<\/a><\/li>\n\n\n\n<li><a style=\"color: #666;\"href=\"\/pt\/%e9%94%8c\/\">Zn<\/a><\/li>\n\n\n\n<li><a style=\"color: #666;\"href=\"\/pt\/%e9%95%8d\/\">Ni<\/a><\/li>\n\n\n\n<li><a style=\"color: #666;\"href=\"\/pt\/%e9%94%a1\/\">Sn<\/a><\/li>\n\n\n\n<li><a style=\"color: #666;\"href=\"\/pt\/%e9%93%85\/\">Pb<\/a><\/li>\n\n\n\n<li><a style=\"color: #666;\"href=\"\/pt\/%e9%93%9d\/\">Al<\/a><\/li>\n\n\n<li><a style=\"color: #666;\"href=\"\/pt\/%e9%87%91\/\">Au<\/a><\/li>\n\n\n<li><a style=\"color: #666;\"href=\"\/pt\/%E9%93%B6\/\">Ag<\/a><\/li>\n\n<\/ul>\n<\/li>\n\n\n\n<li>Elementos da Fam\u00edlia do Platina\n<ul class=\"wp-block-list\">\n\n\n<li><a style=\"color: #666;\"href=\"\/pt\/%E9%92%AF\/\">Pd<\/a><\/li>\n\n\n\n<li><a style=\"color: #666;\"href=\"\/pt\/%E9%93%82\/\">Pd<\/a><\/li>\n\n\n\n<li><a style=\"color: #666;\"href=\"\/pt\/%e9%93%91-2\/\">Pd<\/a><\/li>\n\n\n\n<li><a style=\"color: #666;\"href=\"\/pt\/%E9%93%B1\/\">Ir<\/a><\/li>\n\n\n<\/ul>\n<\/li>\n\n\n\n<li>\u65b0\u80fd\u6e90\u4e0e\u5173\u952e\u91d1\u5c5e\n<ul class=\"wp-block-list\">\n\n\n<li><a style=\"color: #666;\"href=\"\/pt\/%e9%94%82\/\">Li<\/a><\/li>\n\n\n\n<li><a style=\"color: #666;\"href=\"\/pt\/%e9%92%b4-2\/\">Co<\/a><\/li>\n\n\n<\/ul>\n<\/li>\n\n\n\n<li>\u7279\u79cd\u5408\u91d1\u4e0e\u9ad8\u6027\u80fd\u91d1\u5c5e\n<ul class=\"wp-block-list\">\n\n<li><a style=\"color: #666;\"href=\"\/pt\/%e9%92%a8\/\">W<\/a><\/li>\n\n\n\n<li><a style=\"color: #666;\"href=\"\/pt\/%e9%92%bc\/\">Mo<\/a><\/li>\n\n\n\n<li><a style=\"color: #666;\"href=\"\/pt\/%e9%92%bd\/\">Ta<\/a><\/li>\n\n\n\n<li><a style=\"color: #666;\"href=\"\/pt\/%e9%93%8c-2\/\">Nb<\/a><\/li>\n\n\n\n<li><a style=\"color: #666;\"href=\"\/pt\/%e9%92%9b\/\">Ti<\/a><\/li>\n\n\n\n<li><a style=\"color: #666;\"href=\"\/pt\/%E9%94%91\/\">Sb<\/a><\/li>\n\n\n\n<li><a style=\"color: #666;\"href=\"\/pt\/%E9%93%8D\/\">Be<\/a><\/li>\n\n\n\n<li><a style=\"color: #666;\"href=\"\/pt\/%E9%92%92-2\/\">V<\/a><\/li>\n\n\n<\/ul>\n<\/li>\n\n\n\n<li>Metais Ferrosos\n<ul class=\"wp-block-list\">\n\n<li><a style=\"color: #666;\"href=\"\/pt\/%e9%93%81\/\">Fe<\/a><\/li>\n\n\n\n<li><a style=\"color: #666;\"href=\"\/pt\/%e9%94%b0\/\">Mn<\/a><\/li>\n\n\n\n<li><a style=\"color: #666;\"href=\"\/pt\/%e9%93%ac\/\">Cr<\/a><\/li>\n\n<\/ul>\n<\/li>\n\n\n\n<li class=\"active\">Outros produtos comerciais\n<ul class=\"wp-block-list\">\n\n\n<li><a style=\"color: #666;\"href=\"\/pt\/%e6%b0%9f\/\">F<\/a><\/li>\n\n\n<li class=\"active\"><a style=\"color: #666;\"href=\"\/pt\/%e7%a2%b3\/\">C<\/a><\/li>\n\n\n<li><a style=\"color: #666;\"href=\"\/pt\/%e7%a1%85\/\">Si<\/a><\/li>\n\n<\/ul>\n<\/li>\n\n\n<\/ul>\n<\/div>\n\n<\/div>\n<\/div>\n\n<\/div>\n\n\n<div class=\"wp-block-column big-goods-list is-layout-flow wp-block-column-is-layout-flow\" style=\"flex-basis:70%;\">\n\n<p><strong>1. Coca-Cola:<\/strong><br\/> O coque \u00e9 um produto s\u00f3lido obtido pela destila\u00e7\u00e3o a seco (coqueifica\u00e7\u00e3o) de carv\u00e3o betuminoso espec\u00edfico em condi\u00e7\u00f5es de alta temperatura e na aus\u00eancia de ar. Seu principal componente \u00e9 o carbono, e caracteriza-se por um brilho met\u00e1lico cinza-prateado, porosidade, alta resist\u00eancia e baixo teor de mat\u00e9ria vol\u00e1til. \u00c9 um agente redutor, combust\u00edvel e suporte estrutural indispens\u00e1vel na produ\u00e7\u00e3o de ferro-gusa em alto-forno. Tamb\u00e9m \u00e9 utilizado na fundi\u00e7\u00e3o, na produ\u00e7\u00e3o de carboneto de c\u00e1lcio e de ferro-ligas, servindo como o \"alimento\" da moderna ind\u00fastria sider\u00fargica. Sua qualidade determina diretamente a efici\u00eancia e o custo da produ\u00e7\u00e3o de ferro-gusa.<\/p>\n\n\n\n<p><strong>2. Carv\u00e3o:<\/strong><br\/> O carv\u00e3o \u00e9 uma rocha org\u00e2nica s\u00f3lida e combust\u00edvel, formada a partir de restos de plantas antigas por meio de processos bioqu\u00edmicos e f\u00edsico-qu\u00edmicos complexos. Seus principais componentes s\u00e3o carbono, hidrog\u00eanio e oxig\u00eanio, com tra\u00e7os de nitrog\u00eanio e enxofre. De acordo com seu grau de carboniza\u00e7\u00e3o, pode ser classificado em linhito, carv\u00e3o betuminoso e antracito. \u00c9 a fonte prim\u00e1ria de energia e mat\u00e9ria-prima qu\u00edmica mais importante do mundo, sendo utilizado diretamente na gera\u00e7\u00e3o de energia, coqueifica\u00e7\u00e3o, gaseifica\u00e7\u00e3o e na produ\u00e7\u00e3o de diversos produtos qu\u00edmicos, constituindo a base energ\u00e9tica da sociedade industrial.<\/p>\n\n\n\n<p><strong>3. Grafite:<\/strong><br\/>O grafite \u00e9 um mineral de carbono cristalino natural com a f\u00f3rmula qu\u00edmica C60. Possui uma estrutura cristalina em camadas e apresenta brilho met\u00e1lico, alta condutividade el\u00e9trica e t\u00e9rmica, resist\u00eancia a altas temperaturas e propriedades lubrificantes. O grafite utilizado industrialmente inclui principalmente o grafite natural em flocos, o grafite amorfo e o grafite artificial produzido a partir de coque de petr\u00f3leo e outras mat\u00e9rias-primas por meio de grafitiza\u00e7\u00e3o em alta temperatura. \u00c9 um material b\u00e1sico estrat\u00e9gico, amplamente utilizado em materiais refrat\u00e1rios, metalurgia, materiais condutores (como eletrodos), lubrificantes e \u00e9 uma mat\u00e9ria-prima essencial para materiais de \u00e2nodo de baterias de \u00edon-l\u00edtio, moderadores de reatores nucleares e materiais de veda\u00e7\u00e3o aeroespacial, conectando ind\u00fastrias tradicionais com novas energias e ind\u00fastrias de alta tecnologia. <\/p>\n\n\n\n<p><strong>4. Diamante:<\/strong><br\/>O diamante \u00e9 a subst\u00e2ncia natural mais dura conhecida. \u00c9 um al\u00f3tropo c\u00fabico do carbono formado sob temperaturas e press\u00f5es extremamente elevadas, com a f\u00f3rmula qu\u00edmica C. Os diamantes naturais s\u00e3o formados nas profundezas do manto terrestre e trazidos \u00e0 superf\u00edcie por erup\u00e7\u00f5es vulc\u00e2nicas (kimberlito ou lampro\u00edto). <\/p>\n\n\n\n<div style=\"height:100px\" aria-hidden=\"true\" class=\"wp-block-spacer\"><\/div>\n\n\n<\/div>\n\n\n\n<\/div>\n<!-- \/wp:post-content --><\/div>\n<!-- \/wp:post-content -->","protected":false},"excerpt":{"rendered":"<p>1\u3001\u7126\u70ad\uff1a \u7126\u70ad\u662f\u7531\u7279\u5b9a\u70df\u7164\u5728\u9ad8\u6e29\u6761\u4ef6\u4e0b\u9694\u7edd\u7a7a\u6c14\u5e72\u998f\uff08\u7126\u5316\uff09\u5f97\u5230\u7684\u56fa\u4f53\u4ea7\u7269\uff0c\u4e3b\u8981\u6210\u5206\u4e3a\u78b3\uff0c\u5177\u6709\u94f6\u7070\u8272 [&hellip;]<\/p>\n","protected":false},"author":1,"featured_media":731,"parent":0,"menu_order":0,"comment_status":"closed","ping_status":"closed","template":"","meta":{"footnotes":""},"class_list":["post-1702","page","type-page","status-publish","has-post-thumbnail","hentry"],"_links":{"self":[{"href":"https:\/\/www.olagoo.com\/pt\/wp-json\/wp\/v2\/pages\/1702","targetHints":{"allow":["GET"]}}],"collection":[{"href":"https:\/\/www.olagoo.com\/pt\/wp-json\/wp\/v2\/pages"}],"about":[{"href":"https:\/\/www.olagoo.com\/pt\/wp-json\/wp\/v2\/types\/page"}],"author":[{"embeddable":true,"href":"https:\/\/www.olagoo.com\/pt\/wp-json\/wp\/v2\/users\/1"}],"replies":[{"embeddable":true,"href":"https:\/\/www.olagoo.com\/pt\/wp-json\/wp\/v2\/comments?post=1702"}],"version-history":[{"count":6,"href":"https:\/\/www.olagoo.com\/pt\/wp-json\/wp\/v2\/pages\/1702\/revisions"}],"predecessor-version":[{"id":1906,"href":"https:\/\/www.olagoo.com\/pt\/wp-json\/wp\/v2\/pages\/1702\/revisions\/1906"}],"wp:featuredmedia":[{"embeddable":true,"href":"https:\/\/www.olagoo.com\/pt\/wp-json\/wp\/v2\/media\/731"}],"wp:attachment":[{"href":"https:\/\/www.olagoo.com\/pt\/wp-json\/wp\/v2\/media?parent=1702"}],"curies":[{"name":"wp","href":"https:\/\/api.w.org\/{rel}","templated":true}]}}