{"id":181,"date":"2025-04-11T15:52:27","date_gmt":"2025-04-11T07:52:27","guid":{"rendered":"https:\/\/www.olagoo.com\/?page_id=181"},"modified":"2026-01-14T20:32:29","modified_gmt":"2026-01-14T12:32:29","slug":"%e9%93%9c","status":"publish","type":"page","link":"https:\/\/www.olagoo.com\/pt\/%e5%a4%a7%e5%ae%97%e5%95%86%e5%93%81%e8%b4%b8%e6%98%93\/%e6%9c%89%e8%89%b2%e9%87%91%e5%b1%9e\/%e9%93%9c","title":{"rendered":"<div class=\"info-content\"><img class=\"info-icon\" src=\"\/wp-content\/uploads\/2025\/04\/copper.jpg\"><p  class=\"info-title\">Cu<\/p><\/div>"},"content":{"rendered":"<div class=\"wp-block-columns is-layout-flex wp-container-core-columns-is-layout-9d6595d7 wp-block-columns-is-layout-flex\">\n<div class=\"wp-block-column is-layout-flow wp-block-column-is-layout-flow\" style=\"flex-basis:30%\">\n<div class=\"wp-block-columns is-layout-flex wp-container-core-columns-is-layout-9d6595d7 wp-block-columns-is-layout-flex\">\n<div class=\"wp-block-column is-layout-flow wp-block-column-is-layout-flow\" style=\"flex-basis:100%\">\n<p><\/p>\n\n\n\n\n<div class=\"menu-container\">\n<ul class=\"wp-block-list\">\n<li class=\"active\">Metais B\u00e1sicos\n<ul class=\"wp-block-list\">\n<li class=\"active\"><a style=\"color: #666;\"href=\"\/pt\/%e9%93%9c\/\">Cu<\/a><\/li>\n\n\n\n<li><a style=\"color: #666;\"href=\"\/pt\/%e9%94%8c\/\">Zn<\/a><\/li>\n\n\n\n<li><a style=\"color: #666;\"href=\"\/pt\/%e9%95%8d\/\">Ni<\/a><\/li>\n\n\n\n<li><a style=\"color: #666;\"href=\"\/pt\/%e9%94%a1\/\">Sn<\/a><\/li>\n\n\n\n<li><a style=\"color: #666;\"href=\"\/pt\/%e9%93%85\/\">Pb<\/a><\/li>\n\n\n\n<li><a style=\"color: #666;\"href=\"\/pt\/%e9%93%9d\/\">Al<\/a><\/li>\n\n\n<li><a style=\"color: #666;\"href=\"\/pt\/%e9%87%91\/\">Au<\/a><\/li>\n\n\n<li><a style=\"color: #666;\"href=\"\/pt\/%E9%93%B6\/\">Ag<\/a><\/li>\n\n<\/ul>\n<\/li>\n\n\n\n<li>Elementos da Fam\u00edlia do Platina\n<ul class=\"wp-block-list\">\n\n\n<li><a style=\"color: #666;\"href=\"\/pt\/%E9%92%AF\/\">Pd<\/a><\/li>\n\n\n\n<li><a style=\"color: #666;\"href=\"\/pt\/%E9%93%82\/\">Pd<\/a><\/li>\n\n\n\n<li><a style=\"color: #666;\"href=\"\/pt\/%e9%93%91-2\/\">Pd<\/a><\/li>\n\n\n\n<li><a style=\"color: #666;\"href=\"\/pt\/%E9%93%B1\/\">Ir<\/a><\/li>\n\n\n<\/ul>\n<\/li>\n\n\n\n<li>\u65b0\u80fd\u6e90\u4e0e\u5173\u952e\u91d1\u5c5e\n<ul class=\"wp-block-list\">\n\n\n<li><a style=\"color: #666;\"href=\"\/pt\/%e9%94%82\/\">Li<\/a><\/li>\n\n\n\n<li><a style=\"color: #666;\"href=\"\/pt\/%e9%92%b4-2\/\">Co<\/a><\/li>\n\n\n<\/ul>\n<\/li>\n\n\n\n<li>\u7279\u79cd\u5408\u91d1\u4e0e\u9ad8\u6027\u80fd\u91d1\u5c5e\n<ul class=\"wp-block-list\">\n\n<li><a style=\"color: #666;\"href=\"\/pt\/%e9%92%a8\/\">W<\/a><\/li>\n\n\n\n<li><a style=\"color: #666;\"href=\"\/pt\/%e9%92%bc\/\">Mo<\/a><\/li>\n\n\n\n<li><a style=\"color: #666;\"href=\"\/pt\/%e9%92%bd\/\">Ta<\/a><\/li>\n\n\n\n<li><a style=\"color: #666;\"href=\"\/pt\/%e9%93%8c-2\/\">Nb<\/a><\/li>\n\n\n\n<li><a style=\"color: #666;\"href=\"\/pt\/%e9%92%9b\/\">Ti<\/a><\/li>\n\n\n\n<li><a style=\"color: #666;\"href=\"\/pt\/%E9%94%91\/\">Sb<\/a><\/li>\n\n\n\n<li><a style=\"color: #666;\"href=\"\/pt\/%E9%93%8D\/\">Be<\/a><\/li>\n\n\n\n<li><a style=\"color: #666;\"href=\"\/pt\/%E9%92%92-2\/\">V<\/a><\/li>\n\n\n<\/ul>\n<\/li>\n\n\n\n<li>Metais Ferrosos\n<ul class=\"wp-block-list\">\n\n<li><a style=\"color: #666;\"href=\"\/pt\/%e9%93%81\/\">Fe<\/a><\/li>\n\n\n\n<li><a style=\"color: #666;\"href=\"\/pt\/%e9%94%b0\/\">Mn<\/a><\/li>\n\n\n\n<li><a style=\"color: #666;\"href=\"\/pt\/%e9%93%ac\/\">Cr<\/a><\/li>\n\n<\/ul>\n<\/li>\n\n\n\n<li>Outros produtos comerciais\n<ul class=\"wp-block-list\">\n\n\n<li><a style=\"color: #666;\"href=\"\/pt\/%e6%b0%9f\/\">F<\/a><\/li>\n\n\n<li><a style=\"color: #666;\"href=\"\/pt\/%e7%a2%b3\/\">C<\/a><\/li>\n\n\n<li><a style=\"color: #666;\"href=\"\/pt\/%e7%a1%85\/\">Si<\/a><\/li>\n\n<\/ul>\n<\/li>\n\n\n<\/ul>\n\n\n<\/div>\n<\/div>\n<\/div>\n\n<\/div>\n\n\n<div class=\"wp-block-column big-goods-list is-layout-flow wp-block-column-is-layout-flow\" style=\"flex-basis:70%;\">\n\n\n<p><strong>1.Mineral de cobre<\/strong><br\/>\u00c9 um mineral que cont\u00e9m cobre, composto principalmente por compostos de cobre, como calcopirita (CuFeS\u2082), covelita (Cu\u2082S), etc., sendo a principal mat\u00e9ria-prima para extra\u00e7\u00e3o do metal. O cobre possui excelentes propriedades de condutividade el\u00e9trica, t\u00e9rmica e maleabilidade. O cobre extra\u00eddo dos minerais \u00e9 amplamente usado em cabos el\u00e9tricos, eletr\u00f4nicos, tubula\u00e7\u00f5es de constru\u00e7\u00e3o, etc.<\/p>\n\n\n\n<p><\/p>\n\n\n\n<p><strong>2.Concentrado de cobre<\/strong><br\/>A mata de cobre \u00e9 um produto obtido ap\u00f3s o min\u00e9rio de cobre passar por processos de britagem, moagem e beneficiamento (principalmente flota\u00e7\u00e3o), resultando em um teor de cobre significativamente maior. Os principais minerais s\u00e3o min\u00e9rios sulfetados, como a calcopirita, com alto teor de enxofre e ferro, e ricos em elementos valiosos como ouro, prata e molibd\u00eanio. \u00c9 a principal mat\u00e9ria-prima para a fundi\u00e7\u00e3o de cobre, produzida principalmente por meio de processos pirometal\u00fargicos (fundi\u00e7\u00e3o instant\u00e2nea, fundi\u00e7\u00e3o em piscina). Trata-se de um produto intermedi\u00e1rio crucial que conecta as minas \u00e0s fundi\u00e7\u00f5es.<\/p>\n\n\n\n<p><\/p>\n\n\n\n<p><strong>3\u3001lat\u00e3o<\/strong><br\/>O lat\u00e3o \u00e9 uma liga composta principalmente de cobre e zinco, frequentemente com a adi\u00e7\u00e3o de chumbo, estanho e alum\u00ednio para ajustar suas propriedades. Sua cor varia de acordo com o teor de zinco, indo do amarelo-avermelhado ao amarelo p\u00e1lido. Possui excelentes propriedades mec\u00e2nicas, resist\u00eancia \u00e0 corros\u00e3o e usinabilidade. O lat\u00e3o n\u00e3o \u00e9 um min\u00e9rio natural, mas \u00e9 produzido por meio de fundi\u00e7\u00e3o e mistura, sendo amplamente utilizado na fabrica\u00e7\u00e3o de instrumentos musicais, pe\u00e7as decorativas, v\u00e1lvulas, componentes de m\u00e1quinas e utens\u00edlios dom\u00e9sticos.<\/p>\n\n\n\n\n<p><\/p>\n\n\n\n<p><strong>4. Lingotes de cobre:<\/strong><br\/>Os lingotes de cobre s\u00e3o cobre bruto obtido por meio de processos pirometal\u00fargicos a partir de concentrado de cobre ou sucata de cobre. Geralmente apresentam-se na forma de blocos ou lingotes. Seu teor de cobre situa-se normalmente entre 95% e 98%, contendo impurezas como enxofre, oxig\u00eanio, ferro e pequenas quantidades de metais preciosos. Os lingotes de cobre s\u00e3o um produto intermedi\u00e1rio no processo metal\u00fargico do cobre e requerem refina\u00e7\u00e3o adicional (como a eletr\u00f3lise) para aumentar sua pureza. S\u00e3o comumente utilizados em fundi\u00e7\u00e3o ou como mat\u00e9ria-prima para cobre refinado.<\/p>\n\n\n\n\n\n<p><\/p>\n\n\n\n<p><strong>5. Cobre do c\u00e1todo:<\/strong><br\/>O cobre cat\u00f3dico \u00e9 o produto final do refino do cobre, produzido por meio de refino eletrol\u00edtico ou deposi\u00e7\u00e3o eletrol\u00edtica. Sua pureza normalmente atinge mais de 99,95% e apresenta-se na forma de l\u00e2minas finas. \u00c9 a forma padr\u00e3o de cobre puro, com teor de impurezas extremamente baixo e excelente condutividade el\u00e9trica e t\u00e9rmica. Pode ser usado diretamente na produ\u00e7\u00e3o de fios de cobre, folhas de cobre, materiais de cobre e diversos equipamentos eletr\u00f4nicos e de energia de alta tecnologia, tornando-se a mat\u00e9ria-prima mais importante na cadeia produtiva do cobre.<\/p>\n\n\n\n\n\n<p><\/p>\n\n\n\n<p><strong>6.Escravos de cobre<\/strong><br\/>A sucata met\u00e1lica contendo cobre, os res\u00edduos industriais e os retalhos de processamento prov\u00eam principalmente de cabos de energia, eletrodom\u00e9sticos descartados, pe\u00e7as automotivas, tubula\u00e7\u00f5es de constru\u00e7\u00e3o e do processamento de cobre. Trata-se de um importante recurso de cobre reciclado. Por meio da reciclagem, triagem e refus\u00e3o, pode substituir diretamente parte do concentrado de cobre na produ\u00e7\u00e3o de cobre refinado ou ligas de cobre, o que \u00e9 crucial para a conserva\u00e7\u00e3o de recursos minerais e a redu\u00e7\u00e3o do consumo de energia na fundi\u00e7\u00e3o.<\/p>\n\n\n\n<div style=\"height:100px\" aria-hidden=\"true\" class=\"wp-block-spacer\"><\/div>\n\n\n<\/div>\n\n\n\n<\/div>\n<!-- \/wp:post-content --><\/div>\n<!-- \/wp:post-content -->","protected":false},"excerpt":{"rendered":"<p>1\u3001\u94dc\u77ff\u77f3\uff1a\u81ea\u7136\u754c\u4e2d\u542b\u94dc\u7684\u77ff\u77f3\uff0c\u5e38\u89c1\u7684\u6709\u9ec4\u94dc\u77ff\uff08CuFeS\u2082\uff09\u3001\u6591\u94dc\u77ff\uff08Cu\u2085FeS\u2084\uff09\u548c\u5b54\u96c0\u77f3\uff08C [&hellip;]<\/p>\n","protected":false},"author":1,"featured_media":723,"parent":336,"menu_order":0,"comment_status":"closed","ping_status":"closed","template":"page-templates\/template-page-sidebar.php","meta":{"footnotes":""},"class_list":["post-181","page","type-page","status-publish","has-post-thumbnail","hentry"],"_links":{"self":[{"href":"https:\/\/www.olagoo.com\/pt\/wp-json\/wp\/v2\/pages\/181","targetHints":{"allow":["GET"]}}],"collection":[{"href":"https:\/\/www.olagoo.com\/pt\/wp-json\/wp\/v2\/pages"}],"about":[{"href":"https:\/\/www.olagoo.com\/pt\/wp-json\/wp\/v2\/types\/page"}],"author":[{"embeddable":true,"href":"https:\/\/www.olagoo.com\/pt\/wp-json\/wp\/v2\/users\/1"}],"replies":[{"embeddable":true,"href":"https:\/\/www.olagoo.com\/pt\/wp-json\/wp\/v2\/comments?post=181"}],"version-history":[{"count":37,"href":"https:\/\/www.olagoo.com\/pt\/wp-json\/wp\/v2\/pages\/181\/revisions"}],"predecessor-version":[{"id":1886,"href":"https:\/\/www.olagoo.com\/pt\/wp-json\/wp\/v2\/pages\/181\/revisions\/1886"}],"up":[{"embeddable":true,"href":"https:\/\/www.olagoo.com\/pt\/wp-json\/wp\/v2\/pages\/336"}],"wp:featuredmedia":[{"embeddable":true,"href":"https:\/\/www.olagoo.com\/pt\/wp-json\/wp\/v2\/media\/723"}],"wp:attachment":[{"href":"https:\/\/www.olagoo.com\/pt\/wp-json\/wp\/v2\/media?parent=181"}],"curies":[{"name":"wp","href":"https:\/\/api.w.org\/{rel}","templated":true}]}}