{"id":182,"date":"2025-04-11T15:52:27","date_gmt":"2025-04-11T07:52:27","guid":{"rendered":"https:\/\/www.olagoo.com\/?page_id=182"},"modified":"2026-01-14T20:29:41","modified_gmt":"2026-01-14T12:29:41","slug":"%e9%87%91","status":"publish","type":"page","link":"https:\/\/www.olagoo.com\/pt\/%e5%a4%a7%e5%ae%97%e5%95%86%e5%93%81%e8%b4%b8%e6%98%93\/%e9%87%91","title":{"rendered":"<div class=\"info-content\"><img class=\"info-icon\" src=\"\/wp-content\/uploads\/2025\/04\/Gold.jpg\"><p  class=\"info-title\">Au<\/p><\/div>"},"content":{"rendered":"<div class=\"wp-block-columns is-layout-flex wp-container-core-columns-is-layout-9d6595d7 wp-block-columns-is-layout-flex\">\n<div class=\"wp-block-column is-layout-flow wp-block-column-is-layout-flow\" style=\"flex-basis:30%\">\n<div class=\"wp-block-columns is-layout-flex wp-container-core-columns-is-layout-9d6595d7 wp-block-columns-is-layout-flex\">\n<div class=\"wp-block-column is-layout-flow wp-block-column-is-layout-flow\" style=\"flex-basis:100%\">\n<p><\/p>\n\n\n\n<div class=\"menu-container\">\n<ul class=\"wp-block-list\">\n<li class=\"active\">Metais B\u00e1sicos\n<ul class=\"wp-block-list\">\n<li><a style=\"color: #666;\"href=\"\/pt\/%e9%93%9c\/\">Cu<\/a><\/li>\n\n\n\n<li><a style=\"color: #666;\"href=\"\/pt\/%e9%94%8c\/\">Zn<\/a><\/li>\n\n\n\n<li><a style=\"color: #666;\"href=\"\/pt\/%e9%95%8d\/\">Ni<\/a><\/li>\n\n\n\n<li><a style=\"color: #666;\"href=\"\/pt\/%e9%94%a1\/\">Sn<\/a><\/li>\n\n\n\n<li><a style=\"color: #666;\"href=\"\/pt\/%e9%93%85\/\">Pb<\/a><\/li>\n\n\n\n<li><a style=\"color: #666;\"href=\"\/pt\/%e9%93%9d\/\">Al<\/a><\/li>\n\n\n<li class=\"active\"><a style=\"color: #666;\"href=\"\/pt\/%e9%87%91\/\">Au<\/a><\/li>\n\n\n<li><a style=\"color: #666;\"href=\"\/pt\/%E9%93%B6\/\">Ag<\/a><\/li>\n\n<\/ul>\n<\/li>\n\n\n\n<li>Elementos da Fam\u00edlia do Platina\n<ul class=\"wp-block-list\">\n\n\n<li><a style=\"color: #666;\"href=\"\/pt\/%E9%92%AF\/\">Pd<\/a><\/li>\n\n\n\n<li><a style=\"color: #666;\"href=\"\/pt\/%E9%93%82\/\">Pd<\/a><\/li>\n\n\n\n<li><a style=\"color: #666;\"href=\"\/pt\/%e9%93%91-2\/\">Pd<\/a><\/li>\n\n\n\n<li><a style=\"color: #666;\"href=\"\/pt\/%E9%93%B1\/\">Ir<\/a><\/li>\n\n\n<\/ul>\n<\/li>\n\n\n\n<li>\u65b0\u80fd\u6e90\u4e0e\u5173\u952e\u91d1\u5c5e\n<ul class=\"wp-block-list\">\n\n\n<li><a style=\"color: #666;\"href=\"\/pt\/%e9%94%82\/\">Li<\/a><\/li>\n\n\n\n<li><a style=\"color: #666;\"href=\"\/pt\/%e9%92%b4-2\/\">Co<\/a><\/li>\n\n\n<\/ul>\n<\/li>\n\n\n\n<li>\u7279\u79cd\u5408\u91d1\u4e0e\u9ad8\u6027\u80fd\u91d1\u5c5e\n<ul class=\"wp-block-list\">\n\n<li><a style=\"color: #666;\"href=\"\/pt\/%e9%92%a8\/\">W<\/a><\/li>\n\n\n\n<li><a style=\"color: #666;\"href=\"\/pt\/%e9%92%bc\/\">Mo<\/a><\/li>\n\n\n\n<li><a style=\"color: #666;\"href=\"\/pt\/%e9%92%bd\/\">Ta<\/a><\/li>\n\n\n\n<li><a style=\"color: #666;\"href=\"\/pt\/%e9%93%8c-2\/\">Nb<\/a><\/li>\n\n\n\n<li><a style=\"color: #666;\"href=\"\/pt\/%e9%92%9b\/\">Ti<\/a><\/li>\n\n\n\n<li><a style=\"color: #666;\"href=\"\/pt\/%E9%94%91\/\">Sb<\/a><\/li>\n\n\n\n<li><a style=\"color: #666;\"href=\"\/pt\/%E9%93%8D\/\">Be<\/a><\/li>\n\n\n\n<li><a style=\"color: #666;\"href=\"\/pt\/%E9%92%92-2\/\">V<\/a><\/li>\n\n\n<\/ul>\n<\/li>\n\n\n\n<li>Metais Ferrosos\n<ul class=\"wp-block-list\">\n\n<li><a style=\"color: #666;\"href=\"\/pt\/%e9%93%81\/\">Fe<\/a><\/li>\n\n\n\n<li><a style=\"color: #666;\"href=\"\/pt\/%e9%94%b0\/\">Mn<\/a><\/li>\n\n\n\n<li><a style=\"color: #666;\"href=\"\/pt\/%e9%93%ac\/\">Cr<\/a><\/li>\n\n<\/ul>\n<\/li>\n\n\n\n<li>Outros produtos comerciais\n<ul class=\"wp-block-list\">\n\n\n<li><a style=\"color: #666;\"href=\"\/pt\/%e6%b0%9f\/\">F<\/a><\/li>\n\n\n<li><a style=\"color: #666;\"href=\"\/pt\/%e7%a2%b3\/\">C<\/a><\/li>\n\n\n<li><a style=\"color: #666;\"href=\"\/pt\/%e7%a1%85\/\">Si<\/a><\/li>\n\n<\/ul>\n<\/li>\n\n\n<\/ul>\n<\/div>\n<\/div>\n<\/div>\n\n<\/div>\n\n\n<div class=\"wp-block-column big-goods-list is-layout-flow wp-block-column-is-layout-flow\" style=\"flex-basis:70%;\">\n\n\n<p><strong>1. Min\u00e9rio de ouro:<\/strong><br\/>Os min\u00e9rios aur\u00edferos na natureza s\u00e3o comumente encontrados em veios de quartzo ou associados a minerais sulfetados. O ouro frequentemente existe na forma de ouro nativo ou min\u00e9rios de ouro-prata, e \u00e9 frequentemente associado a elementos como prata e cobre. \u00c9 a mat\u00e9ria-prima inicial para a ind\u00fastria aur\u00edfera. O concentrado de ouro ou ouro bruto \u00e9 extra\u00eddo por meio de processos como britagem e beneficiamento (por exemplo, separa\u00e7\u00e3o gravim\u00e9trica, flota\u00e7\u00e3o, cianeta\u00e7\u00e3o) para fornecer mat\u00e9ria-prima para refino.<\/p>\n\n\n\n<p><\/p>\n\n\n\n<p><strong>1.Concentrado de our<\/strong><br\/>O min\u00e9rio de ouro \u00e9 o produto obtido ap\u00f3s processos de britagem, moagem e beneficiamento (como separa\u00e7\u00e3o gravim\u00e9trica e flota\u00e7\u00e3o). Seus principais minerais portadores s\u00e3o frequentemente pirita e quartzo, com o ouro ocorrendo na forma de gr\u00e3os finos ou inclus\u00f5es. O teor de ouro \u00e9 significativamente aumentado (geralmente dezenas a centenas de gramas por tonelada) e \u00e9 rico em elementos valiosos como prata, cobre, chumbo e zinco. \u00c9 a principal mat\u00e9ria-prima para a fundi\u00e7\u00e3o de ouro e requer extra\u00e7\u00e3o adicional por meio de processos pirometal\u00fargicos ou hidrometal\u00fargicos. \u00c9 um produto intermedi\u00e1rio fundamental que conecta a minera\u00e7\u00e3o e o refino de metais.<\/p>\n\n\n\n<p><strong>3. P\u00f3 de ouro:<\/strong><br\/>S\u00e3o part\u00edculas naturais de ouro em sedimentos fluviais, com composi\u00e7\u00e3o qu\u00edmica pura (Au) e acompanhadas de prata e cobre. Refinado, \u00e9 usado em j\u00f3ias e conex\u00f5es eletr\u00f4nicas cr\u00edticas.<\/p>\n\n\n\n<p><strong>4. Barras\/lingotes de ouro bruto:<\/strong><br\/> O ouro \u00e9 uma forma met\u00e1lica do ouro, inicialmente extra\u00edda de min\u00e9rio, concentrado ou materiais reciclados por meio de processos pirometal\u00fargicos. Sua pureza geralmente varia entre 90% e 99%, contendo impurezas como prata e cobre. \u00c9 um produto intermedi\u00e1rio no refino do ouro e requer refina\u00e7\u00e3o adicional para atingir altos padr\u00f5es de pureza. \u00c9 comumente utilizado como reserva de ouro ou como mat\u00e9ria-prima em refinarias.<\/p>\n\n\n\n<p><strong>5. Ouro 24 quilates:<\/strong><br\/> Produtos de ouro puro com pureza de 99,9% (ouro 24 quilates) ou 99,99% (ouro puro 99,99%) s\u00e3o normalmente encontrados na forma de barras, moedas ou joias. Possuem colora\u00e7\u00e3o dourada, s\u00e3o est\u00e1veis \u200b\u200be t\u00eam excelente ductilidade. Representam uma das formas finais de ouro refinado e s\u00e3o utilizados principalmente em joias, reservas financeiras, eletr\u00f4nicos de ponta e na ind\u00fastria aeroespacial \u2014 setores com requisitos de pureza extremamente elevados.<\/p>\n\n\n\n<div style=\"height:100px\" aria-hidden=\"true\" class=\"wp-block-spacer\"><\/div>\n\n\n\n\n\n<\/div>\n<!-- \/wp:post-content --><\/div>\n<!-- \/wp:post-content -->","protected":false},"excerpt":{"rendered":"<p>1\u3001\u91d1\u77ff\u77f3\uff1a\u81ea\u7136\u754c\u4e2d\u542b\u91d1\u7684\u77ff\u77f3\uff0c\u5e38\u89c1\u4e8e\u77f3\u82f1\u8109\u6216\u4e0e\u786b\u5316\u77ff\u7269\u4f34\u751f\uff0c\u91d1\u591a\u4ee5\u81ea\u7136\u91d1\u6216\u94f6\u91d1\u77ff\u7b49\u5f62\u5f0f\u5b58\u5728\uff0c\u5e38\u4f34\u751f [&hellip;]<\/p>\n","protected":false},"author":1,"featured_media":731,"parent":162,"menu_order":2,"comment_status":"closed","ping_status":"closed","template":"page-templates\/template-page-sidebar.php","meta":{"footnotes":""},"class_list":["post-182","page","type-page","status-publish","has-post-thumbnail","hentry"],"_links":{"self":[{"href":"https:\/\/www.olagoo.com\/pt\/wp-json\/wp\/v2\/pages\/182","targetHints":{"allow":["GET"]}}],"collection":[{"href":"https:\/\/www.olagoo.com\/pt\/wp-json\/wp\/v2\/pages"}],"about":[{"href":"https:\/\/www.olagoo.com\/pt\/wp-json\/wp\/v2\/types\/page"}],"author":[{"embeddable":true,"href":"https:\/\/www.olagoo.com\/pt\/wp-json\/wp\/v2\/users\/1"}],"replies":[{"embeddable":true,"href":"https:\/\/www.olagoo.com\/pt\/wp-json\/wp\/v2\/comments?post=182"}],"version-history":[{"count":11,"href":"https:\/\/www.olagoo.com\/pt\/wp-json\/wp\/v2\/pages\/182\/revisions"}],"predecessor-version":[{"id":1880,"href":"https:\/\/www.olagoo.com\/pt\/wp-json\/wp\/v2\/pages\/182\/revisions\/1880"}],"up":[{"embeddable":true,"href":"https:\/\/www.olagoo.com\/pt\/wp-json\/wp\/v2\/pages\/162"}],"wp:featuredmedia":[{"embeddable":true,"href":"https:\/\/www.olagoo.com\/pt\/wp-json\/wp\/v2\/media\/731"}],"wp:attachment":[{"href":"https:\/\/www.olagoo.com\/pt\/wp-json\/wp\/v2\/media?parent=182"}],"curies":[{"name":"wp","href":"https:\/\/api.w.org\/{rel}","templated":true}]}}