{"id":183,"date":"2025-04-11T15:52:27","date_gmt":"2025-04-11T07:52:27","guid":{"rendered":"https:\/\/www.olagoo.com\/?page_id=183"},"modified":"2026-01-14T20:29:14","modified_gmt":"2026-01-14T12:29:14","slug":"%e9%93%b6","status":"publish","type":"page","link":"https:\/\/www.olagoo.com\/pt\/%e5%a4%a7%e5%ae%97%e5%95%86%e5%93%81%e8%b4%b8%e6%98%93\/%e9%93%b6","title":{"rendered":"<div class=\"info-content\"><img class=\"info-icon\" src=\"\/wp-content\/uploads\/2025\/04\/silver.jpeg\"><p  class=\"info-title\">Ag<\/p><\/div>"},"content":{"rendered":"<div class=\"wp-block-columns is-layout-flex wp-container-core-columns-is-layout-9d6595d7 wp-block-columns-is-layout-flex\">\n<div class=\"wp-block-column is-layout-flow wp-block-column-is-layout-flow\" style=\"flex-basis:30%\">\n<div class=\"wp-block-columns is-layout-flex wp-container-core-columns-is-layout-9d6595d7 wp-block-columns-is-layout-flex\">\n<div class=\"wp-block-column is-layout-flow wp-block-column-is-layout-flow\" style=\"flex-basis:100%\">\n<p><\/p>\n\n\n\n<div class=\"menu-container\">\n<ul class=\"wp-block-list\">\n<li class=\"active\">Metais B\u00e1sicos\n<ul class=\"wp-block-list\">\n<li><a style=\"color: #666;\"href=\"\/pt\/%e9%93%9c\/\">Cu<\/a><\/li>\n\n\n\n<li><a style=\"color: #666;\"href=\"\/pt\/%e9%94%8c\/\">Zn<\/a><\/li>\n\n\n\n<li><a style=\"color: #666;\"href=\"\/pt\/%e9%95%8d\/\">Ni<\/a><\/li>\n\n\n\n<li><a style=\"color: #666;\"href=\"\/pt\/%e9%94%a1\/\">Sn<\/a><\/li>\n\n\n\n<li><a style=\"color: #666;\"href=\"\/pt\/%e9%93%85\/\">Pb<\/a><\/li>\n\n\n\n<li><a style=\"color: #666;\"href=\"\/pt\/%e9%93%9d\/\">Al<\/a><\/li>\n\n\n<li><a style=\"color: #666;\"href=\"\/pt\/%e9%87%91\/\">Au<\/a><\/li>\n\n\n<li class=\"active\"><a style=\"color: #666;\"href=\"\/pt\/%E9%93%B6\/\">Ag<\/a><\/li>\n\n<\/ul>\n<\/li>\n\n\n\n<li>Elementos da Fam\u00edlia do Platina\n<ul class=\"wp-block-list\">\n\n\n<li><a style=\"color: #666;\"href=\"\/pt\/%E9%92%AF\/\">Pd<\/a><\/li>\n\n\n\n<li><a style=\"color: #666;\"href=\"\/pt\/%E9%93%82\/\">Pd<\/a><\/li>\n\n\n\n<li><a style=\"color: #666;\"href=\"\/pt\/%e9%93%91-2\/\">Pd<\/a><\/li>\n\n\n\n<li><a style=\"color: #666;\"href=\"\/pt\/%E9%93%B1\/\">Ir<\/a><\/li>\n\n\n<\/ul>\n<\/li>\n\n\n\n<li>Metais Estrat\u00e9gicos\n<ul class=\"wp-block-list\">\n\n<li><a style=\"color: #666;\"href=\"\/pt\/%e9%92%a8\/\">W<\/a><\/li>\n\n\n\n<li><a style=\"color: #666;\"href=\"\/pt\/%e9%92%bc\/\">Mo<\/a><\/li>\n\n\n\n<li><a style=\"color: #666;\"href=\"\/pt\/%e9%94%82\/\">Li<\/a><\/li>\n\n\n\n<li><a style=\"color: #666;\"href=\"\/pt\/%e9%92%bd\/\">Ta<\/a><\/li>\n\n\n\n<li><a style=\"color: #666;\"href=\"\/pt\/%e9%93%8c-2\/\">Nb<\/a><\/li>\n\n\n\n<li><a style=\"color: #666;\"href=\"\/pt\/%E9%94%91\/\">Sb<\/a><\/li>\n\n\n\n<li><a style=\"color: #666;\"href=\"\/pt\/%e9%92%b4-2\/\">Co<\/a><\/li>\n\n\n\n<li><a style=\"color: #666;\"href=\"\/pt\/%E9%93%8D\/\">Be<\/a><\/li>\n\n\n\n<li><a style=\"color: #666;\"href=\"\/pt\/%E9%92%92-2\/\">V<\/a><\/li>\n\n\n<\/ul>\n<\/li>\n\n\n\n<li>Metais Ferrosos\n<ul class=\"wp-block-list\">\n\n<li><a style=\"color: #666;\"href=\"\/pt\/%e9%93%81\/\">Fe<\/a><\/li>\n\n\n<li ><a style=\"color: #666;\"href=\"\/pt\/%e9%92%9b\/\">Ti<\/a><\/li>\n\n\n\n<li><a style=\"color: #666;\"href=\"\/pt\/%e9%93%ac\/\">Cr<\/a><\/li>\n\n\n\n<li ><a style=\"color: #666;\"href=\"\/pt\/%e9%94%b0\/\">Mn<\/a><\/li>\n\n<\/ul>\n<\/li>\n\n\n\n<li>Outros produtos comerciais\n<ul class=\"wp-block-list\">\n\n\n<li><a style=\"color: #666;\"href=\"\/pt\/%e6%b0%9f\/\">F<\/a><\/li>\n\n\n<li><a style=\"color: #666;\"href=\"\/pt\/%e7%a1%85\/\">Si<\/a><\/li>\n\n\n<li><a style=\"color: #666;\"href=\"\/pt\/%e7%a2%b3\/\">C<\/a><\/li>\n\n<\/ul>\n<\/li>\n\n\n<\/ul>\n<\/div>\n\n<\/div>\n<\/div>\n\n<\/div>\n\n\n<div class=\"wp-block-column big-goods-list is-layout-flow wp-block-column-is-layout-flow\" style=\"flex-basis:70%;\">\n\n\n<p><strong>1. Min\u00e9rio de prata:<\/strong><br\/> Os min\u00e9rios argent\u00edferos na natureza frequentemente existem como prata nativa, argentita (Ag\u2082S) ou argentita (AgCl), e s\u00e3o encontrados com frequ\u00eancia ao lado de min\u00e9rios de metais n\u00e3o ferrosos, como chumbo, zinco e cobre. A prata \u00e9 a mat\u00e9ria-prima inicial para a ind\u00fastria da prata, onde o concentrado de prata ou a prata bruta s\u00e3o extra\u00eddos por meio de processos de flota\u00e7\u00e3o, cianeta\u00e7\u00e3o e outros beneficiamentos, fornecendo a base para o subsequente refino da prata.<\/p>\n\n\n\n<p><strong>2.Concentrado de prata:<\/strong><br\/> O min\u00e9rio de prata, ou min\u00e9rio polimet\u00e1lico argent\u00edfero, \u00e9 um produto obtido ap\u00f3s processos de britagem, moagem e beneficiamento (principalmente flota\u00e7\u00e3o). A prata \u00e9 frequentemente encontrada como um mineral independente, como a argentita, ou em minerais portadores, como a galena e a esfalerita, resultando em um teor de prata significativamente mais alto e em um rico conte\u00fado de v\u00e1rios metais valiosos, como chumbo, zinco, cobre e ouro. \u00c9 uma mat\u00e9ria-prima intermedi\u00e1ria fundamental na fundi\u00e7\u00e3o de prata, extra\u00edda principalmente por meio de processos pirometal\u00fargicos (como a co-recupera\u00e7\u00e3o na fundi\u00e7\u00e3o de chumbo) ou processos hidrometal\u00fargicos (como a cianeta\u00e7\u00e3o). Seu valor econ\u00f4mico depende fortemente de sua capacidade de recupera\u00e7\u00e3o abrangente.<\/p>\n\n\n\n<p><strong>3. Barras de prata grosseiras\/lingotes de prata grosseiros:<\/strong><br\/> A prata \u00e9 uma forma met\u00e1lica inicialmente extra\u00edda do min\u00e9rio de prata, da lama an\u00f3dica ou de materiais reciclados por meio de processos pirometal\u00fargicos. Sua pureza geralmente varia entre 90% e 99%, e cont\u00e9m impurezas como ouro, cobre e chumbo. \u00c9 um produto intermedi\u00e1rio fundamental no refino da prata e requer purifica\u00e7\u00e3o adicional por meio de eletr\u00f3lise ou m\u00e9todos qu\u00edmicos. \u00c9 frequentemente utilizada como mat\u00e9ria-prima em refinarias ou como principal produto comercial.<\/p>\n\n\n\n<p><strong>4. Prata 24 quilates:<\/strong><br\/> Produtos de prata de alta pureza, com pureza de 99,9% (prata pura) ou 99,99% (prata est\u00e9ril), geralmente est\u00e3o dispon\u00edveis na forma de barras, lingotes ou joias. S\u00e3o de cor branca pura, possuem excelente ductilidade e s\u00e3o quimicamente est\u00e1veis. Representam uma das formas finais de prata refinada e s\u00e3o utilizados principalmente na fabrica\u00e7\u00e3o de joias, talheres, reservas de investimento e na ind\u00fastria de eletr\u00f4nicos de alta tecnologia.<\/p>\n\n\n\n\n<div style=\"height:100px\" aria-hidden=\"true\" class=\"wp-block-spacer\"><\/div>\n\n\n\n\n\n<\/div>\n<!-- \/wp:post-content --><\/div>\n<!-- \/wp:post-content -->","protected":false},"excerpt":{"rendered":"<p>1\u3001\u94f6\u77ff\u77f3\uff1a \u81ea\u7136\u754c\u4e2d\u542b\u94f6\u7684\u77ff\u77f3\uff0c\u94f6\u5e38\u4ee5\u81ea\u7136\u94f6\u3001\u8f89\u94f6\u77ff\uff08Ag\u2082S\uff09\u6216\u89d2\u94f6\u77ff\uff08AgCl\uff09\u7b49\u5f62\u5f0f\u5b58\u5728\uff0c\u591a [&hellip;]<\/p>\n","protected":false},"author":1,"featured_media":731,"parent":162,"menu_order":3,"comment_status":"closed","ping_status":"closed","template":"page-templates\/template-page-sidebar.php","meta":{"footnotes":""},"class_list":["post-183","page","type-page","status-publish","has-post-thumbnail","hentry"],"_links":{"self":[{"href":"https:\/\/www.olagoo.com\/pt\/wp-json\/wp\/v2\/pages\/183","targetHints":{"allow":["GET"]}}],"collection":[{"href":"https:\/\/www.olagoo.com\/pt\/wp-json\/wp\/v2\/pages"}],"about":[{"href":"https:\/\/www.olagoo.com\/pt\/wp-json\/wp\/v2\/types\/page"}],"author":[{"embeddable":true,"href":"https:\/\/www.olagoo.com\/pt\/wp-json\/wp\/v2\/users\/1"}],"replies":[{"embeddable":true,"href":"https:\/\/www.olagoo.com\/pt\/wp-json\/wp\/v2\/comments?post=183"}],"version-history":[{"count":8,"href":"https:\/\/www.olagoo.com\/pt\/wp-json\/wp\/v2\/pages\/183\/revisions"}],"predecessor-version":[{"id":1755,"href":"https:\/\/www.olagoo.com\/pt\/wp-json\/wp\/v2\/pages\/183\/revisions\/1755"}],"up":[{"embeddable":true,"href":"https:\/\/www.olagoo.com\/pt\/wp-json\/wp\/v2\/pages\/162"}],"wp:featuredmedia":[{"embeddable":true,"href":"https:\/\/www.olagoo.com\/pt\/wp-json\/wp\/v2\/media\/731"}],"wp:attachment":[{"href":"https:\/\/www.olagoo.com\/pt\/wp-json\/wp\/v2\/media?parent=183"}],"curies":[{"name":"wp","href":"https:\/\/api.w.org\/{rel}","templated":true}]}}