{"id":184,"date":"2025-04-11T15:52:28","date_gmt":"2025-04-11T07:52:28","guid":{"rendered":"https:\/\/www.olagoo.com\/?page_id=184"},"modified":"2026-01-14T20:32:02","modified_gmt":"2026-01-14T12:32:02","slug":"%e9%94%8c","status":"publish","type":"page","link":"https:\/\/www.olagoo.com\/pt\/%e5%a4%a7%e5%ae%97%e5%95%86%e5%93%81%e8%b4%b8%e6%98%93\/%e6%9c%89%e8%89%b2%e9%87%91%e5%b1%9e\/%e9%94%8c","title":{"rendered":"<div class=\"info-content\"><img class=\"info-icon\" src=\"\/wp-content\/uploads\/2025\/04\/zinc-1024x774.jpg\"><p  class=\"info-title\">Zn<\/p><\/div>"},"content":{"rendered":"<div class=\"wp-block-columns is-layout-flex wp-container-core-columns-is-layout-9d6595d7 wp-block-columns-is-layout-flex\">\n<div class=\"wp-block-column is-layout-flow wp-block-column-is-layout-flow\" style=\"flex-basis:30%\">\n<div class=\"wp-block-columns is-layout-flex wp-container-core-columns-is-layout-9d6595d7 wp-block-columns-is-layout-flex\">\n<div class=\"wp-block-column is-layout-flow wp-block-column-is-layout-flow\" style=\"flex-basis:100%\">\n<p><\/p>\n\n\n\n<div class=\"menu-container\">\n<ul class=\"wp-block-list\">\n<li class=\"active\">Metais B\u00e1sicos\n<ul class=\"wp-block-list\">\n<li><a style=\"color: #666;\"href=\"\/pt\/%e9%93%9c\/\">Cu<\/a><\/li>\n\n\n\n<li class=\"active\"><a style=\"color: #666;\"href=\"\/pt\/%e9%94%8c\/\">Zn<\/a><\/li>\n\n\n\n<li><a style=\"color: #666;\"href=\"\/pt\/%e9%95%8d\/\">Ni<\/a><\/li>\n\n\n\n<li><a style=\"color: #666;\"href=\"\/pt\/%e9%94%a1\/\">Sn<\/a><\/li>\n\n\n\n<li><a style=\"color: #666;\"href=\"\/pt\/%e9%93%85\/\">Pb<\/a><\/li>\n\n\n\n<li><a style=\"color: #666;\"href=\"\/pt\/%e9%93%9d\/\">Al<\/a><\/li>\n\n\n<li><a style=\"color: #666;\"href=\"\/pt\/%e9%87%91\/\">Au<\/a><\/li>\n\n\n<li><a style=\"color: #666;\"href=\"\/pt\/%E9%93%B6\/\">Ag<\/a><\/li>\n\n<\/ul>\n<\/li>\n\n\n\n<li>Elementos da Fam\u00edlia do Platina\n<ul class=\"wp-block-list\">\n\n\n<li><a style=\"color: #666;\"href=\"\/pt\/%E9%92%AF\/\">Pd<\/a><\/li>\n\n\n\n<li><a style=\"color: #666;\"href=\"\/pt\/%E9%93%82\/\">Pd<\/a><\/li>\n\n\n\n<li><a style=\"color: #666;\"href=\"\/pt\/%e9%93%91-2\/\">Pd<\/a><\/li>\n\n\n\n<li><a style=\"color: #666;\"href=\"\/pt\/%E9%93%B1\/\">Ir<\/a><\/li>\n\n\n<\/ul>\n<\/li>\n\n\n\n<li>\u65b0\u80fd\u6e90\u4e0e\u5173\u952e\u91d1\u5c5e\n<ul class=\"wp-block-list\">\n\n\n<li><a style=\"color: #666;\"href=\"\/pt\/%e9%94%82\/\">Li<\/a><\/li>\n\n\n\n<li><a style=\"color: #666;\"href=\"\/pt\/%e9%92%b4-2\/\">Co<\/a><\/li>\n\n\n<\/ul>\n<\/li>\n\n\n\n<li>\u7279\u79cd\u5408\u91d1\u4e0e\u9ad8\u6027\u80fd\u91d1\u5c5e\n<ul class=\"wp-block-list\">\n\n<li><a style=\"color: #666;\"href=\"\/pt\/%e9%92%a8\/\">W<\/a><\/li>\n\n\n\n<li><a style=\"color: #666;\"href=\"\/pt\/%e9%92%bc\/\">Mo<\/a><\/li>\n\n\n\n<li><a style=\"color: #666;\"href=\"\/pt\/%e9%92%bd\/\">Ta<\/a><\/li>\n\n\n\n<li><a style=\"color: #666;\"href=\"\/pt\/%e9%93%8c-2\/\">Nb<\/a><\/li>\n\n\n\n<li><a style=\"color: #666;\"href=\"\/pt\/%e9%92%9b\/\">Ti<\/a><\/li>\n\n\n\n<li><a style=\"color: #666;\"href=\"\/pt\/%E9%94%91\/\">Sb<\/a><\/li>\n\n\n\n<li><a style=\"color: #666;\"href=\"\/pt\/%E9%93%8D\/\">Be<\/a><\/li>\n\n\n\n<li><a style=\"color: #666;\"href=\"\/pt\/%E9%92%92-2\/\">V<\/a><\/li>\n\n\n<\/ul>\n<\/li>\n\n\n\n<li>Metais Ferrosos\n<ul class=\"wp-block-list\">\n\n<li><a style=\"color: #666;\"href=\"\/pt\/%e9%93%81\/\">Fe<\/a><\/li>\n\n\n\n<li><a style=\"color: #666;\"href=\"\/pt\/%e9%94%b0\/\">Mn<\/a><\/li>\n\n\n\n<li><a style=\"color: #666;\"href=\"\/pt\/%e9%93%ac\/\">Cr<\/a><\/li>\n\n<\/ul>\n<\/li>\n\n\n\n<li>Outros produtos comerciais\n<ul class=\"wp-block-list\">\n\n\n<li><a style=\"color: #666;\"href=\"\/pt\/%e6%b0%9f\/\">F<\/a><\/li>\n\n\n<li><a style=\"color: #666;\"href=\"\/pt\/%e7%a2%b3\/\">C<\/a><\/li>\n\n\n<li><a style=\"color: #666;\"href=\"\/pt\/%e7%a1%85\/\">Si<\/a><\/li>\n\n<\/ul>\n<\/li>\n\n\n<\/ul>\n\n\n<\/div>\n<\/div>\n<\/div>\n\n<\/div>\n\n\n<div class=\"wp-block-column big-goods-list is-layout-flow wp-block-column-is-layout-flow\" style=\"flex-basis:70%;\">\n\n\n\n<p><strong>1.Mineral de zinco<\/strong><br\/>\u00c9 rico em zinco, com exemplos como esfalerita (ZnS) e calcita de zinco (ZnCO\u2083), sendo a principal mat\u00e9ria-prima para sua extra\u00e7\u00e3o. O zinco possui boa resist\u00eancia \u00e0 corros\u00e3o e \u00e9 amplamente usado no galvanizado de a\u00e7os para prevenir oxida\u00e7\u00e3o; na fabrica\u00e7\u00e3o de baterias, \u00e9 um material comum para eletrodos negativos.<\/p>\n\n\n\n<p><\/p>\n\n\n\n<p><strong>2.Concentrado de zinco<\/strong><br\/>\u00c9 o produto enriquecido por flota\u00e7\u00e3o do mineral, com alto teor de zinco e impurezas de enxofre, ferro e chumbo. Ap\u00f3s a fus\u00e3o, o zinco \u00e9 usado n\u00e3o apenas no galvanizado, mas tamb\u00e9m em alea\u00e7\u00f5es para pe\u00e7as de autom\u00f3veis e componentes de ferragens.<\/p>\n\n\n\n<p><\/p>\n\n\n\n<p><strong>3. Lingotes de zinco:<\/strong><br\/> Os lingotes de zinco s\u00e3o blocos de zinco met\u00e1lico extra\u00eddos de concentrado de zinco ou materiais de zinco reciclados por meio de processos pirometal\u00fargicos ou hidrometal\u00fargicos. Sua pureza \u00e9 tipicamente de 99,5% a 99,995%. S\u00e3o um produto preliminar da fundi\u00e7\u00e3o de zinco, contendo pequenas quantidades de impurezas como chumbo, c\u00e1dmio e ferro. Podem ser usados \u200b\u200bdiretamente na galvaniza\u00e7\u00e3o a quente, na fabrica\u00e7\u00e3o de baterias ou como mat\u00e9ria-prima para a produ\u00e7\u00e3o de produtos processados, como ligas de zinco e \u00f3xido de zinco.<\/p>\n\n\n\n<p><\/p>\n\n\n\n<p><strong>4. Zinco eletrol\u00edtico:<\/strong><br\/>O zinco eletrol\u00edtico \u00e9 um produto de zinco de alta pureza extra\u00eddo do concentrado de zinco por meio de processos hidrometal\u00fargicos (calcina\u00e7\u00e3o-lixivia\u00e7\u00e3o-eletr\u00f3lise), com pureza geralmente n\u00e3o inferior a 99,995%. Possui baix\u00edssimo teor de impurezas e uma superf\u00edcie lisa e densa, representando a forma refinada final do zinco. \u00c9 utilizado principalmente em galvaniza\u00e7\u00e3o de alta qualidade, ligas de precis\u00e3o, produtos farmac\u00eauticos, produtos qu\u00edmicos e dispositivos eletr\u00f4nicos \u2014 \u00e1reas que exigem alta pureza. <\/p>\n\n\n\n<p><\/p>\n\n\n\n<p><strong>5. Sucata de zinco:<\/strong><br\/> A sucata de zinco refere-se a res\u00edduos met\u00e1licos ou industriais que cont\u00eam zinco, provenientes principalmente de pe\u00e7as galvanizadas, componentes de ligas de zinco, baterias e esc\u00f3ria de fundi\u00e7\u00e3o, com teor vari\u00e1vel de zinco. Trata-se de um importante recurso de zinco reciclado; por meio da reciclagem e da fundi\u00e7\u00e3o, pode ser reutilizado para produzir lingotes ou ligas de zinco, contribuindo para a conserva\u00e7\u00e3o de recursos e a redu\u00e7\u00e3o do consumo de energia na produ\u00e7\u00e3o de zinco, tornando-se um elo fundamental na economia circular da ind\u00fastria do zinco.<\/p>\n\n\n<div style=\"height:100px\" aria-hidden=\"true\" class=\"wp-block-spacer\"><\/div>\n\n\n\n\n<\/div>\n<!-- \/wp:post-content --><\/div>\n<!-- \/wp:post-content -->","protected":false},"excerpt":{"rendered":"<p>1\u3001\u950c\u77ff\u77f3\uff1a\u950c\u77ff\u77f3\u662f\u81ea\u7136\u754c\u4e2d\u5929\u7136\u5f62\u6210\u3001\u5bcc\u542b\u950c\u5143\u7d20\u7684\u77ff\u7269\u96c6\u5408\u3002\u4e3b\u8981\u5316\u5b66\u6210\u5206\u4e3a\u950c\uff08Zn\uff09\uff0c\u5e38\u89c1\u77ff\u79cd\u6709\u95ea\u950c [&hellip;]<\/p>\n","protected":false},"author":1,"featured_media":731,"parent":336,"menu_order":4,"comment_status":"closed","ping_status":"closed","template":"page-templates\/template-page-sidebar.php","meta":{"footnotes":""},"class_list":["post-184","page","type-page","status-publish","has-post-thumbnail","hentry"],"_links":{"self":[{"href":"https:\/\/www.olagoo.com\/pt\/wp-json\/wp\/v2\/pages\/184","targetHints":{"allow":["GET"]}}],"collection":[{"href":"https:\/\/www.olagoo.com\/pt\/wp-json\/wp\/v2\/pages"}],"about":[{"href":"https:\/\/www.olagoo.com\/pt\/wp-json\/wp\/v2\/types\/page"}],"author":[{"embeddable":true,"href":"https:\/\/www.olagoo.com\/pt\/wp-json\/wp\/v2\/users\/1"}],"replies":[{"embeddable":true,"href":"https:\/\/www.olagoo.com\/pt\/wp-json\/wp\/v2\/comments?post=184"}],"version-history":[{"count":12,"href":"https:\/\/www.olagoo.com\/pt\/wp-json\/wp\/v2\/pages\/184\/revisions"}],"predecessor-version":[{"id":1885,"href":"https:\/\/www.olagoo.com\/pt\/wp-json\/wp\/v2\/pages\/184\/revisions\/1885"}],"up":[{"embeddable":true,"href":"https:\/\/www.olagoo.com\/pt\/wp-json\/wp\/v2\/pages\/336"}],"wp:featuredmedia":[{"embeddable":true,"href":"https:\/\/www.olagoo.com\/pt\/wp-json\/wp\/v2\/media\/731"}],"wp:attachment":[{"href":"https:\/\/www.olagoo.com\/pt\/wp-json\/wp\/v2\/media?parent=184"}],"curies":[{"name":"wp","href":"https:\/\/api.w.org\/{rel}","templated":true}]}}