{"id":185,"date":"2025-04-11T15:52:28","date_gmt":"2025-04-11T07:52:28","guid":{"rendered":"https:\/\/www.olagoo.com\/?page_id=185"},"modified":"2026-01-14T20:30:31","modified_gmt":"2026-01-14T12:30:31","slug":"%e9%93%85","status":"publish","type":"page","link":"https:\/\/www.olagoo.com\/pt\/%e5%a4%a7%e5%ae%97%e5%95%86%e5%93%81%e8%b4%b8%e6%98%93\/%e9%93%85","title":{"rendered":"<div class=\"info-content\"><img class=\"info-icon\" src=\"\/wp-content\/uploads\/2025\/04\/\u94c5-1.png\"><p  class=\"info-title\">Pb<\/p><\/div>"},"content":{"rendered":"<div class=\"wp-block-columns is-layout-flex wp-container-core-columns-is-layout-9d6595d7 wp-block-columns-is-layout-flex\">\n<div class=\"wp-block-column is-layout-flow wp-block-column-is-layout-flow\" style=\"flex-basis:30%\">\n<div class=\"wp-block-columns is-layout-flex wp-container-core-columns-is-layout-9d6595d7 wp-block-columns-is-layout-flex\">\n<div class=\"wp-block-column is-layout-flow wp-block-column-is-layout-flow\" style=\"flex-basis:100%\">\n<p><\/p>\n\n\n\n<div class=\"menu-container\">\n<ul class=\"wp-block-list\">\n<li class=\"active\">Metais B\u00e1sicos\n<ul class=\"wp-block-list\">\n<li><a style=\"color: #666;\"href=\"\/pt\/%e9%93%9c\/\">Cu<\/a><\/li>\n\n\n\n<li><a style=\"color: #666;\"href=\"\/pt\/%e9%94%8c\/\">Zn<\/a><\/li>\n\n\n\n<li><a style=\"color: #666;\"href=\"\/pt\/%e9%95%8d\/\">Ni<\/a><\/li>\n\n\n\n<li><a style=\"color: #666;\"href=\"\/pt\/%e9%94%a1\/\">Sn<\/a><\/li>\n\n\n\n<li class=\"active\"><a style=\"color: #666;\"href=\"\/pt\/%e9%93%85\/\">Pb<\/a><\/li>\n\n\n\n<li><a style=\"color: #666;\"href=\"\/pt\/%e9%93%9d\/\">Al<\/a><\/li>\n\n\n<li><a style=\"color: #666;\"href=\"\/pt\/%e9%87%91\/\">Au<\/a><\/li>\n\n\n<li><a style=\"color: #666;\"href=\"\/pt\/%E9%93%B6\/\">Ag<\/a><\/li>\n\n<\/ul>\n<\/li>\n\n\n\n<li>Elementos da Fam\u00edlia do Platina\n<ul class=\"wp-block-list\">\n\n\n<li><a style=\"color: #666;\"href=\"\/pt\/%E9%92%AF\/\">Pd<\/a><\/li>\n\n\n\n<li><a style=\"color: #666;\"href=\"\/pt\/%E9%93%82\/\">Pd<\/a><\/li>\n\n\n\n<li><a style=\"color: #666;\"href=\"\/pt\/%e9%93%91-2\/\">Pd<\/a><\/li>\n\n\n\n<li><a style=\"color: #666;\"href=\"\/pt\/%E9%93%B1\/\">Ir<\/a><\/li>\n\n\n<\/ul>\n<\/li>\n\n\n\n<li>\u65b0\u80fd\u6e90\u4e0e\u5173\u952e\u91d1\u5c5e\n<ul class=\"wp-block-list\">\n\n\n<li><a style=\"color: #666;\"href=\"\/pt\/%e9%94%82\/\">Li<\/a><\/li>\n\n\n\n<li><a style=\"color: #666;\"href=\"\/pt\/%e9%92%b4-2\/\">Co<\/a><\/li>\n\n\n<\/ul>\n<\/li>\n\n\n\n<li>\u7279\u79cd\u5408\u91d1\u4e0e\u9ad8\u6027\u80fd\u91d1\u5c5e\n<ul class=\"wp-block-list\">\n\n<li><a style=\"color: #666;\"href=\"\/pt\/%e9%92%a8\/\">W<\/a><\/li>\n\n\n\n<li><a style=\"color: #666;\"href=\"\/pt\/%e9%92%bc\/\">Mo<\/a><\/li>\n\n\n\n<li><a style=\"color: #666;\"href=\"\/pt\/%e9%92%bd\/\">Ta<\/a><\/li>\n\n\n\n<li><a style=\"color: #666;\"href=\"\/pt\/%e9%93%8c-2\/\">Nb<\/a><\/li>\n\n\n\n<li><a style=\"color: #666;\"href=\"\/pt\/%e9%92%9b\/\">Ti<\/a><\/li>\n\n\n\n<li><a style=\"color: #666;\"href=\"\/pt\/%E9%94%91\/\">Sb<\/a><\/li>\n\n\n\n<li><a style=\"color: #666;\"href=\"\/pt\/%E9%93%8D\/\">Be<\/a><\/li>\n\n\n\n<li><a style=\"color: #666;\"href=\"\/pt\/%E9%92%92-2\/\">V<\/a><\/li>\n\n\n<\/ul>\n<\/li>\n\n\n\n<li>Metais Ferrosos\n<ul class=\"wp-block-list\">\n\n<li><a style=\"color: #666;\"href=\"\/pt\/%e9%93%81\/\">Fe<\/a><\/li>\n\n\n\n<li><a style=\"color: #666;\"href=\"\/pt\/%e9%94%b0\/\">Mn<\/a><\/li>\n\n\n\n<li><a style=\"color: #666;\"href=\"\/pt\/%e9%93%ac\/\">Cr<\/a><\/li>\n\n<\/ul>\n<\/li>\n\n\n\n<li>Outros produtos comerciais\n<ul class=\"wp-block-list\">\n\n\n<li><a style=\"color: #666;\"href=\"\/pt\/%e6%b0%9f\/\">F<\/a><\/li>\n\n\n<li><a style=\"color: #666;\"href=\"\/pt\/%e7%a2%b3\/\">C<\/a><\/li>\n\n\n<li><a style=\"color: #666;\"href=\"\/pt\/%e7%a1%85\/\">Si<\/a><\/li>\n\n<\/ul>\n<\/li>\n\n\n<\/ul>\n<\/div>\n\n<\/div>\n<\/div>\n\n<\/div>\n\n\n<div class=\"wp-block-column big-goods-list is-layout-flow wp-block-column-is-layout-flow\" style=\"flex-basis:70%;\">\n\n\n\n<p><strong>1.Mineral de chumbo<\/strong><br\/>Os min\u00e9rios de chumbo na natureza, cujo principal elemento qu\u00edmico \u00e9 o chumbo, incluem comumente a galena (PbS), a cerussita (PbCO\u2083) e o sulfato de chumbo (PbSO\u2084). Frequentemente, est\u00e3o intimamente associados \u00e0 esfalerita (ZnS) e \u00e0 pirita (FeS\u2082), e tamb\u00e9m s\u00e3o encontrados juntamente com diversos elementos valiosos, como prata, cobre, bismuto, antim\u00f4nio e ouro. S\u00e3o a mat\u00e9ria-prima inicial para a ind\u00fastria do chumbo e, por meio de processos de minera\u00e7\u00e3o e beneficiamento, fornecem a base para a subsequente extra\u00e7\u00e3o e fundi\u00e7\u00e3o do chumbo.<\/p>\n\n\n\n<p><\/p>\n\n\n\n<p><strong>2.Concentrado de chumbo<\/strong><br\/>O min\u00e9rio de chumbo, ap\u00f3s ser britado, mo\u00eddo e enriquecido por meio de beneficiamento (principalmente flota\u00e7\u00e3o), resulta em um produto com teor de chumbo significativamente melhorado. O principal mineral \u00e9 a galena, que tamb\u00e9m \u00e9 rica em metais valiosos como prata, zinco e cobre. \u00c9 a principal mat\u00e9ria-prima para a fundi\u00e7\u00e3o de chumbo, produzida principalmente por processos pirometal\u00fargicos, como sinteriza\u00e7\u00e3o em alto-forno ou fundi\u00e7\u00e3o direta. Seu valor de recupera\u00e7\u00e3o total depende particularmente da extra\u00e7\u00e3o da prata associada.<\/p>\n\n\n\n<p><strong>3. Liga de chumbo:<\/strong><br\/>As ligas de chumbo s\u00e3o materiais compostos principalmente de chumbo, com a adi\u00e7\u00e3o de elementos como antim\u00f4nio, estanho, c\u00e1lcio e ars\u00eanio. Exemplos incluem ligas de chumbo-antim\u00f4nio e ligas de chumbo-c\u00e1lcio. Elas s\u00e3o caracterizadas por alta densidade, resist\u00eancia \u00e0 corros\u00e3o, boa ductilidade ou dureza ajust\u00e1vel. S\u00e3o produzidas por meio de fundi\u00e7\u00e3o e formula\u00e7\u00e3o e s\u00e3o amplamente utilizadas em \u00e1reas como grades de baterias, prote\u00e7\u00e3o contra radia\u00e7\u00e3o, soldas e contrapesos mec\u00e2nicos. <\/p>\n\n\n\n\n<p><strong>4. Lingotes de chumbo:<\/strong><br\/> Os lingotes de chumbo s\u00e3o uma forma prim\u00e1ria de metal obtida a partir de concentrado de chumbo ou chumbo reciclado por meio de sinteriza\u00e7\u00e3o e fundi\u00e7\u00e3o redutora. Sua pureza \u00e9 tipicamente de 99,5% a 99,99%, contendo tra\u00e7os de cobre, prata, bismuto e outras impurezas. \u00c9 a principal forma comercial de fundi\u00e7\u00e3o de chumbo e pode ser usada diretamente na fabrica\u00e7\u00e3o de baterias, formula\u00e7\u00e3o de ligas met\u00e1licas, mat\u00e9rias-primas qu\u00edmicas e na produ\u00e7\u00e3o de materiais de blindagem contra radia\u00e7\u00e3o.<\/p>\n\n\n\n\n<p><strong>5. Chumbo eletrol\u00edtico:<\/strong><br\/>O chumbo eletrol\u00edtico \u00e9 um produto de chumbo de alta pureza obtido por meio de refino eletrol\u00edtico a partir de chumbo bruto ou \u00e2nodos de chumbo. Sua pureza geralmente n\u00e3o \u00e9 inferior a 99,99% e apresenta cristaliza\u00e7\u00e3o uniforme e densa. Possui baix\u00edssimo teor de impurezas, excelente estabilidade qu\u00edmica e desempenho de blindagem contra radia\u00e7\u00e3o, representando a forma de chumbo de mais alta pureza. \u00c9 utilizado principalmente em \u00e1reas espec\u00edficas, como prote\u00e7\u00e3o na ind\u00fastria nuclear, baterias de alta tecnologia, reagentes ultrapuros e dispositivos eletr\u00f4nicos de precis\u00e3o. <\/p>\n\n\n\n\n<p><strong>6. Res\u00edduos de chumbo:<\/strong><br\/>Res\u00edduos de chumbo referem-se a sucata met\u00e1lica ou res\u00edduos industriais que cont\u00eam chumbo, principalmente provenientes de baterias de chumbo-\u00e1cido, ligas de chumbo, tubos de chumbo e materiais de prote\u00e7\u00e3o, com diferentes teores de chumbo. Como um importante recurso de chumbo reciclado, sua reciclagem e fundi\u00e7\u00e3o podem reduzir significativamente o consumo de min\u00e9rio de chumbo prim\u00e1rio e a polui\u00e7\u00e3o ambiental, sendo um componente essencial para a utiliza\u00e7\u00e3o sustent\u00e1vel dos recursos de chumbo. <\/p>\n\n\n\n<div style=\"height:100px\" aria-hidden=\"true\" class=\"wp-block-spacer\"><\/div>\n\n\n\n\n\n<\/div>\n<!-- \/wp:post-content --><\/div>\n<!-- \/wp:post-content -->","protected":false},"excerpt":{"rendered":"<p>1\u3001\u94c5\u77ff\u77f3\uff1a\u81ea\u7136\u754c\u4e2d\u542b\u94c5\u7684\u77ff\u77f3\uff0c\u4e3b\u8981\u5316\u5b66\u5143\u7d20\u4e3a\u94c5\uff0c\u5e38\u89c1\u7684\u6709\u65b9\u94c5\u77ff\uff08PbS\uff09\u3001\u767d\u94c5\u77ff\uff08PbCO\u2083\uff09\u548c\u786b [&hellip;]<\/p>\n","protected":false},"author":1,"featured_media":731,"parent":162,"menu_order":5,"comment_status":"closed","ping_status":"closed","template":"page-templates\/template-page-sidebar.php","meta":{"footnotes":""},"class_list":["post-185","page","type-page","status-publish","has-post-thumbnail","hentry"],"_links":{"self":[{"href":"https:\/\/www.olagoo.com\/pt\/wp-json\/wp\/v2\/pages\/185","targetHints":{"allow":["GET"]}}],"collection":[{"href":"https:\/\/www.olagoo.com\/pt\/wp-json\/wp\/v2\/pages"}],"about":[{"href":"https:\/\/www.olagoo.com\/pt\/wp-json\/wp\/v2\/types\/page"}],"author":[{"embeddable":true,"href":"https:\/\/www.olagoo.com\/pt\/wp-json\/wp\/v2\/users\/1"}],"replies":[{"embeddable":true,"href":"https:\/\/www.olagoo.com\/pt\/wp-json\/wp\/v2\/comments?post=185"}],"version-history":[{"count":10,"href":"https:\/\/www.olagoo.com\/pt\/wp-json\/wp\/v2\/pages\/185\/revisions"}],"predecessor-version":[{"id":1882,"href":"https:\/\/www.olagoo.com\/pt\/wp-json\/wp\/v2\/pages\/185\/revisions\/1882"}],"up":[{"embeddable":true,"href":"https:\/\/www.olagoo.com\/pt\/wp-json\/wp\/v2\/pages\/162"}],"wp:featuredmedia":[{"embeddable":true,"href":"https:\/\/www.olagoo.com\/pt\/wp-json\/wp\/v2\/media\/731"}],"wp:attachment":[{"href":"https:\/\/www.olagoo.com\/pt\/wp-json\/wp\/v2\/media?parent=185"}],"curies":[{"name":"wp","href":"https:\/\/api.w.org\/{rel}","templated":true}]}}