{"id":186,"date":"2025-04-11T15:52:28","date_gmt":"2025-04-11T07:52:28","guid":{"rendered":"https:\/\/www.olagoo.com\/?page_id=186"},"modified":"2026-01-14T20:31:26","modified_gmt":"2026-01-14T12:31:26","slug":"%e9%95%8d","status":"publish","type":"page","link":"https:\/\/www.olagoo.com\/pt\/%e5%a4%a7%e5%ae%97%e5%95%86%e5%93%81%e8%b4%b8%e6%98%93\/%e9%95%8d","title":{"rendered":"<div class=\"info-content\"><img class=\"info-icon\" src=\"\/wp-content\/uploads\/2025\/04\/\u954d.png\"><p  class=\"info-title\">Ni<\/p><\/div>"},"content":{"rendered":"<div class=\"wp-block-columns is-layout-flex wp-container-core-columns-is-layout-9d6595d7 wp-block-columns-is-layout-flex\">\n<div class=\"wp-block-column is-layout-flow wp-block-column-is-layout-flow\" style=\"flex-basis:30%\">\n<div class=\"wp-block-columns is-layout-flex wp-container-core-columns-is-layout-9d6595d7 wp-block-columns-is-layout-flex\">\n<div class=\"wp-block-column is-layout-flow wp-block-column-is-layout-flow\" style=\"flex-basis:100%\">\n<p><\/p>\n\n\n\n<div class=\"menu-container\">\n<ul class=\"wp-block-list\">\n<li class=\"active\">Metais B\u00e1sicos\n<ul class=\"wp-block-list\">\n<li ><a style=\"color: #666;\"href=\"\/pt\/%e9%93%9c\/\">Cu<\/a><\/li>\n\n\n\n<li><a style=\"color: #666;\"href=\"\/pt\/%e9%94%8c\/\">Zn<\/a><\/li>\n\n\n\n<li class=\"active\"><a style=\"color: #666;\"href=\"\/pt\/%e9%95%8d\/\">Ni<\/a><\/li>\n\n\n\n<li><a style=\"color: #666;\"href=\"\/pt\/%e9%94%a1\/\">Sn<\/a><\/li>\n\n\n\n<li><a style=\"color: #666;\"href=\"\/pt\/%e9%93%85\/\">Pb<\/a><\/li>\n\n\n\n<li><a style=\"color: #666;\"href=\"\/pt\/%e9%93%9d\/\">Al<\/a><\/li>\n\n\n<li><a style=\"color: #666;\"href=\"\/pt\/%e9%87%91\/\">Au<\/a><\/li>\n\n\n<li><a style=\"color: #666;\"href=\"\/pt\/%E9%93%B6\/\">Ag<\/a><\/li>\n\n<\/ul>\n<\/li>\n\n\n\n<li>Elementos da Fam\u00edlia do Platina\n<ul class=\"wp-block-list\">\n\n\n<li><a style=\"color: #666;\"href=\"\/pt\/%E9%92%AF\/\">Pd<\/a><\/li>\n\n\n\n<li><a style=\"color: #666;\"href=\"\/pt\/%E9%93%82\/\">Pd<\/a><\/li>\n\n\n\n<li><a style=\"color: #666;\"href=\"\/pt\/%e9%93%91-2\/\">Pd<\/a><\/li>\n\n\n\n<li><a style=\"color: #666;\"href=\"\/pt\/%E9%93%B1\/\">Ir<\/a><\/li>\n\n\n<\/ul>\n<\/li>\n\n\n\n<li>\u65b0\u80fd\u6e90\u4e0e\u5173\u952e\u91d1\u5c5e\n<ul class=\"wp-block-list\">\n\n\n<li><a style=\"color: #666;\"href=\"\/pt\/%e9%94%82\/\">Li<\/a><\/li>\n\n\n\n<li><a style=\"color: #666;\"href=\"\/pt\/%e9%92%b4-2\/\">Co<\/a><\/li>\n\n\n<\/ul>\n<\/li>\n\n\n\n<li>\u7279\u79cd\u5408\u91d1\u4e0e\u9ad8\u6027\u80fd\u91d1\u5c5e\n<ul class=\"wp-block-list\">\n\n<li><a style=\"color: #666;\"href=\"\/pt\/%e9%92%a8\/\">W<\/a><\/li>\n\n\n\n<li><a style=\"color: #666;\"href=\"\/pt\/%e9%92%bc\/\">Mo<\/a><\/li>\n\n\n\n<li><a style=\"color: #666;\"href=\"\/pt\/%e9%92%bd\/\">Ta<\/a><\/li>\n\n\n\n<li><a style=\"color: #666;\"href=\"\/pt\/%e9%93%8c-2\/\">Nb<\/a><\/li>\n\n\n\n<li><a style=\"color: #666;\"href=\"\/pt\/%e9%92%9b\/\">Ti<\/a><\/li>\n\n\n\n<li><a style=\"color: #666;\"href=\"\/pt\/%E9%94%91\/\">Sb<\/a><\/li>\n\n\n\n<li><a style=\"color: #666;\"href=\"\/pt\/%E9%93%8D\/\">Be<\/a><\/li>\n\n\n\n<li><a style=\"color: #666;\"href=\"\/pt\/%E9%92%92-2\/\">V<\/a><\/li>\n\n\n<\/ul>\n<\/li>\n\n\n\n<li>Metais Ferrosos\n<ul class=\"wp-block-list\">\n\n<li><a style=\"color: #666;\"href=\"\/pt\/%e9%93%81\/\">Fe<\/a><\/li>\n\n\n\n<li><a style=\"color: #666;\"href=\"\/pt\/%e9%94%b0\/\">Mn<\/a><\/li>\n\n\n\n<li><a style=\"color: #666;\"href=\"\/pt\/%e9%93%ac\/\">Cr<\/a><\/li>\n\n<\/ul>\n<\/li>\n\n\n\n<li>Outros produtos comerciais\n<ul class=\"wp-block-list\">\n\n\n<li><a style=\"color: #666;\"href=\"\/pt\/%e6%b0%9f\/\">F<\/a><\/li>\n\n\n<li><a style=\"color: #666;\"href=\"\/pt\/%e7%a2%b3\/\">C<\/a><\/li>\n\n\n<li><a style=\"color: #666;\"href=\"\/pt\/%e7%a1%85\/\">Si<\/a><\/li>\n\n<\/ul>\n<\/li>\n\n\n<\/ul>\n\n\n<\/div>\n<\/div>\n<\/div>\n\n<\/div>\n\n\n<div class=\"wp-block-column big-goods-list is-layout-flow wp-block-column-is-layout-flow\" style=\"flex-basis:70%;\">\n\n\n\n\n<p><strong>1.Mineral de n\u00edquel<\/strong><br\/>Cont\u00e9m n\u00edquel, com exemplos como pentladita e gersdorffite, sendo um recurso mineral importante para sua extra\u00e7\u00e3o. O n\u00edquel possui boa resist\u00eancia a altas temperaturas, corros\u00e3o e magnetismo, sendo amplamente usado na produ\u00e7\u00e3o de a\u00e7o inoxid\u00e1vel para melhorar sua durabilidade; na \u00e1rea de baterias, \u00e9 usado em baterias de n\u00edquel-hidrog\u00eanio e n\u00edquel-c\u00e1dmio.<\/p>\n\n\n\n<p><\/p>\n\n\n\n<p><strong>2. Min\u00e9rio de n\u00edquel:<\/strong><br\/>Os min\u00e9rios ou argilas intemperizadas que cont\u00eam n\u00edquel na natureza consistem principalmente em min\u00e9rio later\u00edtico de n\u00edquel (contendo \u00f3xidos\/silicatos de n\u00edquel, ferro e magn\u00e9sio) e min\u00e9rios de sulfeto de n\u00edquel (como a pirita), frequentemente acompanhados por elementos como cobalto, ferro e cobre. S\u00e3o a mat\u00e9ria-prima inicial para a ind\u00fastria do n\u00edquel e requerem beneficiamento ou fundi\u00e7\u00e3o direta para fornecer a base para a subsequente extra\u00e7\u00e3o de n\u00edquel.<\/p>\n\n\n\n<p><\/p>\n\n\n\n<p><strong>3. Concentrado de n\u00edquel:<\/strong><br\/>O concentrado de n\u00edquel \u00e9 o produto do min\u00e9rio de n\u00edquel ap\u00f3s britagem e beneficiamento (como a flota\u00e7\u00e3o), com um teor de n\u00edquel significativamente elevado (geralmente acima de 5% a 15%), contendo tamb\u00e9m elementos como enxofre, ferro e cobalto. \u00c9 a principal mat\u00e9ria-prima para a fundi\u00e7\u00e3o de n\u00edquel e pode ser posteriormente processado em mata de n\u00edquel, ferron\u00edquel ou n\u00edquel eletrol\u00edtico por meio de processos pirometal\u00fargicos ou hidrometal\u00fargicos.<\/p>\n\n\n\n<p><\/p>\n\n\n\n<p><strong>4\u3001\u954d\u5408\u91d1\uff1a<\/strong><br\/>\u954d\u5408\u91d1\u662f\u4ee5\u954d\u4e3a\u57fa\u7840\uff0c\u52a0\u5165\u94ec\u3001\u94c1\u3001\u94bc\u3001\u94dc\u7b49\u5143\u7d20\u5f62\u6210\u7684\u5408\u91d1\u6750\u6599\uff0c\u5982\u56e0\u79d1\u954d\u3001\u8499\u4e43\u5c14\u7b49\u3002\u5176\u5177\u5907\u8010\u9ad8\u6e29\u3001\u8010\u8150\u8680\u53ca\u7279\u6b8a\u7535\u78c1\u6027\u80fd\uff0c\u5e76\u975e\u5929\u7136\u77ff\u77f3\uff0c\u800c\u662f\u901a\u8fc7\u7cbe\u5bc6\u7194\u70bc\u914d\u5236\u800c\u6210\uff0c\u5e7f\u6cdb\u7528\u4e8e\u822a\u7a7a\u822a\u5929\u3001\u5316\u5de5\u3001\u533b\u7597\u53ca\u80fd\u6e90\u88c5\u5907\u7b49\u9ad8\u7aef\u9886\u57df\u3002<\/p>\n\n\n\n\n<p><\/p>\n\n\n\n<p><strong>5. Lingotes de n\u00edquel:<\/strong><br\/>Os lingotes de n\u00edquel s\u00e3o n\u00edquel bruto ou n\u00edquel met\u00e1lico convencional, obtido a partir de concentrado de n\u00edquel ou materiais reciclados de n\u00edquel por meio de fundi\u00e7\u00e3o prim\u00e1ria (como em fornos el\u00e9tricos ou conversores). Sua pureza geralmente varia entre 97% e 99,5%, e cont\u00eam impurezas como cobalto, ferro e enxofre. S\u00e3o um produto intermedi\u00e1rio ou comercial da fundi\u00e7\u00e3o de n\u00edquel e podem ser usados \u200b\u200bpara fundi\u00e7\u00e3o, prepara\u00e7\u00e3o de ligas ou refino e purifica\u00e7\u00e3o adicionais.<\/p>\n\n\n\n\n<p><\/p>\n\n\n\n<p><strong>6. Sucata de n\u00edquel:<\/strong><br\/>A sucata de n\u00edquel refere-se a sucata met\u00e1lica ou res\u00edduos industriais que cont\u00eam n\u00edquel, provenientes principalmente de a\u00e7o inoxid\u00e1vel, ligas de n\u00edquel, baterias e res\u00edduos de galvanoplastia. Apresenta conte\u00fado e formas de n\u00edquel diversos. Como um importante recurso de n\u00edquel reciclado, sua reciclagem e reutiliza\u00e7\u00e3o podem reduzir significativamente o consumo de energia e os custos na produ\u00e7\u00e3o prim\u00e1ria de n\u00edquel, servindo como um complemento crucial para o fornecimento sustent\u00e1vel de recursos de n\u00edquel.<\/p>\n\n\n\n\n\n\n<div style=\"height:100px\" aria-hidden=\"true\" class=\"wp-block-spacer\"><\/div>\n\n\n\n\n<\/div>\n<!-- \/wp:post-content --><\/div>\n<!-- \/wp:post-content -->","protected":false},"excerpt":{"rendered":"<p>1\u3001\u954d\u77ff\u77f3\uff1a\u954d\u77ff\u77f3\u662f\u81ea\u7136\u754c\u4e2d\u542b\u954d\u77ff\u7269\u7684\u96c6\u5408\u4f53\uff0c\u954d\uff08Ni\uff09\u4e3a\u6838\u5fc3\u6210\u5206\uff0c\u5e38\u89c1\u7c7b\u578b\u6709\u954d\u9ec4\u94c1\u77ff\uff08(Fe,Ni [&hellip;]<\/p>\n","protected":false},"author":1,"featured_media":731,"parent":162,"menu_order":6,"comment_status":"closed","ping_status":"closed","template":"page-templates\/template-page-sidebar.php","meta":{"footnotes":""},"class_list":["post-186","page","type-page","status-publish","has-post-thumbnail","hentry"],"_links":{"self":[{"href":"https:\/\/www.olagoo.com\/pt\/wp-json\/wp\/v2\/pages\/186","targetHints":{"allow":["GET"]}}],"collection":[{"href":"https:\/\/www.olagoo.com\/pt\/wp-json\/wp\/v2\/pages"}],"about":[{"href":"https:\/\/www.olagoo.com\/pt\/wp-json\/wp\/v2\/types\/page"}],"author":[{"embeddable":true,"href":"https:\/\/www.olagoo.com\/pt\/wp-json\/wp\/v2\/users\/1"}],"replies":[{"embeddable":true,"href":"https:\/\/www.olagoo.com\/pt\/wp-json\/wp\/v2\/comments?post=186"}],"version-history":[{"count":11,"href":"https:\/\/www.olagoo.com\/pt\/wp-json\/wp\/v2\/pages\/186\/revisions"}],"predecessor-version":[{"id":1884,"href":"https:\/\/www.olagoo.com\/pt\/wp-json\/wp\/v2\/pages\/186\/revisions\/1884"}],"up":[{"embeddable":true,"href":"https:\/\/www.olagoo.com\/pt\/wp-json\/wp\/v2\/pages\/162"}],"wp:featuredmedia":[{"embeddable":true,"href":"https:\/\/www.olagoo.com\/pt\/wp-json\/wp\/v2\/media\/731"}],"wp:attachment":[{"href":"https:\/\/www.olagoo.com\/pt\/wp-json\/wp\/v2\/media?parent=186"}],"curies":[{"name":"wp","href":"https:\/\/api.w.org\/{rel}","templated":true}]}}