{"id":2023,"date":"2026-01-29T17:48:07","date_gmt":"2026-01-29T09:48:07","guid":{"rendered":"https:\/\/www.olagoo.com\/?page_id=2023"},"modified":"2026-03-12T16:59:37","modified_gmt":"2026-03-12T08:59:37","slug":"%e7%9f%bf%e4%ba%a7%e8%b4%b8%e6%98%93","status":"publish","type":"page","link":"https:\/\/www.olagoo.com\/pt\/%e7%9f%bf%e4%ba%a7%e8%b4%b8%e6%98%93","title":{"rendered":"Com\u00e9rcio de minerais"},"content":{"rendered":"<p>No setor de recursos minerais, a Olagu participa ativamente nos mercados de minerais ferrosos e n\u00e3o ferrosos na \u00c1sia, \u00c1frica, Am\u00e9rica do Sul e Am\u00e9rica do Norte, estabelecendo um sistema de comercializa\u00e7\u00e3o de recursos minerais que abrange 26 pa\u00edses. Os neg\u00f3cios da empresa envolvem principalmente os seguintes minerais:<\/p>\n\n\n\n<h5 class=\"wp-block-heading\"><strong>1. Min\u00e9rios de elementos met\u00e1licos b\u00e1sicos<\/strong><\/h5>\n\n\n\n<p>Min\u00e9rio de cobre (calcopirita, bornita, malaquita, etc.), concentrado de cobre; min\u00e9rio de zinco (esfalerita, smithsonita, etc.), concentrado de zinco; min\u00e9rio de n\u00edquel (pirita de n\u00edquel, goethita, etc.), min\u00e9rio de n\u00edquel (latita, sulfeto de n\u00edquel, etc.), concentrado de n\u00edquel; min\u00e9rio de estanho (cassiterita, etc.), concentrado de estanho; min\u00e9rio de chumbo (galena, cerussita, sulfato de chumbo, etc.), concentrado de chumbo; bauxita (gibbsita, di\u00e1sporo, etc.), concentrado de alum\u00ednio; min\u00e9rio de ouro (ouro nativo, min\u00e9rio de ouro-prata, etc.), concentrado de ouro, ouro de aluvi\u00e3o; min\u00e9rio de prata (prata nativa, argentita, etc.), concentrado de prata, etc.<\/p>\n\n\n\n<h5 class=\"wp-block-heading\"><strong>2. Min\u00e9rios de elementos do grupo da platina<\/strong><\/h5>\n\n\n\n<p>Min\u00e9rios prim\u00e1rios de metais do grupo da platina, min\u00e9rios de sulfeto de cobre-n\u00edquel, etc.<\/p>\n\n\n\n<h5 class=\"wp-block-heading\"><strong>3. Min\u00e9rios de elementos met\u00e1licos essenciais para novas fontes de energia<\/strong><\/h5>\n\n\n\n<p>Min\u00e9rio de espodum\u00eanio de l\u00edtio, concentrado de espodum\u00eanio de l\u00edtio, fosfogesso, lepidolita, min\u00e9rio de cobalto (cobaltita, min\u00e9rio de cobalto, etc.), concentrado de cobalto, etc.<\/p>\n\n\n\n<p><\/p>\n\n\n\n<h5 class=\"wp-block-heading\"><strong>4. Min\u00e9rios de elementos met\u00e1licos chave de liga especial<\/strong><\/h5>\n\n\n\n<p>Min\u00e9rio de tungst\u00eanio (wolfonita, scheelita, etc.), concentrado de tungst\u00eanio, min\u00e9rio de molibd\u00eanio (molibdenita, etc.), concentrado de molibd\u00eanio, min\u00e9rio de t\u00e2ntalo (tantalita, etc.), concentrado de t\u00e2ntalo, min\u00e9rio de ni\u00f3bio (niobita, pirocloro, etc.), concentrado de ni\u00f3bio, min\u00e9rio de tit\u00e2nio (ilmenita, rutilo, etc.), concentrado de tit\u00e2nio, min\u00e9rio de antim\u00f4nio (estibnita, travertino antimon\u00edfero, travertino antimon\u00edfero amarelo, etc.), minerais sulfetados contendo antim\u00f4nio, min\u00e9rio de ber\u00edlio (berilo, hidroxissililber\u00edlio, etc.), magnetita de van\u00e1dio-tit\u00e2nio, carv\u00e3o contendo van\u00e1dio, xisto contendo van\u00e1dio, etc.<br><\/p>\n\n\n\n<h5 class=\"wp-block-heading\"><strong>5. Min\u00e9rios de metais ferrosos<\/strong><\/h5>\n\n\n\n<p>Min\u00e9rio de ferro (magnetita, hematita, limonita, siderita), concentrado de ferro, min\u00e9rio de mangan\u00eas (pirolusita, rodocrosita, etc.), concentrado de mangan\u00eas, min\u00e9rio de cromo (cromita, etc.), concentrado de cromo, etc.<\/p>\n\n\n\n<h5 class=\"wp-block-heading\"><strong>6. Outros minerais<\/strong><\/h5>\n\n\n\n<p class=\"h4.wp-block-heading {margin-top:20px;}\">Fluorita, coque, carv\u00e3o, grafite, diamante, quartzo, areia de quartzo, cristal, etc.<\/p>\n\n\n\n<div style=\"height:100px\" aria-hidden=\"true\" class=\"wp-block-spacer\"><\/div>\n\n\n\n<!-- <div class=\"wp-block-buttons\">\n<div class=\"wp-block-button\"><a class=\"wp-block-button__link has-secondary-background-color has-background wp-element-button\" href=\"https:\/\/www.olagoo.com\/contact\">\u8054\u7cfb\u6211\u4eec<\/a><\/div>\n<\/div>-->\n\n\n\n<div style=\"height:100px\" aria-hidden=\"true\" class=\"wp-block-spacer\"><\/div>\n\n\n\n<p><\/p>","protected":false},"excerpt":{"rendered":"<p>\u5728\u77ff\u4ea7\u8d44\u6e90\u9886\u57df\uff0c\u54e6\u5566\u8c37\u79ef\u6781\u53c2\u4e0e\u4e9a\u6d32\u3001\u975e\u6d32\u3001\u5357\u7f8e\u6d32\u3001\u5317\u7f8e\u6d32\u7684\u6709\u8272\u91d1\u5c5e\u3001\u9ed1\u8272\u91d1\u5c5e\u77ff\u4ea7\u5e02\u573a\uff0c\u5efa\u7acb\u4e86\u6d89\u53ca 2 [&hellip;]<\/p>\n","protected":false},"author":1,"featured_media":723,"parent":0,"menu_order":0,"comment_status":"closed","ping_status":"closed","template":"","meta":{"footnotes":""},"class_list":["post-2023","page","type-page","status-publish","has-post-thumbnail","hentry"],"_links":{"self":[{"href":"https:\/\/www.olagoo.com\/pt\/wp-json\/wp\/v2\/pages\/2023","targetHints":{"allow":["GET"]}}],"collection":[{"href":"https:\/\/www.olagoo.com\/pt\/wp-json\/wp\/v2\/pages"}],"about":[{"href":"https:\/\/www.olagoo.com\/pt\/wp-json\/wp\/v2\/types\/page"}],"author":[{"embeddable":true,"href":"https:\/\/www.olagoo.com\/pt\/wp-json\/wp\/v2\/users\/1"}],"replies":[{"embeddable":true,"href":"https:\/\/www.olagoo.com\/pt\/wp-json\/wp\/v2\/comments?post=2023"}],"version-history":[{"count":15,"href":"https:\/\/www.olagoo.com\/pt\/wp-json\/wp\/v2\/pages\/2023\/revisions"}],"predecessor-version":[{"id":2201,"href":"https:\/\/www.olagoo.com\/pt\/wp-json\/wp\/v2\/pages\/2023\/revisions\/2201"}],"wp:featuredmedia":[{"embeddable":true,"href":"https:\/\/www.olagoo.com\/pt\/wp-json\/wp\/v2\/media\/723"}],"wp:attachment":[{"href":"https:\/\/www.olagoo.com\/pt\/wp-json\/wp\/v2\/media?parent=2023"}],"curies":[{"name":"wp","href":"https:\/\/api.w.org\/{rel}","templated":true}]}}