{"id":250,"date":"2025-04-14T10:09:46","date_gmt":"2025-04-14T02:09:46","guid":{"rendered":"https:\/\/www.olagoo.com\/?page_id=250"},"modified":"2026-01-14T20:48:56","modified_gmt":"2026-01-14T12:48:56","slug":"%e9%94%b0","status":"publish","type":"page","link":"https:\/\/www.olagoo.com\/pt\/%e5%a4%a7%e5%ae%97%e5%95%86%e5%93%81%e8%b4%b8%e6%98%93\/%e9%94%b0","title":{"rendered":"<div class=\"info-content\"><img class=\"info-icon\" src=\"\/wp-content\/uploads\/2025\/04\/manganese-ore.jpg\"><p class=\"info-title\">Mn<\/p><\/div>"},"content":{"rendered":"<div class=\"wp-block-columns is-layout-flex wp-container-core-columns-is-layout-9d6595d7 wp-block-columns-is-layout-flex\">\n<div class=\"wp-block-column is-layout-flow wp-block-column-is-layout-flow\" style=\"flex-basis:30%\">\n<div class=\"wp-block-columns is-layout-flex wp-container-core-columns-is-layout-9d6595d7 wp-block-columns-is-layout-flex\">\n<div class=\"wp-block-column is-layout-flow wp-block-column-is-layout-flow\" style=\"flex-basis:100%\">\n<p><\/p>\n\n\n\n<div class=\"menu-container\">\n<ul class=\"wp-block-list\">\n<li>Metais B\u00e1sicos\n<ul class=\"wp-block-list\">\n<li><a style=\"color: #666;\"href=\"\/pt\/%e9%93%9c\/\">Cu<\/a><\/li>\n\n\n\n<li><a style=\"color: #666;\"href=\"\/pt\/%e9%94%8c\/\">Zn<\/a><\/li>\n\n\n\n<li><a style=\"color: #666;\"href=\"\/pt\/%e9%95%8d\/\">Ni<\/a><\/li>\n\n\n\n<li><a style=\"color: #666;\"href=\"\/pt\/%e9%94%a1\/\">Sn<\/a><\/li>\n\n\n\n<li><a style=\"color: #666;\"href=\"\/pt\/%e9%93%85\/\">Pb<\/a><\/li>\n\n\n\n<li><a style=\"color: #666;\"href=\"\/pt\/%e9%93%9d\/\">Al<\/a><\/li>\n\n\n<li><a style=\"color: #666;\"href=\"\/pt\/%e9%87%91\/\">Au<\/a><\/li>\n\n\n<li><a style=\"color: #666;\"href=\"\/pt\/%E9%93%B6\/\">Ag<\/a><\/li>\n\n<\/ul>\n<\/li>\n\n\n\n<li>Elementos da Fam\u00edlia do Platina\n<ul class=\"wp-block-list\">\n\n\n<li><a style=\"color: #666;\"href=\"\/pt\/%E9%92%AF\/\">Pd<\/a><\/li>\n\n\n\n<li><a style=\"color: #666;\"href=\"\/pt\/%E9%93%82\/\">Pd<\/a><\/li>\n\n\n\n<li><a style=\"color: #666;\"href=\"\/pt\/%e9%93%91-2\/\">Pd<\/a><\/li>\n\n\n\n<li><a style=\"color: #666;\"href=\"\/pt\/%E9%93%B1\/\">Ir<\/a><\/li>\n\n\n<\/ul>\n<\/li>\n\n\n\n<li>\u65b0\u80fd\u6e90\u4e0e\u5173\u952e\u91d1\u5c5e\n<ul class=\"wp-block-list\">\n\n\n<li><a style=\"color: #666;\"href=\"\/pt\/%e9%94%82\/\">Li<\/a><\/li>\n\n\n\n<li><a style=\"color: #666;\"href=\"\/pt\/%e9%92%b4-2\/\">Co<\/a><\/li>\n\n\n<\/ul>\n<\/li>\n\n\n\n<li>\u7279\u79cd\u5408\u91d1\u4e0e\u9ad8\u6027\u80fd\u91d1\u5c5e\n<ul class=\"wp-block-list\">\n\n<li><a style=\"color: #666;\"href=\"\/pt\/%e9%92%a8\/\">W<\/a><\/li>\n\n\n\n<li><a style=\"color: #666;\"href=\"\/pt\/%e9%92%bc\/\">Mo<\/a><\/li>\n\n\n\n<li><a style=\"color: #666;\"href=\"\/pt\/%e9%92%bd\/\">Ta<\/a><\/li>\n\n\n\n<li><a style=\"color: #666;\"href=\"\/pt\/%e9%93%8c-2\/\">Nb<\/a><\/li>\n\n\n\n<li><a style=\"color: #666;\"href=\"\/pt\/%e9%92%9b\/\">Ti<\/a><\/li>\n\n\n\n<li><a style=\"color: #666;\"href=\"\/pt\/%E9%94%91\/\">Sb<\/a><\/li>\n\n\n\n<li><a style=\"color: #666;\"href=\"\/pt\/%E9%93%8D\/\">Be<\/a><\/li>\n\n\n\n<li><a style=\"color: #666;\"href=\"\/pt\/%E9%92%92-2\/\">V<\/a><\/li>\n\n\n<\/ul>\n<\/li>\n\n\n\n<li class=\"active\">Metais Ferrosos\n<ul class=\"wp-block-list\">\n\n<li><a style=\"color: #666;\"href=\"\/pt\/%e9%93%81\/\">Fe<\/a><\/li>\n\n\n\n<li class=\"active\"><a style=\"color: #666;\"href=\"\/pt\/%e9%94%b0\/\">Mn<\/a><\/li>\n\n\n\n<li><a style=\"color: #666;\"href=\"\/pt\/%e9%93%ac\/\">Cr<\/a><\/li>\n\n<\/ul>\n<\/li>\n\n\n\n<li>Outros produtos comerciais\n<ul class=\"wp-block-list\">\n\n\n<li><a style=\"color: #666;\"href=\"\/pt\/%e6%b0%9f\/\">F<\/a><\/li>\n\n\n<li><a style=\"color: #666;\"href=\"\/pt\/%e7%a2%b3\/\">C<\/a><\/li>\n\n\n<li><a style=\"color: #666;\"href=\"\/pt\/%e7%a1%85\/\">Si<\/a><\/li>\n\n<\/ul>\n<\/li>\n\n\n<\/ul>\n<\/div>\n\n<\/div>\n<\/div>\n\n<\/div>\n\n\n<div class=\"wp-block-column big-goods-list is-layout-flow wp-block-column-is-layout-flow\" style=\"flex-basis:70%;\">\n\n<p><strong>1. Min\u00e9rio de mangan\u00eas:<\/strong><br\/>Os min\u00e9rios de mangan\u00eas na natureza cont\u00eam mangan\u00eas como seu principal elemento qu\u00edmico. Minerais comuns incluem pirolusita (MnO\u2082), pirolusita (mMnO\u00b7MnO\u2082\u00b7nH\u2082O) e rodocrosita (MnCO\u2083). Esses min\u00e9rios frequentemente cont\u00eam elementos associados, como ferro, sil\u00edcio, f\u00f3sforo, cobalto e n\u00edquel. Como mat\u00e9ria-prima inicial para a ind\u00fastria do mangan\u00eas, ele fornece a base para a subsequente produ\u00e7\u00e3o de ligas de mangan\u00eas, mangan\u00eas met\u00e1lico eletrol\u00edtico e produtos qu\u00edmicos por meio de processos de minera\u00e7\u00e3o e beneficiamento. <\/p>\n\n\n\n<p><strong>2. Concentrado de mangan\u00eas:<\/strong><br\/>O min\u00e9rio de mangan\u00eas, ap\u00f3s ser enriquecido por processos como britagem, separa\u00e7\u00e3o gravim\u00e9trica, separa\u00e7\u00e3o magn\u00e9tica ou flota\u00e7\u00e3o, resulta em um produto com teor de mangan\u00eas significativamente melhorado, controlando-se o teor de impurezas nocivas como s\u00edlica e f\u00f3sforo. \u00c9 uma mat\u00e9ria-prima essencial para a fundi\u00e7\u00e3o de mangan\u00eas, utilizada principalmente na produ\u00e7\u00e3o de ligas de ferromangan\u00eas, ligas de mangan\u00eas-sil\u00edcio e mangan\u00eas met\u00e1lico eletrol\u00edtico. Sua qualidade impacta diretamente o desempenho dos produtos subsequentes e a viabilidade econ\u00f4mica da fundi\u00e7\u00e3o. <\/p>\n\n\n\n<p><strong>3. Ferromangan\u00eas:<\/strong><br\/>Trata-se de uma ferro-liga composta produzida pela fus\u00e3o de min\u00e9rio de mangan\u00eas, s\u00edlica e coque em um forno de arco submerso, utilizando um m\u00e9todo de redu\u00e7\u00e3o carbot\u00e9rmica. Seus principais componentes s\u00e3o mangan\u00eas, sil\u00edcio e ferro (como FeMn65Si17), representando uma combina\u00e7\u00e3o t\u00edpica de mangan\u00eas e sil\u00edcio. \u00c9 o desoxidante e agente de liga mais utilizado na ind\u00fastria sider\u00fargica, desempenhando um papel crucial na desoxida\u00e7\u00e3o, dessulfuriza\u00e7\u00e3o e no aumento do teor de mangan\u00eas e sil\u00edcio durante a produ\u00e7\u00e3o de a\u00e7o. \u00c9 um produto fundamental que conecta as cadeias produtivas do min\u00e9rio de mangan\u00eas e da ind\u00fastria sider\u00fargica. <\/p>\n\n\n\n<p><strong>4. Mangan\u00eas eletrol\u00edtico:<\/strong><br\/>O mangan\u00eas met\u00e1lico de alta pureza, extra\u00eddo de concentrado de mangan\u00eas ou p\u00f3 de carbonato de mangan\u00eas por meio de processos hidrometal\u00fargicos (lixivia\u00e7\u00e3o, purifica\u00e7\u00e3o, eletr\u00f3lise), geralmente apresenta-se na forma de flocos e pode atingir uma pureza superior a 99,7%. Trata-se de uma forma de mangan\u00eas met\u00e1lico de alta pureza, utilizada principalmente na produ\u00e7\u00e3o de a\u00e7o inoxid\u00e1vel da s\u00e9rie 200, ligas especiais (como ligas de alum\u00ednio-mangan\u00eas) e como mat\u00e9ria-prima para produtos qu\u00edmicos de alto valor agregado (como materiais magn\u00e9ticos de alto desempenho e intermedi\u00e1rios farmac\u00eauticos). Sua produ\u00e7\u00e3o exige um controle ambiental e uma gest\u00e3o de processos extremamente rigorosos. <\/p>\n\n\n\n<div style=\"height:100px\" aria-hidden=\"true\" class=\"wp-block-spacer\"><\/div>\n\n\n\n\n\n<\/div>\n<!-- \/wp:post-content --><\/div>\n<!-- \/wp:post-content -->","protected":false},"excerpt":{"rendered":"<p>1\u3001\u9530\u77ff\u77f3\uff1a\u81ea\u7136\u754c\u4e2d\u542b\u9530\u7684\u77ff\u77f3\uff0c\u4e3b\u8981\u5316\u5b66\u5143\u7d20\u4e3a\u9530\u3002\u5e38\u89c1\u77ff\u7269\u5305\u62ec\u8f6f\u9530\u77ff\uff08MnO\u2082\uff09\u3001\u786c\u9530\u77ff\uff08mMnO\u00b7 [&hellip;]<\/p>\n","protected":false},"author":1,"featured_media":731,"parent":162,"menu_order":7,"comment_status":"closed","ping_status":"closed","template":"page-templates\/template-page-sidebar.php","meta":{"footnotes":""},"class_list":["post-250","page","type-page","status-publish","has-post-thumbnail","hentry"],"_links":{"self":[{"href":"https:\/\/www.olagoo.com\/pt\/wp-json\/wp\/v2\/pages\/250","targetHints":{"allow":["GET"]}}],"collection":[{"href":"https:\/\/www.olagoo.com\/pt\/wp-json\/wp\/v2\/pages"}],"about":[{"href":"https:\/\/www.olagoo.com\/pt\/wp-json\/wp\/v2\/types\/page"}],"author":[{"embeddable":true,"href":"https:\/\/www.olagoo.com\/pt\/wp-json\/wp\/v2\/users\/1"}],"replies":[{"embeddable":true,"href":"https:\/\/www.olagoo.com\/pt\/wp-json\/wp\/v2\/comments?post=250"}],"version-history":[{"count":9,"href":"https:\/\/www.olagoo.com\/pt\/wp-json\/wp\/v2\/pages\/250\/revisions"}],"predecessor-version":[{"id":1903,"href":"https:\/\/www.olagoo.com\/pt\/wp-json\/wp\/v2\/pages\/250\/revisions\/1903"}],"up":[{"embeddable":true,"href":"https:\/\/www.olagoo.com\/pt\/wp-json\/wp\/v2\/pages\/162"}],"wp:featuredmedia":[{"embeddable":true,"href":"https:\/\/www.olagoo.com\/pt\/wp-json\/wp\/v2\/media\/731"}],"wp:attachment":[{"href":"https:\/\/www.olagoo.com\/pt\/wp-json\/wp\/v2\/media?parent=250"}],"curies":[{"name":"wp","href":"https:\/\/api.w.org\/{rel}","templated":true}]}}