{"id":253,"date":"2025-04-14T10:09:46","date_gmt":"2025-04-14T02:09:46","guid":{"rendered":"https:\/\/www.olagoo.com\/?page_id=253"},"modified":"2026-01-14T20:30:58","modified_gmt":"2026-01-14T12:30:58","slug":"%e9%94%a1","status":"publish","type":"page","link":"https:\/\/www.olagoo.com\/pt\/%e9%94%a1","title":{"rendered":"<div class=\"info-content\"><img class=\"info-icon\" src=\"\/wp-content\/uploads\/2025\/04\/\u9521.png\"><p  class=\"info-title\">Sn<\/p><\/div>"},"content":{"rendered":"<div class=\"wp-block-columns is-layout-flex wp-container-core-columns-is-layout-9d6595d7 wp-block-columns-is-layout-flex\">\n<div class=\"wp-block-column is-layout-flow wp-block-column-is-layout-flow\" style=\"flex-basis:30%\">\n<div class=\"wp-block-columns is-layout-flex wp-container-core-columns-is-layout-9d6595d7 wp-block-columns-is-layout-flex\">\n<div class=\"wp-block-column is-layout-flow wp-block-column-is-layout-flow\" style=\"flex-basis:100%\">\n<p><\/p>\n\n\n\n<div class=\"menu-container\">\n<ul class=\"wp-block-list\">\n<li class=\"active\">Metais B\u00e1sicos\n<ul class=\"wp-block-list\">\n<li><a style=\"color: #666;\"href=\"\/pt\/%e9%93%9c\/\">Cu<\/a><\/li>\n\n\n\n<li><a style=\"color: #666;\"href=\"\/pt\/%e9%94%8c\/\">Zn<\/a><\/li>\n\n\n\n<li><a style=\"color: #666;\"href=\"\/pt\/%e9%95%8d\/\">Ni<\/a><\/li>\n\n\n\n<li class=\"active\"><a style=\"color: #666;\"href=\"\/pt\/%e9%94%a1\/\">Sn<\/a><\/li>\n\n\n\n<li><a style=\"color: #666;\"href=\"\/pt\/%e9%93%85\/\">Pb<\/a><\/li>\n\n\n\n<li><a style=\"color: #666;\"href=\"\/pt\/%e9%93%9d\/\">Al<\/a><\/li>\n\n\n<li><a style=\"color: #666;\"href=\"\/pt\/%e9%87%91\/\">Au<\/a><\/li>\n\n\n<li><a style=\"color: #666;\"href=\"\/pt\/%E9%93%B6\/\">Ag<\/a><\/li>\n\n<\/ul>\n<\/li>\n\n\n\n<li>Elementos da Fam\u00edlia do Platina\n<ul class=\"wp-block-list\">\n\n\n<li><a style=\"color: #666;\"href=\"\/pt\/%E9%92%AF\/\">Pd<\/a><\/li>\n\n\n\n<li><a style=\"color: #666;\"href=\"\/pt\/%E9%93%82\/\">Pd<\/a><\/li>\n\n\n\n<li><a style=\"color: #666;\"href=\"\/pt\/%e9%93%91-2\/\">Pd<\/a><\/li>\n\n\n\n<li><a style=\"color: #666;\"href=\"\/pt\/%E9%93%B1\/\">Ir<\/a><\/li>\n\n\n<\/ul>\n<\/li>\n\n\n\n<li>\u65b0\u80fd\u6e90\u4e0e\u5173\u952e\u91d1\u5c5e\n<ul class=\"wp-block-list\">\n\n\n<li><a style=\"color: #666;\"href=\"\/pt\/%e9%94%82\/\">Li<\/a><\/li>\n\n\n\n<li><a style=\"color: #666;\"href=\"\/pt\/%e9%92%b4-2\/\">Co<\/a><\/li>\n\n\n<\/ul>\n<\/li>\n\n\n\n<li>\u7279\u79cd\u5408\u91d1\u4e0e\u9ad8\u6027\u80fd\u91d1\u5c5e\n<ul class=\"wp-block-list\">\n\n<li><a style=\"color: #666;\"href=\"\/pt\/%e9%92%a8\/\">W<\/a><\/li>\n\n\n\n<li><a style=\"color: #666;\"href=\"\/pt\/%e9%92%bc\/\">Mo<\/a><\/li>\n\n\n\n<li><a style=\"color: #666;\"href=\"\/pt\/%e9%92%bd\/\">Ta<\/a><\/li>\n\n\n\n<li><a style=\"color: #666;\"href=\"\/pt\/%e9%93%8c-2\/\">Nb<\/a><\/li>\n\n\n\n<li><a style=\"color: #666;\"href=\"\/pt\/%e9%92%9b\/\">Ti<\/a><\/li>\n\n\n\n<li><a style=\"color: #666;\"href=\"\/pt\/%E9%94%91\/\">Sb<\/a><\/li>\n\n\n\n<li><a style=\"color: #666;\"href=\"\/pt\/%E9%93%8D\/\">Be<\/a><\/li>\n\n\n\n<li><a style=\"color: #666;\"href=\"\/pt\/%E9%92%92-2\/\">V<\/a><\/li>\n\n\n<\/ul>\n<\/li>\n\n\n\n<li>Metais Ferrosos\n<ul class=\"wp-block-list\">\n\n<li><a style=\"color: #666;\"href=\"\/pt\/%e9%93%81\/\">Fe<\/a><\/li>\n\n\n\n<li><a style=\"color: #666;\"href=\"\/pt\/%e9%94%b0\/\">Mn<\/a><\/li>\n\n\n\n<li><a style=\"color: #666;\"href=\"\/pt\/%e9%93%ac\/\">Cr<\/a><\/li>\n\n<\/ul>\n<\/li>\n\n\n\n<li>Outros produtos comerciais\n<ul class=\"wp-block-list\">\n\n\n<li><a style=\"color: #666;\"href=\"\/pt\/%e6%b0%9f\/\">F<\/a><\/li>\n\n\n<li><a style=\"color: #666;\"href=\"\/pt\/%e7%a2%b3\/\">C<\/a><\/li>\n\n\n<li><a style=\"color: #666;\"href=\"\/pt\/%e7%a1%85\/\">Si<\/a><\/li>\n\n<\/ul>\n<\/li>\n\n\n<\/ul>\n\n\n<\/div>\n<\/div>\n<\/div>\n\n<\/div>\n\n\n<div class=\"wp-block-column big-goods-list is-layout-flow wp-block-column-is-layout-flow\" style=\"flex-basis:70%;\">\n\n\n\n<p><strong>1.Areia de estanho<\/strong><br\/>\u00c9 um mineral em forma de gr\u00e3os contendo estanho, com cassiterita (SnO\u2082) como mineral principal, souvent acompanhado por Wolframita, bismuto e molibdeno. O estanho possui baixo ponto de fus\u00e3o e boa soldabilidade, sendo usado na ind\u00fastria eletr\u00f4nica para soldas e na ind\u00fastria de embalagens para laminas de estanho.<\/p>\n\n\n\n\n<p><strong>2.Concentrado de estanho<\/strong><br\/>\u00c9 o produto enriquecido por beneficiamento, com alto teor de estanho. Ap\u00f3s a fus\u00e3o, \u00e9 usado em alea\u00e7\u00f5es como bronce (cobre+estanho) para esculturas e pe\u00e7as mec\u00e2nicas, e liga de Babbitt (estanho+chumbo) para cojinetes.<\/p>\n\n\n\n\n<p><strong>3. Liga de estanho:<\/strong><br\/> As ligas de estanho s\u00e3o materiais ligados produzidos pela adi\u00e7\u00e3o de elementos como chumbo, antim\u00f4nio, cobre e prata ao estanho como base. Exemplos incluem solda, metal Babbitt e bronze de estanho. Elas possuem propriedades como baixo ponto de fus\u00e3o, boa molhabilidade, resist\u00eancia ao desgaste e \u00e0 corros\u00e3o. S\u00e3o formuladas por meio de fus\u00e3o de precis\u00e3o e s\u00e3o amplamente utilizadas em \u00e1reas como soldagem eletr\u00f4nica, revestimento de rolamentos, embalagens de alimentos e decora\u00e7\u00e3o.<\/p>\n\n\n\n<p><strong>4. Lingotes de estanho:<\/strong><br\/> Os lingotes de estanho s\u00e3o a principal forma met\u00e1lica obtida a partir do concentrado de estanho ou do estanho reciclado por meio de fundi\u00e7\u00e3o redutora. Normalmente, apresentam pureza de 99,0% a 99,9% e cont\u00eam pequenas quantidades de impurezas como chumbo, antim\u00f4nio e bismuto. Os lingotes de estanho s\u00e3o a principal forma comercial de fundi\u00e7\u00e3o de estanho e podem ser usados \u200b\u200bdiretamente na prepara\u00e7\u00e3o de ligas, na galvanoplastia de folha de flandres e na fabrica\u00e7\u00e3o de produtos qu\u00edmicos. Tamb\u00e9m constituem a mat\u00e9ria-prima para o estanho refinado.<\/p>\n\n\n\n\n<p><strong>5. Estanho eletrol\u00edtico:<\/strong><br\/>O estanho eletrol\u00edtico \u00e9 um produto de estanho de alta pureza obtido por meio de refino eletrol\u00edtico a partir de estanho bruto ou \u00e2nodos de estanho. Sua pureza geralmente n\u00e3o \u00e9 inferior a 99,95%, e apresenta uma superf\u00edcie lisa e densa. Possui baix\u00edssimo teor de impurezas, excelente ductilidade e estabilidade qu\u00edmica, representando a forma refinada de estanho de alta qualidade. \u00c9 utilizado principalmente em soldas eletr\u00f4nicas de alta tecnologia, materiais supercondutores, revestimentos fotovoltaicos e produtos qu\u00edmicos de precis\u00e3o. <\/p>\n\n\n\n<p><strong>6. Sucata de estanho:<\/strong><br\/>A sucata de estanho refere-se a res\u00edduos met\u00e1licos ou industriais que cont\u00eam estanho, principalmente derivados de folha de flandres, solda, ligas de estanho e res\u00edduos de galvanoplastia, com diversos teores e formas de estanho. \u00c9 um importante recurso de estanho reciclado; por meio da reciclagem e da fundi\u00e7\u00e3o, pode ser reutilizado para produzir lingotes ou ligas de estanho, ajudando a reduzir a depend\u00eancia da minera\u00e7\u00e3o prim\u00e1ria de min\u00e9rio de estanho e representando um elo fundamental na economia circular da ind\u00fastria do estanho. <\/p>\n\n\n\n<div style=\"height:100px\" aria-hidden=\"true\" class=\"wp-block-spacer\"><\/div>\n\n\n\n\n\n<\/div>\n<!-- \/wp:post-content --><\/div>\n<!-- \/wp:post-content -->","protected":false},"excerpt":{"rendered":"<p>1\u3001\u9521\u77ff\u6c99\uff1a\u9521\u77ff\u6c99\u4e3b\u8981\u77ff\u7269\u4e3a\u9521\u77f3\uff08SnO\u2082\uff09\uff0c\u5e38\u4e3a\u68d5\u9ed1\u8272\u6216\u9ed1\u8910\u8272\uff0c\u5448\u7802\u7c92\u72b6\u3002\u8fd9\u7c7b\u77ff\u6c99\u5bc6\u5ea6\u8f83\u5927\uff0c\u5e38\u4f34\u751f [&hellip;]<\/p>\n","protected":false},"author":1,"featured_media":731,"parent":0,"menu_order":0,"comment_status":"closed","ping_status":"closed","template":"","meta":{"footnotes":""},"class_list":["post-253","page","type-page","status-publish","has-post-thumbnail","hentry"],"_links":{"self":[{"href":"https:\/\/www.olagoo.com\/pt\/wp-json\/wp\/v2\/pages\/253","targetHints":{"allow":["GET"]}}],"collection":[{"href":"https:\/\/www.olagoo.com\/pt\/wp-json\/wp\/v2\/pages"}],"about":[{"href":"https:\/\/www.olagoo.com\/pt\/wp-json\/wp\/v2\/types\/page"}],"author":[{"embeddable":true,"href":"https:\/\/www.olagoo.com\/pt\/wp-json\/wp\/v2\/users\/1"}],"replies":[{"embeddable":true,"href":"https:\/\/www.olagoo.com\/pt\/wp-json\/wp\/v2\/comments?post=253"}],"version-history":[{"count":10,"href":"https:\/\/www.olagoo.com\/pt\/wp-json\/wp\/v2\/pages\/253\/revisions"}],"predecessor-version":[{"id":1883,"href":"https:\/\/www.olagoo.com\/pt\/wp-json\/wp\/v2\/pages\/253\/revisions\/1883"}],"wp:featuredmedia":[{"embeddable":true,"href":"https:\/\/www.olagoo.com\/pt\/wp-json\/wp\/v2\/media\/731"}],"wp:attachment":[{"href":"https:\/\/www.olagoo.com\/pt\/wp-json\/wp\/v2\/media?parent=253"}],"curies":[{"name":"wp","href":"https:\/\/api.w.org\/{rel}","templated":true}]}}