{"id":254,"date":"2025-04-14T10:09:46","date_gmt":"2025-04-14T02:09:46","guid":{"rendered":"https:\/\/www.olagoo.com\/?page_id=254"},"modified":"2026-01-14T20:40:59","modified_gmt":"2026-01-14T12:40:59","slug":"%e9%92%a8","status":"publish","type":"page","link":"https:\/\/www.olagoo.com\/pt\/%e9%92%a8","title":{"rendered":"<div class=\"info-content\"><img class=\"info-icon\" src=\"\/wp-content\/uploads\/2025\/04\/\u94a8.png\"><p class=\"info-title\">W<\/p><\/div>"},"content":{"rendered":"<div class=\"wp-block-columns is-layout-flex wp-container-core-columns-is-layout-9d6595d7 wp-block-columns-is-layout-flex\">\n<div class=\"wp-block-column is-layout-flow wp-block-column-is-layout-flow\" style=\"flex-basis:30%\">\n<div class=\"wp-block-columns is-layout-flex wp-container-core-columns-is-layout-9d6595d7 wp-block-columns-is-layout-flex\">\n<div class=\"wp-block-column is-layout-flow wp-block-column-is-layout-flow\" style=\"flex-basis:100%\">\n<p><\/p>\n\n\n\n<div class=\"menu-container\">\n<ul class=\"wp-block-list\">\n<li>Metais B\u00e1sicos\n<ul class=\"wp-block-list\">\n<li><a style=\"color: #666;\"href=\"\/pt\/%e9%93%9c\/\">Cu<\/a><\/li>\n\n\n\n<li><a style=\"color: #666;\"href=\"\/pt\/%e9%94%8c\/\">Zn<\/a><\/li>\n\n\n\n<li><a style=\"color: #666;\"href=\"\/pt\/%e9%95%8d\/\">Ni<\/a><\/li>\n\n\n\n<li><a style=\"color: #666;\"href=\"\/pt\/%e9%94%a1\/\">Sn<\/a><\/li>\n\n\n\n<li><a style=\"color: #666;\"href=\"\/pt\/%e9%93%85\/\">Pb<\/a><\/li>\n\n\n\n<li><a style=\"color: #666;\"href=\"\/pt\/%e9%93%9d\/\">Al<\/a><\/li>\n\n\n<li><a style=\"color: #666;\"href=\"\/pt\/%e9%87%91\/\">Au<\/a><\/li>\n\n\n<li><a style=\"color: #666;\"href=\"\/pt\/%E9%93%B6\/\">Ag<\/a><\/li>\n\n<\/ul>\n<\/li>\n\n\n\n<li>Elementos da Fam\u00edlia do Platina\n<ul class=\"wp-block-list\">\n\n\n<li><a style=\"color: #666;\"href=\"\/pt\/%E9%92%AF\/\">Pd<\/a><\/li>\n\n\n\n<li><a style=\"color: #666;\"href=\"\/pt\/%E9%93%82\/\">Pd<\/a><\/li>\n\n\n\n<li><a style=\"color: #666;\"href=\"\/pt\/%e9%93%91-2\/\">Pd<\/a><\/li>\n\n\n\n<li><a style=\"color: #666;\"href=\"\/pt\/%E9%93%B1\/\">Ir<\/a><\/li>\n\n\n<\/ul>\n<\/li>\n\n\n\n<li>\u65b0\u80fd\u6e90\u4e0e\u5173\u952e\u91d1\u5c5e\n<ul class=\"wp-block-list\">\n\n\n<li><a style=\"color: #666;\"href=\"\/pt\/%e9%94%82\/\">Li<\/a><\/li>\n\n\n\n<li><a style=\"color: #666;\"href=\"\/pt\/%e9%92%b4-2\/\">Co<\/a><\/li>\n\n\n<\/ul>\n<\/li>\n\n\n\n<li class=\"active\">\u7279\u79cd\u5408\u91d1\u4e0e\u9ad8\u6027\u80fd\u91d1\u5c5e\n<ul class=\"wp-block-list\">\n\n<li class=\"active\"><a style=\"color: #666;\"href=\"\/pt\/%e9%92%a8\/\">W<\/a><\/li>\n\n\n\n<li><a style=\"color: #666;\"href=\"\/pt\/%e9%92%bc\/\">Mo<\/a><\/li>\n\n\n\n<li><a style=\"color: #666;\"href=\"\/pt\/%e9%92%bd\/\">Ta<\/a><\/li>\n\n\n\n<li><a style=\"color: #666;\"href=\"\/pt\/%e9%93%8c-2\/\">Nb<\/a><\/li>\n\n\n\n<li><a style=\"color: #666;\"href=\"\/pt\/%e9%92%9b\/\">Ti<\/a><\/li>\n\n\n\n<li><a style=\"color: #666;\"href=\"\/pt\/%E9%94%91\/\">Sb<\/a><\/li>\n\n\n\n<li><a style=\"color: #666;\"href=\"\/pt\/%E9%93%8D\/\">Be<\/a><\/li>\n\n\n\n<li><a style=\"color: #666;\"href=\"\/pt\/%E9%92%92-2\/\">V<\/a><\/li>\n\n\n<\/ul>\n<\/li>\n\n\n\n<li>Metais Ferrosos\n<ul class=\"wp-block-list\">\n\n<li><a style=\"color: #666;\"href=\"\/pt\/%e9%93%81\/\">Fe<\/a><\/li>\n\n\n\n<li><a style=\"color: #666;\"href=\"\/pt\/%e9%94%b0\/\">Mn<\/a><\/li>\n\n\n\n<li><a style=\"color: #666;\"href=\"\/pt\/%e9%93%ac\/\">Cr<\/a><\/li>\n\n<\/ul>\n<\/li>\n\n\n\n<li>Outros produtos comerciais\n<ul class=\"wp-block-list\">\n\n\n<li><a style=\"color: #666;\"href=\"\/pt\/%e6%b0%9f\/\">F<\/a><\/li>\n\n\n<li><a style=\"color: #666;\"href=\"\/pt\/%e7%a2%b3\/\">C<\/a><\/li>\n\n\n<li><a style=\"color: #666;\"href=\"\/pt\/%e7%a1%85\/\">Si<\/a><\/li>\n\n<\/ul>\n<\/li>\n\n\n<\/ul>\n<\/div>\n<\/div>\n<\/div>\n\n<\/div>\n\n\n<div class=\"wp-block-column big-goods-list is-layout-flow wp-block-column-is-layout-flow\" style=\"flex-basis:70%;\">\n\n<p><strong>1. Min\u00e9rio de tungst\u00eanio:<\/strong><br\/> Os min\u00e9rios que cont\u00eam tungst\u00eanio na natureza possuem esse elemento qu\u00edmico como principal componente. Exemplos comuns incluem a volframita ((Fe,Mn)WO\u2084) e a scheelita (CaWO\u2084), frequentemente acompanhadas por molibd\u00eanio, estanho, bismuto, cobre, chumbo, zinco e outros elementos. O tungst\u00eanio serve como mat\u00e9ria-prima inicial para a ind\u00fastria, fornecendo a base para a subsequente extra\u00e7\u00e3o e fundi\u00e7\u00e3o do metal por meio de processos de minera\u00e7\u00e3o e beneficiamento.<\/p>\n\n\n\n<p><strong>2. Concentrado de tungst\u00eanio:<\/strong><br\/>O min\u00e9rio de tungst\u00eanio \u00e9 enriquecido por meio de processos de beneficiamento, como britagem, separa\u00e7\u00e3o gravim\u00e9trica, flota\u00e7\u00e3o e separa\u00e7\u00e3o magn\u00e9tica. O principal componente do produto \u00e9 o \u00f3xido de tungst\u00eanio (WO\u2083). Ele \u00e9 uma mat\u00e9ria-prima essencial para a fundi\u00e7\u00e3o de tungst\u00eanio e pode ser usado diretamente para produzir ferrotungst\u00eanio, paratungstato de am\u00f4nio (APT) ou \u00f3xido de tungst\u00eanio. <\/p>\n\n\n\n<p><strong>3. Ferrotungst\u00eanio:<\/strong><br\/> A liga ferrotungst\u00eanio, obtida pela fus\u00e3o de concentrado de tungst\u00eanio em forno el\u00e9trico por meio de redu\u00e7\u00e3o carbot\u00e9rmica ou silicot\u00e9rmica, tipicamente cont\u00e9m de 70% a 85% de tungst\u00eanio, juntamente com ferro e pequenas quantidades de impurezas. \u00c9 um importante produto intermedi\u00e1rio da liga de tungst\u00eanio e \u00e9 utilizada diretamente como aditivo de liga na fabrica\u00e7\u00e3o de a\u00e7o para melhorar a dureza, a resist\u00eancia ao desgaste e o desempenho em altas temperaturas do a\u00e7o.<\/p>\n\n\n\n<p><strong>4. P\u00f3 de tungst\u00eanio:<\/strong><br\/> O p\u00f3 de tungst\u00eanio \u00e9 produzido pela redu\u00e7\u00e3o com hidrog\u00eanio de paratungstato de am\u00f4nio (APT) de alta pureza ou \u00f3xido de tungst\u00eanio. A pureza \u00e9 tipicamente superior a 99,9%, e o tamanho das part\u00edculas pode ser controlado de micr\u00f4metros a nan\u00f4metros. \u00c9 a mat\u00e9ria-prima b\u00e1sica para todos os processos de fabrica\u00e7\u00e3o de tungst\u00eanio e \u00e9 utilizado na produ\u00e7\u00e3o de carboneto cimentado, ligas de alta densidade, materiais de tungst\u00eanio e produtos de tungst\u00eanio.<\/p>\n\n\n\n<p><strong>5. Barras de tungst\u00eanio:<\/strong><br\/> O p\u00f3 de tungst\u00eanio \u00e9 prensado e sinterizado a altas temperaturas (ou fundido) para produzir tiras ou barras de tungst\u00eanio met\u00e1lico. Esses lingotes possuem alta densidade e uma estrutura granular compacta. Essa \u00e9 a principal forma de processamento do tungst\u00eanio, que precisa ser posteriormente transformado em fios, barras, chapas e outros materiais de tungst\u00eanio por meio de forjamento, lamina\u00e7\u00e3o, trefila\u00e7\u00e3o e outros processos. Esses materiais s\u00e3o amplamente utilizados em fontes de luz el\u00e9trica, eletr\u00f4nicos, aplica\u00e7\u00f5es militares e componentes de alta temperatura.<\/p>\n\n\n\n<p><strong>6. Res\u00edduos de tungst\u00eanio:<\/strong><br\/> Os res\u00edduos de carboneto cementado contendo tungst\u00eanio, materiais de tungst\u00eanio e res\u00edduos de processamento prov\u00eam principalmente de ferramentas de corte, pe\u00e7as resistentes ao desgaste, produtos militares e res\u00edduos da ind\u00fastria eletr\u00f4nica. Trata-se de um importante recurso renov\u00e1vel de tungst\u00eanio, que pode ser reutilizado na produ\u00e7\u00e3o de p\u00f3 de tungst\u00eanio ou carboneto cementado por meio de processos de reciclagem e regenera\u00e7\u00e3o. Isso \u00e9 de grande import\u00e2ncia para garantir a seguran\u00e7a estrat\u00e9gica dos recursos de tungst\u00eanio e reduzir os custos de produ\u00e7\u00e3o.<\/p>\n\n\n\n\n\n<\/div>\n<!-- \/wp:post-content --><\/div>\n<!-- \/wp:post-content -->","protected":false},"excerpt":{"rendered":"<p>1\u3001\u94a8\u77ff\u77f3\uff1a \u81ea\u7136\u754c\u4e2d\u542b\u94a8\u7684\u77ff\u77f3\uff0c\u4e3b\u8981\u5316\u5b66\u5143\u7d20\u4e3a\u94a8\uff0c\u5e38\u89c1\u7684\u6709\u9ed1\u94a8\u77ff\uff08(Fe,Mn)WO\u2084\uff09\u548c\u767d\u94a8\u77ff\uff08 [&hellip;]<\/p>\n","protected":false},"author":1,"featured_media":731,"parent":0,"menu_order":0,"comment_status":"closed","ping_status":"closed","template":"","meta":{"footnotes":""},"class_list":["post-254","page","type-page","status-publish","has-post-thumbnail","hentry"],"_links":{"self":[{"href":"https:\/\/www.olagoo.com\/pt\/wp-json\/wp\/v2\/pages\/254","targetHints":{"allow":["GET"]}}],"collection":[{"href":"https:\/\/www.olagoo.com\/pt\/wp-json\/wp\/v2\/pages"}],"about":[{"href":"https:\/\/www.olagoo.com\/pt\/wp-json\/wp\/v2\/types\/page"}],"author":[{"embeddable":true,"href":"https:\/\/www.olagoo.com\/pt\/wp-json\/wp\/v2\/users\/1"}],"replies":[{"embeddable":true,"href":"https:\/\/www.olagoo.com\/pt\/wp-json\/wp\/v2\/comments?post=254"}],"version-history":[{"count":9,"href":"https:\/\/www.olagoo.com\/pt\/wp-json\/wp\/v2\/pages\/254\/revisions"}],"predecessor-version":[{"id":1894,"href":"https:\/\/www.olagoo.com\/pt\/wp-json\/wp\/v2\/pages\/254\/revisions\/1894"}],"wp:featuredmedia":[{"embeddable":true,"href":"https:\/\/www.olagoo.com\/pt\/wp-json\/wp\/v2\/media\/731"}],"wp:attachment":[{"href":"https:\/\/www.olagoo.com\/pt\/wp-json\/wp\/v2\/media?parent=254"}],"curies":[{"name":"wp","href":"https:\/\/api.w.org\/{rel}","templated":true}]}}