{"id":257,"date":"2025-04-14T10:09:46","date_gmt":"2025-04-14T02:09:46","guid":{"rendered":"https:\/\/www.olagoo.com\/?page_id=257"},"modified":"2026-01-14T20:39:15","modified_gmt":"2026-01-14T12:39:15","slug":"%e9%94%82","status":"publish","type":"page","link":"https:\/\/www.olagoo.com\/pt\/%e9%94%82","title":{"rendered":"<div class=\"info-content\"><img class=\"info-icon\" src=\"\/wp-content\/uploads\/2025\/04\/\u9502-1.jpg\"><p class=\"info-title\">Li<\/p><\/div>"},"content":{"rendered":"<div class=\"wp-block-columns is-layout-flex wp-container-core-columns-is-layout-9d6595d7 wp-block-columns-is-layout-flex\">\n<div class=\"wp-block-column is-layout-flow wp-block-column-is-layout-flow\" style=\"flex-basis:30%\">\n<div class=\"wp-block-columns is-layout-flex wp-container-core-columns-is-layout-9d6595d7 wp-block-columns-is-layout-flex\">\n<div class=\"wp-block-column is-layout-flow wp-block-column-is-layout-flow\" style=\"flex-basis:100%\">\n<p><\/p>\n\n\n\n<div class=\"menu-container\">\n<ul class=\"wp-block-list\">\n<li>Metais B\u00e1sicos\n<ul class=\"wp-block-list\">\n<li><a style=\"color: #666;\"href=\"\/pt\/%e9%93%9c\/\">Cu<\/a><\/li>\n\n\n\n<li><a style=\"color: #666;\"href=\"\/pt\/%e9%94%8c\/\">Zn<\/a><\/li>\n\n\n\n<li><a style=\"color: #666;\"href=\"\/pt\/%e9%95%8d\/\">Ni<\/a><\/li>\n\n\n\n<li><a style=\"color: #666;\"href=\"\/pt\/%e9%94%a1\/\">Sn<\/a><\/li>\n\n\n\n<li><a style=\"color: #666;\"href=\"\/pt\/%e9%93%85\/\">Pb<\/a><\/li>\n\n\n\n<li><a style=\"color: #666;\"href=\"\/pt\/%e9%93%9d\/\">Al<\/a><\/li>\n\n\n<li><a style=\"color: #666;\"href=\"\/pt\/%e9%87%91\/\">Au<\/a><\/li>\n\n\n<li><a style=\"color: #666;\"href=\"\/pt\/%E9%93%B6\/\">Ag<\/a><\/li>\n\n<\/ul>\n<\/li>\n\n\n\n<li>Elementos da Fam\u00edlia do Platina\n<ul class=\"wp-block-list\">\n\n\n<li><a style=\"color: #666;\"href=\"\/pt\/%E9%92%AF\/\">Pd<\/a><\/li>\n\n\n\n<li><a style=\"color: #666;\"href=\"\/pt\/%E9%93%82\/\">Pd<\/a><\/li>\n\n\n\n<li><a style=\"color: #666;\"href=\"\/pt\/%e9%93%91-2\/\">Pd<\/a><\/li>\n\n\n\n<li><a style=\"color: #666;\"href=\"\/pt\/%E9%93%B1\/\">Ir<\/a><\/li>\n\n\n<\/ul>\n<\/li>\n\n\n\n<li class=\"active\">\u65b0\u80fd\u6e90\u4e0e\u5173\u952e\u91d1\u5c5e\n<ul class=\"wp-block-list\">\n\n\n<li class=\"active\"><a style=\"color: #666;\"href=\"\/pt\/%e9%94%82\/\">Li<\/a><\/li>\n\n\n\n<li><a style=\"color: #666;\"href=\"\/pt\/%e9%92%b4-2\/\">Co<\/a><\/li>\n\n\n<\/ul>\n<\/li>\n\n\n\n<li>\u7279\u79cd\u5408\u91d1\u4e0e\u9ad8\u6027\u80fd\u91d1\u5c5e\n<ul class=\"wp-block-list\">\n\n<li><a style=\"color: #666;\"href=\"\/pt\/%e9%92%a8\/\">W<\/a><\/li>\n\n\n\n<li><a style=\"color: #666;\"href=\"\/pt\/%e9%92%bc\/\">Mo<\/a><\/li>\n\n\n\n<li><a style=\"color: #666;\"href=\"\/pt\/%e9%92%bd\/\">Ta<\/a><\/li>\n\n\n\n<li><a style=\"color: #666;\"href=\"\/pt\/%e9%93%8c-2\/\">Nb<\/a><\/li>\n\n\n\n<li><a style=\"color: #666;\"href=\"\/pt\/%e9%92%9b\/\">Ti<\/a><\/li>\n\n\n\n<li><a style=\"color: #666;\"href=\"\/pt\/%E9%94%91\/\">Sb<\/a><\/li>\n\n\n\n<li><a style=\"color: #666;\"href=\"\/pt\/%E9%93%8D\/\">Be<\/a><\/li>\n\n\n\n<li><a style=\"color: #666;\"href=\"\/pt\/%E9%92%92-2\/\">V<\/a><\/li>\n\n\n<\/ul>\n<\/li>\n\n\n\n<li>Metais Ferrosos\n<ul class=\"wp-block-list\">\n\n<li><a style=\"color: #666;\"href=\"\/pt\/%e9%93%81\/\">Fe<\/a><\/li>\n\n\n\n<li><a style=\"color: #666;\"href=\"\/pt\/%e9%94%b0\/\">Mn<\/a><\/li>\n\n\n\n<li><a style=\"color: #666;\"href=\"\/pt\/%e9%93%ac\/\">Cr<\/a><\/li>\n\n<\/ul>\n<\/li>\n\n\n\n<li>Outros produtos comerciais\n<ul class=\"wp-block-list\">\n\n\n<li><a style=\"color: #666;\"href=\"\/pt\/%e6%b0%9f\/\">F<\/a><\/li>\n\n\n<li><a style=\"color: #666;\"href=\"\/pt\/%e7%a2%b3\/\">C<\/a><\/li>\n\n\n<li><a style=\"color: #666;\"href=\"\/pt\/%e7%a1%85\/\">Si<\/a><\/li>\n\n<\/ul>\n<\/li>\n\n\n<\/ul>\n<\/div>\n<\/div>\n<\/div>\n\n<\/div>\n\n\n<div class=\"wp-block-column big-goods-list is-layout-flow wp-block-column-is-layout-flow\" style=\"flex-basis:70%;\">\n\n\n\n<p><strong>1.Mineral de espodumena<\/strong><br\/>O espodum\u00eanio, com a f\u00f3rmula qu\u00edmica LiAl(SiO\u2083)\u2082, \u00e9 comumente encontrado em pegmatitos gran\u00edticos. Ele tipicamente cristaliza em formas colunares e apresenta uma variedade de cores, incluindo branco-acinzentado, verde-esmeralda e azul-arroxeado. Como mat\u00e9ria-prima mineral crucial para a extra\u00e7\u00e3o de l\u00edtio, desempenha um papel fundamental no desenvolvimento de ind\u00fastrias como a de baterias de l\u00edtio, cer\u00e2mica e vidro.<\/p>\n\n\n\n\n<p><strong>2.Concentrado de espodumena<\/strong><br\/>Mineral de alta pureza, mat\u00e9ria-prima para carbonato e hidr\u00f3xido de l\u00edtio, usados em cer\u00e2micas, vidros e componentes de baterias.<\/p>\n\n\n\n<p><strong>3.Phospholialita<\/strong><br\/>Mineral contendo l\u00edtio, alum\u00ednio e f\u00f3sforo, usado na extra\u00e7\u00e3o de l\u00edtio (energia renov\u00e1vel) e outros elementos para ind\u00fastrias qu\u00edmicas e construtivas.<\/p>\n\n\n\n<p><strong>4. Carbonato de l\u00edtio:<\/strong><br\/> Os sais de l\u00edtio, com a f\u00f3rmula qu\u00edmica Li\u2082CO\u2083, s\u00e3o extra\u00eddos de recursos que cont\u00eam l\u00edtio, como espodum\u00eanio, lepidolita e salmoura de lagos salgados, por meio de processamento qu\u00edmico (por exemplo, sinteriza\u00e7\u00e3o, acidifica\u00e7\u00e3o, cristaliza\u00e7\u00e3o por evapora\u00e7\u00e3o). Geralmente s\u00e3o p\u00f3s brancos. Com base na pureza, s\u00e3o classificados em grau industrial (99,0% a 99,5%) e grau para baterias (acima de 99,5%). Os sais de l\u00edtio s\u00e3o compostos essenciais na cadeia produtiva do l\u00edtio, sendo utilizados diretamente na prepara\u00e7\u00e3o de materiais cat\u00f3dicos para baterias de l\u00edtio, aditivos eletrol\u00edticos de alum\u00ednio, vitrocer\u00e2micas especiais e mat\u00e9rias-primas para l\u00edtio met\u00e1lico.<\/p>\n\n\n\n<p><strong>5. Res\u00edduos de l\u00edtio:<\/strong><br\/> Las bater\u00edas, los materiales de electrodos, las aleaciones y los desechos industriales que contienen litio provienen principalmente de bater\u00edas de energ\u00eda desechadas, bater\u00edas de dispositivos electr\u00f3nicos de consumo, piezas de aleaciones que contienen litio y materiales de desecho generados durante la producci\u00f3n. Se trata de un importante recurso renovable de litio y, mediante la clasificaci\u00f3n f\u00edsica, la hidrometalurgia y otros procesos de reciclaje, puede reprocesarse en sales o materiales de litio. Esto es crucial para garantizar la seguridad estrat\u00e9gica de los recursos de litio, reducir la contaminaci\u00f3n ambiental y disminuir la dependencia de los recursos minerales primarios.<\/p>\n\n\n\n\n\n<\/div>\n<!-- \/wp:post-content --><\/div>\n<!-- \/wp:post-content -->","protected":false},"excerpt":{"rendered":"<p>1\u3001\u9502\u8f89\u77ff\u77f3\uff1a\u9502\u8f89\u77f3\u5316\u5b66\u5f0f\u4e3a LiAl (SiO\u2083)\u2082\uff0c\u5e38\u5b58\u5728\u4e8e\u82b1\u5c97\u4f1f\u6676\u5ca9\u4e2d\u3002\u6676\u4f53\u5f62\u6001\u5e38\u4e3a\u67f1\u72b6\uff0c\u989c\u8272 [&hellip;]<\/p>\n","protected":false},"author":1,"featured_media":731,"parent":0,"menu_order":0,"comment_status":"closed","ping_status":"closed","template":"","meta":{"footnotes":""},"class_list":["post-257","page","type-page","status-publish","has-post-thumbnail","hentry"],"_links":{"self":[{"href":"https:\/\/www.olagoo.com\/pt\/wp-json\/wp\/v2\/pages\/257","targetHints":{"allow":["GET"]}}],"collection":[{"href":"https:\/\/www.olagoo.com\/pt\/wp-json\/wp\/v2\/pages"}],"about":[{"href":"https:\/\/www.olagoo.com\/pt\/wp-json\/wp\/v2\/types\/page"}],"author":[{"embeddable":true,"href":"https:\/\/www.olagoo.com\/pt\/wp-json\/wp\/v2\/users\/1"}],"replies":[{"embeddable":true,"href":"https:\/\/www.olagoo.com\/pt\/wp-json\/wp\/v2\/comments?post=257"}],"version-history":[{"count":10,"href":"https:\/\/www.olagoo.com\/pt\/wp-json\/wp\/v2\/pages\/257\/revisions"}],"predecessor-version":[{"id":1892,"href":"https:\/\/www.olagoo.com\/pt\/wp-json\/wp\/v2\/pages\/257\/revisions\/1892"}],"wp:featuredmedia":[{"embeddable":true,"href":"https:\/\/www.olagoo.com\/pt\/wp-json\/wp\/v2\/media\/731"}],"wp:attachment":[{"href":"https:\/\/www.olagoo.com\/pt\/wp-json\/wp\/v2\/media?parent=257"}],"curies":[{"name":"wp","href":"https:\/\/api.w.org\/{rel}","templated":true}]}}