{"id":377,"date":"2025-04-15T17:07:31","date_gmt":"2025-04-15T09:07:31","guid":{"rendered":"https:\/\/www.olagoo.com\/?page_id=377"},"modified":"2026-01-14T20:42:33","modified_gmt":"2026-01-14T12:42:33","slug":"%e9%92%bd","status":"publish","type":"page","link":"https:\/\/www.olagoo.com\/pt\/%e9%92%bd","title":{"rendered":"<div class=\"info-content\"><img class=\"info-icon\" src=\"\/wp-content\/uploads\/2025\/04\/\u94bd-1.jpg\"><p class=\"info-title\">Ta<\/p><\/div>"},"content":{"rendered":"<div class=\"wp-block-columns is-layout-flex wp-container-core-columns-is-layout-9d6595d7 wp-block-columns-is-layout-flex\">\n<div class=\"wp-block-column is-layout-flow wp-block-column-is-layout-flow\" style=\"flex-basis:30%\">\n<div class=\"wp-block-columns is-layout-flex wp-container-core-columns-is-layout-9d6595d7 wp-block-columns-is-layout-flex\">\n<div class=\"wp-block-column is-layout-flow wp-block-column-is-layout-flow\" style=\"flex-basis:100%\">\n<p><\/p>\n\n\n\n<div class=\"menu-container\">\n<ul class=\"wp-block-list\">\n<li>Metais B\u00e1sicos\n<ul class=\"wp-block-list\">\n<li><a style=\"color: #666;\"href=\"\/pt\/%e9%93%9c\/\">Cu<\/a><\/li>\n\n\n\n<li><a style=\"color: #666;\"href=\"\/pt\/%e9%94%8c\/\">Zn<\/a><\/li>\n\n\n\n<li><a style=\"color: #666;\"href=\"\/pt\/%e9%95%8d\/\">Ni<\/a><\/li>\n\n\n\n<li><a style=\"color: #666;\"href=\"\/pt\/%e9%94%a1\/\">Sn<\/a><\/li>\n\n\n\n<li><a style=\"color: #666;\"href=\"\/pt\/%e9%93%85\/\">Pb<\/a><\/li>\n\n\n\n<li><a style=\"color: #666;\"href=\"\/pt\/%e9%93%9d\/\">Al<\/a><\/li>\n\n\n<li><a style=\"color: #666;\"href=\"\/pt\/%e9%87%91\/\">Au<\/a><\/li>\n\n\n<li><a style=\"color: #666;\"href=\"\/pt\/%E9%93%B6\/\">Ag<\/a><\/li>\n\n<\/ul>\n<\/li>\n\n\n\n<li>Elementos da Fam\u00edlia do Platina\n<ul class=\"wp-block-list\">\n\n\n<li><a style=\"color: #666;\"href=\"\/pt\/%E9%92%AF\/\">Pd<\/a><\/li>\n\n\n\n<li><a style=\"color: #666;\"href=\"\/pt\/%E9%93%82\/\">Pd<\/a><\/li>\n\n\n\n<li><a style=\"color: #666;\"href=\"\/pt\/%e9%93%91-2\/\">Pd<\/a><\/li>\n\n\n\n<li><a style=\"color: #666;\"href=\"\/pt\/%E9%93%B1\/\">Ir<\/a><\/li>\n\n\n<\/ul>\n<\/li>\n\n\n\n<li>\u65b0\u80fd\u6e90\u4e0e\u5173\u952e\u91d1\u5c5e\n<ul class=\"wp-block-list\">\n\n\n<li><a style=\"color: #666;\"href=\"\/pt\/%e9%94%82\/\">Li<\/a><\/li>\n\n\n\n<li><a style=\"color: #666;\"href=\"\/pt\/%e9%92%b4-2\/\">Co<\/a><\/li>\n\n\n<\/ul>\n<\/li>\n\n\n\n<li class=\"active\">\u7279\u79cd\u5408\u91d1\u4e0e\u9ad8\u6027\u80fd\u91d1\u5c5e\n<ul class=\"wp-block-list\">\n\n<li><a style=\"color: #666;\"href=\"\/pt\/%e9%92%a8\/\">W<\/a><\/li>\n\n\n\n<li><a style=\"color: #666;\"href=\"\/pt\/%e9%92%bc\/\">Mo<\/a><\/li>\n\n\n\n<li class=\"active\"><a style=\"color: #666;\"href=\"\/pt\/%e9%92%bd\/\">Ta<\/a><\/li>\n\n\n\n<li><a style=\"color: #666;\"href=\"\/pt\/%e9%93%8c-2\/\">Nb<\/a><\/li>\n\n\n\n<li><a style=\"color: #666;\"href=\"\/pt\/%e9%92%9b\/\">Ti<\/a><\/li>\n\n\n\n<li><a style=\"color: #666;\"href=\"\/pt\/%E9%94%91\/\">Sb<\/a><\/li>\n\n\n\n<li><a style=\"color: #666;\"href=\"\/pt\/%E9%93%8D\/\">Be<\/a><\/li>\n\n\n\n<li><a style=\"color: #666;\"href=\"\/pt\/%E9%92%92-2\/\">V<\/a><\/li>\n\n\n<\/ul>\n<\/li>\n\n\n\n<li>Metais Ferrosos\n<ul class=\"wp-block-list\">\n\n<li><a style=\"color: #666;\"href=\"\/pt\/%e9%93%81\/\">Fe<\/a><\/li>\n\n\n\n<li><a style=\"color: #666;\"href=\"\/pt\/%e9%94%b0\/\">Mn<\/a><\/li>\n\n\n\n<li><a style=\"color: #666;\"href=\"\/pt\/%e9%93%ac\/\">Cr<\/a><\/li>\n\n<\/ul>\n<\/li>\n\n\n\n<li>Outros produtos comerciais\n<ul class=\"wp-block-list\">\n\n\n<li><a style=\"color: #666;\"href=\"\/pt\/%e6%b0%9f\/\">F<\/a><\/li>\n\n\n<li><a style=\"color: #666;\"href=\"\/pt\/%e7%a2%b3\/\">C<\/a><\/li>\n\n\n<li><a style=\"color: #666;\"href=\"\/pt\/%e7%a1%85\/\">Si<\/a><\/li>\n\n<\/ul>\n<\/li>\n\n\n<\/ul>\n<\/div>\n<\/div>\n<\/div>\n\n<\/div>\n\n\n<div class=\"wp-block-column big-goods-list is-layout-flow wp-block-column-is-layout-flow\" style=\"flex-basis:70%;\">\n\n\n<p><strong>1. Min\u00e9rio de t\u00e2ntalo:<\/strong><br\/>Os min\u00e9rios que cont\u00eam t\u00e2ntalo na natureza t\u00eam o t\u00e2ntalo como seu principal elemento qu\u00edmico. O mineral mais comum \u00e9 a tantalita, com a f\u00f3rmula qu\u00edmica (Fe,Mn)(Ta,Nb)\u2082O\u2086. Ela \u00e9 frequentemente encontrada associada ao ni\u00f3bio, que possui propriedades qu\u00edmicas semelhantes, formando a tantalobulita. A tantalita tamb\u00e9m \u00e9 frequentemente associada a elementos como estanho, tungst\u00eanio, l\u00edtio e elementos de terras raras. \u00c9 a mat\u00e9ria-prima inicial para a ind\u00fastria do t\u00e2ntalo e requer um complexo processo de beneficiamento e separa\u00e7\u00e3o para estabelecer as bases para a subsequente extra\u00e7\u00e3o e refino do t\u00e2ntalo. <\/p>\n\n\n\n<p><strong>2. Concentrado de t\u00e2ntalo:<\/strong><br\/> O produto obtido ap\u00f3s o min\u00e9rio de t\u00e2ntalo passar por processos de enriquecimento e separa\u00e7\u00e3o, como britagem, separa\u00e7\u00e3o gravim\u00e9trica, flota\u00e7\u00e3o e separa\u00e7\u00e3o eletromagn\u00e9tica. Seu principal componente \u00e9 o \u00f3xido de t\u00e2ntalo (Ta\u2082O\u2085), com um teor significativamente melhorado, e tamb\u00e9m cont\u00e9m elementos como ni\u00f3bio, estanho e tungst\u00eanio. \u00c9 a principal mat\u00e9ria-prima para a fundi\u00e7\u00e3o de t\u00e2ntalo, utilizada principalmente para produzir fluorotantalato de pot\u00e1ssio (K\u2082TaF\u2087), que por sua vez produz t\u00e2ntalo met\u00e1lico.<\/p>\n\n\n\n<p><strong>3. T\u00e2ntalo eletrol\u00edtico:<\/strong><br\/>O t\u00e2ntalo met\u00e1lico, obtido por refino eletrol\u00edtico em sal fundido a alta temperatura, utilizando fluorotantalato de pot\u00e1ssio de alta pureza como mat\u00e9ria-prima, pode atingir uma pureza superior a 99,9% e geralmente apresenta-se na forma de lingotes ou barras. \u00c9 o produto final de alta pureza do processo metal\u00fargico do t\u00e2ntalo, possuindo ponto de fus\u00e3o extremamente elevado, resist\u00eancia \u00e0 corros\u00e3o e propriedades diel\u00e9tricas. \u00c9 um material insubstitu\u00edvel para a fabrica\u00e7\u00e3o de capacitores de t\u00e2ntalo de alta tecnologia, implantes cir\u00fargicos, componentes de v\u00e1cuo para altas temperaturas e equipamentos qu\u00edmicos resistentes \u00e0 corros\u00e3o. <\/p>\n\n\n\n<p><strong>4. Res\u00edduos de t\u00e2ntalo:<\/strong><br\/>Os res\u00edduos contendo t\u00e2ntalo prov\u00eam principalmente de capacitores de t\u00e2ntalo descartados, ferramentas de corte de metal duro, componentes de ligas aeroespaciais e res\u00edduos de usinagem. Trata-se de um recurso renov\u00e1vel estrat\u00e9gico valioso, e o t\u00e2ntalo de alta pureza pode ser recuperado eficientemente por meio de processos hidrometal\u00fargicos, como dissolu\u00e7\u00e3o qu\u00edmica e extra\u00e7\u00e3o. Sua reciclagem \u00e9 de grande import\u00e2ncia para garantir a seguran\u00e7a da cadeia de suprimentos global de t\u00e2ntalo e reduzir a depend\u00eancia de minerais de conflito. <\/p>\n\n\n\n\n\n<\/div>\n<!-- \/wp:post-content --><\/div>\n<!-- \/wp:post-content -->","protected":false},"excerpt":{"rendered":"<p>1\u3001\u94bd\u77ff\u77f3\uff1a\u81ea\u7136\u754c\u4e2d\u542b\u94bd\u7684\u77ff\u77f3\uff0c\u4e3b\u8981\u5316\u5b66\u5143\u7d20\u4e3a\u94bd\u3002\u6700\u5e38\u89c1\u7684\u77ff\u7269\u4e3a\u94bd\u94c1\u77ff\uff0c\u5176\u5316\u5b66\u5f0f\u4e3a(Fe,Mn)(T [&hellip;]<\/p>\n","protected":false},"author":1,"featured_media":731,"parent":0,"menu_order":0,"comment_status":"closed","ping_status":"closed","template":"","meta":{"footnotes":""},"class_list":["post-377","page","type-page","status-publish","has-post-thumbnail","hentry"],"_links":{"self":[{"href":"https:\/\/www.olagoo.com\/pt\/wp-json\/wp\/v2\/pages\/377","targetHints":{"allow":["GET"]}}],"collection":[{"href":"https:\/\/www.olagoo.com\/pt\/wp-json\/wp\/v2\/pages"}],"about":[{"href":"https:\/\/www.olagoo.com\/pt\/wp-json\/wp\/v2\/types\/page"}],"author":[{"embeddable":true,"href":"https:\/\/www.olagoo.com\/pt\/wp-json\/wp\/v2\/users\/1"}],"replies":[{"embeddable":true,"href":"https:\/\/www.olagoo.com\/pt\/wp-json\/wp\/v2\/comments?post=377"}],"version-history":[{"count":7,"href":"https:\/\/www.olagoo.com\/pt\/wp-json\/wp\/v2\/pages\/377\/revisions"}],"predecessor-version":[{"id":1896,"href":"https:\/\/www.olagoo.com\/pt\/wp-json\/wp\/v2\/pages\/377\/revisions\/1896"}],"wp:featuredmedia":[{"embeddable":true,"href":"https:\/\/www.olagoo.com\/pt\/wp-json\/wp\/v2\/media\/731"}],"wp:attachment":[{"href":"https:\/\/www.olagoo.com\/pt\/wp-json\/wp\/v2\/media?parent=377"}],"curies":[{"name":"wp","href":"https:\/\/api.w.org\/{rel}","templated":true}]}}