{"id":39,"date":"2025-04-02T19:25:56","date_gmt":"2025-04-02T11:25:56","guid":{"rendered":"https:\/\/www.olagoo.com\/?page_id=39"},"modified":"2025-04-11T15:45:58","modified_gmt":"2025-04-11T07:45:58","slug":"about-us","status":"publish","type":"page","link":"https:\/\/www.olagoo.com\/pt\/about-us","title":{"rendered":"Sobre N\u00f3s"},"content":{"rendered":"<h2 class=\"wp-block-heading\">\uff08\u4e00\uff09\u516c\u53f8\u6982\u51b5<\/h2>\n\n\n\n<p>Em 2019, a Olagoo foi fundada em Ningbo, China.<br><br>\u81ea\u6210\u7acb\u4ee5\u6765\uff0c\u54e6\u5566\u8c37\u79c9\u627f\u5feb\u4e50\u7406\u5ff5\uff1a\u5feb\u4e50\u5de5\u4f5c\uff0c\u5feb\u4e50\u4ea4\u6613\uff0c\u52aa\u529b\u5c06\u5feb\u4e50\u5e26\u7ed9\u54e6\u5566\u8c37\u6240\u53ca\u4e4b\u5904\u3002<br>\u4e94\u5e74\u95f4\uff0c\u54e6\u5566\u8c37\u4ee5\u5feb\u4e50\u7684\u59ff\u6001\u5728\u5168\u7403\u5f00\u5c55\u4e1a\u52a1\uff0c\u4e0e\u5168\u7403\u4f19\u4f34\u5728\u5171\u540c\u5feb\u4e50\u4e2d\u4eab\u53d7<strong>desfrutando transa\u00e7\u00f5es justas, equitativas e honestas junto a parceiros de todo o mundo na felicidade compartilhada.<\/strong>\u3002\u4e94\u5e74\u6765\uff0c \u54e6\u5566\u8c37\u5728\u5feb\u4e50\u4e2d\u6210\u957f\u7684\u540c\u65f6\u5e2e\u52a9\u5408\u4f19\u4eec\u5feb\u4e50\u5730\u53d1\u5c55\uff0c\u4e1a\u5df2\u5efa\u7acb\u4e86\u4ee5\u5feb\u4e50\u4e3a\u7ebd\u5e26\u7684\u5168\u7403\u5927\u5b97\u5546\u54c1\u4ea4\u6613\u7f51\u7edc\u3002<strong>As transa\u00e7\u00f5es t\u00eam valor, mas a felicidade \u00e9 inestim\u00e1vel.<\/strong><br><br>A Olagoo continuar\u00e1, como sempre, construindo uma rede de transa\u00e7\u00f5es felizes de commodities com parceiros globais; acreditamos que o jogo acabou de come\u00e7ar...<\/p>\n\n\n\n<p><\/p>\n\n\n\n<div style=\"height:100px\" aria-hidden=\"true\" class=\"wp-block-spacer\"><\/div>\n\n\n\n<h2 class=\"wp-block-heading\">\uff08\u4e8c\uff09\u4f01\u4e1a\u6587\u5316<\/h2>\n\n\n\n<p>Como uma ponte para o com\u00e9rcio global de commodities, estamos enraizados em quatro valores fundamentais:<br><br><strong>1.Profissionalismo e Profundidade<\/strong><br>Focada no aprimoramento da capacidade profissional, com uma atitude de aperfei\u00e7oamento cont\u00ednuo, cria valor em fun\u00e7\u00f5es cotidianas. Cada funcion\u00e1rio, com compet\u00eancia profissional como base, ajuda a empresa a evoluir de forma est\u00e1vel.<br><br><strong>2.Integridade como Fundamento<\/strong><br>Cumpre o esp\u00edrito contratual, mant\u00e9m transa\u00e7\u00f5es transparentes e conquista confian\u00e7a de longa dura\u00e7\u00e3o atrav\u00e9s de responsabilidade. A integridade \u00e9 sempre a base da administra\u00e7\u00e3o, visando construir rela\u00e7\u00f5es de coopera\u00e7\u00e3o sustent\u00e1veis.<br><br><strong>3.Coopera\u00e7\u00e3o e Vantagem M\u00fatua<\/strong><br>Com comunica\u00e7\u00e3o franca com parceiros, busca o benef\u00edcio rec\u00edproco. Se dedica a criar um ambiente comercial justo e equitativo, promovendo o desenvolvimento saud\u00e1vel da ecologia setorial.<br><br><strong>4.Responsabilidade e Engajamento<\/strong><br>Cumpre promessas aos clientes, oferecendo servi\u00e7os confi\u00e1veis; age ativamente no setor, promovendo sua normatiza\u00e7\u00e3o. Coloca em pr\u00e1tica sua miss\u00e3o empresarial com senso de responsabilidade, ganhando o respeito da sociedade.<\/p>\n\n\n\n<div style=\"height:100px\" aria-hidden=\"true\" class=\"wp-block-spacer\"><\/div>\n\n\n\n<p><\/p>\n\n\n\n<h2 class=\"wp-block-heading\">\uff08\u4e09\uff09\u6211\u4eec\u7684\u613f\u666f<\/h2>\n\n\n\n<p><strong>1.Construir um Ecosistema de Vantagem M\u00fatua<\/strong><\/p>\n\n\n\n<p>Com capacidade profissional como elo, colabora profundamente com fornecedores para expandir mercados; seguindo princ\u00edpios de equidade e transpar\u00eancia, constr\u00f3i mecanismos de coopera\u00e7\u00e3o eficientes. Torna cada parceria em um ponto de crescimento de valor, garantindo lucros sustent\u00e1veis para m\u00faltiplas partes.<\/p>\n\n\n\n<p><\/p>\n\n\n\n<p><strong>2.Buscar Valor a Longo Prazo<\/strong><\/p>\n\n\n\n<p>N\u00e3o buscamos apenas o sucesso comercial, mas tamb\u00e9m nos comprometemos a crescer juntos com os parceiros e alcan\u00e7ar lucratividade sustent\u00e1vel. Atrav\u00e9s de opera\u00e7\u00f5es normativas e pr\u00e1ticas inovadoras, esfor\u00e7amo-nos para sermos refer\u00eancia setorial e criadores de valor.<\/p>\n\n\n\n<p><\/p>\n\n\n\n<div style=\"height:100px\" aria-hidden=\"true\" class=\"wp-block-spacer\"><\/div>\n\n\n\n<p><\/p>","protected":false},"excerpt":{"rendered":"<p>\uff08\u4e00\uff09\u516c\u53f8\u6982\u51b5 \u4e8c\u3007\u4e00\u4e5d\u5e74\uff0c\u54e6\u5566\u8c37\uff08Olagoo) \u5728 \u4e2d\u56fd\u5b81\u6ce2\u8bde\u751f\u3002 \u81ea\u6210\u7acb\u4ee5\u6765\uff0c\u54e6\u5566\u8c37\u79c9\u627f\u5feb\u4e50\u7406 [&hellip;]<\/p>\n","protected":false},"author":1,"featured_media":0,"parent":0,"menu_order":0,"comment_status":"closed","ping_status":"closed","template":"","meta":{"footnotes":""},"class_list":["post-39","page","type-page","status-publish","hentry"],"_links":{"self":[{"href":"https:\/\/www.olagoo.com\/pt\/wp-json\/wp\/v2\/pages\/39","targetHints":{"allow":["GET"]}}],"collection":[{"href":"https:\/\/www.olagoo.com\/pt\/wp-json\/wp\/v2\/pages"}],"about":[{"href":"https:\/\/www.olagoo.com\/pt\/wp-json\/wp\/v2\/types\/page"}],"author":[{"embeddable":true,"href":"https:\/\/www.olagoo.com\/pt\/wp-json\/wp\/v2\/users\/1"}],"replies":[{"embeddable":true,"href":"https:\/\/www.olagoo.com\/pt\/wp-json\/wp\/v2\/comments?post=39"}],"version-history":[{"count":15,"href":"https:\/\/www.olagoo.com\/pt\/wp-json\/wp\/v2\/pages\/39\/revisions"}],"predecessor-version":[{"id":148,"href":"https:\/\/www.olagoo.com\/pt\/wp-json\/wp\/v2\/pages\/39\/revisions\/148"}],"wp:attachment":[{"href":"https:\/\/www.olagoo.com\/pt\/wp-json\/wp\/v2\/media?parent=39"}],"curies":[{"name":"wp","href":"https:\/\/api.w.org\/{rel}","templated":true}]}}