{"id":469,"date":"2025-04-18T19:53:37","date_gmt":"2025-04-18T11:53:37","guid":{"rendered":"https:\/\/www.olagoo.com\/?page_id=469"},"modified":"2026-01-14T20:30:05","modified_gmt":"2026-01-14T12:30:05","slug":"%e9%93%9d","status":"publish","type":"page","link":"https:\/\/www.olagoo.com\/pt\/%e9%93%9d","title":{"rendered":"<div class=\"info-content\"><img class=\"info-icon\" src=\"\/wp-content\/uploads\/2025\/04\/\u94dd-Aluminium.jpg\"><p  class=\"info-title\">Al<\/p><\/div>"},"content":{"rendered":"<div class=\"wp-block-columns is-layout-flex wp-container-core-columns-is-layout-9d6595d7 wp-block-columns-is-layout-flex\">\n<div class=\"wp-block-column is-layout-flow wp-block-column-is-layout-flow\" style=\"flex-basis:30%\">\n<div class=\"wp-block-columns is-layout-flex wp-container-core-columns-is-layout-9d6595d7 wp-block-columns-is-layout-flex\">\n<div class=\"wp-block-column is-layout-flow wp-block-column-is-layout-flow\" style=\"flex-basis:100%\">\n<p><\/p>\n\n\n\n<div class=\"menu-container\">\n<ul class=\"wp-block-list\">\n<li class=\"active\">Metais B\u00e1sicos\n<ul class=\"wp-block-list\">\n<li><a style=\"color: #666;\"href=\"\/pt\/%e9%93%9c\/\">Cu<\/a><\/li>\n\n\n\n<li><a style=\"color: #666;\"href=\"\/pt\/%e9%94%8c\/\">Zn<\/a><\/li>\n\n\n\n<li><a style=\"color: #666;\"href=\"\/pt\/%e9%95%8d\/\">Ni<\/a><\/li>\n\n\n\n<li><a style=\"color: #666;\"href=\"\/pt\/%e9%94%a1\/\">Sn<\/a><\/li>\n\n\n\n<li><a style=\"color: #666;\"href=\"\/pt\/%e9%93%85\/\">Pb<\/a><\/li>\n\n\n\n<li class=\"active\"><a style=\"color: #666;\"href=\"\/pt\/%e9%93%9d\/\">Al<\/a><\/li>\n\n\n<li><a style=\"color: #666;\"href=\"\/pt\/%e9%87%91\/\">Au<\/a><\/li>\n\n\n<li><a style=\"color: #666;\"href=\"\/pt\/%E9%93%B6\/\">Ag<\/a><\/li>\n\n<\/ul>\n<\/li>\n\n\n\n<li>Elementos da Fam\u00edlia do Platina\n<ul class=\"wp-block-list\">\n\n\n<li><a style=\"color: #666;\"href=\"\/pt\/%E9%92%AF\/\">Pd<\/a><\/li>\n\n\n\n<li><a style=\"color: #666;\"href=\"\/pt\/%E9%93%82\/\">Pd<\/a><\/li>\n\n\n\n<li><a style=\"color: #666;\"href=\"\/pt\/%e9%93%91-2\/\">Pd<\/a><\/li>\n\n\n\n<li><a style=\"color: #666;\"href=\"\/pt\/%E9%93%B1\/\">Ir<\/a><\/li>\n\n\n<\/ul>\n<\/li>\n\n\n\n<li>\u65b0\u80fd\u6e90\u4e0e\u5173\u952e\u91d1\u5c5e\n<ul class=\"wp-block-list\">\n\n\n<li><a style=\"color: #666;\"href=\"\/pt\/%e9%94%82\/\">Li<\/a><\/li>\n\n\n\n<li><a style=\"color: #666;\"href=\"\/pt\/%e9%92%b4-2\/\">Co<\/a><\/li>\n\n\n<\/ul>\n<\/li>\n\n\n\n<li>\u7279\u79cd\u5408\u91d1\u4e0e\u9ad8\u6027\u80fd\u91d1\u5c5e\n<ul class=\"wp-block-list\">\n\n<li><a style=\"color: #666;\"href=\"\/pt\/%e9%92%a8\/\">W<\/a><\/li>\n\n\n\n<li><a style=\"color: #666;\"href=\"\/pt\/%e9%92%bc\/\">Mo<\/a><\/li>\n\n\n\n<li><a style=\"color: #666;\"href=\"\/pt\/%e9%92%bd\/\">Ta<\/a><\/li>\n\n\n\n<li><a style=\"color: #666;\"href=\"\/pt\/%e9%93%8c-2\/\">Nb<\/a><\/li>\n\n\n\n<li><a style=\"color: #666;\"href=\"\/pt\/%e9%92%9b\/\">Ti<\/a><\/li>\n\n\n\n<li><a style=\"color: #666;\"href=\"\/pt\/%E9%94%91\/\">Sb<\/a><\/li>\n\n\n\n<li><a style=\"color: #666;\"href=\"\/pt\/%E9%93%8D\/\">Be<\/a><\/li>\n\n\n\n<li><a style=\"color: #666;\"href=\"\/pt\/%E9%92%92-2\/\">V<\/a><\/li>\n\n\n<\/ul>\n<\/li>\n\n\n\n<li>Metais Ferrosos\n<ul class=\"wp-block-list\">\n\n<li><a style=\"color: #666;\"href=\"\/pt\/%e9%93%81\/\">Fe<\/a><\/li>\n\n\n\n<li><a style=\"color: #666;\"href=\"\/pt\/%e9%94%b0\/\">Mn<\/a><\/li>\n\n\n\n<li><a style=\"color: #666;\"href=\"\/pt\/%e9%93%ac\/\">Cr<\/a><\/li>\n\n<\/ul>\n<\/li>\n\n\n\n<li>Outros produtos comerciais\n<ul class=\"wp-block-list\">\n\n\n<li><a style=\"color: #666;\"href=\"\/pt\/%e6%b0%9f\/\">F<\/a><\/li>\n\n\n<li><a style=\"color: #666;\"href=\"\/pt\/%e7%a2%b3\/\">C<\/a><\/li>\n\n\n<li><a style=\"color: #666;\"href=\"\/pt\/%e7%a1%85\/\">Si<\/a><\/li>\n\n<\/ul>\n<\/li>\n\n\n<\/ul>\n<\/div>\n\n<\/div>\n<\/div>\n\n<\/div>\n\n\n<div class=\"wp-block-column big-goods-list is-layout-flow wp-block-column-is-layout-flow\" style=\"flex-basis:70%;\">\n\n\n<p><strong>1. Bauxita:<\/strong><br\/>Os principais min\u00e9rios de alum\u00ednio encontrados na natureza s\u00e3o a gibbsita e a boehmita, entre outros. Sua composi\u00e7\u00e3o qu\u00edmica consiste em \u00f3xidos e hidr\u00f3xidos de alum\u00ednio, frequentemente acompanhados por elementos como ferro-gusa, sil\u00edcio e tit\u00e2nio. \u00c9 a principal mat\u00e9ria-prima para a ind\u00fastria do alum\u00ednio, e a alumina \u00e9 extra\u00edda por meio de processos como o processo Bayer ou a sinteriza\u00e7\u00e3o, constituindo a base para a produ\u00e7\u00e3o de alum\u00ednio eletrol\u00edtico.<\/p>\n\n\n\n<p><strong>2. Concentrado de alum\u00ednio:<\/strong><br\/> La bauxita, enriquecida mediante procesos de beneficio (como flotaci\u00f3n y separaci\u00f3n magn\u00e9tica), presenta un contenido de aluminio significativamente mayor y niveles reducidos de impurezas como silicio y hierro. Es una materia prima preferida para la producci\u00f3n de al\u00famina, ya que mejora la eficiencia de la fundici\u00f3n y reduce el consumo de energ\u00eda. Se utiliza com\u00fanmente en procesos de preparaci\u00f3n de al\u00famina donde se requiere una materia prima de alta calidad.<\/p>\n\n\n\n<p><strong>3. Lingotes de alum\u00ednio:<\/strong><br\/> O alum\u00ednio met\u00e1lico prim\u00e1rio, obtido por meio da redu\u00e7\u00e3o eletrol\u00edtica da alumina, refere-se tipicamente a lingotes de alum\u00ednio para refus\u00e3o, com pureza geralmente entre 99,5% e 99,9%, contendo elementos tra\u00e7o como sil\u00edcio e ferro. \u00c9 a mat\u00e9ria-prima b\u00e1sica para o processamento do alum\u00ednio e pode ser utilizado diretamente na fundi\u00e7\u00e3o de ligas, na lamina\u00e7\u00e3o de produtos de alum\u00ednio ou como mat\u00e9ria-prima para processamento posterior, circulando no mercado de com\u00e9rcio de metais.<\/p>\n\n\n\n<p><strong>4. Alum\u00ednio eletrol\u00edtico:<\/strong><br\/> O alum\u00ednio de alta pureza produzido em uma c\u00e9lula eletrol\u00edtica por meio da eletr\u00f3lise de sal fundido de criolita-alumina normalmente atinge uma pureza de 99,5% a 99,99% (dependendo da qualidade). Apresenta cristaliza\u00e7\u00e3o uniforme e excelente condutividade el\u00e9trica, sendo o produto final da fundi\u00e7\u00e3o de alum\u00ednio. Pode ser utilizado diretamente em setores com rigorosos requisitos de pureza, como gera\u00e7\u00e3o de energia, eletr\u00f4nica, equipamentos de alta tecnologia e embalagens de alimentos.<\/p>\n\n\n\n<p><strong>5. P\u00f3 de alumina:<\/strong><br\/> O \u00f3xido de alum\u00ednio \u00e9 um composto branco em p\u00f3 obtido da bauxita por meio de processamento qu\u00edmico (processo Bayer), com f\u00f3rmula qu\u00edmica Al\u2082O\u2083, tipicamente com pureza superior a 98%. \u00c9 um produto intermedi\u00e1rio fundamental na fundi\u00e7\u00e3o de alum\u00ednio, possuindo caracter\u00edsticas como alto ponto de fus\u00e3o e alta dureza. \u00c9 utilizado diretamente na produ\u00e7\u00e3o de alum\u00ednio eletrol\u00edtico e tamb\u00e9m \u00e9 amplamente empregado em cer\u00e2micas, materiais refrat\u00e1rios e catalisadores.<\/p>\n\n\n\n<p><strong>6. Sucata de alum\u00ednio:<\/strong><br\/> A sucata met\u00e1lica contendo alum\u00ednio ou res\u00edduos industriais prov\u00e9m principalmente de perfis de liga de alum\u00ednio, produtos de alum\u00ednio descartados, pe\u00e7as automotivas e materiais de embalagem. Trata-se de um importante recurso de alum\u00ednio reciclado, e a reciclagem e a refus\u00e3o podem reduzir significativamente o consumo de energia na produ\u00e7\u00e3o eletrol\u00edtica de alum\u00ednio, tornando-se um elo fundamental para a conserva\u00e7\u00e3o de energia e a prote\u00e7\u00e3o ambiental na ind\u00fastria do alum\u00ednio.<\/p>\n\n\n\n<div style=\"height:100px\" aria-hidden=\"true\" class=\"wp-block-spacer\"><\/div>\n\n\n\n\n\n<\/div>\n<!-- \/wp:post-content --><\/div>\n<!-- \/wp:post-content -->","protected":false},"excerpt":{"rendered":"<p>1\u3001\u94dd\u571f\u77ff\uff1a\u81ea\u7136\u754c\u4e2d\u542b\u94dd\u7684\u4e3b\u8981\u77ff\u77f3\uff0c\u4e3b\u8981\u77ff\u7269\u4e3a\u4e09\u6c34\u94dd\u77f3\u3001\u4e00\u6c34\u786c\u94dd\u77f3\u7b49\uff0c\u5316\u5b66\u6210\u5206\u4e3a\u542b\u94dd\u7684\u6c27\u5316\u7269\u548c\u6c22\u6c27\u5316 [&hellip;]<\/p>\n","protected":false},"author":1,"featured_media":731,"parent":0,"menu_order":0,"comment_status":"closed","ping_status":"closed","template":"","meta":{"footnotes":""},"class_list":["post-469","page","type-page","status-publish","has-post-thumbnail","hentry"],"_links":{"self":[{"href":"https:\/\/www.olagoo.com\/pt\/wp-json\/wp\/v2\/pages\/469","targetHints":{"allow":["GET"]}}],"collection":[{"href":"https:\/\/www.olagoo.com\/pt\/wp-json\/wp\/v2\/pages"}],"about":[{"href":"https:\/\/www.olagoo.com\/pt\/wp-json\/wp\/v2\/types\/page"}],"author":[{"embeddable":true,"href":"https:\/\/www.olagoo.com\/pt\/wp-json\/wp\/v2\/users\/1"}],"replies":[{"embeddable":true,"href":"https:\/\/www.olagoo.com\/pt\/wp-json\/wp\/v2\/comments?post=469"}],"version-history":[{"count":9,"href":"https:\/\/www.olagoo.com\/pt\/wp-json\/wp\/v2\/pages\/469\/revisions"}],"predecessor-version":[{"id":1881,"href":"https:\/\/www.olagoo.com\/pt\/wp-json\/wp\/v2\/pages\/469\/revisions\/1881"}],"wp:featuredmedia":[{"embeddable":true,"href":"https:\/\/www.olagoo.com\/pt\/wp-json\/wp\/v2\/media\/731"}],"wp:attachment":[{"href":"https:\/\/www.olagoo.com\/pt\/wp-json\/wp\/v2\/media?parent=469"}],"curies":[{"name":"wp","href":"https:\/\/api.w.org\/{rel}","templated":true}]}}