{"id":488,"date":"2025-04-18T19:55:42","date_gmt":"2025-04-18T11:55:42","guid":{"rendered":"https:\/\/www.olagoo.com\/?page_id=488"},"modified":"2026-01-14T20:45:47","modified_gmt":"2026-01-14T12:45:47","slug":"%e9%93%8d","status":"publish","type":"page","link":"https:\/\/www.olagoo.com\/pt\/%e9%93%8d","title":{"rendered":"<div class=\"info-content\"><img class=\"info-icon\" src=\"\/wp-content\/uploads\/2025\/04\/\u94cd-Be.jpg\"><p class=\"info-title\">Be<\/p><\/div>"},"content":{"rendered":"<div class=\"wp-block-columns is-layout-flex wp-container-core-columns-is-layout-9d6595d7 wp-block-columns-is-layout-flex\">\n<div class=\"wp-block-column is-layout-flow wp-block-column-is-layout-flow\" style=\"flex-basis:30%\">\n<div class=\"wp-block-columns is-layout-flex wp-container-core-columns-is-layout-9d6595d7 wp-block-columns-is-layout-flex\">\n<div class=\"wp-block-column is-layout-flow wp-block-column-is-layout-flow\" style=\"flex-basis:100%\">\n<p><\/p>\n\n\n\n\n<div class=\"menu-container\">\n<ul class=\"wp-block-list\">\n<li>Metais B\u00e1sicos\n<ul class=\"wp-block-list\">\n<li><a style=\"color: #666;\"href=\"\/pt\/%e9%93%9c\/\">Cu<\/a><\/li>\n\n\n\n<li><a style=\"color: #666;\"href=\"\/pt\/%e9%94%8c\/\">Zn<\/a><\/li>\n\n\n\n<li><a style=\"color: #666;\"href=\"\/pt\/%e9%95%8d\/\">Ni<\/a><\/li>\n\n\n\n<li><a style=\"color: #666;\"href=\"\/pt\/%e9%94%a1\/\">Sn<\/a><\/li>\n\n\n\n<li><a style=\"color: #666;\"href=\"\/pt\/%e9%93%85\/\">Pb<\/a><\/li>\n\n\n\n<li><a style=\"color: #666;\"href=\"\/pt\/%e9%93%9d\/\">Al<\/a><\/li>\n\n\n<li><a style=\"color: #666;\"href=\"\/pt\/%e9%87%91\/\">Au<\/a><\/li>\n\n\n<li><a style=\"color: #666;\"href=\"\/pt\/%E9%93%B6\/\">Ag<\/a><\/li>\n\n<\/ul>\n<\/li>\n\n\n\n<li>Elementos da Fam\u00edlia do Platina\n<ul class=\"wp-block-list\">\n\n\n<li><a style=\"color: #666;\"href=\"\/pt\/%E9%92%AF\/\">Pd<\/a><\/li>\n\n\n\n<li><a style=\"color: #666;\"href=\"\/pt\/%E9%93%82\/\">Pd<\/a><\/li>\n\n\n\n<li><a style=\"color: #666;\"href=\"\/pt\/%e9%93%91-2\/\">Pd<\/a><\/li>\n\n\n\n<li><a style=\"color: #666;\"href=\"\/pt\/%E9%93%B1\/\">Ir<\/a><\/li>\n\n\n<\/ul>\n<\/li>\n\n\n\n<li>\u65b0\u80fd\u6e90\u4e0e\u5173\u952e\u91d1\u5c5e\n<ul class=\"wp-block-list\">\n\n\n<li><a style=\"color: #666;\"href=\"\/pt\/%e9%94%82\/\">Li<\/a><\/li>\n\n\n\n<li><a style=\"color: #666;\"href=\"\/pt\/%e9%92%b4-2\/\">Co<\/a><\/li>\n\n\n<\/ul>\n<\/li>\n\n\n\n<li class=\"active\">\u7279\u79cd\u5408\u91d1\u4e0e\u9ad8\u6027\u80fd\u91d1\u5c5e\n<ul class=\"wp-block-list\">\n\n<li><a style=\"color: #666;\"href=\"\/pt\/%e9%92%a8\/\">W<\/a><\/li>\n\n\n\n<li><a style=\"color: #666;\"href=\"\/pt\/%e9%92%bc\/\">Mo<\/a><\/li>\n\n\n\n<li><a style=\"color: #666;\"href=\"\/pt\/%e9%92%bd\/\">Ta<\/a><\/li>\n\n\n\n<li><a style=\"color: #666;\"href=\"\/pt\/%e9%93%8c-2\/\">Nb<\/a><\/li>\n\n\n\n<li><a style=\"color: #666;\"href=\"\/pt\/%e9%92%9b\/\">Ti<\/a><\/li>\n\n\n\n<li><a style=\"color: #666;\"href=\"\/pt\/%E9%94%91\/\">Sb<\/a><\/li>\n\n\n\n<li class=\"active\"><a style=\"color: #666;\"href=\"\/pt\/%E9%93%8D\/\">Be<\/a><\/li>\n\n\n\n<li><a style=\"color: #666;\"href=\"\/pt\/%E9%92%92-2\/\">V<\/a><\/li>\n\n\n<\/ul>\n<\/li>\n\n\n\n<li>Metais Ferrosos\n<ul class=\"wp-block-list\">\n\n<li><a style=\"color: #666;\"href=\"\/pt\/%e9%93%81\/\">Fe<\/a><\/li>\n\n\n\n<li><a style=\"color: #666;\"href=\"\/pt\/%e9%94%b0\/\">Mn<\/a><\/li>\n\n\n\n<li><a style=\"color: #666;\"href=\"\/pt\/%e9%93%ac\/\">Cr<\/a><\/li>\n\n<\/ul>\n<\/li>\n\n\n\n<li>Outros produtos comerciais\n<ul class=\"wp-block-list\">\n\n\n<li><a style=\"color: #666;\"href=\"\/pt\/%e6%b0%9f\/\">F<\/a><\/li>\n\n\n<li><a style=\"color: #666;\"href=\"\/pt\/%e7%a2%b3\/\">C<\/a><\/li>\n\n\n<li><a style=\"color: #666;\"href=\"\/pt\/%e7%a1%85\/\">Si<\/a><\/li>\n\n<\/ul>\n<\/li>\n\n\n<\/ul>\n<\/div>\n\n\n<\/div>\n<\/div>\n\n<\/div>\n\n\n<div class=\"wp-block-column big-goods-list is-layout-flow wp-block-column-is-layout-flow\" style=\"flex-basis:70%;\">\n<style> p::first-letter {font-weight: bold;} <\/style>\n\n<p><strong>1. Min\u00e9rio de ber\u00edlio:<\/strong><br\/> Na natureza, os min\u00e9rios que cont\u00eam ber\u00edlio s\u00e3o compostos principalmente por esse mineral, sendo o berilo o mais comum e representativo, com f\u00f3rmula qu\u00edmica Be\u2083Al\u2082(Si\u2086O\u2081\u2088). Outros minerais que cont\u00eam ber\u00edlio incluem a hidroxiberilita e o crisoberilo. Ele ocorre frequentemente associado a minerais de metais raros, como l\u00edtio, ni\u00f3bio, t\u00e2ntalo, estanho e tungst\u00eanio. Como mat\u00e9ria-prima inicial para a ind\u00fastria do ber\u00edlio, requer processos complexos de beneficiamento e enriquecimento qu\u00edmico para estabelecer as bases para a subsequente extra\u00e7\u00e3o do ber\u00edlio met\u00e1lico e seus compostos.<br\/>\nO berilo (Be\u2083Al\u2082(Si\u2086O\u2081\u2088)) \u00e9 o mineral de min\u00e9rio de ber\u00edlio mais importante. Seus cristais s\u00e3o frequentemente prism\u00e1ticos hexagonais e apresentam uma variedade de cores (esmeralda, \u00e1gua-marinha, etc., s\u00e3o algumas das variedades). O \u00f3xido de ber\u00edlio \u00e9 produzido em baix\u00edssimos teores em min\u00e9rios industriais. Tradicionalmente, \u00e9 obtido por triagem manual ou flota\u00e7\u00e3o a partir de pegmatitos gran\u00edticos. Sua extra\u00e7\u00e3o \u00e9 dispendiosa, complexa e associada a elementos radioativos (ur\u00e2nio, t\u00f3rio).<br\/>\nO hidroxissilicato de ber\u00edlio (Be\u2084Si\u2082O\u2087(OH)\u2082) \u00e9 um mineral secund\u00e1rio, frequentemente formado pela altera\u00e7\u00e3o de minerais prim\u00e1rios como o berilo em condi\u00e7\u00f5es hidrotermais. Ocorre tipicamente como agregados radiais ou crostas, e tem colora\u00e7\u00e3o branca a amarelo p\u00e1lido. Embora menos conhecido que o berilo, pode ser utilizado como mat\u00e9ria-prima para a extra\u00e7\u00e3o de ber\u00edlio em alguns dep\u00f3sitos.<br\/>\nO crisoberilo (BeAl\u2082O\u2084) \u00e9 um mineral \u00f3xido raro, mais conhecido pela sua variedade alexandrita (que apresenta um efeito de mudan\u00e7a de cor). \u00c9 duro e comumente encontrado em pegmatitos gran\u00edticos e xistos mic\u00e1ceos.\n<\/p>\n\n\n\n<p><strong>2. Concentrado de ber\u00edlio:<\/strong><br\/> O \u00f3xido de ber\u00edlio \u00e9 um produto intermedi\u00e1rio obtido a partir do min\u00e9rio de ber\u00edlio por meio de britagem, separa\u00e7\u00e3o gravim\u00e9trica, flota\u00e7\u00e3o e tratamentos qu\u00edmicos subsequentes (como lixivia\u00e7\u00e3o \u00e1cida e precipita\u00e7\u00e3o). Seus principais componentes s\u00e3o o hidr\u00f3xido de ber\u00edlio ou uma mistura de \u00f3xido de ber\u00edlio de baixa pureza. O teor de ber\u00edlio (com base no \u00f3xido de ber\u00edlio) \u00e9 tipicamente baixo e frequentemente cont\u00e9m impurezas como l\u00edtio, alum\u00ednio e sil\u00edcio. \u00c9 uma mat\u00e9ria-prima essencial nos modernos processos de fundi\u00e7\u00e3o de ber\u00edlio e \u00e9 utilizado diretamente para produzir \u00f3xido de ber\u00edlio de alta pureza, ber\u00edlio met\u00e1lico ou ligas-m\u00e3e de ber\u00edlio-cobre.<\/p>\n\n\n\n<p><strong>3. Res\u00edduos de ber\u00edlio:<\/strong><br\/> Os res\u00edduos de ber\u00edlio prov\u00eam principalmente de aparas e fragmentos gerados durante o processamento de ligas de ber\u00edlio-cobre, bem como de componentes descartados que cont\u00eam ber\u00edlio. Devido ao alto custo e aos riscos ambientais da extra\u00e7\u00e3o de ber\u00edlio do min\u00e9rio, a taxa de reciclagem de res\u00edduos de ber\u00edlio (especialmente res\u00edduos de ber\u00edlio-cobre) \u00e9 extremamente alta, tornando-se um elemento fundamental para manter a estabilidade da cadeia de suprimentos de ber\u00edlio e reduzir custos. O processo de reciclagem deve ser realizado em um sistema estritamente fechado para evitar a dispers\u00e3o de poeira t\u00f3xica.<\/p>\n\n\n\n\n<div style=\"height:100px\" aria-hidden=\"true\" class=\"wp-block-spacer\"><\/div>\n\n\n\n\n\n<\/div>\n<!-- \/wp:post-content --><\/div>\n<!-- \/wp:post-content -->","protected":false},"excerpt":{"rendered":"<p>1\u3001\u94cd\u77ff\u77f3\uff1a \u81ea\u7136\u754c\u4e2d\u542b\u94cd\u7684\u77ff\u77f3\uff0c\u4e3b\u8981\u5316\u5b66\u5143\u7d20\u4e3a\u94cd\uff0c\u6700\u5e38\u89c1\u548c\u6700\u5177\u4ee3\u8868\u6027\u7684\u77ff\u7269\u4e3a\u7eff\u67f1\u77f3\uff0c\u5316\u5b66\u5f0f\u4e3aBe\u2083 [&hellip;]<\/p>\n","protected":false},"author":1,"featured_media":731,"parent":0,"menu_order":0,"comment_status":"closed","ping_status":"closed","template":"","meta":{"footnotes":""},"class_list":["post-488","page","type-page","status-publish","has-post-thumbnail","hentry"],"_links":{"self":[{"href":"https:\/\/www.olagoo.com\/pt\/wp-json\/wp\/v2\/pages\/488","targetHints":{"allow":["GET"]}}],"collection":[{"href":"https:\/\/www.olagoo.com\/pt\/wp-json\/wp\/v2\/pages"}],"about":[{"href":"https:\/\/www.olagoo.com\/pt\/wp-json\/wp\/v2\/types\/page"}],"author":[{"embeddable":true,"href":"https:\/\/www.olagoo.com\/pt\/wp-json\/wp\/v2\/users\/1"}],"replies":[{"embeddable":true,"href":"https:\/\/www.olagoo.com\/pt\/wp-json\/wp\/v2\/comments?post=488"}],"version-history":[{"count":8,"href":"https:\/\/www.olagoo.com\/pt\/wp-json\/wp\/v2\/pages\/488\/revisions"}],"predecessor-version":[{"id":1900,"href":"https:\/\/www.olagoo.com\/pt\/wp-json\/wp\/v2\/pages\/488\/revisions\/1900"}],"wp:featuredmedia":[{"embeddable":true,"href":"https:\/\/www.olagoo.com\/pt\/wp-json\/wp\/v2\/media\/731"}],"wp:attachment":[{"href":"https:\/\/www.olagoo.com\/pt\/wp-json\/wp\/v2\/media?parent=488"}],"curies":[{"name":"wp","href":"https:\/\/api.w.org\/{rel}","templated":true}]}}